{"id":16141,"date":"2026-02-24T13:11:00","date_gmt":"2026-02-24T13:11:00","guid":{"rendered":"https:\/\/vetatourism.com\/?post_type=product&#038;p=16141"},"modified":"2026-04-18T16:00:06","modified_gmt":"2026-04-18T16:00:06","slug":"tivat-kotor-boka-koyu-yuzme-molali-tam-gunluk-luks-rehberli%cc%87-gemi%cc%87-turu","status":"publish","type":"product","link":"https:\/\/vetatourism.com\/tours\/tivat-kotor-boka-bay-full-day-luxury-guided-cruise-with-swim-stop","title":{"rendered":"Tivat \/ Kotor: Boka K\u00f6rfezi Y\u00fczme Dura\u011f\u0131yla Tam G\u00fcn L\u00fcks Rehberli Seyir"},"content":{"rendered":"<p>Karada\u011f'\u0131n zamans\u0131z g\u00fczelli\u011fine unutulmaz bir yolculu\u011fa \u00e7\u0131k\u0131n <strong>Boka K\u00f6rfezi'nde Tam G\u00fcnl\u00fck Yolculuk<\/strong> - Rahatlama, ke\u015fif ve nefes kesici Adriyatik manzaras\u0131n\u0131n m\u00fckemmel bir kar\u0131\u015f\u0131m\u0131.<\/p>\n<p>Kalk\u0131\u015f noktas\u0131 <strong>Tivat veya Kotor<\/strong>, Bu birinci s\u0131n\u0131f rehberli tekne deneyimi sizi muhte\u015fem <strong>UNESCO listesindeki Kotor K\u00f6rfezi<\/strong>, genellikle d\u00fcnyan\u0131n en g\u00fczel koylar\u0131ndan biri olarak kabul edilir. Dramatik da\u011flar ve orta\u00e7a\u011fdan kalma sahil kasabalar\u0131yla \u00e7evrili bu koyda, sadece deniz yoluyla ula\u015f\u0131labilen fiyort benzeri manzaralar\u0131 ke\u015ffedeceksiniz.<\/p>\n<p>Profesyonel rehberiniz Karada\u011f'\u0131n denizcilik gelenekleri, tarihi k\u00f6yleri ve bu ola\u011fan\u00fcst\u00fc b\u00f6lgeyi \u015fekillendiren k\u00fclt\u00fcrel simge yap\u0131lar hakk\u0131nda b\u00fcy\u00fcleyici hikayeler payla\u015f\u0131rken konforlu ve modern bir teknede rahatlay\u0131n.<\/p>\n<ul>\n<li>\ud83c\udf04 <strong>Kotor K\u00f6rfezi<\/strong> - UNESCO taraf\u0131ndan korunan koyu denizden ke\u015ffedin ve muhte\u015fem da\u011f manzaralar\u0131na hayran kal\u0131n.<\/li>\n<li>\ud83d\udea4 <strong>Tivat veya Kotor'dan kalk\u0131\u015f<\/strong> - Sorunsuz ve keyifli bir yolculuk i\u00e7in kolay eri\u015fimli ba\u015flang\u0131\u00e7 noktalar\u0131.<\/li>\n<li>\ud83c\udf0a <strong>Adriyatik Y\u00fczme Dura\u011f\u0131<\/strong> - Kristal berrakl\u0131\u011f\u0131ndaki turkuaz sularda serinletici y\u00fczmenin keyfini \u00e7\u0131kar\u0131n.<\/li>\n<li>\ud83c\udfd8\ufe0f <strong>K\u0131y\u0131 K\u00f6yleri<\/strong> - K\u0131y\u0131 \u015feridi boyunca pitoresk tarihi kasabalar\u0131 ve gizli koylar\u0131 ke\u015ffedin.<\/li>\n<li>\ud83d\udcf8 <strong>Panoramik Manzara<\/strong> - Yolculuk boyunca muhte\u015fem manzaralar ve m\u00fckemmel foto\u011fraf\u00e7\u0131l\u0131k f\u0131rsatlar\u0131.<\/li>\n<\/ul>\n<p>Bu rahatlat\u0131c\u0131 tam g\u00fcnl\u00fck gemi seyahati, Karada\u011f'\u0131n k\u0131y\u0131 g\u00fczelli\u011fini rahat ve unutulmaz bir \u015fekilde deneyimlemek isteyen \u00e7iftler, aileler ve gezginler i\u00e7in idealdir.<\/p>\n<p>&nbsp;<\/p>\n<hr \/>\n<p>&nbsp;<\/p>\n<div class=\"tour-content-what-included\">\n<h4 id=\"whats-included\">Neler Dahil<\/h4>\n<ul style=\"column-count: 2;\">\n<li>Lisansl\u0131 profesyonel kaptan ve deneyimli m\u00fcrettebat<\/li>\n<li>\u0130ngilizce konu\u015fan uzman rehber (\u00e7ok dilli se\u00e7enekler mevcuttur)<\/li>\n<li>Boka K\u00f6rfezi'nde tam g\u00fcnl\u00fck konforlu tekne turu<\/li>\n<li>\u00d6zenle se\u00e7ilmi\u015f y\u00fczme dura\u011f\u0131<\/li>\n<li>Can yelekleri ve eksiksiz g\u00fcvenlik ekipmanlar\u0131<\/li>\n<li>Yak\u0131t maliyetleri ve liman \u00fccretleri dahildir<\/li>\n<li>Panoramik gezi deneyimi<\/li>\n<\/ul>\n<p>&nbsp;<\/p>\n<\/div>\n<p>&nbsp;<\/p>\n<hr \/>\n<p>&nbsp;<\/p>\n<div class=\"tour-content-add-information\">\n<h4>ek bilgi<\/h4>\n<ul>\n<li>M\u00fcsaitlik durumuna ba\u011fl\u0131 olarak Tivat veya Kotor'dan hareket<\/li>\n<li>Tam g\u00fcnl\u00fck gemi seyahati deneyimi<\/li>\n<li>Y\u00fczme duraklar\u0131 hava ve deniz ko\u015fullar\u0131na ba\u011fl\u0131d\u0131r<\/li>\n<li>Aileler ve t\u00fcm ya\u015f gruplar\u0131 i\u00e7in uygundur<\/li>\n<\/ul>\n<p>&nbsp;<\/p>\n<\/div>\n<hr \/>\n<p>&nbsp;<\/p>\n<div class=\"tour-content-cancell-policy\">\n<p><strong>Ne Getirmeli<\/strong><\/p>\n<ul style=\"column-count: 2;\">\n<li>G\u00fcne\u015f kremi ve g\u00fcne\u015f g\u00f6zl\u00fc\u011f\u00fc \ud83d\udd76\ufe0f<\/li>\n<li>Mayo ve havlu \ud83e\ude71<\/li>\n<li>\u015eapka veya \u015fapka \ud83e\udde2<\/li>\n<li>Kamera veya telefon \ud83d\udcf1<\/li>\n<li>Rahat k\u0131yafetler<\/li>\n<li>Ekstralar i\u00e7in biraz nakit \ud83d\udcb3<\/li>\n<\/ul>\n<\/div>","protected":false},"excerpt":{"rendered":"<p>Rahatlama, ke\u015fif ve nefes kesici Adriyatik manzaras\u0131n\u0131n m\u00fckemmel bir kar\u0131\u015f\u0131m\u0131 olan unutulmaz bir Boka K\u00f6rfezi Tam G\u00fcn Gezisi ile Karada\u011f'\u0131n zamans\u0131z g\u00fczelli\u011fine ka\u00e7\u0131n.<br \/>\nDeparting from Tivat or Kotor, <\/p>","protected":false},"featured_media":16153,"comment_status":"open","ping_status":"closed","template":"","meta":[],"product_brand":[],"product_cat":[],"product_tag":[],"class_list":{"0":"post-16141","1":"product","2":"type-product","3":"status-publish","4":"has-post-thumbnail","6":"pa_destination-montenegro","8":"first","9":"instock","10":"shipping-taxable","11":"purchasable","12":"product-type-tour_phys"},"_links":{"self":[{"href":"https:\/\/vetatourism.com\/tr\/wp-json\/wp\/v2\/product\/16141","targetHints":{"allow":["GET"]}}],"collection":[{"href":"https:\/\/vetatourism.com\/tr\/wp-json\/wp\/v2\/product"}],"about":[{"href":"https:\/\/vetatourism.com\/tr\/wp-json\/wp\/v2\/types\/product"}],"replies":[{"embeddable":true,"href":"https:\/\/vetatourism.com\/tr\/wp-json\/wp\/v2\/comments?post=16141"}],"wp:featuredmedia":[{"embeddable":true,"href":"https:\/\/vetatourism.com\/tr\/wp-json\/wp\/v2\/media\/16153"}],"wp:attachment":[{"href":"https:\/\/vetatourism.com\/tr\/wp-json\/wp\/v2\/media?parent=16141"}],"wp:term":[{"taxonomy":"product_brand","embeddable":true,"href":"https:\/\/vetatourism.com\/tr\/wp-json\/wp\/v2\/product_brand?post=16141"},{"taxonomy":"product_cat","embeddable":true,"href":"https:\/\/vetatourism.com\/tr\/wp-json\/wp\/v2\/product_cat?post=16141"},{"taxonomy":"product_tag","embeddable":true,"href":"https:\/\/vetatourism.com\/tr\/wp-json\/wp\/v2\/product_tag?post=16141"}],"curies":[{"name":"wp","href":"https:\/\/api.w.org\/{rel}","templated":true}]}}