{"id":16134,"date":"2026-02-24T12:48:20","date_gmt":"2026-02-24T12:48:20","guid":{"rendered":"https:\/\/vetatourism.com\/?post_type=product&#038;p=16134"},"modified":"2026-03-05T06:19:16","modified_gmt":"2026-03-05T06:19:16","slug":"tara-river-rafting-adventure-montenegro","status":"publish","type":"product","link":"https:\/\/vetatourism.com\/tours\/tara-river-rafting-adventure-montenegro","title":{"rendered":"Tara Nehri Rafting Maceras\u0131-Karada\u011f"},"content":{"rendered":"<p>Karada\u011f'\u0131n el de\u011fmemi\u015f vah\u015fi do\u011fas\u0131n\u0131n kalbinde unutulmaz bir maceraya at\u0131l\u0131n <strong>Tara Nehri Rafting Deneyimi<\/strong> - adrenalin, nefes kesen manzara ve otantik do\u011fa ke\u015ffinin m\u00fckemmel bir kar\u0131\u015f\u0131m\u0131.<\/p>\n<p>Yolculu\u011funuz, i\u00e7inden akan efsanevi Tara Nehri \u00fczerinde ger\u00e7ekle\u015fir <strong>Avrupa'n\u0131n en derin kanyonu<\/strong> ve d\u00fcnyan\u0131n en muhte\u015fem do\u011fal manzaralar\u0131ndan biri. Olarak bilinir <strong>\u201dAvrupa'n\u0131n G\u00f6zya\u015f\u0131\"<\/strong> ola\u011fan\u00fcst\u00fc su safl\u0131\u011f\u0131 i\u00e7in Tara Nehri, dramatik u\u00e7urumlar, yemye\u015fil ormanlar, \u015felaleler ve gizli do\u011fal plajlarla \u00e7evrili kristal berrakl\u0131\u011f\u0131nda turkuaz sular sunar.<\/p>\n<p>Deneyimli profesyonel kaptanlar\u0131n rehberli\u011finde, huzurlu manzaral\u0131 b\u00f6l\u00fcmlerle kar\u0131\u015f\u0131k heyecan verici ak\u0131nt\u0131larda gezineceksiniz \u2014 bu maceray\u0131 hem yeni ba\u015flayanlar hem de deneyimli ka\u015fifler i\u00e7in m\u00fckemmel hale getireceksiniz.<\/p>\n<ul>\n<li>\ud83c\udfde\ufe0f <strong>Tara Kanyonu<\/strong> - Avrupa'n\u0131n en derin kanyonunda gezinin ve Karada\u011f'\u0131n en nefes kesici do\u011fa harikalar\u0131ndan birini ke\u015ffedin.<\/li>\n<li>\ud83c\udf3f <strong>UNESCO Do\u011fay\u0131 Korudu<\/strong> - Ormanlar, u\u00e7urumlar ve \u015felalelerle dolu korunmu\u015f bir do\u011fal ortam\u0131 ke\u015ffedin.<\/li>\n<li>\ud83d\udca7 <strong>Kristal Sular<\/strong> - \u201cAvrupa'n\u0131n G\u00f6zya\u015f\u0131 \" olarak bilinen saf turkuaz nehri ya\u015fay\u0131n.<\/li>\n<li>\ud83d\udea3 <strong>Heyecan Verici Ak\u0131nt\u0131lar<\/strong> - Heyecan verici ak\u0131nt\u0131lar ve dinlendirici do\u011fal rafting aras\u0131ndaki m\u00fckemmel dengenin tad\u0131n\u0131 \u00e7\u0131kar\u0131n.<\/li>\n<li>\ud83d\udcf8 <strong>Y\u00fczme ve Foto\u011fraf Duraklar\u0131<\/strong> - Y\u00fczmek ve unutulmaz foto\u011fraflar \u00e7ekmek i\u00e7in el de\u011fmemi\u015f do\u011fada molalar verin.<\/li>\n<\/ul>\n<p>Bu rafting maceras\u0131, Karada\u011f'\u0131n vah\u015fi g\u00fczelli\u011fini e\u015fsiz ve unutulmaz bir \u015fekilde ya\u015famak isteyen aileler, \u00e7iftler ve heyecan arayanlar i\u00e7in m\u00fckemmeldir.<\/p>\n<p>&nbsp;<\/p>\n<hr \/>\n<p>&nbsp;<\/p>\n<div class=\"tour-content-what-included\">\n<h4 id=\"whats-included\">Neler Dahil<\/h4>\n<ul style=\"column-count: 2;\">\n<li>Profesyonel lisansl\u0131 rafting rehberi ve g\u00fcvenlik brifingi<\/li>\n<li>Komple rafting ekipmanlar\u0131 (kask, dal\u0131\u015f elbisesi, can yele\u011fi, k\u00fcrek)<\/li>\n<li>Modern rafting teknesi<\/li>\n<li>G\u00fcvenlik ekipmanlar\u0131 ve sigorta<\/li>\n<li>Tara Kanyonu'nda do\u011fal rafting deneyimi<\/li>\n<li>Y\u00fczme ve foto\u011fraf duraklar\u0131<\/li>\n<li>Yerel vergiler ve nehir izinleri dahildir<\/li>\n<li>\u0130ste\u011fe ba\u011fl\u0131 paketler transfer veya yemek i\u00e7erebilir<\/li>\n<\/ul>\n<p>&nbsp;<\/p>\n<\/div>\n<p>&nbsp;<\/p>\n<hr \/>\n<p>&nbsp;<\/p>\n<div class=\"tour-content-add-information\">\n<h4>ek bilgi<\/h4>\n<ul>\n<li>Yeni ba\u015flayanlar ve deneyimli kiri\u015fler i\u00e7in uygundur<\/li>\n<li>Profesyonel rehberler g\u00fcvenli ve keyifli bir deneyim sa\u011flar<\/li>\n<li>Rota ve rafting ko\u015fullar\u0131 hava durumuna ve su seviyesine g\u00f6re de\u011fi\u015fiklik g\u00f6sterebilir<\/li>\n<li>Aile dostu aktivite<\/li>\n<\/ul>\n<p>&nbsp;<\/p>\n<\/div>\n<hr \/>\n<p>&nbsp;<\/p>\n<div class=\"tour-content-cancell-policy\">\n<p><strong>Ne Getirmeli<\/strong><\/p>\n<ul style=\"column-count: 2;\">\n<li>Mayo ve havlu \ud83e\ude71<\/li>\n<li>Rahat k\u0131yafetler ve ayakkab\u0131lar<\/li>\n<li>G\u00fcne\u015f kremi ve g\u00fcne\u015f g\u00f6zl\u00fc\u011f\u00fc \ufe0f \ufe0f<\/li>\n<li>Su ge\u00e7irmez telefon k\u0131l\u0131f\u0131 \ud83d\udcf1<\/li>\n<li>Ekstra kuru giysiler<\/li>\n<li>Ekstralar i\u00e7in biraz nakit \ud83d\udcb3<\/li>\n<\/ul>\n<\/div>","protected":false},"excerpt":{"rendered":"<p>Embark on an unforgettable adventure through the heart of Montenegro\u2019s untouched wilderness with an exciting Tara River Rafting Experience \u2014 a perfect mix of adrenaline, breathtaking scenery, and authentic nature <\/p>","protected":false},"featured_media":16135,"comment_status":"open","ping_status":"closed","template":"","meta":[],"product_brand":[],"product_cat":[],"product_tag":[],"class_list":{"0":"post-16134","1":"product","2":"type-product","3":"status-publish","4":"has-post-thumbnail","6":"pa_destination-montenegro","8":"first","9":"instock","10":"shipping-taxable","11":"purchasable","12":"product-type-tour_phys"},"_links":{"self":[{"href":"https:\/\/vetatourism.com\/tr\/wp-json\/wp\/v2\/product\/16134","targetHints":{"allow":["GET"]}}],"collection":[{"href":"https:\/\/vetatourism.com\/tr\/wp-json\/wp\/v2\/product"}],"about":[{"href":"https:\/\/vetatourism.com\/tr\/wp-json\/wp\/v2\/types\/product"}],"replies":[{"embeddable":true,"href":"https:\/\/vetatourism.com\/tr\/wp-json\/wp\/v2\/comments?post=16134"}],"wp:featuredmedia":[{"embeddable":true,"href":"https:\/\/vetatourism.com\/tr\/wp-json\/wp\/v2\/media\/16135"}],"wp:attachment":[{"href":"https:\/\/vetatourism.com\/tr\/wp-json\/wp\/v2\/media?parent=16134"}],"wp:term":[{"taxonomy":"product_brand","embeddable":true,"href":"https:\/\/vetatourism.com\/tr\/wp-json\/wp\/v2\/product_brand?post=16134"},{"taxonomy":"product_cat","embeddable":true,"href":"https:\/\/vetatourism.com\/tr\/wp-json\/wp\/v2\/product_cat?post=16134"},{"taxonomy":"product_tag","embeddable":true,"href":"https:\/\/vetatourism.com\/tr\/wp-json\/wp\/v2\/product_tag?post=16134"}],"curies":[{"name":"wp","href":"https:\/\/api.w.org\/{rel}","templated":true}]}}