{"id":14160,"date":"2026-02-01T08:47:15","date_gmt":"2026-02-01T08:47:15","guid":{"rendered":"https:\/\/vetatourism.com\/?post_type=product&#038;p=14160"},"modified":"2026-04-08T17:48:38","modified_gmt":"2026-04-08T17:48:38","slug":"pirate-boat-trip-red-dragon-from-antalya-with-lunch","status":"publish","type":"product","link":"https:\/\/vetatourism.com\/tours\/pirate-boat-trip-red-dragon-from-antalya-with-lunch","title":{"rendered":"\u00d6\u011fle Yeme\u011fi ile Antalya'dan Korsan Tekne Gezisi K\u0131z\u0131l Ejder"},"content":{"rendered":"<p class=\"\" data-start=\"259\" data-end=\"526\">\u0130le m\u00fckemmel bir g\u00fcne yelken a\u00e7\u0131n <strong data-start=\"292\" data-end=\"321\">Kemer pirate Boat Tour<\/strong>p\u0131r\u0131l p\u0131r\u0131l mavi denizin rahatlama, e\u011flence ve do\u011fa harikalar\u0131yla bulu\u015ftu\u011fu yer. \u0130ster geni\u015f g\u00fcvertede g\u00fcne\u015fleniyor olun, ister berrak sularda y\u00fcz\u00fcyor olun, ister gizli koylar\u0131 ke\u015ffediyor olun, bu turda her \u015fey var.<\/p>\n<p class=\"\" data-start=\"528\" data-end=\"757\">Yolculu\u011funuz \u015fu saatte ba\u015fl\u0131yor <strong data-start=\"551\" data-end=\"567\">Kemer Marina<\/strong>, where you\u2019ll board a pirate boat equipped for comfort and style. The boat will cruise along the scenic coastline, stopping at <strong data-start=\"700\" data-end=\"727\">\u00fc\u00e7 nefes kesen koy<\/strong> y\u00fczme ve ke\u015fif i\u00e7in:<\/p>\n<ul>\n<li data-start=\"761\" data-end=\"943\">\ud83c\udfdb\ufe0f <strong data-start=\"765\" data-end=\"781\">Phaselis K\u00f6rfezi<\/strong>: Likya kenti Phaselis'in antik kal\u0131nt\u0131lar\u0131n\u0131n yak\u0131n\u0131nda y\u00fcz\u00fcn. \u00c7am a\u011fa\u00e7lar\u0131 ve sakin, berrak sularla \u00e7evrili bu e\u015fsiz konum, tarihi ve do\u011fay\u0131 birle\u015ftiriyor.<\/li>\n<li data-start=\"946\" data-end=\"1081\"><strong>\ufe0f \ufe0f Cennet Koyu<\/strong>: Masmavi denizi ve el de\u011fmemi\u015f g\u00fczelli\u011fi ile tan\u0131nan tenha bir cennet \u2014 huzurlu bir y\u00fczme i\u00e7in m\u00fckemmel.<\/li>\n<li data-start=\"1084\" data-end=\"1229\">\ud83c\udf0a <strong data-start=\"1087\" data-end=\"1119\">Ay\u0131\u015f\u0131\u011f\u0131 Koyu<\/strong>: Kemer yak\u0131nlar\u0131nda rahat bir atmosfere sahip, y\u00fczmek, g\u00fcne\u015flenmek ve harika foto\u011fraflar \u00e7ekmek i\u00e7in harika bir yer.<\/li>\n<li data-start=\"1232\" data-end=\"1420\">\ud83c\udff4\u200d\u2620\ufe0f <strong data-start=\"1238\" data-end=\"1271\">Korsan Ma\u011faras\u0131<\/strong>: Korsan efsanelerinin hala yank\u0131land\u0131\u011f\u0131 bu gizemli deniz ma\u011faras\u0131n\u0131 ge\u00e7in. Dramatik kaya olu\u015fumlar\u0131 ve masmavi sular\u0131 ile harika bir foto\u011fraf f\u0131rsat\u0131.<\/li>\n<\/ul>\n<p class=\"\" data-start=\"1422\" data-end=\"1692\">Siz manzaran\u0131n tad\u0131n\u0131 \u00e7\u0131kar\u0131rken, ekip m\u00fczik ve iste\u011fe ba\u011fl\u0131 hafif e\u011flence ile iyi hisleri devam ettirecek. Zevk almak i\u00e7in zaman olacak <strong data-start=\"1564\" data-end=\"1581\">gemide \u00f6\u011fle yeme\u011fi<\/strong> (paketinize ba\u011fl\u0131 olarak) dinlenmek, g\u00fcne\u015flenmek veya sadece manzaray\u0131 izlemek i\u00e7in bolca f\u0131rsat\u0131n yan\u0131 s\u0131ra.<\/p>\n<p class=\"\" data-start=\"1694\" data-end=\"1818\">Perfect for couples, groups, families, or solo travelers \u2014 this pirate boat is one of the most enjoyable day tours.<\/p>\n<p>&nbsp;<\/p>\n<hr \/>\n<p>&nbsp;<\/p>\n<div class=\"tour-content-what-included\">\n<h4 id=\"whats-included\">Neler Dahil<\/h4>\n<ul style=\"column-count: 2;\">\n<li>Full-day pirate boat tour departing from Kemer Marina<\/li>\n<li>G\u00f6lgeli ve g\u00fcne\u015flenme alanlar\u0131na sahip geni\u015f ve modern katamaran<\/li>\n<li>Berrak, turkuaz koylarda birka\u00e7 y\u00fczme dura\u011f\u0131<\/li>\n<li>Gemide hafif m\u00fczik e\u015fli\u011finde rahatlat\u0131c\u0131 bir atmosfer<\/li>\n<li>Rota ve y\u00fczme duraklar\u0131 deniz ve hava \u015fartlar\u0131na ba\u011fl\u0131 olarak de\u011fi\u015febilir<\/li>\n<li>\u00c7iftler, aileler, gruplar ve yaln\u0131z seyahat edenler i\u00e7in uygundur<\/li>\n<\/ul>\n<p>&nbsp;<\/p>\n<\/div>\n<hr \/>\n<div class=\"tour-content-add-information\">\n<h4>ek bilgi<\/h4>\n<ul>\n<li>Tur s\u00fcresi: 5-6 saat<\/li>\n<li>the pirate boat has both shaded and sunbathing areas<\/li>\n<li>\u00dccretsiz kat\u0131lan \u00e7ocuklar\u0131n otob\u00fcste ayr\u0131 bir koltu\u011fu olmayacakt\u0131r. Otob\u00fcs doluysa, bir vasinin kuca\u011f\u0131na oturmalar\u0131 veya rezervasyon s\u0131ras\u0131nda ayr\u0131 bir koltuk sat\u0131n almalar\u0131 gerekir.<\/li>\n<\/ul>\n<p>&nbsp;<\/p>\n<\/div>\n<hr \/>\n<p>&nbsp;<\/p>\n<div class=\"tour-content-cancell-policy\">\n<p><strong>Ne Getirmeli<\/strong><\/p>\n<ul style=\"column-count: 2;\">\n<li>G\u00fcne\u015f kremi ve g\u00fcne\u015f g\u00f6zl\u00fc\u011f\u00fc <img decoding=\"async\" class=\"emoji\" role=\"img\" draggable=\"false\" src=\"https:\/\/s.w.org\/images\/core\/emoji\/17.0.2\/svg\/1f576.svg\" alt=\"\ud83d\udd76\ufe0f\" \/><\/li>\n<li>\u015eapka veya \u015fapka <img decoding=\"async\" class=\"emoji\" role=\"img\" draggable=\"false\" src=\"https:\/\/s.w.org\/images\/core\/emoji\/17.0.2\/svg\/1f9e2.svg\" alt=\"\ud83e\udde2\" \/><\/li>\n<li>Mayo ve havlu <img decoding=\"async\" class=\"emoji\" role=\"img\" draggable=\"false\" src=\"https:\/\/s.w.org\/images\/core\/emoji\/17.0.2\/svg\/1fa71.svg\" alt=\"\ud83e\ude71\" \/><\/li>\n<li>Su ge\u00e7irmez telefon k\u0131l\u0131f\u0131 veya kamera \ud83d\udcf1<\/li>\n<li>Hediyelik e\u015fya veya ekstralar i\u00e7in biraz nakit <img decoding=\"async\" class=\"emoji\" role=\"img\" draggable=\"false\" src=\"https:\/\/s.w.org\/images\/core\/emoji\/17.0.2\/svg\/1f4b3.svg\" alt=\"\ud83d\udcb3\" \/><\/li>\n<\/ul>\n<\/div>","protected":false},"excerpt":{"rendered":"<p>Sail into a perfect day with the Kemer pirate Boat Tour, where the sparkling blue sea meets relaxation, fun, and natural wonders. Whether you\u2019re sunbathing on the spacious deck, swimming <\/p>","protected":false},"featured_media":16565,"comment_status":"open","ping_status":"closed","template":"","meta":[],"product_brand":[],"product_cat":[],"product_tag":[],"class_list":{"0":"post-14160","1":"product","2":"type-product","3":"status-publish","4":"has-post-thumbnail","6":"tour_phys-tours","7":"pa_activity-pirate-boat-tours","8":"pa_destination-antalya","10":"first","11":"instock","12":"shipping-taxable","13":"purchasable","14":"product-type-tour_phys"},"_links":{"self":[{"href":"https:\/\/vetatourism.com\/tr\/wp-json\/wp\/v2\/product\/14160","targetHints":{"allow":["GET"]}}],"collection":[{"href":"https:\/\/vetatourism.com\/tr\/wp-json\/wp\/v2\/product"}],"about":[{"href":"https:\/\/vetatourism.com\/tr\/wp-json\/wp\/v2\/types\/product"}],"replies":[{"embeddable":true,"href":"https:\/\/vetatourism.com\/tr\/wp-json\/wp\/v2\/comments?post=14160"}],"wp:featuredmedia":[{"embeddable":true,"href":"https:\/\/vetatourism.com\/tr\/wp-json\/wp\/v2\/media\/16565"}],"wp:attachment":[{"href":"https:\/\/vetatourism.com\/tr\/wp-json\/wp\/v2\/media?parent=14160"}],"wp:term":[{"taxonomy":"product_brand","embeddable":true,"href":"https:\/\/vetatourism.com\/tr\/wp-json\/wp\/v2\/product_brand?post=14160"},{"taxonomy":"product_cat","embeddable":true,"href":"https:\/\/vetatourism.com\/tr\/wp-json\/wp\/v2\/product_cat?post=14160"},{"taxonomy":"product_tag","embeddable":true,"href":"https:\/\/vetatourism.com\/tr\/wp-json\/wp\/v2\/product_tag?post=14160"}],"curies":[{"name":"wp","href":"https:\/\/api.w.org\/{rel}","templated":true}]}}