{"id":14147,"date":"2026-02-01T08:46:39","date_gmt":"2026-02-01T08:46:39","guid":{"rendered":"https:\/\/vetatourism.com\/?post_type=product&#038;p=14147"},"modified":"2026-04-09T09:39:18","modified_gmt":"2026-04-09T09:39:18","slug":"kemer-korsan-tekne-turu-gonster-her-sey-dahi%cc%87l","status":"publish","type":"product","link":"https:\/\/vetatourism.com\/tours\/kemer-pirate-boat-trip-gonster-all-inclusive","title":{"rendered":"Kemer Korsan Tekne Turu Gonster-Her\u015fey Dahil"},"content":{"rendered":"<p class=\"\" data-start=\"882\" data-end=\"1040\">Deniz kenar\u0131nda unutulmaz bir g\u00fcne haz\u0131r olun <strong data-start=\"937\" data-end=\"965\">Gonster'\u0131n<\/strong> <strong data-start=\"937\" data-end=\"965\">Korsan Tekne Turu<\/strong> - heyecan, do\u011fa ve rahatlat\u0131c\u0131 Akdeniz hislerinin m\u00fckemmel kar\u0131\u015f\u0131m\u0131.<\/p>\n<p class=\"\" data-start=\"1042\" data-end=\"1335\">Yolculu\u011funuz, karakter dolu korsan tarz\u0131 bir tekne olan Gonster'a binece\u011finiz Kemer Marina'da ba\u015fl\u0131yor. G\u00fczel sahil \u015feridinde yelken a\u00e7arken, m\u00fcrettebat m\u00fczik, dans ve temal\u0131 e\u011flence ile atmosferi canl\u0131 tutacak \u2014 aileler, arkada\u015flar ve macera arayanlar i\u00e7in m\u00fckemmel!<\/p>\n<p class=\"\" data-start=\"1337\" data-end=\"1408\">Y\u00fczmek ve rahatlamak i\u00e7in m\u00fckemmel olan \u00fc\u00e7 muhte\u015fem koyu ziyaret edeceksiniz:<\/p>\n<ul>\n<li data-start=\"1410\" data-end=\"1559\">\ud83c\udfdb\ufe0f <strong data-start=\"1414\" data-end=\"1430\">Phaselis K\u00f6rfezi<\/strong> - Likya kenti Phaselis'in antik kal\u0131nt\u0131lar\u0131n\u0131n yak\u0131n\u0131nda y\u00fcz\u00fcn. Sakin ve huzurlu bir ortamda tarihin do\u011fayla bulu\u015ftu\u011fu bir yer.<\/li>\n<li data-start=\"1561\" data-end=\"1673\">\ud83c\udfdd\ufe0f <strong data-start=\"1565\" data-end=\"1579\">Cennet Koyu<\/strong> \u2014 Yemye\u015fil do\u011fa ve kristal sularla \u00e7evrili gizli bir m\u00fccevher-sessiz, do\u011fal bir y\u00fczme i\u00e7in idealdir.<\/li>\n<li data-start=\"1675\" data-end=\"1791\">\ud83c\udf0a <strong data-start=\"1678\" data-end=\"1695\">Ay\u0131\u015f\u0131\u011f\u0131 Koyu<\/strong> - Kemer yak\u0131nlar\u0131nda dinlenebilece\u011finiz, foto\u011fraf \u00e7ekebilece\u011finiz veya denizin tad\u0131n\u0131 \u00e7\u0131karabilece\u011finiz pop\u00fcler ve pitoresk bir durak.<\/li>\n<li data-start=\"1793\" data-end=\"1936\">\ud83e\udd9c <strong data-start=\"1796\" data-end=\"1811\">Korsan Ma\u011faras\u0131<\/strong> - Korsan efsaneleri ve inan\u0131lmaz kaya olu\u015fumlar\u0131yla dolu bu gizemli deniz ma\u011faras\u0131n\u0131 ge\u00e7in-kameran\u0131z\u0131 unutmay\u0131n!<\/li>\n<\/ul>\n<p class=\"\" data-start=\"1938\" data-end=\"2123\">Yolculuk s\u0131ras\u0131nda, gemide servis edilen lezzetli bir \u00f6\u011fle yeme\u011finin tad\u0131n\u0131 \u00e7\u0131karacaks\u0131n\u0131z. <strong data-start=\"2009\" data-end=\"2033\">alkols\u00fcz i\u00e7ecekler dahildir<\/strong> g\u00fcn boyunca. G\u00fcne\u015flenmek, dans etmek ya da sadece manzaran\u0131n tad\u0131n\u0131 \u00e7\u0131karmak i\u00e7in bolca alan var.<\/p>\n<p class=\"\" data-start=\"2125\" data-end=\"2273\">\u00c7ocuklu aileler, \u00e7iftler veya suda e\u011flenceyi seven herkes i\u00e7in m\u00fckemmel olan Korsan Botu Gonster, unutulmaz an\u0131larla dolu bir g\u00fcn sunuyor!<\/p>\n<p>&nbsp;<\/p>\n<hr \/>\n<p>&nbsp;<\/p>\n<div class=\"tour-content-add-information\">\n<h4>ek bilgi<\/h4>\n<ul>\n<li>\u00a0Tur s\u00fcresi: 5-6 saat<\/li>\n<li>Teknenin hem g\u00f6lgeli hem de g\u00fcne\u015flenme alanlar\u0131 vard\u0131r<\/li>\n<li>\u00dccretsiz kat\u0131lan \u00e7ocuklar\u0131n otob\u00fcste ayr\u0131 bir koltu\u011fu olmayacakt\u0131r. Otob\u00fcs doluysa, bir vasinin kuca\u011f\u0131na oturmalar\u0131 veya rezervasyon s\u0131ras\u0131nda ayr\u0131 bir koltuk sat\u0131n almalar\u0131 gerekir.<\/li>\n<\/ul>\n<p>&nbsp;<\/p>\n<\/div>\n<hr \/>\n<p>&nbsp;<\/p>\n<div class=\"tour-content-cancell-policy\">\n<p><strong>Ne Getirmeli<\/strong><\/p>\n<ul style=\"column-count: 2;\">\n<li>G\u00fcne\u015f kremi ve g\u00fcne\u015f g\u00f6zl\u00fc\u011f\u00fc <img decoding=\"async\" class=\"emoji\" role=\"img\" draggable=\"false\" src=\"https:\/\/s.w.org\/images\/core\/emoji\/17.0.2\/svg\/1f576.svg\" alt=\"\ud83d\udd76\ufe0f\" \/><\/li>\n<li>\u015eapka veya \u015fapka <img decoding=\"async\" class=\"emoji\" role=\"img\" draggable=\"false\" src=\"https:\/\/s.w.org\/images\/core\/emoji\/17.0.2\/svg\/1f9e2.svg\" alt=\"\ud83e\udde2\" \/><\/li>\n<li>Mayo ve havlu <img decoding=\"async\" class=\"emoji\" role=\"img\" draggable=\"false\" src=\"https:\/\/s.w.org\/images\/core\/emoji\/17.0.2\/svg\/1fa71.svg\" alt=\"\ud83e\ude71\" \/><\/li>\n<li>Su ge\u00e7irmez telefon k\u0131l\u0131f\u0131 veya kamera \ud83d\udcf1<\/li>\n<li>Hediyelik e\u015fya veya ekstralar i\u00e7in biraz nakit <img decoding=\"async\" class=\"emoji\" role=\"img\" draggable=\"false\" src=\"https:\/\/s.w.org\/images\/core\/emoji\/17.0.2\/svg\/1f4b3.svg\" alt=\"\ud83d\udcb3\" \/><\/li>\n<\/ul>\n<\/div>","protected":false},"excerpt":{"rendered":"<p>Heyecan, do\u011fa ve dinlendirici Akdeniz havas\u0131n\u0131n m\u00fckemmel kar\u0131\u015f\u0131m\u0131 Gonster Korsan Tekne Turu ile denizde unutulmaz bir g\u00fcne haz\u0131r olun.<br \/>\nYolculu\u011funuz \u015fu saatte ba\u015fl\u0131yor <\/p>","protected":false},"featured_media":14148,"comment_status":"open","ping_status":"closed","template":"","meta":[],"product_brand":[],"product_cat":[],"product_tag":[197],"class_list":{"0":"post-14147","1":"product","2":"type-product","3":"status-publish","4":"has-post-thumbnail","6":"tour_phys-tours","7":"product_tag--most-booked","8":"pa_activity-pirate-boat-tours","9":"pa_destination-kemer","11":"first","12":"instock","13":"shipping-taxable","14":"purchasable","15":"product-type-tour_phys"},"_links":{"self":[{"href":"https:\/\/vetatourism.com\/tr\/wp-json\/wp\/v2\/product\/14147","targetHints":{"allow":["GET"]}}],"collection":[{"href":"https:\/\/vetatourism.com\/tr\/wp-json\/wp\/v2\/product"}],"about":[{"href":"https:\/\/vetatourism.com\/tr\/wp-json\/wp\/v2\/types\/product"}],"replies":[{"embeddable":true,"href":"https:\/\/vetatourism.com\/tr\/wp-json\/wp\/v2\/comments?post=14147"}],"wp:featuredmedia":[{"embeddable":true,"href":"https:\/\/vetatourism.com\/tr\/wp-json\/wp\/v2\/media\/14148"}],"wp:attachment":[{"href":"https:\/\/vetatourism.com\/tr\/wp-json\/wp\/v2\/media?parent=14147"}],"wp:term":[{"taxonomy":"product_brand","embeddable":true,"href":"https:\/\/vetatourism.com\/tr\/wp-json\/wp\/v2\/product_brand?post=14147"},{"taxonomy":"product_cat","embeddable":true,"href":"https:\/\/vetatourism.com\/tr\/wp-json\/wp\/v2\/product_cat?post=14147"},{"taxonomy":"product_tag","embeddable":true,"href":"https:\/\/vetatourism.com\/tr\/wp-json\/wp\/v2\/product_tag?post=14147"}],"curies":[{"name":"wp","href":"https:\/\/api.w.org\/{rel}","templated":true}]}}