{"id":14138,"date":"2026-02-01T07:42:08","date_gmt":"2026-02-01T07:42:08","guid":{"rendered":"https:\/\/vetatourism.com\/?post_type=product&#038;p=14138"},"modified":"2026-02-27T06:12:09","modified_gmt":"2026-02-27T06:12:09","slug":"antalya-city-tour-from-kemer-old-town-waterfalls","status":"publish","type":"product","link":"https:\/\/vetatourism.com\/tours\/antalya-city-tour-from-kemer-old-town-waterfalls","title":{"rendered":"Kemer'den Antalya \u015eehir Turu-Eski \u015eehir ve \u015eelaleler"},"content":{"rendered":"<p data-start=\"328\" data-end=\"697\">En iyilerini ke\u015ffedin <strong data-start=\"354\" data-end=\"395\"><span class=\"hover:entity-accent entity-underline inline cursor-pointer align-baseline\"><span class=\"whitespace-normal\">Antalya<\/span><\/span><\/strong> Tarih, do\u011fa ve dinlenmeyi m\u00fckemmel bir \u015fekilde harmanlayan bu unutulmaz tam g\u00fcnl\u00fck rehberli turda. Antik sokaklardan ve \u00e7a\u011flayan \u015felalelerden Akdeniz k\u0131y\u0131s\u0131 boyunca do\u011fal bir tekne gezisine kadar, bu deneyim size Antalya'n\u0131n en ikonik manzaralar\u0131n\u0131 g\u00f6stermek i\u00e7in tasarlanm\u0131\u015ft\u0131r - hepsi m\u00fckemmel planlanm\u0131\u015f bir g\u00fcnde.<\/p>\n<p data-start=\"699\" data-end=\"1136\">Yolculu\u011funuz, \u015fehrin kalbine do\u011fru yola \u00e7\u0131kmadan \u00f6nce konforlu, klimal\u0131 bir otel kar\u015f\u0131lamas\u0131yla ba\u015flar. \u0130\u00e7inden dola\u015f\u0131n <strong data-start=\"826\" data-end=\"867\"><span class=\"hover:entity-accent entity-underline inline cursor-pointer align-baseline\"><span class=\"whitespace-normal\">Kalei\u00e7i<\/span><\/span><\/strong>, Roma, Bizans ve Osmanl\u0131 tarihinin canland\u0131\u011f\u0131 Antalya'n\u0131n b\u00fcy\u00fcleyici Eski Kenti. Hadrian Kap\u0131s\u0131, Yivli Minare ve Saat Kulesi gibi simge yap\u0131lar\u0131 gezin ve yerel ma\u011fazalar\u0131, m\u00fczeleri veya Arnavut kald\u0131r\u0131ml\u0131 sokaklara s\u0131k\u0131\u015fm\u0131\u015f \u015firin kafeleri ke\u015ffetmek i\u00e7in serbest zaman\u0131n tad\u0131n\u0131 \u00e7\u0131kar\u0131n.<\/p>\n<p data-start=\"1138\" data-end=\"1398\">Ard\u0131ndan, tarihi Eski Liman'dan hareket eden 1 saatlik manzaral\u0131 bir tekne turunda rahatlay\u0131n. Dramatik k\u0131y\u0131 \u015feridi boyunca ilerleyin ve kayal\u0131klar\u0131n, turkuaz sular\u0131n ve Akdeniz'in muhte\u015fem manzaralar\u0131na hayran kal\u0131n - gev\u015femek ve unutulmaz foto\u011fraflar \u00e7ekmek i\u00e7in m\u00fckemmel bir an.<\/p>\n<p>&nbsp;<\/p>\n<hr \/>\n<p>&nbsp;<\/p>\n<div class=\"tour-content-what-included\">\n<h4 id=\"whats-included\">Neler Dahil<\/h4>\n<ul style=\"column-count: 2;\">\n<li>Klimal\u0131 ara\u00e7la otelden alma<\/li>\n<li>Eski Kent (Kalei\u00e7i) ve tarihi yerleri ke\u015ffedin<\/li>\n<li>Eski Liman'dan 1 saatlik gezi teknesi turu<\/li>\n<li>Yerel restoranda geleneksel T\u00fcrk \u00f6\u011fle yeme\u011fi<\/li>\n<li>Yukar\u0131 ve A\u015fa\u011f\u0131 D\u00fcden \u015eelalelerini Ziyaret Edin<\/li>\n<li>Yerel g\u00fcm\u00fc\u015f\u00e7\u00fc at\u00f6lyesinde mola<\/li>\n<li>Otele geri transfer<\/li>\n<\/ul>\n<\/div>\n<p>&nbsp;<\/p>\n<hr \/>\n<p>&nbsp;<\/p>\n<div class=\"tour-content-add-information\">\n<h4>ek bilgi<\/h4>\n<ul>\n<li>G\u00f6r\u00fclecek Yerler Tekne Turu: Antalya eski \u015fehir liman\u0131ndan bir saatlik tekne turu yapaca\u011f\u0131z.<\/li>\n<li>G\u00fczergah, en iyi deneyim i\u00e7in kalabal\u0131k seviyelerine ve hava durumuna ba\u011fl\u0131 olarak de\u011fi\u015febilir.<\/li>\n<li>Tekerlekli sandalye kullan\u0131c\u0131lar\u0131 i\u00e7in uygun de\u011fildir.<\/li>\n<li>\u00c7ocuklar\u0131n (\u00fccretsiz biletler) otob\u00fcste ayr\u0131 koltuklar\u0131 olmayacakt\u0131r. Bir koltuk gerekiyorsa, bir \u00e7ocuk bileti sat\u0131n al\u0131nmal\u0131d\u0131r.<\/li>\n<\/ul>\n<p>&nbsp;<\/p>\n<\/div>\n<hr \/>\n<p>&nbsp;<\/p>\n<div class=\"tour-content-cancell-policy\">\n<p><strong>Ne Getirmeli<\/strong><\/p>\n<ul style=\"column-count: 2;\">\n<li>Rahat y\u00fcr\u00fcy\u00fc\u015f ayakkab\u0131s\u0131 \ud83d\udc5f<\/li>\n<li>G\u00fcne\u015f g\u00f6zl\u00fc\u011f\u00fc ve g\u00fcne\u015f \u015fapkas\u0131 \ud83d\udd76\ufe0f<\/li>\n<li>G\u00fcne\u015f \ud83e\uddf4<\/li>\n<li>Rahat k\u0131yafetler \ud83d\udc55<\/li>\n<li>\u0130ste\u011fe ba\u011fl\u0131 ekstralar i\u00e7in nakit <img decoding=\"async\" class=\"emoji\" role=\"img\" draggable=\"false\" src=\"https:\/\/s.w.org\/images\/core\/emoji\/17.0.2\/svg\/1f4b3.svg\" alt=\"\ud83d\udcb3\" \/><\/li>\n<\/ul>\n<\/div>","protected":false},"excerpt":{"rendered":"<p>Discover the very best of Antalya on this unforgettable full-day guided tour that perfectly blends history, nature, and relaxation. From ancient streets and cascading waterfalls to a scenic boat trip <\/p>","protected":false},"featured_media":15814,"comment_status":"open","ping_status":"closed","template":"","meta":[],"product_brand":[],"product_cat":[15],"product_tag":[],"class_list":{"0":"post-14138","1":"product","2":"type-product","3":"status-publish","4":"has-post-thumbnail","6":"tour_phys-tours","7":"product_cat-non-classe","8":"pa_destination-kemer","10":"first","11":"instock","12":"shipping-taxable","13":"purchasable","14":"product-type-tour_phys"},"_links":{"self":[{"href":"https:\/\/vetatourism.com\/tr\/wp-json\/wp\/v2\/product\/14138","targetHints":{"allow":["GET"]}}],"collection":[{"href":"https:\/\/vetatourism.com\/tr\/wp-json\/wp\/v2\/product"}],"about":[{"href":"https:\/\/vetatourism.com\/tr\/wp-json\/wp\/v2\/types\/product"}],"replies":[{"embeddable":true,"href":"https:\/\/vetatourism.com\/tr\/wp-json\/wp\/v2\/comments?post=14138"}],"wp:featuredmedia":[{"embeddable":true,"href":"https:\/\/vetatourism.com\/tr\/wp-json\/wp\/v2\/media\/15814"}],"wp:attachment":[{"href":"https:\/\/vetatourism.com\/tr\/wp-json\/wp\/v2\/media?parent=14138"}],"wp:term":[{"taxonomy":"product_brand","embeddable":true,"href":"https:\/\/vetatourism.com\/tr\/wp-json\/wp\/v2\/product_brand?post=14138"},{"taxonomy":"product_cat","embeddable":true,"href":"https:\/\/vetatourism.com\/tr\/wp-json\/wp\/v2\/product_cat?post=14138"},{"taxonomy":"product_tag","embeddable":true,"href":"https:\/\/vetatourism.com\/tr\/wp-json\/wp\/v2\/product_tag?post=14138"}],"curies":[{"name":"wp","href":"https:\/\/api.w.org\/{rel}","templated":true}]}}