{"id":14137,"date":"2026-02-01T07:26:10","date_gmt":"2026-02-01T07:26:10","guid":{"rendered":"https:\/\/vetatourism.com\/?post_type=product&#038;p=14137"},"modified":"2026-02-27T06:12:20","modified_gmt":"2026-02-27T06:12:20","slug":"suluada-island-sunset-boat-trip-from-antalya-with-dinner","status":"publish","type":"product","link":"https:\/\/vetatourism.com\/tours\/suluada-island-sunset-boat-trip-from-antalya-with-dinner","title":{"rendered":"Ak\u015fam Yeme\u011fi ile Antalya'dan Suluada Adas\u0131 G\u00fcn Bat\u0131m\u0131 Tekne Turu"},"content":{"rendered":"<p>Yolculu\u011funuz Antalya'dan Adrasan'a konforlu bir transfer ile ba\u015flar. Adrasan'dan beyaz kumlar\u0131 ve turkuaz sular\u0131 nedeniyle genellikle Akdeniz'in Maldivleri olarak adland\u0131r\u0131lan Suluada'ya yelken a\u00e7\u0131yoruz.<\/p>\n<p>G\u00fcn boyunca, sen:<\/p>\n<ul>\n<li>Bozulmam\u0131\u015f koylarda y\u00fcz\u00fcn<\/li>\n<li>Denizin huzurunun ve sessizli\u011finin tad\u0131n\u0131 \u00e7\u0131kar\u0131n<\/li>\n<li>Muhte\u015fem g\u00fcn bat\u0131m\u0131 manzaralar\u0131n\u0131 yakalay\u0131n<\/li>\n<li>\"Turkuaz denizin \u00fczerinde g\u00fcne\u015f batarken, Akdeniz alacakaranl\u0131\u011f\u0131n\u0131n b\u00fcy\u00fcl\u00fc renkleriyle \u00e7evrili gemide romantik bir ak\u015fam yeme\u011finin tad\u0131n\u0131 \u00e7\u0131kar\u0131n.\u201d<br \/>\nBu tur do\u011fa severler, \u00e7iftler ve foto\u011fraf merakl\u0131lar\u0131 i\u00e7in m\u00fckemmeldir.<\/li>\n<\/ul>\n<p>&nbsp;<\/p>\n<hr \/>\n<p>&nbsp;<\/p>\n<div class=\"tour-content-what-included\">\n<h4 id=\"whats-included\">Neler Dahil<\/h4>\n<ul style=\"column-count: 2;\">\n<li>Antalya'dan Adrasan'a transfer ile g\u00fcn bat\u0131m\u0131 tekne turu<\/li>\n<li>Berrak koylarda y\u00fczme duraklar\u0131yla Suluada'ya yolculuk<\/li>\n<li>G\u00fcnbat\u0131m\u0131nda gemide romantik ak\u015fam yeme\u011fi servis edilir<\/li>\n<li>Tur boyunca sakin ve huzurlu bir atmosfer<\/li>\n<li>Rota ve zamanlama deniz ve hava ko\u015fullar\u0131na ba\u011fl\u0131 olarak de\u011fi\u015febilir<\/li>\n<\/ul>\n<\/div>\n<p>&nbsp;<\/p>\n<hr \/>\n<p>&nbsp;<\/p>\n<div class=\"tour-content-add-information\">\n<h4>ek bilgi<\/h4>\n<ul>\n<li>Antalya'dan Adrasan'a gidi\u015f-d\u00f6n\u00fc\u015f transfer ile g\u00fcn bat\u0131m\u0131 tekne turudur<\/li>\n<li>Y\u00fczme duraklar\u0131 deniz ve hava ko\u015fullar\u0131na tabidir<\/li>\n<li>Romantik ve dinlendirici bir deneyim sunan ak\u015fam yeme\u011fi g\u00fcn bat\u0131m\u0131nda gemide servis edilir<\/li>\n<li>\u00c7iftler, do\u011fa severler ve foto\u011fraf merakl\u0131lar\u0131 i\u00e7in ideal<\/li>\n<li>Rota, zamanlama ve s\u00fcre deniz ve hava ko\u015fullar\u0131na ba\u011fl\u0131 olarak de\u011fi\u015febilir<\/li>\n<\/ul>\n<p>&nbsp;<\/p>\n<hr \/>\n<p>&nbsp;<\/p>\n<div class=\"tour-content-cancell-policy\">\n<p><strong>Ne Getirmeli<\/strong><\/p>\n<ul style=\"column-count: 2;\">\n<li>Mayo ve havlu<img decoding=\"async\" class=\"emoji\" role=\"img\" draggable=\"false\" src=\"https:\/\/s.w.org\/images\/core\/emoji\/17.0.2\/svg\/1fa71.svg\" alt=\"\ud83e\ude71\" \/><\/li>\n<li>G\u00fcne\u015f g\u00f6zl\u00fc\u011f\u00fc ve g\u00fcne\u015f kremi \ufe0f \ufe0f<\/li>\n<li>Ki\u015fisel harcamalar i\u00e7in para\u00a0<img decoding=\"async\" class=\"emoji\" role=\"img\" draggable=\"false\" src=\"https:\/\/s.w.org\/images\/core\/emoji\/17.0.2\/svg\/1f4b3.svg\" alt=\"\ud83d\udcb3\" \/><\/li>\n<\/ul>\n<\/div>\n<\/div>","protected":false},"excerpt":{"rendered":"<p>Your journey begins with a comfortable transfer from Antalya to Adrasan. From Adrasan, we set sail to Suluada, often called the Maldives of the Mediterranean due to its white sands <\/p>","protected":false},"featured_media":14129,"comment_status":"open","ping_status":"closed","template":"","meta":[],"product_brand":[],"product_cat":[15],"product_tag":[],"class_list":{"0":"post-14137","1":"product","2":"type-product","3":"status-publish","4":"has-post-thumbnail","6":"tour_phys-tours","7":"product_cat-non-classe","8":"pa_destination-kemer","10":"first","11":"instock","12":"shipping-taxable","13":"purchasable","14":"product-type-tour_phys"},"_links":{"self":[{"href":"https:\/\/vetatourism.com\/tr\/wp-json\/wp\/v2\/product\/14137","targetHints":{"allow":["GET"]}}],"collection":[{"href":"https:\/\/vetatourism.com\/tr\/wp-json\/wp\/v2\/product"}],"about":[{"href":"https:\/\/vetatourism.com\/tr\/wp-json\/wp\/v2\/types\/product"}],"replies":[{"embeddable":true,"href":"https:\/\/vetatourism.com\/tr\/wp-json\/wp\/v2\/comments?post=14137"}],"wp:featuredmedia":[{"embeddable":true,"href":"https:\/\/vetatourism.com\/tr\/wp-json\/wp\/v2\/media\/14129"}],"wp:attachment":[{"href":"https:\/\/vetatourism.com\/tr\/wp-json\/wp\/v2\/media?parent=14137"}],"wp:term":[{"taxonomy":"product_brand","embeddable":true,"href":"https:\/\/vetatourism.com\/tr\/wp-json\/wp\/v2\/product_brand?post=14137"},{"taxonomy":"product_cat","embeddable":true,"href":"https:\/\/vetatourism.com\/tr\/wp-json\/wp\/v2\/product_cat?post=14137"},{"taxonomy":"product_tag","embeddable":true,"href":"https:\/\/vetatourism.com\/tr\/wp-json\/wp\/v2\/product_tag?post=14137"}],"curies":[{"name":"wp","href":"https:\/\/api.w.org\/{rel}","templated":true}]}}