{"id":14128,"date":"2026-02-01T07:19:26","date_gmt":"2026-02-01T07:19:26","guid":{"rendered":"https:\/\/vetatourism.com\/?post_type=product&#038;p=14128"},"modified":"2026-02-27T06:12:44","modified_gmt":"2026-02-27T06:12:44","slug":"kemer-suluada-island-sunset-boat-trip-tour-with-dinner","status":"publish","type":"product","link":"https:\/\/vetatourism.com\/tours\/kemer-suluada-island-sunset-boat-trip-tour-with-dinner","title":{"rendered":"Kemer: Ak\u015fam Yeme\u011fi ile Suluada Adas\u0131 G\u00fcn Bat\u0131m\u0131 Tekne Turu Turu"},"content":{"rendered":"<p>Yolculu\u011funuz bir ile ba\u015flar <strong>Kemer'den Adrasan'a konforlu transfer<\/strong>. Adrasan'dan yola \u00e7\u0131kt\u0131k <strong>Suluada<\/strong>, genellikle denir <em>Akdeniz'in Maldivleri<\/em> beyaz kumlar\u0131 ve turkuaz sular\u0131 nedeniyle.<\/p>\n<p>G\u00fcn boyunca, sen:<\/p>\n<ul>\n<li>Bozulmam\u0131\u015f koylarda y\u00fcz\u00fcn<\/li>\n<li>Denizin huzurunun ve sessizli\u011finin tad\u0131n\u0131 \u00e7\u0131kar\u0131n<\/li>\n<li>Muhte\u015fem g\u00fcn bat\u0131m\u0131 manzaralar\u0131n\u0131 yakalay\u0131n<\/li>\n<li>\"Turkuaz denizin \u00fczerinde g\u00fcne\u015f batarken, Akdeniz alacakaranl\u0131\u011f\u0131n\u0131n b\u00fcy\u00fcl\u00fc renkleriyle \u00e7evrili gemide romantik bir ak\u015fam yeme\u011finin tad\u0131n\u0131 \u00e7\u0131kar\u0131n.\u201d<\/li>\n<li>Bu tur a\u015fa\u011f\u0131dakiler i\u00e7in m\u00fckemmeldir <strong>do\u011fa severler, \u00e7iftler ve foto\u011fraf merakl\u0131lar\u0131<\/strong>.<\/li>\n<\/ul>\n<div class=\"tour-content-add-information\">\n<p>&nbsp;<\/p>\n<hr \/>\n<p>&nbsp;<\/p>\n<div class=\"tour-content-what-included\">\n<h4 id=\"whats-included\">Neler Dahil<\/h4>\n<ul style=\"column-count: 2;\">\n<li>Kemer'den Adrasan'a transfer ile g\u00fcn bat\u0131m\u0131 tekne turu<\/li>\n<li>Sakin koylarda y\u00fczme duraklar\u0131yla Suluada'ya yolculuk<\/li>\n<li>G\u00fcn bat\u0131m\u0131nda gemide romantik ak\u015fam yeme\u011fi servis edilir<\/li>\n<li>\u00c7iftler i\u00e7in ideal, huzurlu ve dinlendirici bir atmosfer<\/li>\n<li>Rota ve zamanlama deniz ve hava ko\u015fullar\u0131na ba\u011fl\u0131 olarak de\u011fi\u015febilir<\/li>\n<\/ul>\n<\/div>\n<p>&nbsp;<\/p>\n<\/div>\n<hr \/>\n<p>&nbsp;<\/p>\n<div class=\"tour-content-add-information\">\n<h4>ek bilgi<\/h4>\n<ul>\n<li>Kemer'den Adrasan'a transfer dahil bir g\u00fcn bat\u0131m\u0131 tekne turudur<\/li>\n<li>Y\u00fczme duraklar\u0131 hava ve deniz durumuna ba\u011fl\u0131d\u0131r<\/li>\n<li>Romantik bir atmosfer yaratan ak\u015fam yeme\u011fi g\u00fcn bat\u0131m\u0131nda gemide servis edilir<\/li>\n<li>Tur \u00e7iftler, do\u011fa severler ve foto\u011fraf merakl\u0131lar\u0131 i\u00e7in idealdir<\/li>\n<li>Rota ve zamanlama deniz ve hava ko\u015fullar\u0131na ba\u011fl\u0131 olarak de\u011fi\u015febilir<\/li>\n<\/ul>\n<p>&nbsp;<\/p>\n<\/div>\n<hr \/>\n<p>&nbsp;<\/p>\n<div class=\"tour-content-cancell-policy\">\n<p><strong>Ne Getirmeli<\/strong><\/p>\n<ul style=\"column-count: 2;\">\n<li>Mayo ve havlu<img decoding=\"async\" class=\"emoji\" role=\"img\" draggable=\"false\" src=\"https:\/\/s.w.org\/images\/core\/emoji\/17.0.2\/svg\/1fa71.svg\" alt=\"\ud83e\ude71\" \/><\/li>\n<li>G\u00fcne\u015f g\u00f6zl\u00fc\u011f\u00fc ve g\u00fcne\u015f kremi \ufe0f \ufe0f<\/li>\n<li>Ki\u015fisel harcamalar i\u00e7in para\u00a0<img decoding=\"async\" class=\"emoji\" role=\"img\" draggable=\"false\" src=\"https:\/\/s.w.org\/images\/core\/emoji\/17.0.2\/svg\/1f4b3.svg\" alt=\"\ud83d\udcb3\" \/><\/li>\n<\/ul>\n<\/div>","protected":false},"excerpt":{"rendered":"<p>Your journey begins with a comfortable transfer from Kemer to Adrasan. From Adrasan, we set sail to Suluada, often called the Maldives of the Mediterranean due to its white sands <\/p>","protected":false},"featured_media":14129,"comment_status":"open","ping_status":"closed","template":"","meta":[],"product_brand":[],"product_cat":[],"product_tag":[],"class_list":{"0":"post-14128","1":"product","2":"type-product","3":"status-publish","4":"has-post-thumbnail","6":"tour_phys-tours","7":"pa_destination-kemer","9":"first","10":"instock","11":"shipping-taxable","12":"purchasable","13":"product-type-tour_phys"},"_links":{"self":[{"href":"https:\/\/vetatourism.com\/tr\/wp-json\/wp\/v2\/product\/14128","targetHints":{"allow":["GET"]}}],"collection":[{"href":"https:\/\/vetatourism.com\/tr\/wp-json\/wp\/v2\/product"}],"about":[{"href":"https:\/\/vetatourism.com\/tr\/wp-json\/wp\/v2\/types\/product"}],"replies":[{"embeddable":true,"href":"https:\/\/vetatourism.com\/tr\/wp-json\/wp\/v2\/comments?post=14128"}],"wp:featuredmedia":[{"embeddable":true,"href":"https:\/\/vetatourism.com\/tr\/wp-json\/wp\/v2\/media\/14129"}],"wp:attachment":[{"href":"https:\/\/vetatourism.com\/tr\/wp-json\/wp\/v2\/media?parent=14128"}],"wp:term":[{"taxonomy":"product_brand","embeddable":true,"href":"https:\/\/vetatourism.com\/tr\/wp-json\/wp\/v2\/product_brand?post=14128"},{"taxonomy":"product_cat","embeddable":true,"href":"https:\/\/vetatourism.com\/tr\/wp-json\/wp\/v2\/product_cat?post=14128"},{"taxonomy":"product_tag","embeddable":true,"href":"https:\/\/vetatourism.com\/tr\/wp-json\/wp\/v2\/product_tag?post=14128"}],"curies":[{"name":"wp","href":"https:\/\/api.w.org\/{rel}","templated":true}]}}