{"id":14119,"date":"2026-02-01T07:14:28","date_gmt":"2026-02-01T07:14:28","guid":{"rendered":"https:\/\/vetatourism.com\/?post_type=product&#038;p=14119"},"modified":"2026-04-08T19:41:44","modified_gmt":"2026-04-08T19:41:44","slug":"olympos-teleferik-cable-car-to-tahtali-mountain-2365m-from-kemer","status":"publish","type":"product","link":"https:\/\/vetatourism.com\/tours\/olympos-teleferik-cable-car-to-tahtali-mountain-2365m-from-kemer","title":{"rendered":"Kemer'den Tahtal\u0131 Da\u011f\u0131'na (2365m) Olympos Teleferik Teleferi\u011fi"},"content":{"rendered":"<p>Tahtal\u0131 Da\u011f\u0131 Teleferik Turu ile muhte\u015fem bir da\u011f maceras\u0131na haz\u0131r olun. Otelden ald\u0131ktan sonra, g\u00fczel manzaral\u0131 Beyda\u011flar\u0131 Milli Park\u0131'nda konforlu bir s\u00fcr\u00fc\u015f\u00fcn keyfini \u00e7\u0131kar\u0131n. A\u015fa\u011f\u0131 teleferik istasyonuna vard\u0131\u011f\u0131n\u0131zda, zirveye 10-12 dakikal\u0131k bir t\u0131rman\u0131\u015f i\u00e7in modern bir kabine binin.<\/p>\n<p>2.365 metreye y\u00fckselirken, \u00e7amla kapl\u0131 da\u011flar\u0131n ve a\u015fa\u011f\u0131daki turkuaz sahil \u015feridinin muhte\u015fem manzaras\u0131na hayran kal\u0131n. En tepede, temiz da\u011f havas\u0131n\u0131n tad\u0131n\u0131 \u00e7\u0131karmak, izleme platformlar\u0131n\u0131 ziyaret etmek, foto\u011fraf \u00e7ekmek, hediyelik e\u015fya d\u00fckkanlar\u0131na g\u00f6z atmak veya summit caf\u00e9'de dinlenmek i\u00e7in yakla\u015f\u0131k bir saatlik bo\u015f zaman\u0131n\u0131z olacak.<\/p>\n<p>Zirvede ge\u00e7irdi\u011finiz zaman\u0131n ard\u0131ndan teleferikle inin ve bulutlar\u0131n \u00fcst\u00fcnden unutulmaz an\u0131lar ve nefes kesen foto\u011fraflar ile otelinize d\u00f6n\u00fcn.<\/p>\n<div class=\"tour-content-what-included\"><\/div>\n<hr \/>\n<p>&nbsp;<\/p>\n<div class=\"tour-content-what-included\">\n<h4 id=\"whats-included\">Neler Dahil<\/h4>\n<ul style=\"column-count: 2;\">\n<li>Cable car tour with hotel pickup from Kemer hotels<\/li>\n<li>Beyda\u011flar\u0131 Milli Park\u0131'ndan do\u011fal s\u00fcr\u00fc\u015f<\/li>\n<li>Zirveye yakla\u015f\u0131k 10-12 dakikal\u0131k teleferik yolculu\u011fu<\/li>\n<li>Zirvede yakla\u015f\u0131k 1 saat serbest zaman<\/li>\n<li>Zirvedeki hava deniz seviyesinden daha so\u011fuk olabilir<\/li>\n<li>Children 3-11 do have a separate seat on the transfer bus<\/li>\n<\/ul>\n<\/div>\n<p>&nbsp;<\/p>\n<hr \/>\n<p>&nbsp;<\/p>\n<div class=\"tour-content-add-information\">\n<h4>ek bilgi<\/h4>\n<ul>\n<li style=\"list-style-type: none;\">\n<ul>\n<li>Babies 0-2 are for free<\/li>\n<li>Children 3-11 are extra and will\u00a0 have a separate seat on the bus. If the bus is full.<\/li>\n<\/ul>\n<\/li>\n<\/ul>\n<p>&nbsp;<\/p>\n<\/div>\n<hr \/>\n<p>&nbsp;<\/p>\n<div class=\"tour-content-cancell-policy\">\n<p><strong>Ne Getirmeli<\/strong><\/p>\n<ul style=\"column-count: 2;\">\n<li>Ceket veya kazak (\u00fcstte daha so\u011fuk olabilir) \ud83e\udde5<\/li>\n<li>Rahat ayakkab\u0131lar \ud83d\udc5f<\/li>\n<li>Kamera veya ak\u0131ll\u0131 telefon \ud83d\udcf1<\/li>\n<li>G\u00fcne\u015f G\u00f6zl\u00fc\u011f\u00fc \ufe0f \ufe0f<\/li>\n<\/ul>\n<\/div>","protected":false},"excerpt":{"rendered":"<p>Get ready for a stunning mountain adventure with the Tahtal\u0131 Mountain Cable Car Tour. After pickup from your hotel, enjoy a comfortable drive through the scenic Beyda\u011flar\u0131 National Park. Upon <\/p>","protected":false},"featured_media":14120,"comment_status":"open","ping_status":"closed","template":"","meta":[],"product_brand":[],"product_cat":[],"product_tag":[],"class_list":{"0":"post-14119","1":"product","2":"type-product","3":"status-publish","4":"has-post-thumbnail","6":"tour_phys-tours","7":"pa_destination-kemer","9":"first","10":"instock","11":"shipping-taxable","12":"purchasable","13":"product-type-tour_phys"},"_links":{"self":[{"href":"https:\/\/vetatourism.com\/tr\/wp-json\/wp\/v2\/product\/14119","targetHints":{"allow":["GET"]}}],"collection":[{"href":"https:\/\/vetatourism.com\/tr\/wp-json\/wp\/v2\/product"}],"about":[{"href":"https:\/\/vetatourism.com\/tr\/wp-json\/wp\/v2\/types\/product"}],"replies":[{"embeddable":true,"href":"https:\/\/vetatourism.com\/tr\/wp-json\/wp\/v2\/comments?post=14119"}],"wp:featuredmedia":[{"embeddable":true,"href":"https:\/\/vetatourism.com\/tr\/wp-json\/wp\/v2\/media\/14120"}],"wp:attachment":[{"href":"https:\/\/vetatourism.com\/tr\/wp-json\/wp\/v2\/media?parent=14119"}],"wp:term":[{"taxonomy":"product_brand","embeddable":true,"href":"https:\/\/vetatourism.com\/tr\/wp-json\/wp\/v2\/product_brand?post=14119"},{"taxonomy":"product_cat","embeddable":true,"href":"https:\/\/vetatourism.com\/tr\/wp-json\/wp\/v2\/product_cat?post=14119"},{"taxonomy":"product_tag","embeddable":true,"href":"https:\/\/vetatourism.com\/tr\/wp-json\/wp\/v2\/product_tag?post=14119"}],"curies":[{"name":"wp","href":"https:\/\/api.w.org\/{rel}","templated":true}]}}