{"id":14118,"date":"2026-02-01T07:08:48","date_gmt":"2026-02-01T07:08:48","guid":{"rendered":"https:\/\/vetatourism.com\/?post_type=product&#038;p=14118"},"modified":"2026-03-09T05:45:54","modified_gmt":"2026-03-09T05:45:54","slug":"kemer-olympos-teleferik-sunset-tour-with-dinner-at-2365m","status":"publish","type":"product","link":"https:\/\/vetatourism.com\/tours\/kemer-olympos-teleferik-sunset-tour-with-dinner-at-2365m","title":{"rendered":"Kemer: 2365m'de Ak\u015fam Yeme\u011fi ile Olympos Teleferik G\u00fcn Bat\u0131m\u0131 Turu"},"content":{"rendered":"<p>Kemer'den Tahtal\u0131 G\u00fcnbat\u0131m\u0131 Teleferik Turunda g\u00fcn bat\u0131m\u0131n\u0131n b\u00fcy\u00fcs\u00fcn\u00fc ke\u015ffedin. Yolculu\u011funuz bir otelden alma ve 726 metrede a\u015fa\u011f\u0131 teleferik istasyonuna s\u00fcr\u00fc\u015f ile ba\u015flar. Buradan, d\u00fcnyan\u0131n en uzun teleferik hatlar\u0131ndan birinde 2.365 metrede Tahtal\u0131 Da\u011f\u0131'n\u0131n zirvesine 12 dakikal\u0131k do\u011fal bir yolculu\u011fun tad\u0131n\u0131 \u00e7\u0131kar\u0131n.<\/p>\n<p>En \u00fcstte, Akdeniz sahil \u015feridinin ve \u00e7evredeki da\u011flar\u0131n nefes kesen manzaralar\u0131n\u0131 seyredin. G\u00fcne\u015f batmaya ba\u015flad\u0131\u011f\u0131nda g\u00f6ky\u00fcz\u00fc canl\u0131 renklerle dolar ve ger\u00e7ekten unutulmaz bir an yarat\u0131r. Temiz da\u011f havas\u0131nda rahatlay\u0131n, g\u00fczel foto\u011fraflar \u00e7ekin ve huzurlu atmosferi i\u00e7inize \u00e7ekin.<\/p>\n<p>Summit cafe'de canl\u0131 m\u00fczik e\u015fli\u011finde lezzetli bir ak\u015fam yeme\u011finin tad\u0131n\u0131 \u00e7\u0131karabilirsiniz. G\u00fcn bat\u0131m\u0131ndan ve yemekten sonra teleferikle inin ve bulutlar\u0131n \u00fczerindeki bu sakin ak\u015fam\u0131n b\u00fcy\u00fcl\u00fc an\u0131lar\u0131yla otelinize d\u00f6n\u00fcn.<\/p>\n<div class=\"tour-content-what-included\"><\/div>\n<hr \/>\n<p>&nbsp;<\/p>\n<div class=\"tour-content-what-included\">\n<h4 id=\"whats-included\">Neler Dahil<\/h4>\n<ul style=\"column-count: 2;\">\n<li>Kemer'den otel al\u0131m\u0131 ile g\u00fcn bat\u0131m\u0131 teleferik turu<\/li>\n<li>Tahtal\u0131 Da\u011f\u0131'n\u0131n zirvesine teleferikle 12 dakikada ula\u015f\u0131labilir<\/li>\n<li>Summit cafe'de ak\u015fam yeme\u011fi ve canl\u0131 m\u00fczik dahildir<\/li>\n<li>\u00dcstteki s\u0131cakl\u0131klar, \u00f6zellikle g\u00fcn bat\u0131m\u0131ndan sonra daha so\u011fuk olabilir<\/li>\n<li>G\u00f6r\u00fcn\u00fcrl\u00fck ve zamanlama hava ko\u015fullar\u0131na ba\u011fl\u0131 olarak de\u011fi\u015febilir<\/li>\n<li>\u00dccretsiz olarak kat\u0131lan \u00e7ocuklar\u0131n transfer otob\u00fcs\u00fcnde ayr\u0131 bir koltu\u011fu yoktur<\/li>\n<\/ul>\n<\/div>\n<p>&nbsp;<\/p>\n<hr \/>\n<p>&nbsp;<\/p>\n<div class=\"tour-content-add-information\">\n<h4>ek bilgi<\/h4>\n<ul>\n<li>\u00dccretsiz kat\u0131lan \u00e7ocuklar\u0131n otob\u00fcste ayr\u0131 bir koltu\u011fu olmayacakt\u0131r. Otob\u00fcs doluysa, bir vasinin kuca\u011f\u0131na oturmalar\u0131 veya rezervasyon s\u0131ras\u0131nda ayr\u0131 bir koltuk sat\u0131n almalar\u0131 gerekir.<\/li>\n<\/ul>\n<p>&nbsp;<\/p>\n<\/div>\n<hr \/>\n<p>&nbsp;<\/p>\n<div class=\"tour-content-cancell-policy\">\n<p><strong>Ne Getirmeli<\/strong><\/p>\n<ul style=\"column-count: 2;\">\n<li>Hafif ceket (\u00fcstte so\u011fuk olabilir) \ud83e\udde5<\/li>\n<li>Rahat ayakkab\u0131lar \ud83d\udc5f<\/li>\n<li>Kamera veya ak\u0131ll\u0131 telefon \ud83d\udcf1<\/li>\n<\/ul>\n<\/div>","protected":false},"excerpt":{"rendered":"<p>Discover the magic of sunset on the Tahtal\u0131 Sunset Cable Car Tour from Kemer. Your journey begins with a hotel pickup and a drive to the lower cable car station <\/p>","protected":false},"featured_media":14110,"comment_status":"open","ping_status":"closed","template":"","meta":[],"product_brand":[],"product_cat":[15],"product_tag":[],"class_list":{"0":"post-14118","1":"product","2":"type-product","3":"status-publish","4":"has-post-thumbnail","6":"tour_phys-tours","7":"product_cat-non-classe","8":"pa_destination-kemer","10":"first","11":"instock","12":"shipping-taxable","13":"purchasable","14":"product-type-tour_phys"},"_links":{"self":[{"href":"https:\/\/vetatourism.com\/tr\/wp-json\/wp\/v2\/product\/14118","targetHints":{"allow":["GET"]}}],"collection":[{"href":"https:\/\/vetatourism.com\/tr\/wp-json\/wp\/v2\/product"}],"about":[{"href":"https:\/\/vetatourism.com\/tr\/wp-json\/wp\/v2\/types\/product"}],"replies":[{"embeddable":true,"href":"https:\/\/vetatourism.com\/tr\/wp-json\/wp\/v2\/comments?post=14118"}],"wp:featuredmedia":[{"embeddable":true,"href":"https:\/\/vetatourism.com\/tr\/wp-json\/wp\/v2\/media\/14110"}],"wp:attachment":[{"href":"https:\/\/vetatourism.com\/tr\/wp-json\/wp\/v2\/media?parent=14118"}],"wp:term":[{"taxonomy":"product_brand","embeddable":true,"href":"https:\/\/vetatourism.com\/tr\/wp-json\/wp\/v2\/product_brand?post=14118"},{"taxonomy":"product_cat","embeddable":true,"href":"https:\/\/vetatourism.com\/tr\/wp-json\/wp\/v2\/product_cat?post=14118"},{"taxonomy":"product_tag","embeddable":true,"href":"https:\/\/vetatourism.com\/tr\/wp-json\/wp\/v2\/product_tag?post=14118"}],"curies":[{"name":"wp","href":"https:\/\/api.w.org\/{rel}","templated":true}]}}