{"id":14090,"date":"2026-02-01T06:47:51","date_gmt":"2026-02-01T06:47:51","guid":{"rendered":"https:\/\/vetatourism.com\/?post_type=product&#038;p=14090"},"modified":"2026-03-09T05:46:14","modified_gmt":"2026-03-09T05:46:14","slug":"kemer-turkish-bath-hamam-traditional-spa-experience","status":"publish","type":"product","link":"https:\/\/vetatourism.com\/tours\/kemer-turkish-bath-hamam-traditional-spa-experience","title":{"rendered":"Kemer T\u00fcrk Hamam\u0131 Hamam\u0131 ve Geleneksel Spa Deneyimi"},"content":{"rendered":"<p>Tur bir ile ba\u015flar <strong data-start=\"948\" data-end=\"976\">konforlu otel al\u0131m\u0131<\/strong> kemer'in herhangi bir yerinden. Sa\u011fl\u0131kl\u0131 ya\u015fam yolculu\u011funuzun ba\u015flad\u0131\u011f\u0131 geleneksel bir T\u00fcrk hamam\u0131na g\u00f6t\u00fcr\u00fcleceksiniz.<\/p>\n<p>Zaman ge\u00e7irerek ba\u015flay\u0131n <strong data-start=\"1120\" data-end=\"1129\">sauna<\/strong> ve <strong data-start=\"1134\" data-end=\"1148\">buhar odas\u0131<\/strong>, g\u00f6zeneklerinizi a\u00e7maya ve v\u00fccudunuzu haz\u0131rlamaya yard\u0131mc\u0131 olur. O zaman tad\u0131n\u0131 \u00e7\u0131kar <strong data-start=\"1214\" data-end=\"1248\">10 dakikal\u0131k v\u00fccut ovma (peeling)<\/strong> \u00f6l\u00fc deriyi \u00e7\u0131karmak i\u00e7in, ard\u0131ndan bir <strong data-start=\"1284\" data-end=\"1310\">10 dakikal\u0131k k\u00f6p\u00fck masaj\u0131<\/strong> - cildinizi ipeksi p\u00fcr\u00fczs\u00fcz b\u0131rakan klasik bir hamam rit\u00fceli.<\/p>\n<p>Sonraki, bir <strong data-start=\"1382\" data-end=\"1395\">kil maskesi<\/strong> y\u00fcz\u00fcn\u00fcz\u00fc temizlemek ve detoksifiye etmek i\u00e7in uygulan\u0131r. Durulad\u0131ktan sonra gev\u015feyin <strong data-start=\"1475\" data-end=\"1492\">y\u00fczme havuzu<\/strong> veya son tedavinize kadar rahatlay\u0131n-bir <strong data-start=\"1533\" data-end=\"1571\">20 dakikal\u0131k aromaterapi ya\u011f\u0131 masaj\u0131<\/strong>, seni tamamen yenilenmi\u015f b\u0131rak\u0131yor.<\/p>\n<p>Seans\u0131n\u0131z\u0131n sonunda s\u0131ca\u011f\u0131n tad\u0131n\u0131 \u00e7\u0131kar\u0131n <strong data-start=\"1649\" data-end=\"1664\">T\u00fcrk \u00e7ay\u0131<\/strong> otelinize geri g\u00f6nderilmeden \u00f6nce.<\/p>\n<p>\u0130ster tatilinize ba\u015fl\u0131yor olun, ister tatilinizi bitiriyor olun, bu deneyim hem bedene hem de zihne \u00f6zen g\u00f6stermenin ideal yoludur.<\/p>\n<div class=\"tour-content-what-included\"><\/div>\n<hr \/>\n<p>&nbsp;<\/p>\n<div class=\"tour-content-what-included\">\n<h4 id=\"whats-included\">Neler Dahil<\/h4>\n<ul style=\"column-count: 2;\">\n<li>Kemer'den otel al\u0131m\u0131 ile geleneksel T\u00fcrk hamam\u0131 deneyimi<\/li>\n<li>Toplam s\u00fcre yakla\u015f\u0131k 2,5 ila 3 saattir<\/li>\n<li>Ziyaret s\u00fcresince sauna ve buhar odas\u0131 kullan\u0131m\u0131 s\u0131n\u0131rs\u0131zd\u0131r<\/li>\n<li>Peeling, k\u00f6p\u00fck masaj\u0131, y\u00fcz maskesi ve aromaterapi masaj\u0131 dahildir<\/li>\n<li>Kad\u0131n ve erkek misafirler i\u00e7in uygundur; talep \u00fczerine \u00f6zel se\u00e7enekler mevcuttur<\/li>\n<li>12 Ya\u015f\u0131n alt\u0131ndaki \u00e7ocuklar ebeveyn g\u00f6zetiminde kat\u0131labilir<\/li>\n<\/ul>\n<\/div>\n<p>&nbsp;<\/p>\n<hr \/>\n<p>&nbsp;<\/p>\n<div class=\"tour-content-add-information\">\n<h4>ek bilgi<\/h4>\n<ul>\n<li>S\u00fcre: yakla\u015f\u0131k. 2,5 ila 3 saat<\/li>\n<li>Sauna ve buhar odas\u0131 i\u00e7in zaman s\u0131n\u0131r\u0131 yoktur<\/li>\n<li>Erkek ve kad\u0131n konuklar kabul edilir; talep \u00fczerine \u00f6zel se\u00e7enekler mevcuttur<\/li>\n<li>12 Ya\u015f\u0131n alt\u0131ndaki \u00e7ocuklar ebeveyn denetimine kat\u0131labilir<\/li>\n<\/ul>\n<p>&nbsp;<\/p>\n<\/div>\n<hr \/>\n<p>&nbsp;<\/p>\n<div class=\"tour-content-cancell-policy\">\n<p><strong>Ne Getirmeli<\/strong><\/p>\n<ul style=\"column-count: 2;\">\n<li>Havlu (spada da temin edilebilir) \ud83e\uddfa<\/li>\n<li>Mayo<img decoding=\"async\" class=\"emoji\" role=\"img\" draggable=\"false\" src=\"https:\/\/s.w.org\/images\/core\/emoji\/17.0.2\/svg\/1fa71.svg\" alt=\"\ud83e\ude71\" \/><\/li>\n<li>Parmak aras\u0131 terlik veya terlik \ud83e\udd7f<\/li>\n<\/ul>\n<\/div>","protected":false},"excerpt":{"rendered":"<p>Tur, Kemer'in her yerinden konforlu bir otel al\u0131m\u0131yla ba\u015flar. Sa\u011fl\u0131kl\u0131 ya\u015fam yolculu\u011funuzun ba\u015flad\u0131\u011f\u0131 geleneksel bir T\u00fcrk hamam\u0131na g\u00f6t\u00fcr\u00fcleceksiniz.<br \/>\nStart by spending time in <\/p>","protected":false},"featured_media":14091,"comment_status":"open","ping_status":"closed","template":"","meta":[],"product_brand":[],"product_cat":[15],"product_tag":[],"class_list":{"0":"post-14090","1":"product","2":"type-product","3":"status-publish","4":"has-post-thumbnail","6":"tour_phys-tours","7":"product_cat-non-classe","8":"pa_destination-kemer","10":"first","11":"instock","12":"shipping-taxable","13":"purchasable","14":"product-type-tour_phys"},"_links":{"self":[{"href":"https:\/\/vetatourism.com\/tr\/wp-json\/wp\/v2\/product\/14090","targetHints":{"allow":["GET"]}}],"collection":[{"href":"https:\/\/vetatourism.com\/tr\/wp-json\/wp\/v2\/product"}],"about":[{"href":"https:\/\/vetatourism.com\/tr\/wp-json\/wp\/v2\/types\/product"}],"replies":[{"embeddable":true,"href":"https:\/\/vetatourism.com\/tr\/wp-json\/wp\/v2\/comments?post=14090"}],"wp:featuredmedia":[{"embeddable":true,"href":"https:\/\/vetatourism.com\/tr\/wp-json\/wp\/v2\/media\/14091"}],"wp:attachment":[{"href":"https:\/\/vetatourism.com\/tr\/wp-json\/wp\/v2\/media?parent=14090"}],"wp:term":[{"taxonomy":"product_brand","embeddable":true,"href":"https:\/\/vetatourism.com\/tr\/wp-json\/wp\/v2\/product_brand?post=14090"},{"taxonomy":"product_cat","embeddable":true,"href":"https:\/\/vetatourism.com\/tr\/wp-json\/wp\/v2\/product_cat?post=14090"},{"taxonomy":"product_tag","embeddable":true,"href":"https:\/\/vetatourism.com\/tr\/wp-json\/wp\/v2\/product_tag?post=14090"}],"curies":[{"name":"wp","href":"https:\/\/api.w.org\/{rel}","templated":true}]}}