{"id":14073,"date":"2026-02-01T06:27:48","date_gmt":"2026-02-01T06:27:48","guid":{"rendered":"https:\/\/vetatourism.com\/?post_type=product&#038;p=14073"},"modified":"2026-03-09T05:46:25","modified_gmt":"2026-03-09T05:46:25","slug":"kemer-quad-safari-tour-thrilling-off-road-adventure","status":"publish","type":"product","link":"https:\/\/vetatourism.com\/tours\/kemer-quad-safari-tour-thrilling-off-road-adventure","title":{"rendered":"Kemer D\u00f6rtl\u00fc Safari Turu, Heyecan Verici Arazi Maceras\u0131"},"content":{"rendered":"<p>Toros Da\u011flar\u0131 ile heyecan verici bir yolculu\u011fa haz\u0131r olun <strong>Kemer Quad Safari'de<\/strong>. Otelden al\u0131nd\u0131ktan sonra, k\u0131sa bir g\u00fcvenlik brifingi ve test s\u00fcr\u00fc\u015f\u00fcn\u00fcn sizi yolculu\u011fa haz\u0131rlad\u0131\u011f\u0131 ana kampa gideceksiniz. Deneyime gerek yoktur ve t\u00fcm g\u00fcvenlik donan\u0131mlar\u0131 sa\u011flan\u0131r.<\/p>\n<p>D\u00f6rtl\u00fc bisikletinize atlay\u0131n ve orman yollar\u0131, toprak yollar ve kayal\u0131k yollar boyunca maceraya ba\u015flay\u0131n. \u00c7amurlu alanlara s\u0131\u00e7rad\u0131\u011f\u0131n\u0131zda ve engebeli arazide s\u00fcrerken heyecan\u0131 hissedin. Yar\u0131da, foto\u011fraflar ve rahatlama i\u00e7in m\u00fckemmel olan muhte\u015fem da\u011f manzaras\u0131na sahip do\u011fal bir noktada k\u0131sa bir mola verin.<\/p>\n<p>Turun ikinci yar\u0131s\u0131 daha dik yollar ve daha s\u0131k\u0131 d\u00f6n\u00fc\u015flerle daha heyecanl\u0131 hale geliyor. Off-road e\u011flencesinden sonra \u00fcsse geri d\u00f6nmeden \u00f6nce kanyonda y\u00fczerek serinleyin. Ard\u0131ndan otelinize b\u0131rak\u0131lacaks\u0131n\u0131z-tozlu, yorgun ve adrenalin dolu an\u0131larla dolu.<\/p>\n<p>Bu tur, do\u011fay\u0131 e\u011flenceli ve heyecan verici bir \u015fekilde ke\u015ffetmek isteyen macera severler i\u00e7in idealdir.<\/p>\n<p>&nbsp;<\/p>\n<hr \/>\n<p>&nbsp;<\/p>\n<div class=\"tour-content-what-included\">\n<h4 id=\"whats-included\">Neler Dahil<\/h4>\n<ul style=\"column-count: 2;\">\n<li>Kemer'den otel al\u0131m\u0131 ile d\u00f6rtl\u00fc safari turu<\/li>\n<li>Ehliyet veya \u00f6nceden deneyim gerekmez<\/li>\n<li>G\u00fcvenlik brifingi ve koruyucu donan\u0131m sa\u011flanmaktad\u0131r<\/li>\n<li>Minimum s\u00fcr\u00fcc\u00fc ya\u015f\u0131 17'dir<\/li>\n<li>S\u00fcr\u00fc\u015f arazi d\u0131\u015f\u0131 ve engebeli arazide ger\u00e7ekle\u015fir<\/li>\n<li>Program hava ve iz ko\u015fullar\u0131na ba\u011fl\u0131 olarak de\u011fi\u015febilir<\/li>\n<\/ul>\n<\/div>\n<p>&nbsp;<\/p>\n<hr \/>\n<p>&nbsp;<\/p>\n<div class=\"tour-content-add-information\">\n<h4>ek bilgi<\/h4>\n<ul>\n<li>Ehliyet gerekmez<\/li>\n<li>Yeni ba\u015flayanlar ve deneyimli biniciler i\u00e7in uygundur<\/li>\n<li>Tur engebeli araziyi i\u00e7erir - iyi bir denge \u00f6nerilir<\/li>\n<li>Minimum s\u00fcr\u00fcc\u00fc ya\u015f\u0131: 17<\/li>\n<li>Sa\u011flanan g\u00fcvenlik donan\u0131m\u0131<\/li>\n<\/ul>\n<p>&nbsp;<\/p>\n<\/div>\n<hr \/>\n<p>&nbsp;<\/p>\n<div class=\"tour-content-cancell-policy\">\n<p><strong>Ne Getirmeli<\/strong><\/p>\n<ul style=\"column-count: 2;\">\n<li>Rahat ayakkab\u0131lar ve giysiler \ud83d\udc55<\/li>\n<li>G\u00fcne\u015f \ud83e\uddf4<\/li>\n<li>Mayo ve havlu <img decoding=\"async\" class=\"emoji\" role=\"img\" draggable=\"false\" src=\"https:\/\/s.w.org\/images\/core\/emoji\/17.0.2\/svg\/1fa71.svg\" alt=\"\ud83e\ude71\" \/><\/li>\n<li>Ekstralar i\u00e7in nakit <img decoding=\"async\" class=\"emoji\" role=\"img\" draggable=\"false\" src=\"https:\/\/s.w.org\/images\/core\/emoji\/17.0.2\/svg\/1f4b3.svg\" alt=\"\ud83d\udcb3\" \/><\/li>\n<\/ul>\n<\/div>","protected":false},"excerpt":{"rendered":"<p>Get ready for an exciting ride through the Taurus Mountains with the Kemer Quad Safari. After pickup from your hotel, you\u2019ll head to the base camp where a short safety <\/p>","protected":false},"featured_media":14074,"comment_status":"open","ping_status":"closed","template":"","meta":[],"product_brand":[],"product_cat":[15],"product_tag":[],"class_list":{"0":"post-14073","1":"product","2":"type-product","3":"status-publish","4":"has-post-thumbnail","6":"tour_phys-tours","7":"product_cat-non-classe","8":"pa_destination-kemer","10":"first","11":"instock","12":"shipping-taxable","13":"purchasable","14":"product-type-tour_phys"},"_links":{"self":[{"href":"https:\/\/vetatourism.com\/tr\/wp-json\/wp\/v2\/product\/14073","targetHints":{"allow":["GET"]}}],"collection":[{"href":"https:\/\/vetatourism.com\/tr\/wp-json\/wp\/v2\/product"}],"about":[{"href":"https:\/\/vetatourism.com\/tr\/wp-json\/wp\/v2\/types\/product"}],"replies":[{"embeddable":true,"href":"https:\/\/vetatourism.com\/tr\/wp-json\/wp\/v2\/comments?post=14073"}],"wp:featuredmedia":[{"embeddable":true,"href":"https:\/\/vetatourism.com\/tr\/wp-json\/wp\/v2\/media\/14074"}],"wp:attachment":[{"href":"https:\/\/vetatourism.com\/tr\/wp-json\/wp\/v2\/media?parent=14073"}],"wp:term":[{"taxonomy":"product_brand","embeddable":true,"href":"https:\/\/vetatourism.com\/tr\/wp-json\/wp\/v2\/product_brand?post=14073"},{"taxonomy":"product_cat","embeddable":true,"href":"https:\/\/vetatourism.com\/tr\/wp-json\/wp\/v2\/product_cat?post=14073"},{"taxonomy":"product_tag","embeddable":true,"href":"https:\/\/vetatourism.com\/tr\/wp-json\/wp\/v2\/product_tag?post=14073"}],"curies":[{"name":"wp","href":"https:\/\/api.w.org\/{rel}","templated":true}]}}