{"id":14064,"date":"2026-02-01T06:10:02","date_gmt":"2026-02-01T06:10:02","guid":{"rendered":"https:\/\/vetatourism.com\/?post_type=product&#038;p=14064"},"modified":"2026-03-09T05:46:31","modified_gmt":"2026-03-09T05:46:31","slug":"olympos-chimera-yanartas-night-jeep-safari-from-kemer","status":"publish","type":"product","link":"https:\/\/vetatourism.com\/tours\/olympos-chimera-yanartas-night-jeep-safari-from-kemer","title":{"rendered":"Kemer'den Olympos &amp; Chimera (Yanarta\u015f) Gece Jeep Safarisi"},"content":{"rendered":"<p>G\u00fcn\u00fcn s\u0131ca\u011f\u0131ndan ka\u00e7\u0131n ve bize kat\u0131l\u0131n <strong>Chimera Gece Jeep Safarisi<\/strong> Kemer'den-do\u011fay\u0131, tarihi ve yerel lezzetleri birle\u015ftiren unutulmaz bir ak\u015fam turu.<\/p>\n<p>Otelden al\u0131nd\u0131ktan sonra Kuzdere, \u00c7amyuva ve Tekirova gibi yerel k\u00f6ylerde do\u011fal bir cip yolculu\u011funun tad\u0131n\u0131 \u00e7\u0131kar\u0131n. \u0130lk dura\u011f\u0131n\u0131z huzurlu <strong>\u00c7\u0131ral\u0131 Beach<\/strong>, do\u011fal sahil \u015feridinde y\u00fczmek ve rahatlamak i\u00e7in zaman\u0131n\u0131z olacak.<\/p>\n<p>Ard\u0131ndan, \u015furaya gidin <strong>Kimera Tepesi (Yanarta\u015f)<\/strong>- onun i\u00e7in \u00fcnl\u00fc <strong>sonsuz alevler<\/strong> bu, yeralt\u0131 gaz\u0131 nedeniyle y\u0131l boyunca do\u011fal olarak yanar. K\u0131sa bir yoku\u015f yukar\u0131 y\u00fcr\u00fcy\u00fc\u015ften sonra, \u00f6zellikle g\u00fcn bat\u0131m\u0131ndan sonra \u00e7arp\u0131c\u0131 olan bu b\u00fcy\u00fcl\u00fc ate\u015f fenomenini deneyimlemek i\u00e7in zaman ay\u0131r\u0131n.<\/p>\n<p>Ak\u015fam\u0131 b\u00fcy\u00fcleyici bir restoranda lezzetli bir ak\u015fam yeme\u011fi ile bitirin. <strong>riverside restaurant in Ulup\u0131nar<\/strong>. Izgara bal\u0131k veya tavuk, taze salata, ba\u015flang\u0131\u00e7lar ve mevsim meyveleri aras\u0131ndan se\u00e7im yap\u0131n\u2014hepsi fiyata dahildir.<\/p>\n<p>Bu tur, b\u00f6lgenin gizli g\u00fczelli\u011fini g\u00f6rmenin e\u015fsiz bir yolunu sunuyor ve \u00e7iftler, aileler ve do\u011fa severler i\u00e7in m\u00fckemmel.<\/p>\n<div class=\"tour-content-what-included\">\n<h4 id=\"whats-included\"><\/h4>\n<\/div>\n<hr \/>\n<p>&nbsp;<\/p>\n<div class=\"tour-content-what-included\">\n<h4 id=\"whats-included\">Neler Dahil<\/h4>\n<ul style=\"column-count: 2;\">\n<li>Kemer'den otelden alma ile ak\u015fam Jeep Safari turu<\/li>\n<li>Do\u011fal k\u00f6y s\u00fcr\u00fc\u015f\u00fc ve \u00c7\u0131ral\u0131 Plaj\u0131 ziyareti<\/li>\n<li>Kimera'n\u0131n sonsuz alevlerini g\u00f6rmek i\u00e7in k\u0131sa yoku\u015f yukar\u0131 y\u00fcr\u00fcy\u00fc\u015f (Yanarta\u015f)<\/li>\n<li>Ulup\u0131nar'da nehir kenar\u0131ndaki bir restoranda ak\u015fam yeme\u011fi fiyata dahildir<\/li>\n<li>Aileler, \u00e7iftler ve do\u011fa severler i\u00e7in uygundur<\/li>\n<li>Rota ve zamanlama hava ve yol ko\u015fullar\u0131na ba\u011fl\u0131 olarak de\u011fi\u015febilir<\/li>\n<\/ul>\n<\/div>\n<p>&nbsp;<\/p>\n<hr \/>\n<p>&nbsp;<\/p>\n<div class=\"tour-content-add-information\">\n<h4>ek bilgi<\/h4>\n<ul>\n<li>Bu, Kemer'den otelden alma ve b\u0131rakma ile bir ak\u015fam Jeep Safari turudur<\/li>\n<li>Tur, hafif arazi s\u00fcr\u00fc\u015f\u00fc ve Chimera'ya (Yanarta\u015f)ula\u015fmak i\u00e7in k\u0131sa bir yoku\u015f yukar\u0131 y\u00fcr\u00fcy\u00fc\u015f\u00fc i\u00e7eriyor<\/li>\n<li>\u00c7\u0131ral\u0131 Plaj\u0131'nda y\u00fczmek iste\u011fe ba\u011fl\u0131d\u0131r ve hava ve deniz ko\u015fullar\u0131na tabidir<\/li>\n<li>Ak\u015fam yeme\u011fi fiyata dahildir ve nehir kenar\u0131ndaki bir restoranda servis edilir; Otel b\u00fcnyesinde yemek se\u00e7enekleri se\u00e7ilir<\/li>\n<li>G\u00fczergah ve zamanlama hava durumuna, trafi\u011fe veya yol ko\u015fullar\u0131na ba\u011fl\u0131 olarak de\u011fi\u015febilir<\/li>\n<li>Engebeli arazi nedeniyle ciddi hareketlilik sorunlar\u0131 olan konuklar i\u00e7in \u00f6nerilmez<\/li>\n<\/ul>\n<p>&nbsp;<\/p>\n<hr \/>\n<p>&nbsp;<\/p>\n<div class=\"tour-content-cancell-policy\">\n<p><strong>Ne Getirmeli<\/strong><\/p>\n<ul style=\"column-count: 2;\">\n<li>Hafif bir ceket (ak\u015famlar serin olabilir) \ud83e\udde5<\/li>\n<li>Rahat ayakkab\u0131lar (Chimera tepesine \u00e7\u0131kmak i\u00e7in) \ud83d\udc5f<\/li>\n<li>Mayo ve havlu <img decoding=\"async\" class=\"emoji\" role=\"img\" draggable=\"false\" src=\"https:\/\/s.w.org\/images\/core\/emoji\/17.0.2\/svg\/1fa71.svg\" alt=\"\ud83e\ude71\" \/><\/li>\n<li>Su ve ki\u015fisel e\u015fyalar \ud83c\udf92<\/li>\n<\/ul>\n<\/div>\n<\/div>","protected":false},"excerpt":{"rendered":"<p>G\u00fcn\u00fcn s\u0131ca\u011f\u0131ndan ka\u00e7\u0131n ve do\u011fay\u0131, tarihi ve yerel lezzetleri birle\u015ftiren unutulmaz bir ak\u015fam turu olan Kemer'den Chimera Gece Jeep Safarimize kat\u0131l\u0131n.<br \/>\nAfter hotel pickup, enjoy a scenic <\/p>","protected":false},"featured_media":14065,"comment_status":"open","ping_status":"closed","template":"","meta":[],"product_brand":[],"product_cat":[15],"product_tag":[],"class_list":{"0":"post-14064","1":"product","2":"type-product","3":"status-publish","4":"has-post-thumbnail","6":"tour_phys-tours","7":"product_cat-non-classe","8":"pa_destination-kemer","10":"first","11":"instock","12":"shipping-taxable","13":"purchasable","14":"product-type-tour_phys"},"_links":{"self":[{"href":"https:\/\/vetatourism.com\/tr\/wp-json\/wp\/v2\/product\/14064","targetHints":{"allow":["GET"]}}],"collection":[{"href":"https:\/\/vetatourism.com\/tr\/wp-json\/wp\/v2\/product"}],"about":[{"href":"https:\/\/vetatourism.com\/tr\/wp-json\/wp\/v2\/types\/product"}],"replies":[{"embeddable":true,"href":"https:\/\/vetatourism.com\/tr\/wp-json\/wp\/v2\/comments?post=14064"}],"wp:featuredmedia":[{"embeddable":true,"href":"https:\/\/vetatourism.com\/tr\/wp-json\/wp\/v2\/media\/14065"}],"wp:attachment":[{"href":"https:\/\/vetatourism.com\/tr\/wp-json\/wp\/v2\/media?parent=14064"}],"wp:term":[{"taxonomy":"product_brand","embeddable":true,"href":"https:\/\/vetatourism.com\/tr\/wp-json\/wp\/v2\/product_brand?post=14064"},{"taxonomy":"product_cat","embeddable":true,"href":"https:\/\/vetatourism.com\/tr\/wp-json\/wp\/v2\/product_cat?post=14064"},{"taxonomy":"product_tag","embeddable":true,"href":"https:\/\/vetatourism.com\/tr\/wp-json\/wp\/v2\/product_tag?post=14064"}],"curies":[{"name":"wp","href":"https:\/\/api.w.org\/{rel}","templated":true}]}}