{"id":14041,"date":"2026-02-01T05:52:56","date_gmt":"2026-02-01T05:52:56","guid":{"rendered":"https:\/\/vetatourism.com\/?post_type=product&#038;p=14041"},"modified":"2026-03-09T05:46:52","modified_gmt":"2026-03-09T05:46:52","slug":"kemer-scuba-diving-tour-with-lunch","status":"publish","type":"product","link":"https:\/\/vetatourism.com\/tours\/kemer-scuba-diving-tour-with-lunch","title":{"rendered":"\u00d6\u011fle Yemekli Kemer T\u00fcpl\u00fc Dal\u0131\u015f Turu"},"content":{"rendered":"<p>Maceran\u0131z bir ile ba\u015flar <strong>otelde kar\u015f\u0131lama<\/strong> Antalya veya Kemer'de dal\u0131\u015f teknenizin bekledi\u011fi marinaya transfer. Gemide, senin <strong>sertifikal\u0131 dal\u0131\u015f e\u011fitmenleri<\/strong> g\u00fcvenlik, ekipman kullan\u0131m\u0131 ve dal\u0131\u015f tekniklerini kapsayan ayr\u0131nt\u0131l\u0131 bir brifing verecektir.<\/p>\n<p>\u0130lk dal\u0131\u015f ger\u00e7ekle\u015fecek <strong>Akvaryum Koyu<\/strong>, yakla\u015f\u0131k derinlikte <strong>5 metre<\/strong>, etrafta kal\u0131c\u0131 <strong>20-25 dakika<\/strong>. Dal\u0131\u015f\u0131n\u0131zdan sonra g\u00fcvertede rahatlay\u0131n, sakin turkuaz sularda g\u00fcne\u015flenin, y\u00fcz\u00fcn veya \u015fnorkelle dal\u0131n.<\/p>\n<p>Keyfini \u00e7\u0131kar\u0131n <strong>lezzetli \u00f6\u011fle yeme\u011fi<\/strong> ikinci dal\u0131\u015f yerine gitmeden \u00f6nce taze haz\u0131rlanm\u0131\u015f ve gemide servis edilmi\u015ftir \u2014 <strong>Kiri\u015f Bay<\/strong>. Bu dal\u0131\u015f biraz daha derine iniyor, aras\u0131nda de\u011fi\u015fen <strong>10-15 metre<\/strong>, yine profesyonel e\u011fitmenler e\u015fli\u011finde.<\/p>\n<p>Tur boyunca muhte\u015fem k\u0131y\u0131 manzaralar\u0131n\u0131 seyredin ve Akdeniz'in huzurlu atmosferini i\u00e7inize \u00e7ekin. Bu deneyim y\u00fczemeyenler i\u00e7in bile uygundur \u2014 dal\u0131\u015f tam denetim ve rehberlik ile yap\u0131l\u0131r.<\/p>\n<p>&nbsp;<\/p>\n<hr \/>\n<p>&nbsp;<\/p>\n<div class=\"tour-content-what-included\">\n<h4 id=\"whats-included\">Neler Dahil<\/h4>\n<ul style=\"column-count: 2;\">\n<li>Antalya veya Kemer'den otelden teslim alma ile tam g\u00fcnl\u00fck t\u00fcpl\u00fc dal\u0131\u015f turu<\/li>\n<li>Two guided dives with professional instructors included<\/li>\n<li>Yeni ba\u015flayanlar ve deneyimli dalg\u0131\u00e7lar i\u00e7in uygundur<\/li>\n<li>Y\u00fczme becerileri gerekli de\u011fildir<\/li>\n<li>T\u00fcm dal\u0131\u015f ekipmanlar\u0131 sa\u011flan\u0131r ve d\u00fczenli olarak bak\u0131m\u0131 yap\u0131l\u0131r<\/li>\n<li>\u00dccretsiz olarak kat\u0131lan \u00e7ocuklar\u0131n transfer otob\u00fcs\u00fcnde ayr\u0131 bir koltu\u011fu yoktur<\/li>\n<\/ul>\n<\/div>\n<p>&nbsp;<\/p>\n<hr \/>\n<p>&nbsp;<\/p>\n<div class=\"tour-content-add-information\">\n<h4>ek bilgi<\/h4>\n<ul>\n<li>T\u00fcm ekipmanlar moderndir ve d\u00fczenli olarak bak\u0131ml\u0131d\u0131r<\/li>\n<li>\u0130lk kez dalg\u0131\u00e7lar ve deneyimli t\u00fcpl\u00fc dal\u0131\u015f merakl\u0131lar\u0131 i\u00e7in uygundur<\/li>\n<li>Kat\u0131lmak i\u00e7in y\u00fczme becerileri gerekli de\u011fildir<\/li>\n<li>\u00dccretsiz kat\u0131lan \u00e7ocuklar\u0131n otob\u00fcste ayr\u0131 bir koltu\u011fu olmayacak, gerekirse \u00fccretli bir koltuk i\u00e7in \u00f6nceden rezervasyon yap\u0131lmas\u0131 gerekmektedir<\/li>\n<\/ul>\n<p>&nbsp;<\/p>\n<\/div>\n<hr \/>\n<p>&nbsp;<\/p>\n<div class=\"tour-content-cancell-policy\">\n<p><strong>Ne Getirmeli<\/strong><\/p>\n<ul style=\"column-count: 2;\">\n<li>G\u00fcne\u015f g\u00f6zl\u00fc\u011f\u00fc ve g\u00fcne\u015f kremi \u203c \ufe0f<\/li>\n<li>Mayo ve havlu <img decoding=\"async\" class=\"emoji\" role=\"img\" draggable=\"false\" src=\"https:\/\/s.w.org\/images\/core\/emoji\/17.0.2\/svg\/1fa71.svg\" alt=\"\ud83e\ude71\" \/><\/li>\n<li>Ki\u015fisel harcamalar i\u00e7in para <img decoding=\"async\" class=\"emoji\" role=\"img\" draggable=\"false\" src=\"https:\/\/s.w.org\/images\/core\/emoji\/17.0.2\/svg\/1f4b3.svg\" alt=\"\ud83d\udcb3\" \/><\/li>\n<\/ul>\n<\/div>","protected":false},"excerpt":{"rendered":"<p>Your adventure begins with a hotel pickup in Antalya or Kemer and transfer to the marina, where your diving boat awaits. Onboard, your certified dive instructors will give a detailed <\/p>","protected":false},"featured_media":14042,"comment_status":"open","ping_status":"closed","template":"","meta":[],"product_brand":[],"product_cat":[15],"product_tag":[],"class_list":{"0":"post-14041","1":"product","2":"type-product","3":"status-publish","4":"has-post-thumbnail","6":"tour_phys-tours","7":"product_cat-non-classe","8":"pa_destination-kemer","10":"first","11":"instock","12":"shipping-taxable","13":"purchasable","14":"product-type-tour_phys"},"_links":{"self":[{"href":"https:\/\/vetatourism.com\/tr\/wp-json\/wp\/v2\/product\/14041","targetHints":{"allow":["GET"]}}],"collection":[{"href":"https:\/\/vetatourism.com\/tr\/wp-json\/wp\/v2\/product"}],"about":[{"href":"https:\/\/vetatourism.com\/tr\/wp-json\/wp\/v2\/types\/product"}],"replies":[{"embeddable":true,"href":"https:\/\/vetatourism.com\/tr\/wp-json\/wp\/v2\/comments?post=14041"}],"wp:featuredmedia":[{"embeddable":true,"href":"https:\/\/vetatourism.com\/tr\/wp-json\/wp\/v2\/media\/14042"}],"wp:attachment":[{"href":"https:\/\/vetatourism.com\/tr\/wp-json\/wp\/v2\/media?parent=14041"}],"wp:term":[{"taxonomy":"product_brand","embeddable":true,"href":"https:\/\/vetatourism.com\/tr\/wp-json\/wp\/v2\/product_brand?post=14041"},{"taxonomy":"product_cat","embeddable":true,"href":"https:\/\/vetatourism.com\/tr\/wp-json\/wp\/v2\/product_cat?post=14041"},{"taxonomy":"product_tag","embeddable":true,"href":"https:\/\/vetatourism.com\/tr\/wp-json\/wp\/v2\/product_tag?post=14041"}],"curies":[{"name":"wp","href":"https:\/\/api.w.org\/{rel}","templated":true}]}}