{"id":14030,"date":"2026-02-01T05:43:37","date_gmt":"2026-02-01T05:43:37","guid":{"rendered":"https:\/\/vetatourism.com\/?post_type=product&#038;p=14030"},"modified":"2026-03-09T05:47:06","modified_gmt":"2026-03-09T05:47:06","slug":"tazi-canyon-rafting-combo-tour-from-kemer","status":"publish","type":"product","link":"https:\/\/vetatourism.com\/tours\/tazi-canyon-rafting-combo-tour-from-kemer","title":{"rendered":"Kemer'den Taz\u0131 Kanyonu-Rafting Kombo Turu"},"content":{"rendered":"<p class=\"\" data-start=\"1139\" data-end=\"1299\">Maceran\u0131z rahat bir \u015fekilde ba\u015flar <strong data-start=\"1180\" data-end=\"1196\">otelde kar\u015f\u0131lama<\/strong> Kemer'den, ard\u0131ndan heyecan verici bir <strong data-start=\"1233\" data-end=\"1257\">off-road Jeep Safari<\/strong> do\u011fal Toros Da\u011flar\u0131nda gezintiye \u00e7\u0131k\u0131n.<\/p>\n<p class=\"\" data-start=\"1301\" data-end=\"1569\">\u00d6nce nehir kenar\u0131ndaki bir \u00fcsse varacaks\u0131n\u0131z. <strong data-start=\"1344\" data-end=\"1362\">K\u00f6pr\u00fcl\u00fc Canyon<\/strong>, nerede \u015fans\u0131n olacak <strong data-start=\"1396\" data-end=\"1433\">iste\u011fe ba\u011fl\u0131 bir rafting aktivitesine kat\u0131l\u0131n<\/strong> ya da nehir kenar\u0131nda dinlenin. Raftingi se\u00e7erseniz, uzman e\u011fitmenler gerekli t\u00fcm ekipman ve e\u011fitimi sa\u011flayacakt\u0131r. Deneyime gerek yok!<\/p>\n<p class=\"\" data-start=\"1571\" data-end=\"1999\">Sonra, \u00fczerine atla <strong data-start=\"1588\" data-end=\"1603\">cabrio Jeep<\/strong> ikonik bir yolculu\u011fa \u00e7\u0131kmak i\u00e7in (\u00fcst\u00fc a\u00e7\u0131k safari arac\u0131) <strong data-start=\"1658\" data-end=\"1673\">Taz\u0131 Canyon<\/strong>. Dramatik kayal\u0131klar\u0131 ve inan\u0131lmaz manzaralar\u0131yla tan\u0131nan bu do\u011fa harikas\u0131, m\u00fckemmel bir foto\u011fraf f\u0131rsat\u0131 sunuyor. Jeep, kanyonun tepesinde duracak ve burada e\u011fleneceksiniz <strong data-start=\"1847\" data-end=\"1917\">ke\u015ffetmek, rahatlamak ve nefes kesen panoramaya girmek i\u00e7in bo\u015f zaman<\/strong>. G\u00fcvenlik nedeniyle kanyonun kendisine girilmesine izin verilmedi\u011fini l\u00fctfen unutmay\u0131n.<\/p>\n<p class=\"\" data-start=\"2001\" data-end=\"2219\">Taz\u0131 Kanyonu'nu gezdikten sonra tur i\u00e7in K\u00f6pr\u00fcl\u00fc Kanyon'a d\u00f6ner. <strong data-start=\"2072\" data-end=\"2099\">ana rafting deneyimi<\/strong> (se\u00e7ilirse). Ak\u0131nt\u0131larda k\u00fcrek \u00e7ekin, serin sularda y\u00fcz\u00fcn ve yol boyunca foto\u011fraf \u00e7ekmek ve y\u00fczmek i\u00e7in duraklar\u0131n tad\u0131n\u0131 \u00e7\u0131kar\u0131n.<\/p>\n<p class=\"\" data-start=\"2221\" data-end=\"2349\">Son olarak, keyfini \u00e7\u0131kar\u0131n <strong data-start=\"2238\" data-end=\"2257\">lezzetli \u00f6\u011fle yeme\u011fi<\/strong> otelinize geri d\u00f6nmeden \u00f6nce nehir kenar\u0131nda \u2014 tazelenmi\u015f, heyecanl\u0131 ve an\u0131larla dolu.<\/p>\n<p>&nbsp;<\/p>\n<hr \/>\n<p>&nbsp;<\/p>\n<div class=\"tour-content-what-included\">\n<h4 id=\"whats-included\">Neler Dahil<\/h4>\n<ul style=\"column-count: 2;\">\n<li>Kemer'den otel al\u0131m\u0131 ile tam g\u00fcn Jeep Safari ve rafting turu<\/li>\n<li>Y\u00fczme veya rafting deneyimi gerekmez<\/li>\n<li>Rafting 10 ki\u015filik teknelerde yap\u0131l\u0131r; Ek \u00fccret kar\u015f\u0131l\u0131\u011f\u0131nda 2 ki\u015filik kano mevcuttur<\/li>\n<li>Taz\u0131 Kanyonu'na giri\u015fe izin verilmez; belirlenen bak\u0131\u015f a\u00e7\u0131s\u0131yla izlenir<\/li>\n<li>Tabandan iste\u011fe ba\u011fl\u0131 rafting ve ekstra ekipman sat\u0131n al\u0131nabilir<\/li>\n<li>\u00dccretsiz kat\u0131lan \u00e7ocuklar\u0131n transfer otob\u00fcs\u00fcnde ayr\u0131 bir koltu\u011fu yoktur ve \u00f6nceden \u00fccretli koltuk talep edebilirler<\/li>\n<\/ul>\n<\/div>\n<p>&nbsp;<\/p>\n<hr \/>\n<p>&nbsp;<\/p>\n<div class=\"tour-content-add-information\">\n<h4>ek bilgi<\/h4>\n<ul>\n<li>Rafting i\u00e7in y\u00fczme deneyimine gerek yok<\/li>\n<li>tur fiyat\u0131na 10 ki\u015filik sallar dahildir<\/li>\n<li>ek \u00fccret kar\u015f\u0131l\u0131\u011f\u0131nda 2 ki\u015filik kano kiralanabilir<\/li>\n<li>Tabandan su ayakkab\u0131s\u0131, g\u00f6zl\u00fck ask\u0131s\u0131 ve su ge\u00e7irmez telefon k\u0131l\u0131f\u0131 sat\u0131n alabilirsiniz<\/li>\n<li>\u00dccretsiz kat\u0131lan \u00e7ocuklar\u0131n otob\u00fcste ayr\u0131 bir koltu\u011fu olmayacak, gerekirse \u00fccretli bir koltuk i\u00e7in \u00f6nceden rezervasyon yap\u0131lmas\u0131 gerekmektedir<\/li>\n<\/ul>\n<p>&nbsp;<\/p>\n<\/div>\n<hr \/>\n<p>&nbsp;<\/p>\n<div class=\"tour-content-cancell-policy\">\n<p><strong>Ne Getirmeli<\/strong><\/p>\n<ul style=\"column-count: 2;\">\n<li>Rafting sonras\u0131 de\u011fi\u015ftirilecek ekstra k\u0131yafetler \ud83d\udc55<\/li>\n<li>G\u00fcne\u015f kremi ve su ayakkab\u0131s\u0131 \ud83e\uddf4<\/li>\n<li>Mayo ve havlu <img decoding=\"async\" class=\"emoji\" role=\"img\" draggable=\"false\" src=\"https:\/\/s.w.org\/images\/core\/emoji\/17.0.2\/svg\/1fa71.svg\" alt=\"\ud83e\ude71\" \/><\/li>\n<li>Ekstra al\u0131mlar i\u00e7in nakit <img decoding=\"async\" class=\"emoji\" role=\"img\" draggable=\"false\" src=\"https:\/\/s.w.org\/images\/core\/emoji\/17.0.2\/svg\/1f4b3.svg\" alt=\"\ud83d\udcb3\" \/><\/li>\n<\/ul>\n<\/div>","protected":false},"excerpt":{"rendered":"<p>Maceran\u0131z Kemer'den konforlu bir otel al\u0131m\u0131yla ba\u015flar, ard\u0131ndan do\u011fal Toros Da\u011flar\u0131'nda heyecan verici bir off-road Jeep Safari yolculu\u011fu ile ba\u015flar.<br \/>\nYou&#8217;ll first arrive at a riverside base <\/p>","protected":false},"featured_media":14031,"comment_status":"open","ping_status":"closed","template":"","meta":[],"product_brand":[],"product_cat":[15],"product_tag":[],"class_list":{"0":"post-14030","1":"product","2":"type-product","3":"status-publish","4":"has-post-thumbnail","6":"tour_phys-tours","7":"product_cat-non-classe","8":"pa_destination-kemer","10":"first","11":"instock","12":"shipping-taxable","13":"purchasable","14":"product-type-tour_phys"},"_links":{"self":[{"href":"https:\/\/vetatourism.com\/tr\/wp-json\/wp\/v2\/product\/14030","targetHints":{"allow":["GET"]}}],"collection":[{"href":"https:\/\/vetatourism.com\/tr\/wp-json\/wp\/v2\/product"}],"about":[{"href":"https:\/\/vetatourism.com\/tr\/wp-json\/wp\/v2\/types\/product"}],"replies":[{"embeddable":true,"href":"https:\/\/vetatourism.com\/tr\/wp-json\/wp\/v2\/comments?post=14030"}],"wp:featuredmedia":[{"embeddable":true,"href":"https:\/\/vetatourism.com\/tr\/wp-json\/wp\/v2\/media\/14031"}],"wp:attachment":[{"href":"https:\/\/vetatourism.com\/tr\/wp-json\/wp\/v2\/media?parent=14030"}],"wp:term":[{"taxonomy":"product_brand","embeddable":true,"href":"https:\/\/vetatourism.com\/tr\/wp-json\/wp\/v2\/product_brand?post=14030"},{"taxonomy":"product_cat","embeddable":true,"href":"https:\/\/vetatourism.com\/tr\/wp-json\/wp\/v2\/product_cat?post=14030"},{"taxonomy":"product_tag","embeddable":true,"href":"https:\/\/vetatourism.com\/tr\/wp-json\/wp\/v2\/product_tag?post=14030"}],"curies":[{"name":"wp","href":"https:\/\/api.w.org\/{rel}","templated":true}]}}