{"id":14029,"date":"2026-02-01T05:33:30","date_gmt":"2026-02-01T05:33:30","guid":{"rendered":"https:\/\/vetatourism.com\/?post_type=product&#038;p=14029"},"modified":"2026-03-09T05:47:13","modified_gmt":"2026-03-09T05:47:13","slug":"antalya-rafting-tour-in-koprulu-canyon","status":"publish","type":"product","link":"https:\/\/vetatourism.com\/tours\/antalya-rafting-tour-in-koprulu-canyon","title":{"rendered":"K\u00f6pr\u00fcl\u00fc Kanyon'da Antalya Rafting Turu"},"content":{"rendered":"<p>Bir i\u00e7in haz\u0131r olun <strong>adrenalin dolu rafting maceras\u0131<\/strong> kalbinde <strong>K\u00f6pr\u00fcl\u00fc Canyon<\/strong>UNESCO D\u00fcnya Miras\u0131 Listesi'nde!<\/p>\n<p>Bu 14 km'lik rafting rotas\u0131 \u015funlar\u0131 i\u00e7erir <strong>10 heyecan verici rapids<\/strong>, hem yeni ba\u015flayanlar hem de macera severler i\u00e7in m\u00fckemmeldir. Ak\u0131nt\u0131lar aras\u0131nda, nefes kesen da\u011f manzaras\u0131 ve yemye\u015fil do\u011fa ile \u00e7evrili sakin nehir havuzlar\u0131nda serinletici y\u00fczmeler yap\u0131n.<\/p>\n<p>G\u00fcn\u00fcn\u00fcz bir ile ba\u015flar <strong>otelde kar\u015f\u0131lama<\/strong> ve ana kampa transfer. K\u0131sa bir g\u00fcvenlik brifinginden sonra, t\u00fcm\u00fc deneyimli profesyonellerin rehberli\u011finde nehirde unutulmaz bir yolculuk i\u00e7in 10 ki\u015fiye kadar bir gruba kat\u0131lacak ve kat\u0131lacaks\u0131n\u0131z.<\/p>\n<p>Tur s\u0131ras\u0131nda keyfine varacaks\u0131n\u0131z:<\/p>\n<ul>\n<li>\u0130ste\u011fe ba\u011fl\u0131 i\u00e7ecekler ve kreplerle mola (ekstra \u00fccret)<\/li>\n<li>Zipline ve dal\u0131\u015f i\u00e7in macera dura\u011f\u0131 (iste\u011fe ba\u011fl\u0131, \u00fccrete tabidir)<\/li>\n<li>Nehir kenar\u0131nda lezzetli bir \u00f6\u011fle yeme\u011fi<\/li>\n<\/ul>\n<p>\u00d6\u011fle yeme\u011finden sonra biti\u015f noktas\u0131na kadar raftinge devam edin. Bunu yapma \u015fans\u0131n olacak. <strong>tur videonuzu izleyin<\/strong>, foto\u011fraf \u00e7ekin ve sizi otelinize geri g\u00f6t\u00fcr\u00fcrken rahatlay\u0131n.<\/p>\n<p>Bu bir turdan daha fazlas\u0131 - dolu dolu tam g\u00fcnl\u00fck bir macera <strong>e\u011flence, do\u011fa ve heyecan<\/strong>!<\/p>\n<div class=\"tour-content-add-information\">\n<div style=\"max-width: 360px; margin: 0;\">\n<div style=\"position: relative; padding-top: 177.77%;\"><iframe style=\"position: absolute; top: 0; left: 0; width: 100%; height: 100%; border: 0;\" src=\"https:\/\/www.youtube.com\/embed\/WSaK6yKRtvM\" allowfullscreen=\"allowfullscreen\"><br \/>\n<\/iframe><\/div>\n<\/div>\n<hr \/>\n<p>&nbsp;<\/p>\n<div class=\"tour-content-what-included\">\n<h4 id=\"whats-included\">Neler Dahil<\/h4>\n<ul style=\"column-count: 2;\">\n<li>Otelden alma ve b\u0131rakma ile tam g\u00fcnl\u00fck rafting turu<\/li>\n<li>profesyonel rehberlerle 14 km rafting rotas\u0131<\/li>\n<li>Yeni ba\u015flayanlar ve macera arayanlar i\u00e7in uygundur<\/li>\n<li>G\u00fcvenlik ekipmanlar\u0131 ve brifing verilmektedir<\/li>\n<li>\u0130ste\u011fe ba\u011fl\u0131 etkinlikler ve ekstralar ek \u00fccrete tabidir<\/li>\n<li>Program hava ve nehir ko\u015fullar\u0131na ba\u011fl\u0131 olarak de\u011fi\u015febilir<\/li>\n<\/ul>\n<\/div>\n<p>&nbsp;<\/p>\n<\/div>\n<hr \/>\n<p>&nbsp;<\/p>\n<div class=\"tour-content-add-information\">\n<h4>ek bilgi<\/h4>\n<ul>\n<li>Bu, otelden alma ve b\u0131rakma ile tam g\u00fcnl\u00fck bir rafting turudur<\/li>\n<li>\u00d6nceden rafting deneyimi gerekmez; profesyonel rehberler tam e\u011fitim ve g\u00fcvenlik deste\u011fi sa\u011flar<\/li>\n<li>Rafting botlar\u0131 grup ba\u015f\u0131na en fazla 10 kat\u0131l\u0131mc\u0131 alabilir<\/li>\n<li>Zipline, dal\u0131\u015f, i\u00e7ecek, foto\u011fraf ve video gibi iste\u011fe ba\u011fl\u0131 aktiviteler ek \u00fccret kar\u015f\u0131l\u0131\u011f\u0131nda mevcuttur<\/li>\n<li>Tur, hava ve nehir ko\u015fullar\u0131na ba\u011fl\u0131 olarak ger\u00e7ekle\u015ftirilir<\/li>\n<li>Hamile misafirler veya ciddi sa\u011fl\u0131k veya hareketlilik sorunlar\u0131 olanlar i\u00e7in \u00f6nerilmez<\/li>\n<\/ul>\n<p>&nbsp;<\/p>\n<\/div>\n<hr \/>\n<p>&nbsp;<\/p>\n<div class=\"tour-content-cancell-policy\">\n<p><strong>Ne Getirmeli<\/strong><\/p>\n<ul style=\"column-count: 2;\">\n<li>G\u00fcne\u015f \ud83e\uddf4<\/li>\n<li>Su ayakkab\u0131s\u0131 \ud83d\udc5f<\/li>\n<li>Mayo ve havlu <img decoding=\"async\" class=\"emoji\" role=\"img\" draggable=\"false\" src=\"https:\/\/s.w.org\/images\/core\/emoji\/17.0.2\/svg\/1fa71.svg\" alt=\"\ud83e\ude71\" \/><\/li>\n<li>K\u0131yafet de\u011fi\u015fimi \ud83d\udc5a<\/li>\n<\/ul>\n<\/div>","protected":false},"excerpt":{"rendered":"<p>UNESCO D\u00fcnya Miras\u0131 Listesindeki K\u00f6pr\u00fcl\u00fc Kanyon'un kalbinde adrenalin dolu bir rafting maceras\u0131na haz\u0131r olun!<br \/>\nThis 14 km rafting route features 10 thrilling rapids, perfect for beginners <\/p>","protected":false},"featured_media":14022,"comment_status":"open","ping_status":"closed","template":"","meta":[],"product_brand":[],"product_cat":[15],"product_tag":[],"class_list":{"0":"post-14029","1":"product","2":"type-product","3":"status-publish","4":"has-post-thumbnail","6":"tour_phys-tours","7":"product_cat-non-classe","8":"pa_destination-antalya","10":"first","11":"instock","12":"shipping-taxable","13":"purchasable","14":"product-type-tour_phys"},"_links":{"self":[{"href":"https:\/\/vetatourism.com\/tr\/wp-json\/wp\/v2\/product\/14029","targetHints":{"allow":["GET"]}}],"collection":[{"href":"https:\/\/vetatourism.com\/tr\/wp-json\/wp\/v2\/product"}],"about":[{"href":"https:\/\/vetatourism.com\/tr\/wp-json\/wp\/v2\/types\/product"}],"replies":[{"embeddable":true,"href":"https:\/\/vetatourism.com\/tr\/wp-json\/wp\/v2\/comments?post=14029"}],"wp:featuredmedia":[{"embeddable":true,"href":"https:\/\/vetatourism.com\/tr\/wp-json\/wp\/v2\/media\/14022"}],"wp:attachment":[{"href":"https:\/\/vetatourism.com\/tr\/wp-json\/wp\/v2\/media?parent=14029"}],"wp:term":[{"taxonomy":"product_brand","embeddable":true,"href":"https:\/\/vetatourism.com\/tr\/wp-json\/wp\/v2\/product_brand?post=14029"},{"taxonomy":"product_cat","embeddable":true,"href":"https:\/\/vetatourism.com\/tr\/wp-json\/wp\/v2\/product_cat?post=14029"},{"taxonomy":"product_tag","embeddable":true,"href":"https:\/\/vetatourism.com\/tr\/wp-json\/wp\/v2\/product_tag?post=14029"}],"curies":[{"name":"wp","href":"https:\/\/api.w.org\/{rel}","templated":true}]}}