{"id":14006,"date":"2026-01-31T17:28:26","date_gmt":"2026-01-31T17:28:26","guid":{"rendered":"https:\/\/vetatourism.com\/?post_type=product&#038;p=14006"},"modified":"2026-03-09T05:47:34","modified_gmt":"2026-03-09T05:47:34","slug":"pamukkale-hot-air-balloon-tour-from-kemer","status":"publish","type":"product","link":"https:\/\/vetatourism.com\/tours\/pamukkale-hot-air-balloon-tour-from-kemer","title":{"rendered":"Kemer'den Pamukkale S\u0131cak Hava Balonu Turu"},"content":{"rendered":"<p>Antalya'dan Pamukkale'ye 3,5 saatlik klimal\u0131 konforlu bir ara\u00e7 yolculu\u011fu ile g\u00fcne erken ba\u015flay\u0131n. Var\u0131\u015fta, traverten teraslar\u0131n ve antik kal\u0131nt\u0131lar\u0131n muhte\u015fem havadan manzaras\u0131n\u0131 sunan g\u00fcndo\u011fumu s\u0131cak hava balonu u\u00e7u\u015funa haz\u0131r olun.<\/p>\n<p>G\u00fcne\u015f do\u011farken deneyimli pilotlarla g\u00f6ky\u00fcz\u00fcne y\u00fckselerek manzaray\u0131 alt\u0131n tonlar\u0131nda boyay\u0131n. Bu huzurlu ama canland\u0131r\u0131c\u0131 u\u00e7u\u015f, macera ve dinginli\u011fin m\u00fckemmel bir kar\u0131\u015f\u0131m\u0131d\u0131r.<\/p>\n<p>\u0130ni\u015ften sonra geleneksel bir \u015fampanya kutlamas\u0131n\u0131n tad\u0131n\u0131 \u00e7\u0131kar\u0131n ve ki\u015fisel u\u00e7u\u015f sertifikan\u0131z\u0131 al\u0131n.<\/p>\n<p>Lezzetli bir kahvalt\u0131yla yak\u0131t ikmali yap\u0131n, ard\u0131ndan ikonik Pamukkale travertenlerini ve Hierapolis antik kentini ke\u015ffedin. \u0130yi korunmu\u015f amfitiyatrosuna, hamamlar\u0131na, mezarlar\u0131na ve daha fazlas\u0131na hayran kal\u0131n. Ayr\u0131ca Kleopatra'n\u0131n Havuzunu ziyaret etme se\u00e7ene\u011fine de sahip olacaks\u0131n\u0131z (giri\u015f dahil de\u011fildir).<\/p>\n<p>Antalya'daki otelinize d\u00f6nmeden \u00f6nce turu dinlendirici bir \u00f6\u011fle yeme\u011fi ile bitirin.<\/p>\n<p>&nbsp;<\/p>\n<hr \/>\n<p>&nbsp;<\/p>\n<div class=\"tour-content-what-included\">\n<h4 id=\"whats-included\">Neler Dahil<\/h4>\n<ul style=\"column-count: 2;\">\n<li>Antalya'dan otel al\u0131m\u0131 ile Pamukkale \u00fczerinden g\u00fcndo\u011fumu s\u0131cak hava balonu u\u00e7u\u015fu<\/li>\n<li>7 Ya\u015f\u0131ndan k\u00fc\u00e7\u00fck \u00e7ocuklar veya hamile konuklar i\u00e7in uygun de\u011fildir<\/li>\n<li>Balon u\u00e7u\u015flar\u0131 hava durumuna ba\u011fl\u0131d\u0131r; iptal edilen u\u00e7u\u015flar iade edilir<\/li>\n<li>Kahvalt\u0131, \u00f6\u011fle yeme\u011fi ve \u015fampanya kutlamas\u0131 fiyata dahildir<\/li>\n<li>Pamukkale ve Hierapolis ziyaretleri dahildir; Kleopatra'n\u0131n Havuzu iste\u011fe ba\u011fl\u0131d\u0131r ve ek \u00fccrete tabidir<\/li>\n<li>Teslim alma s\u00fcresi g\u00fcne\u015fin do\u011fu\u015funa ve hava ko\u015fullar\u0131na ba\u011fl\u0131 olarak de\u011fi\u015febilir<\/li>\n<\/ul>\n<\/div>\n<p>&nbsp;<\/p>\n<hr \/>\n<p>&nbsp;<\/p>\n<div class=\"tour-content-add-information\">\n<h4>ek bilgi<\/h4>\n<ul>\n<li>7 Ya\u015f\u0131n alt\u0131ndaki \u00e7ocuklar veya hamile kad\u0131nlar i\u00e7in uygun de\u011fildir<\/li>\n<li>Hava ko\u015fullar\u0131 nedeniyle balon u\u00e7u\u015flar\u0131 iptal edilebilir; Bu durumda u\u00e7u\u015f k\u0131sm\u0131 iade edilecektir<\/li>\n<li>S\u00fcr\u00fc\u015f s\u0131ras\u0131nda al\u0131\u015fveri\u015f ve tuvaletler i\u00e7in k\u0131sa molalar verilecektir<\/li>\n<li>Teslim alma s\u00fcresi g\u00fcne\u015fin do\u011fu\u015funa ba\u011fl\u0131 olarak de\u011fi\u015febilir<\/li>\n<li>Pamukkale ve Hierapolis giri\u015fini terk eden konuklar bo\u015f zamanlar\u0131n\u0131n keyfini \u00e7\u0131karabilir<\/li>\n<\/ul>\n<p>&nbsp;<\/p>\n<\/div>\n<hr \/>\n<p>&nbsp;<\/p>\n<div class=\"tour-content-cancell-policy\">\n<p><strong>Ne Getirmeli<\/strong><\/p>\n<ul style=\"column-count: 2;\">\n<li>G\u00fcne\u015f g\u00f6zl\u00fc\u011f\u00fc<img decoding=\"async\" class=\"emoji\" role=\"img\" draggable=\"false\" src=\"https:\/\/s.w.org\/images\/core\/emoji\/17.0.2\/svg\/1f576.svg\" alt=\"\ud83d\udd76\ufe0f\" \/><\/li>\n<li>\u015eapka<img decoding=\"async\" class=\"emoji\" role=\"img\" draggable=\"false\" src=\"https:\/\/s.w.org\/images\/core\/emoji\/17.0.2\/svg\/1f9e2.svg\" alt=\"\ud83e\udde2\" \/><\/li>\n<li>Mayo ve havlu <img decoding=\"async\" class=\"emoji\" role=\"img\" draggable=\"false\" src=\"https:\/\/s.w.org\/images\/core\/emoji\/17.0.2\/svg\/1fa71.svg\" alt=\"\ud83e\ude71\" \/><\/li>\n<li>Rahat spor giyim ve spor ayakkab\u0131 \ud83d\udc5f<\/li>\n<li>Ki\u015fisel harcamalar i\u00e7in nakit <img decoding=\"async\" class=\"emoji\" role=\"img\" draggable=\"false\" src=\"https:\/\/s.w.org\/images\/core\/emoji\/17.0.2\/svg\/1f4b3.svg\" alt=\"\ud83d\udcb3\" \/><\/li>\n<\/ul>\n<\/div>","protected":false},"excerpt":{"rendered":"<p>Start your day early with a comfortable 3.5-hour air-conditioned drive from Antalya to Pamukkale. Upon arrival, get ready for a sunrise hot air balloon flight that offers spectacular aerial views <\/p>","protected":false},"featured_media":14007,"comment_status":"open","ping_status":"closed","template":"","meta":[],"product_brand":[],"product_cat":[15],"product_tag":[],"class_list":{"0":"post-14006","1":"product","2":"type-product","3":"status-publish","4":"has-post-thumbnail","6":"tour_phys-tours","7":"product_cat-non-classe","8":"pa_destination-kemer","10":"first","11":"instock","12":"shipping-taxable","13":"purchasable","14":"product-type-tour_phys"},"_links":{"self":[{"href":"https:\/\/vetatourism.com\/tr\/wp-json\/wp\/v2\/product\/14006","targetHints":{"allow":["GET"]}}],"collection":[{"href":"https:\/\/vetatourism.com\/tr\/wp-json\/wp\/v2\/product"}],"about":[{"href":"https:\/\/vetatourism.com\/tr\/wp-json\/wp\/v2\/types\/product"}],"replies":[{"embeddable":true,"href":"https:\/\/vetatourism.com\/tr\/wp-json\/wp\/v2\/comments?post=14006"}],"wp:featuredmedia":[{"embeddable":true,"href":"https:\/\/vetatourism.com\/tr\/wp-json\/wp\/v2\/media\/14007"}],"wp:attachment":[{"href":"https:\/\/vetatourism.com\/tr\/wp-json\/wp\/v2\/media?parent=14006"}],"wp:term":[{"taxonomy":"product_brand","embeddable":true,"href":"https:\/\/vetatourism.com\/tr\/wp-json\/wp\/v2\/product_brand?post=14006"},{"taxonomy":"product_cat","embeddable":true,"href":"https:\/\/vetatourism.com\/tr\/wp-json\/wp\/v2\/product_cat?post=14006"},{"taxonomy":"product_tag","embeddable":true,"href":"https:\/\/vetatourism.com\/tr\/wp-json\/wp\/v2\/product_tag?post=14006"}],"curies":[{"name":"wp","href":"https:\/\/api.w.org\/{rel}","templated":true}]}}