{"id":13994,"date":"2026-01-31T16:01:07","date_gmt":"2026-01-31T16:01:07","guid":{"rendered":"https:\/\/vetatourism.com\/?post_type=product&#038;p=13994"},"modified":"2026-02-26T08:08:15","modified_gmt":"2026-02-26T08:08:15","slug":"pamukkale-hierapolis-tour-from-kemer","status":"publish","type":"product","link":"https:\/\/vetatourism.com\/tours\/pamukkale-hierapolis-tour-from-kemer","title":{"rendered":"Kemer'den Pamukkale &amp; Hierapolis Turu"},"content":{"rendered":"<p>Antalya'daki otelinizden konforlu bir transfer ile g\u00fcne ba\u015flay\u0131n. \u201cPamuk Kalesi \" olarak da bilinen d\u00fcnyaca \u00fcnl\u00fc Pamukkale'ye gelmeden \u00f6nce do\u011fal manzaralar\u0131 gezin.\u201d<\/p>\n<p>Ziyaretinizden \u00f6nce, yeniden \u015farj etmek i\u00e7in \u00f6\u011fle yeme\u011fi molas\u0131n\u0131n tad\u0131n\u0131 \u00e7\u0131kar\u0131n. Ard\u0131ndan, kayal\u0131klardan a\u015fa\u011f\u0131 akan mineral bak\u0131m\u0131ndan zengin termal sular\u0131n olu\u015fturdu\u011fu ger\u00e7ek\u00fcst\u00fc beyaz traverten teraslara hayran kal\u0131n.<\/p>\n<p>Antik kenti ke\u015ffedin <strong>Hierapolis'te<\/strong>, M\u00d6 2. y\u00fczy\u0131lda termal kapl\u0131ca olarak kurulmu\u015ftur. Gibi iyi korunmu\u015f kal\u0131nt\u0131lar aras\u0131nda y\u00fcr\u00fcy\u00fcn <strong>Roma tiyatrosu<\/strong>, <strong>Apollon Tap\u0131na\u011f\u0131<\/strong>, <strong>Roma hamamlar\u0131<\/strong>, <strong>\u00e7e\u015fmeler<\/strong>, ve <strong>agora<\/strong>. Profesyonel rehberiniz, sitenin tarihi ve k\u00fclt\u00fcrel \u00f6nemi hakk\u0131nda b\u00fcy\u00fcleyici hikayeler payla\u015facak.<\/p>\n<p>Rehberli turun ard\u0131ndan dinlenmek veya termal havuzlarda y\u00fczmek i\u00e7in bo\u015f zaman\u0131n\u0131z olacak. Ekstra bir \u00fccret kar\u015f\u0131l\u0131\u011f\u0131nda \u00fcnl\u00fcleri deneyimleyebilirsiniz <strong>Kleopatra'n\u0131n Havuzu<\/strong>efsaneye g\u00f6re krali\u00e7enin kendisi bir zamanlar y\u0131kanm\u0131\u015ft\u0131.<\/p>\n<p>&nbsp;<\/p>\n<hr \/>\n<p>&nbsp;<\/p>\n<div class=\"tour-content-what-included\">\n<h4 id=\"whats-included\">Neler Dahil<\/h4>\n<ul style=\"column-count: 2;\">\n<li>Antalya'dan otel al\u0131m\u0131 ile tam g\u00fcnl\u00fck rehberli tur<\/li>\n<li>Pamukkale travertenleri ve Hierapolis antik kenti ziyareti<\/li>\n<li>Gezi program\u0131ndan \u00f6nce \u00f6\u011fle yeme\u011fi dahildir<\/li>\n<li>Rahatlamak ve y\u00fczmek i\u00e7in bo\u015f zaman sa\u011flanmaktad\u0131r<\/li>\n<li>Kleopatra'n\u0131n Havuzu iste\u011fe ba\u011fl\u0131d\u0131r ve ek \u00fccrete tabidir<\/li>\n<li>G\u00fczergah, hava durumuna ve saha ko\u015fullar\u0131na ba\u011fl\u0131 olarak de\u011fi\u015febilir<\/li>\n<\/ul>\n<\/div>\n<p>&nbsp;<\/p>\n<hr \/>\n<p>&nbsp;<\/p>\n<div class=\"tour-content-add-information\">\n<h4>ek bilgi<\/h4>\n<ul>\n<li>Bu, otelden alma ve Antalya'dan b\u0131rakma ile tam g\u00fcnl\u00fck rehberli bir turdur<\/li>\n<li>Teslim alma s\u00fcresi otelin konumuna g\u00f6re de\u011fi\u015fir ve rezervasyondan sonra onaylan\u0131r<\/li>\n<li>Termal havuzlarda y\u00fczmek iste\u011fe ba\u011fl\u0131d\u0131r; Tesis b\u00fcnyesinde ek \u00fccret kar\u015f\u0131l\u0131\u011f\u0131nda Kleopatra'n\u0131n Havuzundan yararlanabilirsiniz<\/li>\n<li>Konuklar\u0131n traverten teraslarda y\u00fcr\u00fcrken ayakkab\u0131lar\u0131n\u0131 \u00e7\u0131karmalar\u0131 gerekmektedir<\/li>\n<li>G\u00fczergah, hava ko\u015fullar\u0131 veya saha d\u00fczenlemeleri nedeniyle de\u011fi\u015febilir<\/li>\n<li>D\u00fcz olmayan y\u00fczeylerde y\u00fcr\u00fcmekten dolay\u0131 ciddi hareket g\u00fc\u00e7l\u00fc\u011f\u00fc \u00e7eken konuklar i\u00e7in \u00f6nerilmez<\/li>\n<\/ul>\n<p>&nbsp;<\/p>\n<hr \/>\n<p>&nbsp;<\/p>\n<div class=\"tour-content-cancell-policy\">\n<p><strong>Ne Getirmeli<\/strong><\/p>\n<ul style=\"column-count: 2;\">\n<li>Pasaport veya Kimlik \ud83c\udd94<\/li>\n<li>Rahat y\u00fcr\u00fcy\u00fc\u015f ayakkab\u0131s\u0131 \ud83d\udc5f<\/li>\n<li>G\u00fcne\u015f g\u00f6zl\u00fc\u011f\u00fc ve g\u00fcne\u015f \u015fapkas\u0131 \ufe0f \ufe0f<\/li>\n<li>Mayo ve havlu (y\u00fczmek isteyenler i\u00e7in) \ud83e\ude71<\/li>\n<\/ul>\n<\/div>\n<\/div>","protected":false},"excerpt":{"rendered":"<p>Antalya'daki otelinizden konforlu bir transfer ile g\u00fcne ba\u015flay\u0131n. \u201cPamuk Kalesi \" olarak da bilinen d\u00fcnyaca \u00fcnl\u00fc Pamukkale'ye gelmeden \u00f6nce do\u011fal manzaralar\u0131 gezin.\u201d<br \/>\nBefore your <\/p>","protected":false},"featured_media":13995,"comment_status":"open","ping_status":"closed","template":"","meta":[],"product_brand":[],"product_cat":[],"product_tag":[],"class_list":{"0":"post-13994","1":"product","2":"type-product","3":"status-publish","4":"has-post-thumbnail","6":"tour_phys-tours","7":"pa_destination-kemer","9":"first","10":"instock","11":"shipping-taxable","12":"purchasable","13":"product-type-tour_phys"},"_links":{"self":[{"href":"https:\/\/vetatourism.com\/tr\/wp-json\/wp\/v2\/product\/13994","targetHints":{"allow":["GET"]}}],"collection":[{"href":"https:\/\/vetatourism.com\/tr\/wp-json\/wp\/v2\/product"}],"about":[{"href":"https:\/\/vetatourism.com\/tr\/wp-json\/wp\/v2\/types\/product"}],"replies":[{"embeddable":true,"href":"https:\/\/vetatourism.com\/tr\/wp-json\/wp\/v2\/comments?post=13994"}],"wp:featuredmedia":[{"embeddable":true,"href":"https:\/\/vetatourism.com\/tr\/wp-json\/wp\/v2\/media\/13995"}],"wp:attachment":[{"href":"https:\/\/vetatourism.com\/tr\/wp-json\/wp\/v2\/media?parent=13994"}],"wp:term":[{"taxonomy":"product_brand","embeddable":true,"href":"https:\/\/vetatourism.com\/tr\/wp-json\/wp\/v2\/product_brand?post=13994"},{"taxonomy":"product_cat","embeddable":true,"href":"https:\/\/vetatourism.com\/tr\/wp-json\/wp\/v2\/product_cat?post=13994"},{"taxonomy":"product_tag","embeddable":true,"href":"https:\/\/vetatourism.com\/tr\/wp-json\/wp\/v2\/product_tag?post=13994"}],"curies":[{"name":"wp","href":"https:\/\/api.w.org\/{rel}","templated":true}]}}