{"id":13981,"date":"2026-01-30T12:56:23","date_gmt":"2026-01-30T12:56:23","guid":{"rendered":"https:\/\/vetatourism.com\/?post_type=product&#038;p=13981"},"modified":"2026-03-09T05:48:04","modified_gmt":"2026-03-09T05:48:04","slug":"relax-vip-yacht-tour-from-antalya-small-group","status":"publish","type":"product","link":"https:\/\/vetatourism.com\/tours\/relax-vip-yacht-tour-from-antalya-small-group","title":{"rendered":"Antalya'dan Relax VIP Yat Turu-K\u00fc\u00e7\u00fck Grup"},"content":{"rendered":"<p>Antalya'n\u0131n Kemer kentini ziyaret ederken, plajlar\u0131n, gece hayat\u0131n\u0131n ve sonsuz aktivitelerin canl\u0131 bir kar\u0131\u015f\u0131m\u0131yla kar\u015f\u0131la\u015f\u0131rs\u0131n\u0131z. Ama bazen tek ihtiyac\u0131n olan sakin bir an. Relax VIP Yat Turu, ko\u015fu\u015fturmadan m\u00fckemmel ka\u00e7\u0131\u015f\u0131n\u0131zd\u0131r.<\/p>\n<p>Huzur ve l\u00fcks i\u00e7in tasarlanm\u0131\u015f konforlu bir yatta ad\u0131m at\u0131n. \u0130ster el de\u011fmemi\u015f koylarda y\u00fcz\u00fcyor olun, ister g\u00fcvertede g\u00fcne\u015fleniyor olun, ister gemideki \u015fef taraf\u0131ndan haz\u0131rlanan lezzetli bir T\u00fcrk \u00f6\u011fle yeme\u011finin tad\u0131n\u0131 \u00e7\u0131kar\u0131n, y\u00fcksek sesli m\u00fczik veya kaotik kalabal\u0131klar olmadan her an\u0131n tad\u0131n\u0131 \u00e7\u0131karacaks\u0131n\u0131z. Dinlendirici fon m\u00fczi\u011fi ile birle\u015fen sakin atmosfer, gev\u015femek ve yeniden \u015farj olmak i\u00e7in ideal ortam\u0131 yarat\u0131r.<\/p>\n<p>&nbsp;<\/p>\n<hr \/>\n<p>&nbsp;<\/p>\n<div class=\"tour-content-what-included\">\n<h4 id=\"whats-included\">Neler Dahil<\/h4>\n<ul style=\"column-count: 2;\">\n<li>Dinlenme ve huzurlu bir atmosfere odaklanan VIP yat turu<\/li>\n<li>Gemide y\u00fcksek sesle m\u00fczik veya parti tarz\u0131 etkinlik yok<\/li>\n<li>Yatta servis edilen taze haz\u0131rlanm\u0131\u015f T\u00fcrk \u00f6\u011fle yeme\u011fi<\/li>\n<li>Tur tekerlekli sandalye eri\u015fimine uygun de\u011fildir<\/li>\n<li>Bebekler ayr\u0131 oturma yeri sa\u011flanmadan kuca\u011fa oturmal\u0131d\u0131r<\/li>\n<li>\u00c7o\u011fu gezgin i\u00e7in uygundur, ancak ciddi t\u0131bbi sorunlar\u0131 olan konuklar i\u00e7in \u00f6nerilmez<\/li>\n<\/ul>\n<\/div>\n<p>&nbsp;<\/p>\n<hr \/>\n<p>&nbsp;<\/p>\n<div class=\"tour-content-add-information\">\n<h4>ek bilgi<\/h4>\n<ul>\n<li>Bu tur tekerlekli sandalye eri\u015fimine uygun de\u011fildir<\/li>\n<li>Bebekler kuca\u011fa oturmal\u0131d\u0131r (ayr\u0131 koltuk verilmemelidir)<\/li>\n<li>\u00c7o\u011fu gezgin i\u00e7in uygundur; ancak, ciddi t\u0131bbi sorunlar\u0131 olanlar i\u00e7in \u00f6nerilmez<\/li>\n<\/ul>\n<p>&nbsp;<\/p>\n<\/div>\n<hr \/>\n<p>&nbsp;<\/p>\n<div class=\"tour-content-cancell-policy\">\n<p><strong>Ne Getirmeli<\/strong><\/p>\n<ul style=\"column-count: 2;\">\n<li>G\u00fcne\u015f g\u00f6zl\u00fc\u011f\u00fc<img decoding=\"async\" class=\"emoji\" role=\"img\" draggable=\"false\" src=\"https:\/\/s.w.org\/images\/core\/emoji\/17.0.2\/svg\/1f576.svg\" alt=\"\ud83d\udd76\ufe0f\" \/><\/li>\n<li>Mayo \ud83d\udc59<\/li>\n<li>Havlu \ud83e\uddfc<\/li>\n<li>G\u00fcne\u015f \ud83e\uddf4<\/li>\n<li>Ki\u015fisel harcamalar i\u00e7in biraz nakit \ud83d\udcb5<\/li>\n<\/ul>\n<\/div>","protected":false},"excerpt":{"rendered":"<p>When visiting Kemer, Antalya, you&#8217;re greeted with a vibrant blend of beaches, nightlife, and endless activities. But sometimes, all you need is a moment of calm. The Relax VIP Yacht <\/p>","protected":false},"featured_media":13973,"comment_status":"open","ping_status":"closed","template":"","meta":[],"product_brand":[],"product_cat":[15],"product_tag":[],"class_list":{"0":"post-13981","1":"product","2":"type-product","3":"status-publish","4":"has-post-thumbnail","6":"tour_phys-tours","7":"product_cat-non-classe","8":"pa_destination-antalya","10":"first","11":"instock","12":"shipping-taxable","13":"purchasable","14":"product-type-tour_phys"},"_links":{"self":[{"href":"https:\/\/vetatourism.com\/tr\/wp-json\/wp\/v2\/product\/13981","targetHints":{"allow":["GET"]}}],"collection":[{"href":"https:\/\/vetatourism.com\/tr\/wp-json\/wp\/v2\/product"}],"about":[{"href":"https:\/\/vetatourism.com\/tr\/wp-json\/wp\/v2\/types\/product"}],"replies":[{"embeddable":true,"href":"https:\/\/vetatourism.com\/tr\/wp-json\/wp\/v2\/comments?post=13981"}],"wp:featuredmedia":[{"embeddable":true,"href":"https:\/\/vetatourism.com\/tr\/wp-json\/wp\/v2\/media\/13973"}],"wp:attachment":[{"href":"https:\/\/vetatourism.com\/tr\/wp-json\/wp\/v2\/media?parent=13981"}],"wp:term":[{"taxonomy":"product_brand","embeddable":true,"href":"https:\/\/vetatourism.com\/tr\/wp-json\/wp\/v2\/product_brand?post=13981"},{"taxonomy":"product_cat","embeddable":true,"href":"https:\/\/vetatourism.com\/tr\/wp-json\/wp\/v2\/product_cat?post=13981"},{"taxonomy":"product_tag","embeddable":true,"href":"https:\/\/vetatourism.com\/tr\/wp-json\/wp\/v2\/product_tag?post=13981"}],"curies":[{"name":"wp","href":"https:\/\/api.w.org\/{rel}","templated":true}]}}