{"id":13939,"date":"2026-01-30T12:24:55","date_gmt":"2026-01-30T12:24:55","guid":{"rendered":"https:\/\/vetatourism.com\/?post_type=product&#038;p=13939"},"modified":"2026-03-09T05:48:20","modified_gmt":"2026-03-09T05:48:20","slug":"kemer-porto-genoese-boat-trip-blue-lagoon","status":"publish","type":"product","link":"https:\/\/vetatourism.com\/tours\/kemer-porto-genoese-boat-trip-blue-lagoon","title":{"rendered":"Kemer Porto Ceneviz Tekne Turu &amp; Mavi Lag\u00fcn"},"content":{"rendered":"<p>Maceran\u0131z Antalya \u015fehir merkezi, Lara veya Belek'teki otelinizden (se\u00e7ti\u011finiz se\u00e7ene\u011fe ba\u011fl\u0131 olarak) veya belirlenen bulu\u015fma noktas\u0131ndan uygun bir kar\u015f\u0131lama ile ba\u015flar. Yat\u0131n\u0131z\u0131n sizi bekledi\u011fi Adrasan Liman\u0131'na do\u011fal bir s\u00fcr\u00fc\u015f\u00fcn keyfini \u00e7\u0131kar\u0131n.<\/p>\n<p><strong>Akseki Bay<\/strong><br \/>\nY\u00fczme ve \u015fnorkelli y\u00fczme i\u00e7in ideal olan Akseki Koyu'nda 30 dakikal\u0131k bir durak ile ba\u015flay\u0131n. Deniz taban\u0131, deniz kestaneleri de dahil olmak \u00fczere deniz ya\u015fam\u0131 a\u00e7\u0131s\u0131ndan zengindir, bu nedenle \u015fnorkelli y\u00fczme ekipman\u0131 getirin ve bu sualt\u0131 cennetinin tad\u0131n\u0131 \u00e7\u0131karmak i\u00e7in ad\u0131m\u0131n\u0131z\u0131 izleyin.<\/p>\n<p><strong>Porto Cennet Koyu<\/strong><br \/>\nArd\u0131ndan 60 dakikal\u0131k bir mola i\u00e7in muhte\u015fem Porto Cennet Koyu'na yelken a\u00e7\u0131n. G\u00f6z al\u0131c\u0131 turkuaz sularda y\u00fcz\u00fcn, e\u011flenceli bir \u00e7amur banyosunda kendinizi \u015f\u0131mart\u0131n ve nefes kesen manzaralarla \u00e7evrili gemide lezzetli bir \u00f6\u011fle yeme\u011finin tad\u0131n\u0131 \u00e7\u0131kar\u0131n.<\/p>\n<p><strong>Korsan Bay<\/strong><br \/>\n25 dakikal\u0131k bir yolculuktan sonra 40 dakikal\u0131k y\u00fczme ve rahatlama i\u00e7in Korsan Koyu'na var\u0131n. Bu tenha yer, kristal berrakl\u0131\u011f\u0131nda sular ve rahatlamak i\u00e7in m\u00fckemmel sakin bir atmosfer sunmaktad\u0131r.<\/p>\n<p><strong>Fosforlu Ma\u011faras\u0131<\/strong><br \/>\nDeniz ko\u015fullar\u0131 izin veriyorsa, g\u00fcn\u00fcn\u00fcze b\u00fcy\u00fcl\u00fc bir dokunu\u015f katan e\u015fsiz, \u0131\u015f\u0131lt\u0131l\u0131 bir ambiyansa sahip gizli bir m\u00fccevher olan b\u00fcy\u00fcleyici Fosforlu Ma\u011faras\u0131'n\u0131 ke\u015ffedin.<\/p>\n<p>Macera ve dinlenmeyle ge\u00e7en bir g\u00fcn\u00fcn ard\u0131ndan Adrasan Plaj\u0131'na geri d\u00f6n\u00fcn ve Antalya'daki otelinize veya adresinize konforlu bir transferin tad\u0131n\u0131 \u00e7\u0131kar\u0131n.<\/p>\n<p>&nbsp;<\/p>\n<hr \/>\n<p>&nbsp;<\/p>\n<div class=\"tour-content-what-included\">\n<h4 id=\"whats-included\">Neler Dahil<\/h4>\n<ul style=\"column-count: 2;\">\n<li>Antalya \u015fehir merkezi, Lara veya Belek'ten teslim alma ile tam g\u00fcnl\u00fck yat turu<\/li>\n<li>Akseki, Porto Cennet ve Korsan Koylar\u0131nda birden fazla y\u00fczme dura\u011f\u0131<\/li>\n<li>\u00d6\u011fle yeme\u011fi Porto Ceneviz K\u00f6rfezi dura\u011f\u0131nda gemide servis edilir<\/li>\n<li>\u015enorkelli y\u00fczme iste\u011fe ba\u011fl\u0131d\u0131r ve konuklar kendi ekipmanlar\u0131n\u0131 getirebilirler<\/li>\n<li>G\u00fczergah ve ma\u011fara ziyareti deniz ko\u015fullar\u0131na ba\u011fl\u0131 olarak de\u011fi\u015febilir<\/li>\n<\/ul>\n<\/div>\n<p>&nbsp;<\/p>\n<hr \/>\n<p>&nbsp;<\/p>\n<div class=\"tour-content-add-information\">\n<h4>ek bilgi<\/h4>\n<ul>\n<li>G\u00fczergah deniz ko\u015fullar\u0131 nedeniyle de\u011fi\u015febilir ve g\u00fcvenlik i\u00e7in baz\u0131 duraklar atlanabilir.<\/li>\n<li>\u015enorkelle y\u00fczme \u00f6zel bir aktivite de\u011fildir, ancak y\u00fczme molalar\u0131nda kullanmak i\u00e7in kendi ekipman\u0131n\u0131z\u0131 getirebilirsiniz.<\/li>\n<li>G\u00fcvenlik i\u00e7in rahat mayo, g\u00fcne\u015f kremi ve kaymaz ayakkab\u0131lar giyin.<\/li>\n<li>Daha fazla konfor i\u00e7in bir havlu, \u015fapka ve su \u015fi\u015fesi getirin.<\/li>\n<\/ul>\n<p>&nbsp;<\/p>\n<\/div>\n<hr \/>\n<p>&nbsp;<\/p>\n<div class=\"tour-content-cancell-policy\">\n<p><strong>Ne Getirmeli<\/strong><\/p>\n<ul style=\"column-count: 2;\">\n<li>\u015eapka ve g\u00fcne\u015f g\u00f6zl\u00fc\u011f\u00fc <img decoding=\"async\" class=\"emoji\" role=\"img\" draggable=\"false\" src=\"https:\/\/s.w.org\/images\/core\/emoji\/17.0.2\/svg\/1f576.svg\" alt=\"\ud83d\udd76\ufe0f\" \/><\/li>\n<li>G\u00fcne\u015f \ud83e\uddf4<\/li>\n<li>Kaymaz su ayakkab\u0131s\u0131 \ud83d\udc5f<\/li>\n<li>Mayo ve havlu <img decoding=\"async\" class=\"emoji\" role=\"img\" draggable=\"false\" src=\"https:\/\/s.w.org\/images\/core\/emoji\/17.0.2\/svg\/1fa71.svg\" alt=\"\ud83e\ude71\" \/><\/li>\n<li>Su ge\u00e7irmez kamera veya telefon \ud83d\udcf1<\/li>\n<li>Ki\u015fisel harcamalar i\u00e7in nakit \ud83d\udcb3<\/li>\n<\/ul>\n<\/div>","protected":false},"excerpt":{"rendered":"<p>Your adventure begins with a convenient pickup from your hotel in Antalya city center, Lara, or Belek (depending on your chosen option) or at the designated meeting point. Enjoy a <\/p>","protected":false},"featured_media":13956,"comment_status":"open","ping_status":"closed","template":"","meta":[],"product_brand":[],"product_cat":[15],"product_tag":[],"class_list":{"0":"post-13939","1":"product","2":"type-product","3":"status-publish","4":"has-post-thumbnail","6":"tour_phys-tours","7":"product_cat-non-classe","8":"pa_activity-porto-genoese-bay","9":"pa_destination-kemer","11":"first","12":"instock","13":"shipping-taxable","14":"purchasable","15":"product-type-tour_phys"},"_links":{"self":[{"href":"https:\/\/vetatourism.com\/tr\/wp-json\/wp\/v2\/product\/13939","targetHints":{"allow":["GET"]}}],"collection":[{"href":"https:\/\/vetatourism.com\/tr\/wp-json\/wp\/v2\/product"}],"about":[{"href":"https:\/\/vetatourism.com\/tr\/wp-json\/wp\/v2\/types\/product"}],"replies":[{"embeddable":true,"href":"https:\/\/vetatourism.com\/tr\/wp-json\/wp\/v2\/comments?post=13939"}],"wp:featuredmedia":[{"embeddable":true,"href":"https:\/\/vetatourism.com\/tr\/wp-json\/wp\/v2\/media\/13956"}],"wp:attachment":[{"href":"https:\/\/vetatourism.com\/tr\/wp-json\/wp\/v2\/media?parent=13939"}],"wp:term":[{"taxonomy":"product_brand","embeddable":true,"href":"https:\/\/vetatourism.com\/tr\/wp-json\/wp\/v2\/product_brand?post=13939"},{"taxonomy":"product_cat","embeddable":true,"href":"https:\/\/vetatourism.com\/tr\/wp-json\/wp\/v2\/product_cat?post=13939"},{"taxonomy":"product_tag","embeddable":true,"href":"https:\/\/vetatourism.com\/tr\/wp-json\/wp\/v2\/product_tag?post=13939"}],"curies":[{"name":"wp","href":"https:\/\/api.w.org\/{rel}","templated":true}]}}