{"id":13929,"date":"2026-01-30T10:53:28","date_gmt":"2026-01-30T10:53:28","guid":{"rendered":"https:\/\/vetatourism.com\/?post_type=product&#038;p=13929"},"modified":"2026-03-09T05:48:26","modified_gmt":"2026-03-09T05:48:26","slug":"suluada-island-boat-trip-from-antalya-turkish-maldives","status":"publish","type":"product","link":"https:\/\/vetatourism.com\/tours\/suluada-island-boat-trip-from-antalya-turkish-maldives","title":{"rendered":"Antalya'dan Suluada Adas\u0131 Tekne Turu-T\u00fcrkish Maldives"},"content":{"rendered":"<div data-start=\"1005\" data-end=\"1322\">Yolculu\u011funuz Kemer'den bir otel al\u0131m\u0131yla ba\u015flar, ard\u0131ndan do\u011fal bir s\u00fcr\u00fc\u015fle ba\u015flar. <strong data-start=\"1087\" data-end=\"1103\">Adrasan Liman\u0131<\/strong>g\u00fcne\u015f, deniz ve dinginlik dolu bir g\u00fcn i\u00e7in konforlu bir yata binece\u011finiz yer. Rota sizi muhte\u015fem boyunca g\u00f6t\u00fcr\u00fcr <strong data-start=\"1220\" data-end=\"1239\">T\u00fcrk Rivieras\u0131<\/strong>Toros Da\u011flar\u0131'n\u0131n muhte\u015fem manzaras\u0131n\u0131 ve el de\u011fmemi\u015f k\u0131y\u0131 manzaralar\u0131n\u0131 sunmaktad\u0131r.<\/div>\n<div data-start=\"1324\" data-end=\"1401\">Tur, Suluada'n\u0131n en g\u00fczel yerlerinde \u00fc\u00e7 y\u00fczme dura\u011f\u0131 i\u00e7eriyor:<\/div>\n<ul>\n<li style=\"text-align: left;\" data-start=\"1405\" data-end=\"1532\">\ud83c\udfd6\ufe0f <strong data-start=\"1409\" data-end=\"1425\">Maldivler K\u00f6rfezi<\/strong>: Yumu\u015fak beyaz kumu ve berrak turkuaz suyuyla \u00fcnl\u00fcd\u00fcr-y\u00fczmek ve \u015fnorkelle y\u00fczmek i\u00e7in m\u00fckemmeldir.<\/li>\n<li style=\"text-align: left;\" data-start=\"1535\" data-end=\"1643\">\ud83c\udf3f <strong data-start=\"1538\" data-end=\"1566\">Suluada'n\u0131n Sakl\u0131 Plajlar\u0131<\/strong>: Sakin k\u0131y\u0131larda dinlenin, sahil boyunca y\u00fcr\u00fcy\u00fcn ya da huzur i\u00e7inde g\u00fcne\u015flenin.<\/li>\n<li style=\"text-align: left;\" data-start=\"1646\" data-end=\"1764\">\ud83c\udfde\ufe0f <strong data-start=\"1650\" data-end=\"1678\">Love Cave (A\u015fk Ma\u011faras\u0131)<\/strong>: Y\u00fczebilece\u011finiz, \u015fnorkelle y\u00fczebilece\u011finiz veya harika foto\u011fraflar \u00e7ekebilece\u011finiz pitoresk bir do\u011fal olu\u015fum.<\/li>\n<\/ul>\n<div data-start=\"1766\" data-end=\"2034\">\u00d6\u011flen saatlerinde, taze \u0131zgara <strong data-start=\"1799\" data-end=\"1812\">Barbek\u00fc \u00f6\u011fle yeme\u011fi<\/strong> teknede bal\u0131k, tavuk veya vejetaryen yemeklerin yan\u0131 s\u0131ra geleneksel T\u00fcrk mezesi gibi se\u00e7enekler servis edilmektedir. Dinlendirici bir \u00e7ay molas\u0131n\u0131n ard\u0131ndan tekne Adrasan'a geri d\u00f6ner, ard\u0131ndan otele d\u00f6n\u00fc\u015f transferiniz yap\u0131l\u0131r.<\/div>\n<p>&nbsp;<\/p>\n<hr \/>\n<p>&nbsp;<\/p>\n<div class=\"tour-content-what-included\">\n<h4 id=\"whats-included\">Neler Dahil<\/h4>\n<ul style=\"column-count: 2;\">\n<li>Kemer'den otel teslim alma ve b\u0131rakma ile tam g\u00fcnl\u00fck yat turu<\/li>\n<li>Adrasan Liman\u0131'na do\u011fal bir s\u00fcr\u00fc\u015f\u00fcn ard\u0131ndan dinlendirici bir tekne turu<\/li>\n<li>Suluada'n\u0131n en g\u00fczel koy ve plajlar\u0131nda \u00fc\u00e7 y\u00fczme dura\u011f\u0131<\/li>\n<li>Tur s\u0131ras\u0131nda gemide barbek\u00fc \u00f6\u011fle yeme\u011fi ve \u00e7ay molas\u0131 servis edilir<\/li>\n<li>Sakin ve do\u011fa odakl\u0131 bir deneyim, y\u00fczmek ve rahatlamak i\u00e7in ideal<\/li>\n<li>Rota ve y\u00fczme duraklar\u0131 deniz ve hava \u015fartlar\u0131na ba\u011fl\u0131 olarak de\u011fi\u015febilir<\/li>\n<li>Aileler, \u00e7iftler ve yaln\u0131z seyahat edenler i\u00e7in uygundur<\/li>\n<\/ul>\n<\/div>\n<p>&nbsp;<\/p>\n<hr \/>\n<p>&nbsp;<\/p>\n<div class=\"tour-content-add-information\">\n<h4>ek bilgi<\/h4>\n<ul>\n<li>Bu, Kemer'den otelden alma ve b\u0131rakma dahil olmak \u00fczere tam g\u00fcnl\u00fck bir yat turudur<\/li>\n<li>Teslim alma s\u00fcresi otelin konumuna ba\u011fl\u0131d\u0131r ve rezervasyondan sonra teyit edilecektir<\/li>\n<li>Tur, hava ve deniz ko\u015fullar\u0131na ba\u011fl\u0131 olarak \u00e7al\u0131\u015f\u0131r; rota ve y\u00fczme duraklar\u0131 de\u011fi\u015febilir<\/li>\n<li>Y\u00fczme ve \u015fnorkelli y\u00fczme t\u00fcm duraklarda iste\u011fe ba\u011fl\u0131d\u0131r<\/li>\n<li>Talep \u00fczerine vejetaryen yemek se\u00e7enekleri de sunulmaktad\u0131r<\/li>\n<li>Aileler, \u00e7iftler ve yaln\u0131z seyahat edenler i\u00e7in uygundur<\/li>\n<\/ul>\n<p>&nbsp;<\/p>\n<hr \/>\n<p>&nbsp;<\/p>\n<div class=\"tour-content-cancell-policy\">\n<p><strong>Ne Getirmeli<\/strong><\/p>\n<ul style=\"column-count: 2;\">\n<li>\u015eapka ve g\u00fcne\u015f g\u00f6zl\u00fc\u011f\u00fc <img decoding=\"async\" class=\"emoji\" role=\"img\" draggable=\"false\" src=\"https:\/\/s.w.org\/images\/core\/emoji\/17.0.2\/svg\/1f576.svg\" alt=\"\ud83d\udd76\ufe0f\" \/><\/li>\n<li>G\u00fcne\u015f \ud83e\uddf4<\/li>\n<li>Mayo ve havlu <img decoding=\"async\" class=\"emoji\" role=\"img\" draggable=\"false\" src=\"https:\/\/s.w.org\/images\/core\/emoji\/17.0.2\/svg\/1fa71.svg\" alt=\"\ud83e\ude71\" \/><\/li>\n<li>Su ge\u00e7irmez kamera veya telefon \ud83d\udcf1<\/li>\n<\/ul>\n<\/div>\n<\/div>","protected":false},"excerpt":{"rendered":"<p>Your journey begins with a hotel pickup from Kemer, followed by a scenic drive to Adrasan Port, where you\u2019ll board a comfortable yacht for a day of sun, sea, and <\/p>","protected":false},"featured_media":13922,"comment_status":"open","ping_status":"closed","template":"","meta":[],"product_brand":[],"product_cat":[15],"product_tag":[],"class_list":{"0":"post-13929","1":"product","2":"type-product","3":"status-publish","4":"has-post-thumbnail","6":"tour_phys-tours","7":"product_cat-non-classe","8":"pa_destination-antalya","10":"first","11":"instock","12":"shipping-taxable","13":"purchasable","14":"product-type-tour_phys"},"_links":{"self":[{"href":"https:\/\/vetatourism.com\/tr\/wp-json\/wp\/v2\/product\/13929","targetHints":{"allow":["GET"]}}],"collection":[{"href":"https:\/\/vetatourism.com\/tr\/wp-json\/wp\/v2\/product"}],"about":[{"href":"https:\/\/vetatourism.com\/tr\/wp-json\/wp\/v2\/types\/product"}],"replies":[{"embeddable":true,"href":"https:\/\/vetatourism.com\/tr\/wp-json\/wp\/v2\/comments?post=13929"}],"wp:featuredmedia":[{"embeddable":true,"href":"https:\/\/vetatourism.com\/tr\/wp-json\/wp\/v2\/media\/13922"}],"wp:attachment":[{"href":"https:\/\/vetatourism.com\/tr\/wp-json\/wp\/v2\/media?parent=13929"}],"wp:term":[{"taxonomy":"product_brand","embeddable":true,"href":"https:\/\/vetatourism.com\/tr\/wp-json\/wp\/v2\/product_brand?post=13929"},{"taxonomy":"product_cat","embeddable":true,"href":"https:\/\/vetatourism.com\/tr\/wp-json\/wp\/v2\/product_cat?post=13929"},{"taxonomy":"product_tag","embeddable":true,"href":"https:\/\/vetatourism.com\/tr\/wp-json\/wp\/v2\/product_tag?post=13929"}],"curies":[{"name":"wp","href":"https:\/\/api.w.org\/{rel}","templated":true}]}}