{"id":13920,"date":"2026-01-30T10:52:08","date_gmt":"2026-01-30T10:52:08","guid":{"rendered":"https:\/\/vetatourism.com\/?post_type=product&#038;p=13920"},"modified":"2026-04-25T19:15:47","modified_gmt":"2026-04-25T19:15:47","slug":"kemer-suluada-island-boat-trip-turkish-maldives","status":"publish","type":"product","link":"https:\/\/vetatourism.com\/tours\/kemer-suluada-island-boat-trip-turkish-maldives","title":{"rendered":"Kemer Suluada Tekne Turu -T\u00fcrk Maldivleri"},"content":{"rendered":"<p>Yolculu\u011funuz Kemer'den bir otel al\u0131m\u0131yla ba\u015flar, ard\u0131ndan do\u011fal bir s\u00fcr\u00fc\u015fle ba\u015flar. <strong data-start=\"1087\" data-end=\"1103\">Adrasan Liman\u0131<\/strong>g\u00fcne\u015f, deniz ve dinginlik dolu bir g\u00fcn i\u00e7in konforlu bir yata binece\u011finiz yer. Rota sizi muhte\u015fem boyunca g\u00f6t\u00fcr\u00fcr <strong data-start=\"1220\" data-end=\"1239\">T\u00fcrk Rivieras\u0131<\/strong>Toros Da\u011flar\u0131'n\u0131n muhte\u015fem manzaras\u0131n\u0131 ve el de\u011fmemi\u015f k\u0131y\u0131 manzaralar\u0131n\u0131 sunmaktad\u0131r.<\/p>\n<p>Tur, Suluada'n\u0131n en g\u00fczel yerlerinde \u00fc\u00e7 y\u00fczme dura\u011f\u0131 i\u00e7eriyor:<\/p>\n<ul data-start=\"1403\" data-end=\"1764\">\n<li class=\"\" data-start=\"1403\" data-end=\"1532\"><strong data-start=\"1409\" data-end=\"1425\">Maldivler K\u00f6rfezi<\/strong>: Yumu\u015fak beyaz kumu ve berrak turkuaz suyuyla \u00fcnl\u00fcd\u00fcr-y\u00fczmek ve \u015fnorkelle y\u00fczmek i\u00e7in m\u00fckemmeldir.<\/li>\n<li class=\"\" data-start=\"1533\" data-end=\"1643\"><strong data-start=\"1538\" data-end=\"1566\">Suluada'n\u0131n Sakl\u0131 Plajlar\u0131<\/strong>: Sakin k\u0131y\u0131larda dinlenin, sahil boyunca y\u00fcr\u00fcy\u00fcn ya da huzur i\u00e7inde g\u00fcne\u015flenin.<\/li>\n<li class=\"\" data-start=\"1644\" data-end=\"1764\">\ud83c\udfde\ufe0f <strong data-start=\"1650\" data-end=\"1678\">A\u015fk Ma\u011faras\u0131<\/strong>: Y\u00fczebilece\u011finiz, \u015fnorkelle y\u00fczebilece\u011finiz veya harika foto\u011fraflar \u00e7ekebilece\u011finiz pitoresk bir do\u011fal olu\u015fum.<\/li>\n<\/ul>\n<p>\u00d6\u011flen saatlerinde, taze \u0131zgara <strong data-start=\"1799\" data-end=\"1812\">Barbek\u00fc \u00f6\u011fle yeme\u011fi<\/strong> teknede bal\u0131k, tavuk veya vejetaryen yemeklerin yan\u0131 s\u0131ra geleneksel T\u00fcrk mezesi gibi se\u00e7enekler servis edilmektedir. Dinlendirici bir \u00e7ay molas\u0131n\u0131n ard\u0131ndan tekne Adrasan'a geri d\u00f6ner, ard\u0131ndan otele d\u00f6n\u00fc\u015f transferiniz yap\u0131l\u0131r.<\/p>\n<div style=\"max-width: 360px; margin: 0;\">\n<div style=\"position: relative; padding-top: 177.77%;\"><iframe style=\"position: absolute; top: 0; left: 0; width: 100%; height: 100%; border: 0;\" src=\"https:\/\/www.youtube.com\/embed\/rHGGJue7ZZ0\" allowfullscreen=\"allowfullscreen\"><br \/>\n<\/iframe><\/div>\n<\/div>\n<p>&nbsp;<\/p>\n<hr \/>\n<p>&nbsp;<\/p>\n<div class=\"tour-content-what-included\">\n<h4 id=\"whats-included\">Neler Dahil<\/h4>\n<ul style=\"column-count: 2;\">\n<li>Side ve \u00e7evresindeki otellerden teslim alma<\/li>\n<li>Toros Da\u011flar\u0131 boyunca do\u011fal s\u00fcr\u00fc\u015f<\/li>\n<li>Multiple swimming and snorkeling stops at Suluada\u2019s most famous bays<\/li>\n<li>Freshly prepared BBQ lunch served onboard with tea break included<\/li>\n<li>Calm and relaxing atmosphere, ideal for nature lovers and couples<\/li>\n<li>Route and swimming stops may vary depending on sea and weather conditions<\/li>\n<li>Aileler, \u00e7iftler ve yaln\u0131z seyahat edenler i\u00e7in uygundur<\/li>\n<\/ul>\n<\/div>\n<p>&nbsp;<\/p>\n<hr \/>\n<p>&nbsp;<\/p>\n<div class=\"tour-content-add-information\">\n<h4>ek bilgi<\/h4>\n<ul>\n<li>Tour duration is approximately full day, including hotel transfers<\/li>\n<li>Teslim alma s\u00fcresi otelin konumuna g\u00f6re de\u011fi\u015fir ve rezervasyondan sonra onaylan\u0131r<\/li>\n<li>The tour operates weather-permitting; routes and swimming stops may change due to sea conditions<\/li>\n<li>Not recommended for guests with severe mobility issues<\/li>\n<li>Talep \u00fczerine vejetaryen yemek se\u00e7enekleri de sunulmaktad\u0131r<\/li>\n<li>Snorkeling is optional; equipment may be available depending on the boat<\/li>\n<\/ul>\n<p>&nbsp;<\/p>\n<hr \/>\n<p>&nbsp;<\/p>\n<div class=\"tour-content-cancell-policy\">\n<p><strong>Ne Getirmeli<\/strong><\/p>\n<ul style=\"column-count: 2;\">\n<li>\u015eapka ve g\u00fcne\u015f g\u00f6zl\u00fc\u011f\u00fc <img decoding=\"async\" class=\"emoji\" role=\"img\" draggable=\"false\" src=\"https:\/\/s.w.org\/images\/core\/emoji\/17.0.2\/svg\/1f576.svg\" alt=\"\ud83d\udd76\ufe0f\" \/><\/li>\n<li>G\u00fcne\u015f \ud83e\uddf4<\/li>\n<li>Mayo ve havlu <img decoding=\"async\" class=\"emoji\" role=\"img\" draggable=\"false\" src=\"https:\/\/s.w.org\/images\/core\/emoji\/17.0.2\/svg\/1fa71.svg\" alt=\"\ud83e\ude71\" \/><\/li>\n<li>Su ge\u00e7irmez kamera veya telefon \ud83d\udcf1<\/li>\n<\/ul>\n<\/div>\n<\/div>","protected":false},"excerpt":{"rendered":"<p>Your journey begins with a hotel pickup from Kemer, followed by a scenic drive to Adrasan Port, where you\u2019ll board a comfortable yacht for a day of sun, sea, and <\/p>","protected":false},"featured_media":13922,"comment_status":"open","ping_status":"closed","template":"","meta":[],"product_brand":[],"product_cat":[],"product_tag":[202],"class_list":{"0":"post-13920","1":"product","2":"type-product","3":"status-publish","4":"has-post-thumbnail","6":"tour_phys-tours","7":"product_tag--best-sellers","8":"pa_destination-kemer","10":"first","11":"instock","12":"shipping-taxable","13":"purchasable","14":"product-type-tour_phys"},"_links":{"self":[{"href":"https:\/\/vetatourism.com\/tr\/wp-json\/wp\/v2\/product\/13920","targetHints":{"allow":["GET"]}}],"collection":[{"href":"https:\/\/vetatourism.com\/tr\/wp-json\/wp\/v2\/product"}],"about":[{"href":"https:\/\/vetatourism.com\/tr\/wp-json\/wp\/v2\/types\/product"}],"replies":[{"embeddable":true,"href":"https:\/\/vetatourism.com\/tr\/wp-json\/wp\/v2\/comments?post=13920"}],"wp:featuredmedia":[{"embeddable":true,"href":"https:\/\/vetatourism.com\/tr\/wp-json\/wp\/v2\/media\/13922"}],"wp:attachment":[{"href":"https:\/\/vetatourism.com\/tr\/wp-json\/wp\/v2\/media?parent=13920"}],"wp:term":[{"taxonomy":"product_brand","embeddable":true,"href":"https:\/\/vetatourism.com\/tr\/wp-json\/wp\/v2\/product_brand?post=13920"},{"taxonomy":"product_cat","embeddable":true,"href":"https:\/\/vetatourism.com\/tr\/wp-json\/wp\/v2\/product_cat?post=13920"},{"taxonomy":"product_tag","embeddable":true,"href":"https:\/\/vetatourism.com\/tr\/wp-json\/wp\/v2\/product_tag?post=13920"}],"curies":[{"name":"wp","href":"https:\/\/api.w.org\/{rel}","templated":true}]}}