{"id":13919,"date":"2026-01-30T10:24:23","date_gmt":"2026-01-30T10:24:23","guid":{"rendered":"https:\/\/vetatourism.com\/?post_type=product&#038;p=13919"},"modified":"2026-04-19T17:20:55","modified_gmt":"2026-04-19T17:20:55","slug":"land-of-legends-night-show-from-kemer","status":"publish","type":"product","link":"https:\/\/vetatourism.com\/tours\/land-of-legends-night-show-from-kemer","title":{"rendered":"Kemer'den Efsaneler Diyar\u0131 Gece G\u00f6sterisi"},"content":{"rendered":"<p data-start=\"1494\" data-end=\"1807\">Ak\u015fam\u0131n\u0131z Kemer'den b\u00f6lgenin en \u00fcnl\u00fc e\u011flence kompleksi olan Land of Legends Tema Park\u0131na sorunsuz ve konforlu bir transferle ba\u015flar. G\u00f6steri ba\u015flad\u0131\u011f\u0131nda, kendinizi gece g\u00f6ky\u00fcz\u00fcn\u00fc ayd\u0131nlatan b\u00fcy\u00fcleyici bir m\u00fczik, \u0131\u015f\u0131k efektleri, lazerler ve senkronize \u00e7e\u015fmeler kombinasyonuna b\u0131rak\u0131n.<\/p>\n<p data-start=\"1809\" data-end=\"2071\">Etkinli\u011fin en \u00f6nemli \u00f6zelli\u011fi, g\u00fczel bir \u015fekilde dekore edilmi\u015f teknelerin sanat\u00e7\u0131lar, \u0131\u015f\u0131klar ve atmosferik m\u00fczik e\u015fli\u011finde kanaldan s\u00fcz\u00fcld\u00fc\u011f\u00fc tekne ge\u00e7it t\u00f6renidir. Bu b\u00fcy\u00fcl\u00fc gece alay\u0131 her ya\u015ftan ziyaret\u00e7iyi memnun eder ve unutulmaz an\u0131lar yarat\u0131r.<\/p>\n<p data-start=\"2073\" data-end=\"2357\">G\u00f6steriden sonra 180'den fazla butik, kafe, restoran ve tatl\u0131 d\u00fckkan\u0131yla dolu hareketli al\u0131\u015fveri\u015f bulvar\u0131n\u0131n tad\u0131n\u0131 \u00e7\u0131karmak i\u00e7in bo\u015f zaman\u0131n\u0131z olacak. \u0130ster foto\u011fraf \u00e7ekmeyi, ister ma\u011fazalara g\u00f6z atmay\u0131 veya canl\u0131 atmosferin tad\u0131n\u0131 \u00e7\u0131karmay\u0131 tercih edin, bulvar herkes i\u00e7in bir \u015feyler sunuyor.<\/p>\n<p data-start=\"2359\" data-end=\"2494\">Gecenin sonunda, d\u00f6n\u00fc\u015f transferiniz s\u0131ras\u0131nda rahatlay\u0131n ve unutulmaz izlenimlerle dolu bir kafa ile otelinize geri d\u00f6n\u00fcn.<\/p>\n<hr \/>\n<p>&nbsp;<\/p>\n<div class=\"tour-content-what-included\">\n<h4 id=\"whats-included\">Neler Dahil<\/h4>\n<ul style=\"column-count: 2;\">\n<li>Kemer'deki otellerden kar\u015f\u0131lama<\/li>\n<li>Efsaneler \u00dclkesine Var\u0131\u015f<\/li>\n<li>\u00c7e\u015fme, \u0131\u015f\u0131k ve lazer performans\u0131n\u0131n tad\u0131n\u0131 \u00e7\u0131kar\u0131n<\/li>\n<li>I\u015f\u0131kl\u0131 tekne ge\u00e7it t\u00f6renini izleyin<\/li>\n<li>Al\u0131\u015fveri\u015f bulvar\u0131nda bo\u015f zaman (yakl. 1-2 saat)<\/li>\n<li>Otelinize d\u00f6n\u00fc\u015f transferi<\/li>\n<\/ul>\n<p>&nbsp;<\/p>\n<\/div>\n<hr \/>\n<p>&nbsp;<\/p>\n<div class=\"tour-content-add-information\">\n<h4>ek bilgi<\/h4>\n<ul>\n<li>S\u00fcre: yakla\u015f\u0131k. 3-4 saat<\/li>\n<li>Temel hareket kabiliyetine sahip konuklar i\u00e7in uygundur<\/li>\n<li>Minimum fiziksel aktivite gerekli<\/li>\n<li>Kalk\u0131\u015ftan 10 dakika \u00f6nce ana otel giri\u015finde haz\u0131r olun<\/li>\n<li>S\u00fcr\u00fcc\u00fc en fazla 5 dakika bekler<\/li>\n<li>\u00dccretsiz seyahat eden 6 ya\u015f\u0131ndan k\u00fc\u00e7\u00fck \u00e7ocuklara ayr\u0131 bir otob\u00fcs koltu\u011fu verilmez; Gerekirse ilave koltuk rezerve edilebilir<\/li>\n<\/ul>\n<p>&nbsp;<\/p>\n<\/div>\n<hr \/>\n<p>&nbsp;<\/p>\n<div class=\"tour-content-cancell-policy\">\n<p><strong>Ne Getirmeli<\/strong><\/p>\n<ul style=\"column-count: 2;\">\n<li>Rahat y\u00fcr\u00fcy\u00fc\u015f ayakkab\u0131s\u0131 \ud83d\udc5f<\/li>\n<li>Hava ko\u015fullar\u0131na uygun giysiler \ud83d\udc5a<\/li>\n<li>Foto\u011fraflar i\u00e7in ak\u0131ll\u0131 telefon veya kamera \ud83d\udcf1<\/li>\n<li>Ki\u015fisel al\u0131mlar i\u00e7in biraz nakit <img decoding=\"async\" class=\"emoji\" role=\"img\" draggable=\"false\" src=\"https:\/\/s.w.org\/images\/core\/emoji\/17.0.2\/svg\/1f4b3.svg\" alt=\"\ud83d\udcb3\" \/><\/li>\n<\/ul>\n<\/div>","protected":false},"excerpt":{"rendered":"<p>Lazerler, \u00e7e\u015fme g\u00f6sterileri, tekne ge\u00e7it t\u00f6reni ve al\u0131\u015fveri\u015f ile Kemer'den Land of Legends Gece \u015eovunun tad\u0131n\u0131 \u00e7\u0131kar\u0131n. Konforlu otel transferleri ile b\u00fcy\u00fcl\u00fc bir ak\u015fam.<\/p>","protected":false},"featured_media":13909,"comment_status":"open","ping_status":"closed","template":"","meta":[],"product_brand":[],"product_cat":[],"product_tag":[200],"class_list":{"0":"post-13919","1":"product","2":"type-product","3":"status-publish","4":"has-post-thumbnail","6":"tour_phys-tours","7":"product_tag-best-sellers","8":"pa_destination-kemer","10":"first","11":"instock","12":"shipping-taxable","13":"purchasable","14":"product-type-tour_phys"},"_links":{"self":[{"href":"https:\/\/vetatourism.com\/tr\/wp-json\/wp\/v2\/product\/13919","targetHints":{"allow":["GET"]}}],"collection":[{"href":"https:\/\/vetatourism.com\/tr\/wp-json\/wp\/v2\/product"}],"about":[{"href":"https:\/\/vetatourism.com\/tr\/wp-json\/wp\/v2\/types\/product"}],"replies":[{"embeddable":true,"href":"https:\/\/vetatourism.com\/tr\/wp-json\/wp\/v2\/comments?post=13919"}],"wp:featuredmedia":[{"embeddable":true,"href":"https:\/\/vetatourism.com\/tr\/wp-json\/wp\/v2\/media\/13909"}],"wp:attachment":[{"href":"https:\/\/vetatourism.com\/tr\/wp-json\/wp\/v2\/media?parent=13919"}],"wp:term":[{"taxonomy":"product_brand","embeddable":true,"href":"https:\/\/vetatourism.com\/tr\/wp-json\/wp\/v2\/product_brand?post=13919"},{"taxonomy":"product_cat","embeddable":true,"href":"https:\/\/vetatourism.com\/tr\/wp-json\/wp\/v2\/product_cat?post=13919"},{"taxonomy":"product_tag","embeddable":true,"href":"https:\/\/vetatourism.com\/tr\/wp-json\/wp\/v2\/product_tag?post=13919"}],"curies":[{"name":"wp","href":"https:\/\/api.w.org\/{rel}","templated":true}]}}