{"id":13918,"date":"2026-01-30T10:20:35","date_gmt":"2026-01-30T10:20:35","guid":{"rendered":"https:\/\/vetatourism.com\/?post_type=product&#038;p=13918"},"modified":"2026-03-09T05:48:44","modified_gmt":"2026-03-09T05:48:44","slug":"land-of-legends-night-show-from-antalya","status":"publish","type":"product","link":"https:\/\/vetatourism.com\/tours\/land-of-legends-night-show-from-antalya","title":{"rendered":"Antalya'dan Efsaneler Diyar\u0131 Gece G\u00f6sterisi"},"content":{"rendered":"<p data-start=\"1520\" data-end=\"1847\">Ak\u015fam\u0131n\u0131z Antalya, Lara veya Kundu'dan b\u00f6lgenin en etkileyici e\u011flence merkezi olan The Land of Legends Theme Park'a sorunsuz bir transferle ba\u015flar. Karanl\u0131k \u00e7\u00f6kerken, g\u00fc\u00e7l\u00fc lazer projeksiyonlar\u0131, koordineli f\u0131skiye performanslar\u0131 ve t\u00fcm alan\u0131 ayd\u0131nlatan canl\u0131 m\u00fczi\u011fi birle\u015ftiren b\u00fcy\u00fcleyici bir g\u00f6sterinin tad\u0131n\u0131 \u00e7\u0131kar\u0131n.<\/p>\n<p data-start=\"1849\" data-end=\"2110\">Gecenin en \u00f6nemli olay\u0131 <strong data-start=\"1883\" data-end=\"1898\">tekne ge\u00e7it t\u00f6reni<\/strong>, Parlak bir \u015fekilde dekore edilmi\u015f tekneler, sanat\u00e7\u0131lar, karakterler ve temal\u0131 m\u00fczik e\u015fli\u011finde kanal boyunca s\u00fcz\u00fcl\u00fcr. Bu b\u00fcy\u00fcl\u00fc ge\u00e7it t\u00f6reni hem yeti\u015fkinleri hem de \u00e7ocuklar\u0131 memnun etmekte ve unutulmaz tatil an\u0131lar\u0131 yaratmaktad\u0131r.<\/p>\n<p data-start=\"2112\" data-end=\"2362\">G\u00f6steriden sonra, 180'den fazla butik, restoran ve tatl\u0131 d\u00fckkan\u0131n\u0131n bulundu\u011fu hareketli al\u0131\u015fveri\u015f bulvar\u0131n\u0131 ke\u015ffetmek i\u00e7in serbest zaman\u0131n tad\u0131n\u0131 \u00e7\u0131kar\u0131n. \u0130ster foto\u011fraf \u00e7ekmek, ister al\u0131\u015fveri\u015f yapmak ya da sadece gecenin canl\u0131 atmosferinde dinlenmek isteyin, tad\u0131n\u0131 \u00e7\u0131karabilece\u011finiz \u00e7ok \u015fey var.<\/p>\n<p data-start=\"2364\" data-end=\"2481\">Ziyaretinizin sonunda, bu muhte\u015fem ak\u015fam etkinli\u011finin kal\u0131c\u0131 izlenimleriyle rahat bir \u015fekilde otelinize d\u00f6n\u00fcn.<\/p>\n<hr \/>\n<p>&nbsp;<\/p>\n<div class=\"tour-content-what-included\">\n<h4 id=\"whats-included\">Neler Dahil<\/h4>\n<ul style=\"column-count: 2;\">\n<li>Antalya, Lara ve Kundu'daki otellerden kar\u015f\u0131lama<\/li>\n<li>Efsaneler \u00dclkesi Tema Park\u0131na Var\u0131\u015f<\/li>\n<li>F\u0131skiye, \u0131\u015f\u0131k ve lazer performanslar\u0131n\u0131n tad\u0131n\u0131 \u00e7\u0131kar\u0131n<\/li>\n<li>I\u015f\u0131kl\u0131 tekne ge\u00e7it t\u00f6renini izleyin<\/li>\n<li>Al\u0131\u015fveri\u015f bulvar\u0131nda bo\u015f zaman (yakl. 1-2 saat)<\/li>\n<li>Otelinize d\u00f6n\u00fc\u015f transferi<\/li>\n<\/ul>\n<p>&nbsp;<\/p>\n<\/div>\n<hr \/>\n<p>&nbsp;<\/p>\n<div class=\"tour-content-add-information\">\n<h4>ek bilgi<\/h4>\n<ul>\n<li>S\u00fcre: yakla\u015f\u0131k. 3-4 saat<\/li>\n<li>Temel hareket kabiliyetine sahip konuklar i\u00e7in uygundur<\/li>\n<li>Minimum fiziksel \u00e7aba gerekli<\/li>\n<li>Kalk\u0131\u015ftan 10 dakika \u00f6nce ana otel giri\u015finde haz\u0131r olun<\/li>\n<li>S\u00fcr\u00fcc\u00fc en fazla 5 dakika bekler<\/li>\n<li>\u00dccretsiz seyahat eden 6 ya\u015f\u0131ndan k\u00fc\u00e7\u00fck \u00e7ocuklara ayr\u0131 bir otob\u00fcs koltu\u011fu verilmez; Gerekirse ilave koltuk rezerve edilebilir<\/li>\n<\/ul>\n<p>&nbsp;<\/p>\n<\/div>\n<hr \/>\n<p>&nbsp;<\/p>\n<div class=\"tour-content-cancell-policy\">\n<p><strong>Ne Getirmeli<\/strong><\/p>\n<ul style=\"column-count: 2;\">\n<li>Rahat y\u00fcr\u00fcy\u00fc\u015f ayakkab\u0131s\u0131 \ud83d\udc5f<\/li>\n<li>Hava ko\u015fullar\u0131na uygun giysiler \ud83d\udc5a<\/li>\n<li>Foto\u011fraflar i\u00e7in ak\u0131ll\u0131 telefon veya kamera \ud83d\udcf1<\/li>\n<li>Ki\u015fisel al\u0131mlar i\u00e7in biraz nakit <img decoding=\"async\" class=\"emoji\" role=\"img\" draggable=\"false\" src=\"https:\/\/s.w.org\/images\/core\/emoji\/17.0.2\/svg\/1f4b3.svg\" alt=\"\ud83d\udcb3\" \/><\/li>\n<\/ul>\n<\/div>","protected":false},"excerpt":{"rendered":"<p>Antalya'dan lazerler, f\u0131skiye g\u00f6sterileri, tekne ge\u00e7idi ve al\u0131\u015fveri\u015f ile Land of Legends Gece G\u00f6sterisini deneyimleyin. Otel transferi dahildir.<\/p>","protected":false},"featured_media":13909,"comment_status":"open","ping_status":"closed","template":"","meta":[],"product_brand":[],"product_cat":[15],"product_tag":[],"class_list":{"0":"post-13918","1":"product","2":"type-product","3":"status-publish","4":"has-post-thumbnail","6":"tour_phys-tours","7":"product_cat-non-classe","8":"pa_destination-antalya","10":"first","11":"instock","12":"sale","13":"shipping-taxable","14":"purchasable","15":"product-type-tour_phys"},"_links":{"self":[{"href":"https:\/\/vetatourism.com\/tr\/wp-json\/wp\/v2\/product\/13918","targetHints":{"allow":["GET"]}}],"collection":[{"href":"https:\/\/vetatourism.com\/tr\/wp-json\/wp\/v2\/product"}],"about":[{"href":"https:\/\/vetatourism.com\/tr\/wp-json\/wp\/v2\/types\/product"}],"replies":[{"embeddable":true,"href":"https:\/\/vetatourism.com\/tr\/wp-json\/wp\/v2\/comments?post=13918"}],"wp:featuredmedia":[{"embeddable":true,"href":"https:\/\/vetatourism.com\/tr\/wp-json\/wp\/v2\/media\/13909"}],"wp:attachment":[{"href":"https:\/\/vetatourism.com\/tr\/wp-json\/wp\/v2\/media?parent=13918"}],"wp:term":[{"taxonomy":"product_brand","embeddable":true,"href":"https:\/\/vetatourism.com\/tr\/wp-json\/wp\/v2\/product_brand?post=13918"},{"taxonomy":"product_cat","embeddable":true,"href":"https:\/\/vetatourism.com\/tr\/wp-json\/wp\/v2\/product_cat?post=13918"},{"taxonomy":"product_tag","embeddable":true,"href":"https:\/\/vetatourism.com\/tr\/wp-json\/wp\/v2\/product_tag?post=13918"}],"curies":[{"name":"wp","href":"https:\/\/api.w.org\/{rel}","templated":true}]}}