{"id":13907,"date":"2026-01-30T10:04:12","date_gmt":"2026-01-30T10:04:12","guid":{"rendered":"https:\/\/vetatourism.com\/?post_type=product&#038;p=13907"},"modified":"2026-03-09T05:49:04","modified_gmt":"2026-03-09T05:49:04","slug":"the-land-of-legends-theme-park-tour-from-kemer-waterpark","status":"publish","type":"product","link":"https:\/\/vetatourism.com\/tours\/the-land-of-legends-theme-park-tour-from-kemer-waterpark","title":{"rendered":"Kemer'den Efsaneler Diyar\u0131 Tema Park\u0131 Turu-Su Park\u0131"},"content":{"rendered":"<p>Kemer ve yak\u0131n b\u00f6lgelerden Belek'teki Land of Legends Tema Park\u0131na uygun bir transfer ile maceran\u0131za ba\u015flay\u0131n. 62 Metrelik Hiper Coaster'da ko\u015fu\u015fturmay\u0131 hissedin veya 43 metrelik Typhoon Coaster'dan a\u015fa\u011f\u0131 do\u011fru s\u0131\u00e7ray\u0131n. 40'tan fazla heyecan verici su kayd\u0131ra\u011f\u0131n\u0131 ke\u015ffedin, serinletici havuzlar\u0131n keyfini \u00e7\u0131kar\u0131n veya g\u00fcne\u015fte gev\u015feyin.<\/p>\n<p>Aileler, S\u00fcnger Bob Kare Pantolon ve Pen\u00e7e Devriyesi gibi karakterlere ev sahipli\u011fi yapan Nickelodeon Land'i sevecekler. E\u011flence, temal\u0131 alanlar ve \u00e7ocuk dostu cazibe merkezlerinin kar\u0131\u015f\u0131m\u0131yla park, her ya\u015ftan ziyaret\u00e7iye bir \u015feyler sunuyor.<\/p>\n<p>G\u00fcn boyunca su maceralar\u0131n\u0131n, heyecan s\u00fcr\u00fc\u015flerinin, animasyonlar\u0131n ve unutulmaz anlar\u0131n tad\u0131n\u0131 \u00e7\u0131kar\u0131n. E\u011flence dolu ziyaretinizden sonra, bir \u00f6m\u00fcr boyu s\u00fcrecek an\u0131larla otele d\u00f6n\u00fc\u015f transferinizde rahatlay\u0131n.<\/p>\n<hr \/>\n<p>&nbsp;<\/p>\n<div class=\"tour-content-what-included\">\n<h4 id=\"whats-included\">Neler Dahil<\/h4>\n<ul style=\"column-count: 2;\">\n<li>Kemer ve \u00e7evresindeki otellerden kar\u015f\u0131lama<\/li>\n<li>Belek'te Efsaneler Diyar\u0131na Var\u0131\u015f<\/li>\n<li>Turistik yerler, su park\u0131 aktiviteleri ve Nickelodeon Land i\u00e7in bo\u015f zaman (yakl. 5-6 saat)<\/li>\n<li>Otelinize d\u00f6n\u00fc\u015f transferi<\/li>\n<\/ul>\n<\/div>\n<p>&nbsp;<\/p>\n<hr \/>\n<p>&nbsp;<\/p>\n<div class=\"tour-content-add-information\">\n<h4>ek bilgi<\/h4>\n<ul>\n<li>S\u00fcre: yakla\u015f\u0131k. 7-8 saat (tam g\u00fcnl\u00fck tur)<\/li>\n<li>Temel hareket kabiliyetine sahip konuklar i\u00e7in uygundur<\/li>\n<li>Orta derecede fiziksel aktivite gerekli<\/li>\n<li>Kupon, bilet gi\u015fesinde de\u011fi\u015ftirilmelidir<\/li>\n<li>Park\u0131n \u00e7al\u0131\u015fma saatleri mevsime g\u00f6re de\u011fi\u015fiklik g\u00f6sterebilir<\/li>\n<\/ul>\n<p>&nbsp;<\/p>\n<\/div>\n<hr \/>\n<p>&nbsp;<\/p>\n<div class=\"tour-content-cancell-policy\">\n<p><strong>Ne Getirmeli<\/strong><\/p>\n<ul style=\"column-count: 2;\">\n<li>Mayo ve havlu \ud83d\udc59<\/li>\n<li>Su ayakkab\u0131s\u0131 \ud83d\udc5f<\/li>\n<li>Ki\u015fisel harcamalar i\u00e7in nakit \ud83d\udcb5<\/li>\n<\/ul>\n<\/div>","protected":false},"excerpt":{"rendered":"<p>Kemer'den Land of Legends tema park\u0131 turunun tad\u0131n\u0131 \u00e7\u0131kar\u0131n! T\u00fcrkiye'nin en b\u00fcy\u00fck su park\u0131, heyecan verici kayd\u0131raklar, Nickelodeon Arazisi, havuzlar ve aile e\u011flencesi sunmaktad\u0131r \u2014 hepsi otel transferleri dahildir.<\/p>","protected":false},"featured_media":13898,"comment_status":"open","ping_status":"closed","template":"","meta":[],"product_brand":[],"product_cat":[15],"product_tag":[],"class_list":{"0":"post-13907","1":"product","2":"type-product","3":"status-publish","4":"has-post-thumbnail","6":"tour_phys-tours","7":"product_cat-non-classe","8":"pa_destination-kemer","10":"first","11":"instock","12":"sale","13":"shipping-taxable","14":"purchasable","15":"product-type-tour_phys"},"_links":{"self":[{"href":"https:\/\/vetatourism.com\/tr\/wp-json\/wp\/v2\/product\/13907","targetHints":{"allow":["GET"]}}],"collection":[{"href":"https:\/\/vetatourism.com\/tr\/wp-json\/wp\/v2\/product"}],"about":[{"href":"https:\/\/vetatourism.com\/tr\/wp-json\/wp\/v2\/types\/product"}],"replies":[{"embeddable":true,"href":"https:\/\/vetatourism.com\/tr\/wp-json\/wp\/v2\/comments?post=13907"}],"wp:featuredmedia":[{"embeddable":true,"href":"https:\/\/vetatourism.com\/tr\/wp-json\/wp\/v2\/media\/13898"}],"wp:attachment":[{"href":"https:\/\/vetatourism.com\/tr\/wp-json\/wp\/v2\/media?parent=13907"}],"wp:term":[{"taxonomy":"product_brand","embeddable":true,"href":"https:\/\/vetatourism.com\/tr\/wp-json\/wp\/v2\/product_brand?post=13907"},{"taxonomy":"product_cat","embeddable":true,"href":"https:\/\/vetatourism.com\/tr\/wp-json\/wp\/v2\/product_cat?post=13907"},{"taxonomy":"product_tag","embeddable":true,"href":"https:\/\/vetatourism.com\/tr\/wp-json\/wp\/v2\/product_tag?post=13907"}],"curies":[{"name":"wp","href":"https:\/\/api.w.org\/{rel}","templated":true}]}}