{"id":13904,"date":"2026-01-30T09:54:21","date_gmt":"2026-01-30T09:54:21","guid":{"rendered":"https:\/\/vetatourism.com\/?post_type=product&#038;p=13904"},"modified":"2026-03-09T05:49:16","modified_gmt":"2026-03-09T05:49:16","slug":"the-land-of-legends-theme-park-tour-from-belek-waterpark","status":"publish","type":"product","link":"https:\/\/vetatourism.com\/tours\/the-land-of-legends-theme-park-tour-from-belek-waterpark","title":{"rendered":"Belek'ten Efsaneler Diyar\u0131 Tema Park\u0131 Turu-Su Park\u0131"},"content":{"rendered":"<p data-start=\"1356\" data-end=\"1705\">G\u00fcne Belek, Kadriye veya Bo\u011fazkent'ten Belek'teki Land of Legends Tema Park\u0131na sorunsuz bir transferle ba\u015flay\u0131n. 62 metrede y\u00fckselen Hiper Coaster ile do\u011frudan maceraya atlay\u0131n veya 43 metrelik Tayfun Coaster'\u0131n heyecan verici d\u00fc\u015f\u00fc\u015f\u00fcn\u00fcn tad\u0131n\u0131 \u00e7\u0131kar\u0131n. 40'tan fazla kayd\u0131rakla, \u00e7ocuklardan adrenalin severlere kadar her ziyaret\u00e7i keyif ald\u0131klar\u0131 bir s\u00fcr\u00fc\u015f bulacak.<\/p>\n<p data-start=\"1707\" data-end=\"1949\">Aileler ke\u015ffedebilir <strong data-start=\"1728\" data-end=\"1748\">Nickelodeon \u00dclkesi<\/strong>s\u00fcnger Bob ve Pen\u00e7e Devriyesi gibi sevilen karakterlerin unutulmaz an\u0131lar yaratt\u0131\u011f\u0131 yer. \u0130ster y\u00fcksek enerjili cazibe merkezleri ister dinlendirici havuz zaman\u0131 ar\u0131yorsan\u0131z, park herkes i\u00e7in bir \u015feyler sunuyor.<\/p>\n<p data-start=\"1951\" data-end=\"2130\">G\u00fcn\u00fcn\u00fcz\u00fc dev havuzlar\u0131, temal\u0131 kayd\u0131raklar\u0131, aktivite b\u00f6lgelerini ve animasyon \u015fovlar\u0131n\u0131 ke\u015ffederek ge\u00e7irin. Saatlerce s\u00fcren heyecan ve aile e\u011flencesinden sonra otelinize konforlu bir transferin keyfini \u00e7\u0131kar\u0131n.<\/p>\n<p>&nbsp;<\/p>\n<hr \/>\n<p>&nbsp;<\/p>\n<div class=\"tour-content-what-included\">\n<h4 id=\"whats-included\">Neler Dahil<\/h4>\n<ul style=\"column-count: 2;\">\n<li>Belek, Kadriye ve Bo\u011fazkent otellerinden teslim alma<\/li>\n<li>Belek'te Efsaneler Diyar\u0131na Var\u0131\u015f<\/li>\n<li>Turistik yerler, su park\u0131 ve Nickelodeon Arazisi i\u00e7in bo\u015f zaman (yakl. 5-6 saat)<\/li>\n<li>Otelinize d\u00f6n\u00fc\u015f transferi<\/li>\n<\/ul>\n<\/div>\n<p>&nbsp;<\/p>\n<hr \/>\n<p>&nbsp;<\/p>\n<div class=\"tour-content-add-information\">\n<h4>ek bilgi<\/h4>\n<ul>\n<li>S\u00fcre: yakla\u015f\u0131k. 7-8 saat (tam g\u00fcnl\u00fck tur)<\/li>\n<li>Temel hareket kabiliyetine sahip konuklar i\u00e7in uygundur<\/li>\n<li>Orta derecede fiziksel aktivite gerekli<\/li>\n<li>Kupon, bilet gi\u015fesinde de\u011fi\u015ftirilmelidir<\/li>\n<li>Park\u0131n \u00e7al\u0131\u015fma saatleri mevsime g\u00f6re de\u011fi\u015fiklik g\u00f6sterebilir<\/li>\n<\/ul>\n<p>&nbsp;<\/p>\n<\/div>\n<hr \/>\n<p>&nbsp;<\/p>\n<div class=\"tour-content-cancell-policy\">\n<p><strong>Ne Getirmeli<\/strong><\/p>\n<ul style=\"column-count: 2;\">\n<li>Mayo ve havlu \ud83d\udc59<\/li>\n<li>Su ayakkab\u0131s\u0131 \ud83d\udc5f<\/li>\n<li>Ki\u015fisel harcamalar i\u00e7in nakit \ud83d\udcb5<\/li>\n<\/ul>\n<\/div>","protected":false},"excerpt":{"rendered":"<p>Belek'ten Land of Legends tema park\u0131 turunun tad\u0131n\u0131 \u00e7\u0131kar\u0131n! T\u00fcrkiye'nin en b\u00fcy\u00fck su park\u0131, hepsi otel transferleri dahil olmak \u00fczere ekstrem kayd\u0131raklar, Nickelodeon Arazisi, havuzlar ve tam aile e\u011flencesi sunmaktad\u0131r.<\/p>","protected":false},"featured_media":13898,"comment_status":"open","ping_status":"closed","template":"","meta":[],"product_brand":[],"product_cat":[15],"product_tag":[],"class_list":{"0":"post-13904","1":"product","2":"type-product","3":"status-publish","4":"has-post-thumbnail","6":"tour_phys-tours","7":"product_cat-non-classe","8":"pa_destination-belek","10":"first","11":"instock","12":"sale","13":"shipping-taxable","14":"purchasable","15":"product-type-tour_phys"},"_links":{"self":[{"href":"https:\/\/vetatourism.com\/tr\/wp-json\/wp\/v2\/product\/13904","targetHints":{"allow":["GET"]}}],"collection":[{"href":"https:\/\/vetatourism.com\/tr\/wp-json\/wp\/v2\/product"}],"about":[{"href":"https:\/\/vetatourism.com\/tr\/wp-json\/wp\/v2\/types\/product"}],"replies":[{"embeddable":true,"href":"https:\/\/vetatourism.com\/tr\/wp-json\/wp\/v2\/comments?post=13904"}],"wp:featuredmedia":[{"embeddable":true,"href":"https:\/\/vetatourism.com\/tr\/wp-json\/wp\/v2\/media\/13898"}],"wp:attachment":[{"href":"https:\/\/vetatourism.com\/tr\/wp-json\/wp\/v2\/media?parent=13904"}],"wp:term":[{"taxonomy":"product_brand","embeddable":true,"href":"https:\/\/vetatourism.com\/tr\/wp-json\/wp\/v2\/product_brand?post=13904"},{"taxonomy":"product_cat","embeddable":true,"href":"https:\/\/vetatourism.com\/tr\/wp-json\/wp\/v2\/product_cat?post=13904"},{"taxonomy":"product_tag","embeddable":true,"href":"https:\/\/vetatourism.com\/tr\/wp-json\/wp\/v2\/product_tag?post=13904"}],"curies":[{"name":"wp","href":"https:\/\/api.w.org\/{rel}","templated":true}]}}