{"id":13897,"date":"2026-01-30T09:53:59","date_gmt":"2026-01-30T09:53:59","guid":{"rendered":"https:\/\/vetatourism.com\/?post_type=product&#038;p=13897"},"modified":"2026-03-09T05:49:22","modified_gmt":"2026-03-09T05:49:22","slug":"the-land-of-legends-theme-park-tour-from-side-waterpark","status":"publish","type":"product","link":"https:\/\/vetatourism.com\/tours\/the-land-of-legends-theme-park-tour-from-side-waterpark","title":{"rendered":"Side'den Efsaneler \u00dclkesi Tema Park\u0131 Turu-Su Park\u0131"},"content":{"rendered":"<p data-start=\"1365\" data-end=\"1657\">Side ve yak\u0131n b\u00f6lgelerden Belek'teki Land of Legends Tema Park\u0131na konforlu bir transfer ile g\u00fcne ba\u015flay\u0131n. 62 Metrelik Hiper Coaster'\u0131n heyecan\u0131n\u0131 veya 43 metrelik Tayfun Coaster'\u0131n dramatik d\u00fc\u015f\u00fc\u015f\u00fcn\u00fc hissedin. 40'tan fazla kayd\u0131ra\u011f\u0131 bulunan su park\u0131, her ya\u015f i\u00e7in sonsuz e\u011flence sunuyor.<\/p>\n<p data-start=\"1659\" data-end=\"1905\">Aileler sevecek <strong data-start=\"1678\" data-end=\"1698\">Nickelodeon \u00dclkesi<\/strong>, SpongeBob SquarePants ve Paw Patrol gibi pop\u00fcler karakterlere ev sahipli\u011fi yap\u0131yor. Heyecan verici s\u00fcr\u00fc\u015flerden rahatlat\u0131c\u0131 havuz alanlar\u0131na kadar park, her ya\u015f grubundaki ziyaret\u00e7iler i\u00e7in m\u00fckemmel bir heyecan ve konfor kar\u0131\u015f\u0131m\u0131 sunuyor.<\/p>\n<p data-start=\"1907\" data-end=\"2061\">\u0130lgi \u00e7ekici yerlerin, havuzlar\u0131n, temal\u0131 b\u00f6lgelerin ve park animasyonlar\u0131n\u0131n tad\u0131n\u0131 \u00e7\u0131kard\u0131ktan sonra, unutulmaz an\u0131larla otelinize d\u00f6n\u00fc\u015f transferiniz s\u0131ras\u0131nda rahatlay\u0131n.<\/p>\n<p>&nbsp;<\/p>\n<div style=\"max-width: 360px; margin: 0;\">\n<div style=\"position: relative; padding-top: 177.77%;\"><iframe style=\"position: absolute; top: 0; left: 0; width: 100%; height: 100%; border: 0;\" src=\"https:\/\/www.youtube.com\/embed\/St3lKbdWbVE\" allowfullscreen=\"allowfullscreen\"><br \/>\n<\/iframe><\/div>\n<\/div>\n<hr \/>\n<p>&nbsp;<\/p>\n<div class=\"tour-content-what-included\">\n<h4 id=\"whats-included\">Neler Dahil<\/h4>\n<ul style=\"column-count: 2;\">\n<li>Pickup from hotels in Side, Kumk\u00f6y, Evrenseki, \u00c7olakl\u0131 &amp; Manavgat<\/li>\n<li>Belek'te Efsaneler Diyar\u0131na Var\u0131\u015f<\/li>\n<li>Gezintiler, kayd\u0131raklar, havuzlar ve Nickelodeon Arazisi i\u00e7in bo\u015f zaman (yakl. 5-6 saat)<\/li>\n<li>Otele d\u00f6n\u00fc\u015f transferi<\/li>\n<\/ul>\n<\/div>\n<p>&nbsp;<\/p>\n<hr \/>\n<p>&nbsp;<\/p>\n<div class=\"tour-content-add-information\">\n<h4>ek bilgi<\/h4>\n<ul>\n<li>S\u00fcre: yakla\u015f\u0131k. 7-8 saat (tam g\u00fcnl\u00fck tur)<\/li>\n<li>Temel hareket kabiliyetine sahip konuklar i\u00e7in uygundur<\/li>\n<li>Orta derecede fiziksel aktivite gerekli<\/li>\n<li>Kupon, bilet gi\u015fesinde de\u011fi\u015ftirilmelidir<\/li>\n<li>Park\u0131n \u00e7al\u0131\u015fma saatleri mevsime g\u00f6re de\u011fi\u015fiklik g\u00f6sterebilir<\/li>\n<\/ul>\n<p>&nbsp;<\/p>\n<\/div>\n<hr \/>\n<p>&nbsp;<\/p>\n<div class=\"tour-content-cancell-policy\">\n<p><strong>Ne Getirmeli<\/strong><\/p>\n<ul style=\"column-count: 2;\">\n<li>Mayo ve havlu \ud83d\udc59<\/li>\n<li>Su ayakkab\u0131s\u0131 \ud83d\udc5f<\/li>\n<li>Ki\u015fisel harcamalar i\u00e7in nakit \ud83d\udcb5<\/li>\n<\/ul>\n<\/div>","protected":false},"excerpt":{"rendered":"<p>Side'den Land of Legends tema park\u0131 turunun tad\u0131n\u0131 \u00e7\u0131kar\u0131n! T\u00fcrkiye'nin en b\u00fcy\u00fck su park\u0131nda heyecan verici kayd\u0131raklar, Nickelodeon Arazisi, havuzlar ve otel transferleri dahil tam aile e\u011flencesi bulunmaktad\u0131r.<\/p>","protected":false},"featured_media":13898,"comment_status":"open","ping_status":"closed","template":"","meta":[],"product_brand":[],"product_cat":[15],"product_tag":[],"class_list":{"0":"post-13897","1":"product","2":"type-product","3":"status-publish","4":"has-post-thumbnail","6":"tour_phys-tours","7":"product_cat-non-classe","8":"pa_destination-side","10":"first","11":"instock","12":"sale","13":"shipping-taxable","14":"purchasable","15":"product-type-tour_phys"},"_links":{"self":[{"href":"https:\/\/vetatourism.com\/tr\/wp-json\/wp\/v2\/product\/13897","targetHints":{"allow":["GET"]}}],"collection":[{"href":"https:\/\/vetatourism.com\/tr\/wp-json\/wp\/v2\/product"}],"about":[{"href":"https:\/\/vetatourism.com\/tr\/wp-json\/wp\/v2\/types\/product"}],"replies":[{"embeddable":true,"href":"https:\/\/vetatourism.com\/tr\/wp-json\/wp\/v2\/comments?post=13897"}],"wp:featuredmedia":[{"embeddable":true,"href":"https:\/\/vetatourism.com\/tr\/wp-json\/wp\/v2\/media\/13898"}],"wp:attachment":[{"href":"https:\/\/vetatourism.com\/tr\/wp-json\/wp\/v2\/media?parent=13897"}],"wp:term":[{"taxonomy":"product_brand","embeddable":true,"href":"https:\/\/vetatourism.com\/tr\/wp-json\/wp\/v2\/product_brand?post=13897"},{"taxonomy":"product_cat","embeddable":true,"href":"https:\/\/vetatourism.com\/tr\/wp-json\/wp\/v2\/product_cat?post=13897"},{"taxonomy":"product_tag","embeddable":true,"href":"https:\/\/vetatourism.com\/tr\/wp-json\/wp\/v2\/product_tag?post=13897"}],"curies":[{"name":"wp","href":"https:\/\/api.w.org\/{rel}","templated":true}]}}