{"id":13896,"date":"2026-01-30T09:40:03","date_gmt":"2026-01-30T09:40:03","guid":{"rendered":"https:\/\/vetatourism.com\/?post_type=product&#038;p=13896"},"modified":"2026-04-09T08:52:49","modified_gmt":"2026-04-09T08:52:49","slug":"belek-turkish-bath-hamam-traditional-spa-experience","status":"publish","type":"product","link":"https:\/\/vetatourism.com\/tours\/belek-turkish-bath-hamam-traditional-spa-experience","title":{"rendered":"Belek T\u00fcrk Hamam\u0131 Hamam\u0131 ve Geleneksel Spa Deneyimi"},"content":{"rendered":"<p>Deneyiminiz, Belek'teki otelinizden veya yak\u0131n b\u00f6lgelerden konforlu bir kar\u015f\u0131lama ile ba\u015flar. Geleneksel T\u00fcrk hamam\u0131na vard\u0131\u011f\u0131n\u0131zda sauna ve buhar odas\u0131nda sa\u011fl\u0131kl\u0131 ya\u015fam yolculu\u011funuza ba\u015flayacak, v\u00fccudunuzun rahatlamas\u0131na ve g\u00f6zeneklerinizin do\u011fal olarak a\u00e7\u0131lmas\u0131na yard\u0131mc\u0131 olacaks\u0131n\u0131z.<\/p>\n<p>Ard\u0131ndan, \u00f6l\u00fc cildi temizlemek i\u00e7in bir v\u00fccut ovman\u0131n ve ard\u0131ndan cildinizi yumu\u015fak ve tazelenmi\u015f b\u0131rakan klasik bir k\u00f6p\u00fck masaj\u0131n\u0131n keyfini \u00e7\u0131kar\u0131n. Daha sonra y\u00fcz\u00fcn\u00fcz\u00fc temizlemek ve detoksifiye etmek i\u00e7in bir kil maskesi uygulan\u0131r.<\/p>\n<p>Biraz dinlendikten veya havuzda y\u00fczd\u00fckten sonra, gerginli\u011fi gidermek ve dengeyi sa\u011flamak i\u00e7in tasarlanm\u0131\u015f 20 dakikal\u0131k aromaterapi ya\u011f\u0131 masaj\u0131 ile deneyiminiz devam ediyor. Otelinize tamamen yenilenmi\u015f olarak d\u00f6nmeden \u00f6nce ziyaretinizi s\u0131cak bir fincan T\u00fcrk \u00e7ay\u0131 ile bitirin.<\/p>\n<p>&nbsp;<\/p>\n<hr \/>\n<p>&nbsp;<\/p>\n<div class=\"tour-content-what-included\">\n<h4 id=\"whats-included\">Neler Dahil<\/h4>\n<ul style=\"column-count: 2;\">\n<li>Belek, Kadriye ve Bo\u011fazkent otellerinden kar\u015f\u0131lama<\/li>\n<li>T\u00fcrk hamam\u0131na var\u0131\u015f<\/li>\n<li>Sauna ve buhar odas\u0131 seans\u0131<\/li>\n<li>V\u00fccut ovma ve k\u00f6p\u00fck masaj\u0131<\/li>\n<li>Kil y\u00fcz maskesi ve havuz zaman\u0131<\/li>\n<li>Aromaterapi ya\u011f\u0131 masaj\u0131<\/li>\n<li>Otele d\u00f6n\u00fc\u015f transferi<\/li>\n<\/ul>\n<\/div>\n<p>&nbsp;<\/p>\n<hr \/>\n<p>&nbsp;<\/p>\n<div class=\"tour-content-add-information\">\n<h4>ek bilgi<\/h4>\n<ul>\n<li>S\u00fcre: yakla\u015f\u0131k. 2.5-3 saat<\/li>\n<li>Sauna ve buhar odas\u0131 i\u00e7in zaman s\u0131n\u0131r\u0131 yoktur<\/li>\n<li>Erkekler ve kad\u0131nlar i\u00e7in uygun<\/li>\n<li>Talep \u00fczerine \u00f6zel se\u00e7enekler mevcuttur<\/li>\n<li>12 Ya\u015f\u0131n alt\u0131ndaki \u00e7ocuklar ebeveyn g\u00f6zetiminde kat\u0131labilir<\/li>\n<\/ul>\n<\/div>\n<p>&nbsp;<\/p>\n<hr \/>\n<p>&nbsp;<\/p>\n<div class=\"tour-content-cancell-policy\">\n<p><strong>Ne Getirmeli<\/strong><\/p>\n<ul style=\"column-count: 2;\">\n<li>Mayo \ud83d\udc59<\/li>\n<li>Havlu (spada temin edilebilir) \u2640 \u2640 \ufe0f<\/li>\n<li>Terlik veya parmak aras\u0131 terlik\ud83e\ude74<\/li>\n<\/ul>\n<\/div>","protected":false},"excerpt":{"rendered":"<p>Belek'te sauna, kese, k\u00f6p\u00fck masaj\u0131 ve aromaterapi i\u00e7eren geleneksel T\u00fcrk hamam\u0131nda dinlenebilirsiniz. Otel transferi dahildir. Bedeni ve zihni yenileyin.<\/p>","protected":false},"featured_media":13865,"comment_status":"open","ping_status":"closed","template":"","meta":[],"product_brand":[],"product_cat":[],"product_tag":[],"class_list":{"0":"post-13896","1":"product","2":"type-product","3":"status-publish","4":"has-post-thumbnail","6":"tour_phys-tours","7":"pa_destination-belek","9":"first","10":"instock","11":"shipping-taxable","12":"purchasable","13":"product-type-tour_phys"},"_links":{"self":[{"href":"https:\/\/vetatourism.com\/tr\/wp-json\/wp\/v2\/product\/13896","targetHints":{"allow":["GET"]}}],"collection":[{"href":"https:\/\/vetatourism.com\/tr\/wp-json\/wp\/v2\/product"}],"about":[{"href":"https:\/\/vetatourism.com\/tr\/wp-json\/wp\/v2\/types\/product"}],"replies":[{"embeddable":true,"href":"https:\/\/vetatourism.com\/tr\/wp-json\/wp\/v2\/comments?post=13896"}],"wp:featuredmedia":[{"embeddable":true,"href":"https:\/\/vetatourism.com\/tr\/wp-json\/wp\/v2\/media\/13865"}],"wp:attachment":[{"href":"https:\/\/vetatourism.com\/tr\/wp-json\/wp\/v2\/media?parent=13896"}],"wp:term":[{"taxonomy":"product_brand","embeddable":true,"href":"https:\/\/vetatourism.com\/tr\/wp-json\/wp\/v2\/product_brand?post=13896"},{"taxonomy":"product_cat","embeddable":true,"href":"https:\/\/vetatourism.com\/tr\/wp-json\/wp\/v2\/product_cat?post=13896"},{"taxonomy":"product_tag","embeddable":true,"href":"https:\/\/vetatourism.com\/tr\/wp-json\/wp\/v2\/product_tag?post=13896"}],"curies":[{"name":"wp","href":"https:\/\/api.w.org\/{rel}","templated":true}]}}