{"id":13863,"date":"2026-01-30T08:09:01","date_gmt":"2026-01-30T08:09:01","guid":{"rendered":"https:\/\/vetatourism.com\/?post_type=product&#038;p=13863"},"modified":"2026-04-09T08:54:07","modified_gmt":"2026-04-09T08:54:07","slug":"side-turkish-bath-hamam-traditional-spa-experience","status":"publish","type":"product","link":"https:\/\/vetatourism.com\/tours\/side-turkish-bath-hamam-traditional-spa-experience","title":{"rendered":"Side T\u00fcrk Hamam\u0131 Hamam &amp; Geleneksel Spa Deneyimi"},"content":{"rendered":"<p data-start=\"4269\" data-end=\"4473\">Dinlendirici g\u00fcn\u00fcn\u00fcz Side'deki veya \u00e7evresindeki otelinizden bir kar\u015f\u0131lama ile ba\u015flar. T\u00fcrk hamam\u0131na vard\u0131\u011f\u0131n\u0131zda, v\u00fccudunuzu tedaviye haz\u0131rlamak i\u00e7in sauna ve buhar odas\u0131nda deneyiminize ba\u015flay\u0131n.<\/p>\n<p data-start=\"4475\" data-end=\"4659\">Cildinizi pul pul d\u00f6kmek i\u00e7in t\u00fcm v\u00fccut peelinginin ve ard\u0131ndan en sevilen hamam geleneklerinden biri olan zengin bir k\u00f6p\u00fck masaj\u0131n\u0131n tad\u0131n\u0131 \u00e7\u0131kar\u0131n. Daha sonra y\u00fcz\u00fcn\u00fcz\u00fc temizlemek ve yenilemek i\u00e7in bir kil maskesi uygulan\u0131r.<\/p>\n<p data-start=\"4661\" data-end=\"4859\">Dinlendikten veya y\u00fczd\u00fckten sonra v\u00fccudunuzu tamamen rahatlatan 20 dakikal\u0131k aromaterapi ya\u011f\u0131 masaj\u0131 ile ziyaretinizi tamamlay\u0131n. Otele d\u00f6nmeden \u00f6nce bir fincan geleneksel T\u00fcrk \u00e7ay\u0131n\u0131n tad\u0131n\u0131 \u00e7\u0131kar\u0131n.<\/p>\n<p>&nbsp;<\/p>\n<hr \/>\n<p>&nbsp;<\/p>\n<div class=\"tour-content-what-included\">\n<h4 id=\"whats-included\">Neler Dahil<\/h4>\n<ul style=\"column-count: 2;\">\n<li>Side ve \u00e7evresindeki otellerden kar\u015f\u0131lama<\/li>\n<li>T\u00fcrk hamam\u0131na var\u0131\u015f<\/li>\n<li>Sauna ve buhar odas\u0131 seans\u0131<\/li>\n<li>V\u00fccut ovma ve k\u00f6p\u00fck masaj\u0131<\/li>\n<li>Kil y\u00fcz maskesi ve havuz zaman\u0131<\/li>\n<li>Aromaterapi ya\u011f\u0131 masaj\u0131<\/li>\n<li>Otele d\u00f6n\u00fc\u015f transferi<\/li>\n<\/ul>\n<\/div>\n<p>&nbsp;<\/p>\n<hr \/>\n<p>&nbsp;<\/p>\n<div class=\"tour-content-add-information\">\n<h4>ek bilgi<\/h4>\n<ul>\n<li>S\u00fcre: yakla\u015f\u0131k. 2.5-3 saat<\/li>\n<li>Sauna ve buhar odas\u0131 i\u00e7in zaman s\u0131n\u0131r\u0131 yoktur<\/li>\n<li>Erkekler ve kad\u0131nlar i\u00e7in uygun<\/li>\n<li>Talep \u00fczerine \u00f6zel se\u00e7enekler mevcuttur<\/li>\n<li>12 Ya\u015f\u0131n alt\u0131ndaki \u00e7ocuklar ebeveyn g\u00f6zetiminde kat\u0131labilir<\/li>\n<\/ul>\n<p>&nbsp;<\/p>\n<\/div>\n<hr \/>\n<p>&nbsp;<\/p>\n<div class=\"tour-content-cancell-policy\">\n<p><strong>Ne Getirmeli<\/strong><\/p>\n<ul style=\"column-count: 2;\">\n<li>Mayo \ud83d\udc59<\/li>\n<li>Havlu (spada temin edilebilir) \u2640 \u2640 \ufe0f<\/li>\n<li>Terlik veya parmak aras\u0131 terlik\ud83e\ude74<\/li>\n<\/ul>\n<\/div>","protected":false},"excerpt":{"rendered":"<p>Side'de sauna, kese, k\u00f6p\u00fck masaj\u0131 ve aromaterapi i\u00e7eren geleneksel T\u00fcrk hamam\u0131n\u0131n keyfini \u00e7\u0131karabilirsiniz. Otel transferi ile rahatlat\u0131c\u0131 bir spa deneyimi.<\/p>","protected":false},"featured_media":13865,"comment_status":"open","ping_status":"closed","template":"","meta":[],"product_brand":[],"product_cat":[],"product_tag":[],"class_list":{"0":"post-13863","1":"product","2":"type-product","3":"status-publish","4":"has-post-thumbnail","6":"tour_phys-tours","7":"pa_destination-side","9":"first","10":"instock","11":"shipping-taxable","12":"purchasable","13":"product-type-tour_phys"},"_links":{"self":[{"href":"https:\/\/vetatourism.com\/tr\/wp-json\/wp\/v2\/product\/13863","targetHints":{"allow":["GET"]}}],"collection":[{"href":"https:\/\/vetatourism.com\/tr\/wp-json\/wp\/v2\/product"}],"about":[{"href":"https:\/\/vetatourism.com\/tr\/wp-json\/wp\/v2\/types\/product"}],"replies":[{"embeddable":true,"href":"https:\/\/vetatourism.com\/tr\/wp-json\/wp\/v2\/comments?post=13863"}],"wp:featuredmedia":[{"embeddable":true,"href":"https:\/\/vetatourism.com\/tr\/wp-json\/wp\/v2\/media\/13865"}],"wp:attachment":[{"href":"https:\/\/vetatourism.com\/tr\/wp-json\/wp\/v2\/media?parent=13863"}],"wp:term":[{"taxonomy":"product_brand","embeddable":true,"href":"https:\/\/vetatourism.com\/tr\/wp-json\/wp\/v2\/product_brand?post=13863"},{"taxonomy":"product_cat","embeddable":true,"href":"https:\/\/vetatourism.com\/tr\/wp-json\/wp\/v2\/product_cat?post=13863"},{"taxonomy":"product_tag","embeddable":true,"href":"https:\/\/vetatourism.com\/tr\/wp-json\/wp\/v2\/product_tag?post=13863"}],"curies":[{"name":"wp","href":"https:\/\/api.w.org\/{rel}","templated":true}]}}