{"id":13862,"date":"2026-01-30T08:02:56","date_gmt":"2026-01-30T08:02:56","guid":{"rendered":"https:\/\/vetatourism.com\/?post_type=product&#038;p=13862"},"modified":"2026-04-09T08:57:57","modified_gmt":"2026-04-09T08:57:57","slug":"olympos-teleferik-cable-car-to-tahtali-mountain-from-belek-2365m","status":"publish","type":"product","link":"https:\/\/vetatourism.com\/tours\/olympos-teleferik-cable-car-to-tahtali-mountain-from-belek-2365m","title":{"rendered":"Olympos Teleferik Teleferik ile Belek'ten Tahtal\u0131 Da\u011f\u0131'na (2365m)"},"content":{"rendered":"<p data-start=\"4422\" data-end=\"4614\">G\u00fcn\u00fcn\u00fcz Side veya \u00e7evresindeki otelinizden al\u0131nman\u0131zla ba\u015flar. Olympos Teleferik baz istasyonuna ula\u015fmadan \u00f6nce Beyda\u011flar\u0131 Milli Park\u0131'nda do\u011fal bir s\u00fcr\u00fc\u015f s\u0131ras\u0131nda rahatlay\u0131n.<\/p>\n<p data-start=\"4616\" data-end=\"4834\">Modern bir teleferik kabininde, yakla\u015f\u0131k 10-12 dakikada 2.365 metreye t\u0131rmanarak sorunsuz bir y\u00fckseli\u015fin keyfini \u00e7\u0131kar\u0131n. Y\u00fckselirken ormanlar\u0131n, da\u011flar\u0131n ve a\u015fa\u011f\u0131da uzanan Akdeniz k\u0131y\u0131 \u015feridinin nefes kesici manzaralar\u0131na hayran kalacaks\u0131n\u0131z.<\/p>\n<p data-start=\"4836\" data-end=\"5057\">Zirvede, g\u00f6r\u00fcnt\u00fcleme platformlar\u0131n\u0131 ke\u015ffetmek, foto\u011fraf \u00e7ekmek, hediyelik e\u015fya d\u00fckkanlar\u0131n\u0131 ziyaret etmek veya sadece dinlenmek ve temiz da\u011f havas\u0131n\u0131n tad\u0131n\u0131 \u00e7\u0131karmak i\u00e7in yakla\u015f\u0131k bir saatlik serbest zaman\u0131n tad\u0131n\u0131 \u00e7\u0131kar\u0131n. Daha sonra teleferikle a\u015fa\u011f\u0131 inin ve otelinize d\u00f6n\u00fcn.<\/p>\n<p>&nbsp;<\/p>\n<hr \/>\n<p>&nbsp;<\/p>\n<div class=\"tour-content-what-included\">\n<h4 id=\"whats-included\">Neler Dahil<\/h4>\n<ul style=\"column-count: 2;\">\n<li>Side ve \u00e7evresindeki otellerden teslim alma<\/li>\n<li>Beyda\u011flar\u0131 Milli Park\u0131'ndan do\u011fal s\u00fcr\u00fc\u015f<\/li>\n<li>Olympos Teleferik istasyonuna var\u0131\u015f<\/li>\n<li>Tahtal\u0131 Da\u011f\u0131 zirvesine teleferik yolculu\u011fu<\/li>\n<li>Zirvede serbest zaman (yakla\u015f\u0131k 1 saat)<\/li>\n<li>Otele d\u00f6n\u00fc\u015f transferi<\/li>\n<\/ul>\n<\/div>\n<p>&nbsp;<\/p>\n<hr \/>\n<p>&nbsp;<\/p>\n<div class=\"tour-content-add-information\">\n<h4>ek bilgi<\/h4>\n<ul>\n<li>Tur s\u00fcresi: yakla\u015f\u0131k 4-5 saat<\/li>\n<li>Teleferik yolculu\u011fu s\u00fcresi: 10-12 dakika<\/li>\n<li>Zirvede daha serin s\u0131cakl\u0131klar<\/li>\n<li>Otob\u00fcs doluysa, \u00fccretsiz \u00e7ocuklara ayr\u0131 bir otob\u00fcs koltu\u011fu verilmeyebilir<\/li>\n<\/ul>\n<p>&nbsp;<\/p>\n<\/div>\n<hr \/>\n<p>&nbsp;<\/p>\n<div class=\"tour-content-cancell-policy\">\n<p><strong>Ne Getirmeli<\/strong><\/p>\n<ul style=\"column-count: 2;\">\n<li>Rahat ayakkab\u0131lar\ud83d\udc5f<\/li>\n<li>Sunglasses\ud83d\udd76\ufe0f<\/li>\n<li>Hafif ceket veya kazak\ud83e\udde5<\/li>\n<li>Kamera veya ak\u0131ll\u0131 telefon \ud83d\udcf1<\/li>\n<\/ul>\n<\/div>","protected":false},"excerpt":{"rendered":"<p>Ride the Olympos Cable Car from Belek to Tahtal\u0131 Mountain at 2365m. Enjoy panoramic views, fresh air and hotel transfers included.<\/p>","protected":false},"featured_media":13854,"comment_status":"open","ping_status":"closed","template":"","meta":[],"product_brand":[],"product_cat":[],"product_tag":[],"class_list":{"0":"post-13862","1":"product","2":"type-product","3":"status-publish","4":"has-post-thumbnail","6":"tour_phys-tours","7":"pa_destination-belek","9":"first","10":"instock","11":"shipping-taxable","12":"purchasable","13":"product-type-tour_phys"},"_links":{"self":[{"href":"https:\/\/vetatourism.com\/tr\/wp-json\/wp\/v2\/product\/13862","targetHints":{"allow":["GET"]}}],"collection":[{"href":"https:\/\/vetatourism.com\/tr\/wp-json\/wp\/v2\/product"}],"about":[{"href":"https:\/\/vetatourism.com\/tr\/wp-json\/wp\/v2\/types\/product"}],"replies":[{"embeddable":true,"href":"https:\/\/vetatourism.com\/tr\/wp-json\/wp\/v2\/comments?post=13862"}],"wp:featuredmedia":[{"embeddable":true,"href":"https:\/\/vetatourism.com\/tr\/wp-json\/wp\/v2\/media\/13854"}],"wp:attachment":[{"href":"https:\/\/vetatourism.com\/tr\/wp-json\/wp\/v2\/media?parent=13862"}],"wp:term":[{"taxonomy":"product_brand","embeddable":true,"href":"https:\/\/vetatourism.com\/tr\/wp-json\/wp\/v2\/product_brand?post=13862"},{"taxonomy":"product_cat","embeddable":true,"href":"https:\/\/vetatourism.com\/tr\/wp-json\/wp\/v2\/product_cat?post=13862"},{"taxonomy":"product_tag","embeddable":true,"href":"https:\/\/vetatourism.com\/tr\/wp-json\/wp\/v2\/product_tag?post=13862"}],"curies":[{"name":"wp","href":"https:\/\/api.w.org\/{rel}","templated":true}]}}