{"id":13843,"date":"2026-01-30T07:01:54","date_gmt":"2026-01-30T07:01:54","guid":{"rendered":"https:\/\/vetatourism.com\/?post_type=product&#038;p=13843"},"modified":"2026-03-09T05:49:52","modified_gmt":"2026-03-09T05:49:52","slug":"belek-jeep-safari-tour-explore-taurus-mountains","status":"publish","type":"product","link":"https:\/\/vetatourism.com\/tours\/belek-jeep-safari-tour-explore-taurus-mountains","title":{"rendered":"Belek Jeep Safari Turu - Toros Da\u011flar\u0131n\u0131 Ke\u015ffedin"},"content":{"rendered":"<div data-start=\"1373\" data-end=\"1664\">\n<div data-start=\"1373\" data-end=\"1664\">\n<div data-start=\"1351\" data-end=\"1616\">Maceran\u0131z Belek'teki otelinizden al\u0131nman\u0131zla ba\u015fl\u0131yor. G\u00fcler y\u00fczl\u00fc s\u00fcr\u00fcc\u00fclerinizle tan\u0131\u015ft\u0131ktan sonra, \u00fcst\u00fc a\u00e7\u0131k 4\u00d74 ciplerle Toros Da\u011flar\u0131'na do\u011fru yola \u00e7\u0131k\u0131n. Temiz da\u011f havas\u0131n\u0131n, muhte\u015fem manzaran\u0131n ve ormanlar ile engebeli arazilerdeki heyecan verici off-road parkurlar\u0131n\u0131n tad\u0131n\u0131 \u00e7\u0131kar\u0131n.<\/div>\n<div data-start=\"1618\" data-end=\"1817\">Rota boyunca, geleneksel k\u0131rsal ya\u015fam\u0131 g\u00f6rmek i\u00e7in yerel bir k\u00f6y\u00fc ziyaret edecek ve foto\u011fraf \u00e7ekmek i\u00e7in do\u011fal manzara noktalar\u0131nda duracaks\u0131n\u0131z. G\u00fcn ortas\u0131nda, do\u011fa ile \u00e7evrili bir k\u0131r restoran\u0131nda lezzetli bir barbek\u00fc \u00f6\u011fle yeme\u011finin tad\u0131n\u0131 \u00e7\u0131kar\u0131n.<\/div>\n<div data-start=\"1819\" data-end=\"2112\">\u00d6\u011fle yeme\u011finden sonra, do\u011fal bir da\u011f nehrinde serinletici bir y\u00fczme ile serinleyin veya su kenar\u0131nda dinlenin. D\u00f6n\u00fc\u015f yolculu\u011funda, turun e\u011flenceli ve unutulmaz bir \u00f6zelli\u011fi olan cipler aras\u0131nda iste\u011fe ba\u011fl\u0131 bir su sava\u015f\u0131na kat\u0131l\u0131n. Son olarak, unutulmaz macera ve do\u011fa an\u0131lar\u0131 ile otelinize d\u00f6n\u00fcn.<\/div>\n<\/div>\n<\/div>\n<p>&nbsp;<\/p>\n<hr \/>\n<p>&nbsp;<\/p>\n<div class=\"tour-content-what-included\">\n<h4 id=\"whats-included\">Neler Dahil<\/h4>\n<ul style=\"column-count: 2;\">\n<li>Belek'teki otellerden ara\u00e7la alma<\/li>\n<li>Toros Da\u011flar\u0131'nda off-road s\u00fcr\u00fc\u015f\u00fc<\/li>\n<li>Geleneksel bir da\u011f k\u00f6y\u00fc ziyareti<\/li>\n<li>Manzaral\u0131 foto\u011fraf duraklar\u0131<\/li>\n<li>Do\u011fada barbek\u00fc \u00f6\u011fle yeme\u011fi<\/li>\n<li>Bir da\u011f nehrinde y\u00fczme molas\u0131<\/li>\n<li>\u0130ste\u011fe ba\u011fl\u0131 su sava\u015f\u0131<\/li>\n<li>Otele d\u00f6n\u00fc\u015f transferi<\/li>\n<\/ul>\n<\/div>\n<p>&nbsp;<\/p>\n<hr \/>\n<p>&nbsp;<\/p>\n<div class=\"tour-content-add-information\">\n<h4>ek bilgi<\/h4>\n<ul>\n<li>S\u00fcre: yakla\u015f\u0131k 6-7 saat<\/li>\n<li>\u00dcst\u00fc a\u00e7\u0131k safari cipleriyle ger\u00e7ekle\u015ftirilen tur<\/li>\n<li>Aileler ve macera severler i\u00e7in uygun<\/li>\n<li>Orta d\u00fczeyde fiziksel aktivite<\/li>\n<li>Kalk\u0131\u015ftan 10 dakika \u00f6nce ana otel giri\u015finde haz\u0131r olun<\/li>\n<\/ul>\n<p>&nbsp;<\/p>\n<\/div>\n<hr \/>\n<p>&nbsp;<\/p>\n<div class=\"tour-content-cancell-policy\">\n<p><strong>Ne Getirmeli<\/strong><\/p>\n<ul style=\"column-count: 2;\">\n<li>Rahat k\u0131yafetler ve ayakkab\u0131lar\ud83d\udc55<\/li>\n<li>G\u00fcne\u015f \ud83e\uddf4<\/li>\n<li>Mayo ve havlu <img decoding=\"async\" class=\"emoji\" role=\"img\" draggable=\"false\" src=\"https:\/\/s.w.org\/images\/core\/emoji\/17.0.2\/svg\/1fa71.svg\" alt=\"\ud83e\ude71\" \/><\/li>\n<li>\u0130\u00e7ecekler ve ki\u015fisel harcamalar i\u00e7in nakit <img decoding=\"async\" class=\"emoji\" role=\"img\" draggable=\"false\" src=\"https:\/\/s.w.org\/images\/core\/emoji\/17.0.2\/svg\/1f4b3.svg\" alt=\"\ud83d\udcb3\" \/><\/li>\n<\/ul>\n<\/div>","protected":false},"excerpt":{"rendered":"<p>Join a Jeep Safari from Belek in the Taurus Mountains. Drive 4&#215;4 jeeps, visit villages, swim in rivers, enjoy BBQ lunch and hotel transfers.<\/p>","protected":false},"featured_media":13834,"comment_status":"open","ping_status":"closed","template":"","meta":[],"product_brand":[],"product_cat":[15],"product_tag":[],"class_list":{"0":"post-13843","1":"product","2":"type-product","3":"status-publish","4":"has-post-thumbnail","6":"tour_phys-tours","7":"product_cat-non-classe","8":"pa_destination-belek","10":"first","11":"instock","12":"sale","13":"shipping-taxable","14":"purchasable","15":"product-type-tour_phys"},"_links":{"self":[{"href":"https:\/\/vetatourism.com\/tr\/wp-json\/wp\/v2\/product\/13843","targetHints":{"allow":["GET"]}}],"collection":[{"href":"https:\/\/vetatourism.com\/tr\/wp-json\/wp\/v2\/product"}],"about":[{"href":"https:\/\/vetatourism.com\/tr\/wp-json\/wp\/v2\/types\/product"}],"replies":[{"embeddable":true,"href":"https:\/\/vetatourism.com\/tr\/wp-json\/wp\/v2\/comments?post=13843"}],"wp:featuredmedia":[{"embeddable":true,"href":"https:\/\/vetatourism.com\/tr\/wp-json\/wp\/v2\/media\/13834"}],"wp:attachment":[{"href":"https:\/\/vetatourism.com\/tr\/wp-json\/wp\/v2\/media?parent=13843"}],"wp:term":[{"taxonomy":"product_brand","embeddable":true,"href":"https:\/\/vetatourism.com\/tr\/wp-json\/wp\/v2\/product_brand?post=13843"},{"taxonomy":"product_cat","embeddable":true,"href":"https:\/\/vetatourism.com\/tr\/wp-json\/wp\/v2\/product_cat?post=13843"},{"taxonomy":"product_tag","embeddable":true,"href":"https:\/\/vetatourism.com\/tr\/wp-json\/wp\/v2\/product_tag?post=13843"}],"curies":[{"name":"wp","href":"https:\/\/api.w.org\/{rel}","templated":true}]}}