{"id":13832,"date":"2026-01-30T06:48:17","date_gmt":"2026-01-30T06:48:17","guid":{"rendered":"https:\/\/vetatourism.com\/?post_type=product&#038;p=13832"},"modified":"2026-03-09T05:50:03","modified_gmt":"2026-03-09T05:50:03","slug":"kemer-sea-fishing-tour-breakfast-lunch-included","status":"publish","type":"product","link":"https:\/\/vetatourism.com\/tours\/kemer-sea-fishing-tour-breakfast-lunch-included","title":{"rendered":"Kemer Deniz Bal\u0131k\u00e7\u0131l\u0131\u011f\u0131 Turu-Kahvalt\u0131 ve \u00d6\u011fle Yeme\u011fi Dahil"},"content":{"rendered":"<div data-start=\"2005\" data-end=\"2145\">\n<div data-start=\"1321\" data-end=\"1559\">G\u00fcn\u00fcn\u00fcz Kemer'deki veya yak\u0131n b\u00f6lgelerdeki otelinizden konforlu bir kar\u015f\u0131lama ve ard\u0131ndan marinaya transfer ile ba\u015flar. Tam donan\u0131ml\u0131 bir bal\u0131k\u00e7\u0131 teknesine binin ve sakin Akdeniz'de gezinirken lezzetli bir kahvalt\u0131n\u0131n tad\u0131n\u0131 \u00e7\u0131kar\u0131n.<\/div>\n<div data-start=\"1561\" data-end=\"1815\">\u0130ster bal\u0131k av\u0131nda yeni olun, ister deneyime sahip olun, g\u00fcler y\u00fczl\u00fc ekip, aktivitenin tad\u0131n\u0131 \u00e7\u0131karman\u0131za yard\u0131mc\u0131 olacak gerekli t\u00fcm ekipman ve talimatlar\u0131 sa\u011flar. Tekne birinci s\u0131n\u0131f bal\u0131k\u00e7\u0131l\u0131k noktalar\u0131na demir atarken, huzurlu deniz atmosferinde \u0131slan\u0131rken \u015fans\u0131n\u0131z\u0131 deneyin.<\/div>\n<div data-start=\"1817\" data-end=\"2119\">Tur s\u0131ras\u0131nda turkuaz sularda serinletici y\u00fczmeler i\u00e7in tenha koylarda mola verin. \u00d6\u011fle yeme\u011finde, isterseniz g\u00fcn\u00fcn av\u0131 da dahil olmak \u00fczere gemide taze haz\u0131rlanm\u0131\u015f bir yeme\u011fin tad\u0131n\u0131 \u00e7\u0131kar\u0131n. Denizde dinlendirici ve keyifli bir deneyimin ard\u0131ndan marinaya d\u00f6n\u00fcn ve harika an\u0131larla otelinize geri d\u00f6n\u00fcn.<\/div>\n<\/div>\n<div data-start=\"2005\" data-end=\"2145\"><\/div>\n<hr \/>\n<p>&nbsp;<\/p>\n<div class=\"tour-content-what-included\">\n<h4 id=\"whats-included\">Neler Dahil<\/h4>\n<ul style=\"column-count: 2;\">\n<li>Kemer ve \u00e7evresindeki otellerden kar\u015f\u0131lama<\/li>\n<li>Kemer marina'ya var\u0131\u015f ve yat\u0131l\u0131<\/li>\n<li>Gemide kahvalt\u0131<\/li>\n<li>Ekipman ve talimatlarla bal\u0131k tutma<\/li>\n<li>Manzaral\u0131 koylarda y\u00fczme duraklar\u0131<\/li>\n<li>Gemide \u00f6\u011fle yeme\u011fi (iste\u011fe ba\u011fl\u0131 taze yakalama)<\/li>\n<li>Marinaya ve otele d\u00f6n\u00fc\u015f<\/li>\n<\/ul>\n<p>&nbsp;<\/p>\n<\/div>\n<hr \/>\n<p>&nbsp;<\/p>\n<div class=\"tour-content-add-information\">\n<h4>ek bilgi<\/h4>\n<ul>\n<li>S\u00fcre: yakla\u015f\u0131k. 4-6 saat (yar\u0131m g\u00fcnl\u00fck tur)<\/li>\n<li>D\u00fc\u015f\u00fck ila orta derecede fiziksel aktivite<\/li>\n<li>5 Ya\u015f\u0131n alt\u0131ndaki \u00e7ocuklar \u00fccretsiz seyahat eder (ayr\u0131 koltuk yoktur)<\/li>\n<li>Talep \u00fczerine vejetaryen yemekler servis edilmektedir<\/li>\n<li>Tur hava durumuna ba\u011fl\u0131d\u0131r<\/li>\n<\/ul>\n<p>&nbsp;<\/p>\n<\/div>\n<hr \/>\n<p>&nbsp;<\/p>\n<div class=\"tour-content-cancell-policy\">\n<p><strong>Ne Getirmeli<\/strong><\/p>\n<ul style=\"column-count: 2;\">\n<li>Rahat k\u0131yafetler\ud83d\udc55<\/li>\n<li>G\u00fcne\u015f kremi ve \u015fapka \ud83e\uddf4<\/li>\n<li>Mayo ve havlu <img decoding=\"async\" class=\"emoji\" role=\"img\" draggable=\"false\" src=\"https:\/\/s.w.org\/images\/core\/emoji\/17.0.2\/svg\/1fa71.svg\" alt=\"\ud83e\ude71\" \/><\/li>\n<li>Kamera veya ak\u0131ll\u0131 telefon \ud83d\udcf1<\/li>\n<li>Ki\u015fisel harcamalar i\u00e7in nakit <img decoding=\"async\" class=\"emoji\" role=\"img\" draggable=\"false\" src=\"https:\/\/s.w.org\/images\/core\/emoji\/17.0.2\/svg\/1f4b3.svg\" alt=\"\ud83d\udcb3\" \/><\/li>\n<\/ul>\n<\/div>","protected":false},"excerpt":{"rendered":"<p>Kahvalt\u0131, \u00f6\u011fle yeme\u011fi, y\u00fczme duraklar\u0131 ve olta tak\u0131mlar\u0131yla Kemer'den deniz bal\u0131k\u00e7\u0131l\u0131\u011f\u0131 turunun keyfini \u00e7\u0131kar\u0131n. Otel transferi dahil Akdeniz'de dinlenin.<\/p>","protected":false},"featured_media":13821,"comment_status":"open","ping_status":"closed","template":"","meta":[],"product_brand":[],"product_cat":[15],"product_tag":[],"class_list":{"0":"post-13832","1":"product","2":"type-product","3":"status-publish","4":"has-post-thumbnail","6":"tour_phys-tours","7":"product_cat-non-classe","8":"pa_destination-kemer","10":"first","11":"instock","12":"sale","13":"shipping-taxable","14":"purchasable","15":"product-type-tour_phys"},"_links":{"self":[{"href":"https:\/\/vetatourism.com\/tr\/wp-json\/wp\/v2\/product\/13832","targetHints":{"allow":["GET"]}}],"collection":[{"href":"https:\/\/vetatourism.com\/tr\/wp-json\/wp\/v2\/product"}],"about":[{"href":"https:\/\/vetatourism.com\/tr\/wp-json\/wp\/v2\/types\/product"}],"replies":[{"embeddable":true,"href":"https:\/\/vetatourism.com\/tr\/wp-json\/wp\/v2\/comments?post=13832"}],"wp:featuredmedia":[{"embeddable":true,"href":"https:\/\/vetatourism.com\/tr\/wp-json\/wp\/v2\/media\/13821"}],"wp:attachment":[{"href":"https:\/\/vetatourism.com\/tr\/wp-json\/wp\/v2\/media?parent=13832"}],"wp:term":[{"taxonomy":"product_brand","embeddable":true,"href":"https:\/\/vetatourism.com\/tr\/wp-json\/wp\/v2\/product_brand?post=13832"},{"taxonomy":"product_cat","embeddable":true,"href":"https:\/\/vetatourism.com\/tr\/wp-json\/wp\/v2\/product_cat?post=13832"},{"taxonomy":"product_tag","embeddable":true,"href":"https:\/\/vetatourism.com\/tr\/wp-json\/wp\/v2\/product_tag?post=13832"}],"curies":[{"name":"wp","href":"https:\/\/api.w.org\/{rel}","templated":true}]}}