{"id":13831,"date":"2026-01-30T06:41:40","date_gmt":"2026-01-30T06:41:40","guid":{"rendered":"https:\/\/vetatourism.com\/?post_type=product&#038;p=13831"},"modified":"2026-02-27T06:11:13","modified_gmt":"2026-02-27T06:11:13","slug":"antalya-sea-fishing-tour-all-inclusive","status":"publish","type":"product","link":"https:\/\/vetatourism.com\/tours\/antalya-sea-fishing-tour-all-inclusive","title":{"rendered":"Antalya Deniz Bal\u0131k\u00e7\u0131l\u0131\u011f\u0131 Turu-Her\u015fey Dahil"},"content":{"rendered":"<div data-start=\"2005\" data-end=\"2145\">\n<p data-start=\"1326\" data-end=\"1545\">G\u00fcn\u00fcn\u00fcz Antalya'daki otelinizden konforlu bir kar\u015f\u0131lama ve ard\u0131ndan marinaya transfer ile ba\u015flar. Dost kaptan\u0131n\u0131zdan k\u0131sa bir g\u00fcvenlik ve bal\u0131k\u00e7\u0131l\u0131k brifinginin ard\u0131ndan a\u00e7\u0131k Akdeniz'e yelken a\u00e7\u0131n.<\/p>\n<p data-start=\"1547\" data-end=\"1794\">Modern di\u015fli ve sonar sistemleri kullanarak 60 metreye kadar derinli\u011fe ula\u015fan derin deniz noktalar\u0131nda bal\u0131k tutun. \u0130ster yeni ba\u015flayan ister deneyimli bir fener olun, rehberiniz deneyim boyunca size yard\u0131mc\u0131 olacak, suda e\u011flenceli ve dinlendirici bir zaman ge\u00e7irmenizi sa\u011flayacakt\u0131r.<\/p>\n<p data-start=\"1796\" data-end=\"2081\">Bal\u0131k tutma seans\u0131 sona erdi\u011finde, gemide \u0131zgara taze yakalanm\u0131\u015f bal\u0131\u011f\u0131n\u0131z\u0131n tad\u0131n\u0131 \u00e7\u0131kar\u0131n ve g\u00fczel sahil \u015feridinde gezinirken lezzetli bir \u00f6\u011fle yeme\u011fi olarak servis yap\u0131n. Dinlenmek ve deniz melteminin tad\u0131n\u0131 \u00e7\u0131karmak i\u00e7in bir s\u00fcre sonra limana d\u00f6n\u00fcn ve unutulmaz an\u0131larla otelinize geri d\u00f6n\u00fcn.<\/p>\n<\/div>\n<div data-start=\"2005\" data-end=\"2145\"><\/div>\n<hr \/>\n<p>&nbsp;<\/p>\n<div class=\"tour-content-what-included\">\n<h4 id=\"whats-included\">Neler Dahil<\/h4>\n<ul style=\"column-count: 2;\">\n<li>Antalya otellerinden kar\u015f\u0131lama (07:30 civar\u0131)<\/li>\n<li>Marinada kar\u015f\u0131lama brifingi<\/li>\n<li>3-4 saat derin deniz bal\u0131k\u00e7\u0131l\u0131\u011f\u0131<\/li>\n<li>Izgara yap\u0131n ve \u00f6\u011fle yeme\u011finde av\u0131n\u0131z\u0131n tad\u0131n\u0131 \u00e7\u0131kar\u0131n<\/li>\n<li>Limana d\u00f6n\u00fc\u015f yolculu\u011fu<\/li>\n<li>Otel b\u0131rakma<\/li>\n<\/ul>\n<\/div>\n<hr \/>\n<p>&nbsp;<\/p>\n<div class=\"tour-content-add-information\">\n<h4>ek bilgi<\/h4>\n<ul>\n<li>S\u00fcre: yakla\u015f\u0131k. 4-6 saat (yar\u0131m g\u00fcnl\u00fck tur)<\/li>\n<li>D\u00fc\u015f\u00fck ila orta derecede fiziksel aktivite<\/li>\n<li>5 Ya\u015f\u0131n alt\u0131ndaki \u00e7ocuklar \u00fccretsiz seyahat eder (ayr\u0131 koltuk yoktur)<\/li>\n<li>Talep \u00fczerine vejetaryen yemekler servis edilmektedir<\/li>\n<li>Tur hava durumuna ba\u011fl\u0131d\u0131r<\/li>\n<\/ul>\n<p>&nbsp;<\/p>\n<\/div>\n<hr \/>\n<p>&nbsp;<\/p>\n<div class=\"tour-content-cancell-policy\">\n<p><strong>Ne Getirmeli<\/strong><\/p>\n<ul style=\"column-count: 2;\">\n<li>Rahat k\u0131yafetler\ud83d\udc55<\/li>\n<li>G\u00fcne\u015f kremi ve \u015fapka \ud83e\uddf4<\/li>\n<li>Mayo ve havlu <img decoding=\"async\" class=\"emoji\" role=\"img\" draggable=\"false\" src=\"https:\/\/s.w.org\/images\/core\/emoji\/17.0.2\/svg\/1fa71.svg\" alt=\"\ud83e\ude71\" \/><\/li>\n<li>Kamera veya ak\u0131ll\u0131 telefon \ud83d\udcf1<\/li>\n<li>Ki\u015fisel harcamalar i\u00e7in nakit <img decoding=\"async\" class=\"emoji\" role=\"img\" draggable=\"false\" src=\"https:\/\/s.w.org\/images\/core\/emoji\/17.0.2\/svg\/1f4b3.svg\" alt=\"\ud83d\udcb3\" \/><\/li>\n<\/ul>\n<\/div>","protected":false},"excerpt":{"rendered":"<p>Antalya'dan derin deniz bal\u0131k\u00e7\u0131l\u0131\u011f\u0131 turuna kat\u0131l\u0131n. Kendi bal\u0131\u011f\u0131n\u0131z\u0131 yakalay\u0131n ve \u0131zgara yap\u0131n, otel transferleri dahil kahvalt\u0131 ve \u00f6\u011fle yeme\u011finin tad\u0131n\u0131 \u00e7\u0131kar\u0131n.<\/p>","protected":false},"featured_media":13821,"comment_status":"open","ping_status":"closed","template":"","meta":[],"product_brand":[],"product_cat":[],"product_tag":[],"class_list":{"0":"post-13831","1":"product","2":"type-product","3":"status-publish","4":"has-post-thumbnail","6":"tour_phys-tours","7":"pa_destination-antalya","9":"first","10":"instock","11":"sale","12":"shipping-taxable","13":"purchasable","14":"product-type-tour_phys"},"_links":{"self":[{"href":"https:\/\/vetatourism.com\/tr\/wp-json\/wp\/v2\/product\/13831","targetHints":{"allow":["GET"]}}],"collection":[{"href":"https:\/\/vetatourism.com\/tr\/wp-json\/wp\/v2\/product"}],"about":[{"href":"https:\/\/vetatourism.com\/tr\/wp-json\/wp\/v2\/types\/product"}],"replies":[{"embeddable":true,"href":"https:\/\/vetatourism.com\/tr\/wp-json\/wp\/v2\/comments?post=13831"}],"wp:featuredmedia":[{"embeddable":true,"href":"https:\/\/vetatourism.com\/tr\/wp-json\/wp\/v2\/media\/13821"}],"wp:attachment":[{"href":"https:\/\/vetatourism.com\/tr\/wp-json\/wp\/v2\/media?parent=13831"}],"wp:term":[{"taxonomy":"product_brand","embeddable":true,"href":"https:\/\/vetatourism.com\/tr\/wp-json\/wp\/v2\/product_brand?post=13831"},{"taxonomy":"product_cat","embeddable":true,"href":"https:\/\/vetatourism.com\/tr\/wp-json\/wp\/v2\/product_cat?post=13831"},{"taxonomy":"product_tag","embeddable":true,"href":"https:\/\/vetatourism.com\/tr\/wp-json\/wp\/v2\/product_tag?post=13831"}],"curies":[{"name":"wp","href":"https:\/\/api.w.org\/{rel}","templated":true}]}}