{"id":13819,"date":"2026-01-30T06:25:12","date_gmt":"2026-01-30T06:25:12","guid":{"rendered":"https:\/\/vetatourism.com\/?post_type=product&#038;p=13819"},"modified":"2026-04-09T08:54:58","modified_gmt":"2026-04-09T08:54:58","slug":"tazi-canyon-rafting-jeep-safari-tour-from-belek","status":"publish","type":"product","link":"https:\/\/vetatourism.com\/tours\/tazi-canyon-rafting-jeep-safari-tour-from-belek","title":{"rendered":"Belek'ten Taz\u0131 Kanyonu, Rafting ve Jeep Safari Turu"},"content":{"rendered":"<div data-start=\"1547\" data-end=\"1795\">Maceran\u0131z Belek'teki otelinizden veya yak\u0131n b\u00f6lgelerden rahat bir kar\u015f\u0131lama ile ba\u015flar, ard\u0131ndan Toros Da\u011flar\u0131'nda heyecan verici bir Jeep Safari yolculu\u011fu ile ba\u015flar. Yol boyunca arazi yollar\u0131n\u0131n, da\u011f manzaras\u0131n\u0131n ve g\u00fczel do\u011fal manzaralar\u0131n tad\u0131n\u0131 \u00e7\u0131kar\u0131n.<\/div>\n<div data-start=\"1797\" data-end=\"2064\">Tur ilk olarak K\u00f6pr\u00fcl\u00fc Kanyonu'nda nehir kenar\u0131ndaki bir \u00fcsse ula\u015f\u0131yor. Burada iste\u011fe ba\u011fl\u0131 bir rafting deneyimine kat\u0131lmay\u0131 veya nehir kenar\u0131nda dinlenmeyi se\u00e7ebilirsiniz. Kat\u0131l\u0131rsan\u0131z, deneyimli e\u011fitmenler g\u00fcvenlik ekipman\u0131 ve temel e\u011fitim sa\u011flar-daha \u00f6nce deneyime gerek yoktur.<\/div>\n<div data-start=\"2066\" data-end=\"2390\">Ard\u0131ndan, \u00fcst\u00fc a\u00e7\u0131k safari cipiyle seyahat edin <strong data-start=\"2106\" data-end=\"2121\">Taz\u0131 Canyon<\/strong>, b\u00f6lgedeki en etkileyici do\u011fal bak\u0131\u015f a\u00e7\u0131lar\u0131ndan biridir. Kartal Yuvas\u0131 olarak bilinen bu dramatik kanyon, nefes kesen panoramik manzaralar sunmaktad\u0131r. Foto\u011fraflar ve rahatlama a\u00e7\u0131s\u0131ndan bo\u015f zaman\u0131n tad\u0131n\u0131 \u00e7\u0131kar\u0131n. G\u00fcvenlik nedeniyle kanyonun i\u00e7ine giri\u015fe izin verilmemektedir.<\/div>\n<div data-start=\"2392\" data-end=\"2667\">Ard\u0131ndan se\u00e7ilirse ana rafting rotas\u0131 i\u00e7in K\u00f6pr\u00fcl\u00fc Kanyon'a d\u00f6n\u00fcn. Serinletici ak\u0131nt\u0131larda k\u00fcrek \u00e7ekin, y\u00fczme molalar\u0131n\u0131n tad\u0131n\u0131 \u00e7\u0131kar\u0131n ve \u00e7evredeki do\u011faya hayran kal\u0131n. G\u00fcn, unutulmaz an\u0131larla dolu otelinize d\u00f6nmeden \u00f6nce nehir kenar\u0131nda lezzetli bir \u00f6\u011fle yeme\u011fi ile sona erer.<\/div>\n<p>&nbsp;<\/p>\n<hr \/>\n<p>&nbsp;<\/p>\n<div class=\"tour-content-what-included\">\n<h4 id=\"whats-included\">Neler Dahil<\/h4>\n<ul style=\"column-count: 2;\">\n<li>Belek ve \u00e7evresindeki otellerden teslim alma<\/li>\n<li>Toros Da\u011flar\u0131 boyunca Jeep Safari<\/li>\n<li>K\u00f6pr\u00fcl\u00fc Kanyonu nehir kenar\u0131na var\u0131\u015f<\/li>\n<li>\u0130ste\u011fe ba\u011fl\u0131 rafting veya nehir kenar\u0131nda bo\u015f zaman<\/li>\n<li>Taz\u0131 Kanyonu'na jeep yolculu\u011fu<\/li>\n<li>Foto\u011fraflar ve gezi i\u00e7in bo\u015f zaman<\/li>\n<li>K\u00f6pr\u00fcl\u00fc Kanyon'da rafting deneyimi (se\u00e7ilirse)<\/li>\n<li>Nehir kenar\u0131nda \u00f6\u011fle yeme\u011fi<\/li>\n<li>Otele d\u00f6n\u00fc\u015f transferi<\/li>\n<\/ul>\n<\/div>\n<p>&nbsp;<\/p>\n<hr \/>\n<p>&nbsp;<\/p>\n<div class=\"tour-content-add-information\">\n<h4>ek bilgi<\/h4>\n<ul>\n<li>Tam g\u00fcnl\u00fck tur<\/li>\n<li>Rafting deneyimi gerekmez<\/li>\n<li>Macera ve do\u011fa severler i\u00e7in uygun<\/li>\n<li>Kanyon eri\u015fimi yaln\u0131zca bak\u0131\u015f a\u00e7\u0131lar\u0131yla s\u0131n\u0131rl\u0131d\u0131r<\/li>\n<li>Tur program\u0131 hava \u015fartlar\u0131na g\u00f6re de\u011fi\u015fiklik g\u00f6sterebilir<\/li>\n<\/ul>\n<p>&nbsp;<\/p>\n<\/div>\n<hr \/>\n<p>&nbsp;<\/p>\n<div class=\"tour-content-cancell-policy\">\n<p><strong>Ne Getirmeli<\/strong><\/p>\n<ul style=\"column-count: 2;\">\n<li>Rahat k\u0131yafetler ve ayakkab\u0131lar\ud83d\udc55<\/li>\n<li>G\u00fcne\u015f kremi ve \u015fapka<img decoding=\"async\" class=\"emoji\" role=\"img\" draggable=\"false\" src=\"https:\/\/s.w.org\/images\/core\/emoji\/17.0.2\/svg\/1f9e2.svg\" alt=\"\ud83e\udde2\" \/><\/li>\n<li>Mayo ve havlu <img decoding=\"async\" class=\"emoji\" role=\"img\" draggable=\"false\" src=\"https:\/\/s.w.org\/images\/core\/emoji\/17.0.2\/svg\/1fa71.svg\" alt=\"\ud83e\ude71\" \/><\/li>\n<li>Kamera veya ak\u0131ll\u0131 telefon \ud83d\udcf1<\/li>\n<li>Ekstralar i\u00e7in nakit <img decoding=\"async\" class=\"emoji\" role=\"img\" draggable=\"false\" src=\"https:\/\/s.w.org\/images\/core\/emoji\/17.0.2\/svg\/1f4b3.svg\" alt=\"\ud83d\udcb3\" \/><\/li>\n<\/ul>\n<\/div>","protected":false},"excerpt":{"rendered":"<p>K\u00f6pr\u00fcl\u00fc Kanyonu'nda Taz\u0131 Kanyonu manzaras\u0131, Jeep Safarisi ve iste\u011fe ba\u011fl\u0131 rafting ile Belek'ten tam g\u00fcnl\u00fck bir maceraya kat\u0131l\u0131n. Do\u011fa, e\u011flence ve otel transferleri dahildir.<\/p>","protected":false},"featured_media":13232,"comment_status":"open","ping_status":"closed","template":"","meta":[],"product_brand":[],"product_cat":[],"product_tag":[],"class_list":{"0":"post-13819","1":"product","2":"type-product","3":"status-publish","4":"has-post-thumbnail","6":"tour_phys-tours","7":"pa_destination-belek","9":"first","10":"instock","11":"shipping-taxable","12":"purchasable","13":"product-type-tour_phys"},"_links":{"self":[{"href":"https:\/\/vetatourism.com\/tr\/wp-json\/wp\/v2\/product\/13819","targetHints":{"allow":["GET"]}}],"collection":[{"href":"https:\/\/vetatourism.com\/tr\/wp-json\/wp\/v2\/product"}],"about":[{"href":"https:\/\/vetatourism.com\/tr\/wp-json\/wp\/v2\/types\/product"}],"replies":[{"embeddable":true,"href":"https:\/\/vetatourism.com\/tr\/wp-json\/wp\/v2\/comments?post=13819"}],"wp:featuredmedia":[{"embeddable":true,"href":"https:\/\/vetatourism.com\/tr\/wp-json\/wp\/v2\/media\/13232"}],"wp:attachment":[{"href":"https:\/\/vetatourism.com\/tr\/wp-json\/wp\/v2\/media?parent=13819"}],"wp:term":[{"taxonomy":"product_brand","embeddable":true,"href":"https:\/\/vetatourism.com\/tr\/wp-json\/wp\/v2\/product_brand?post=13819"},{"taxonomy":"product_cat","embeddable":true,"href":"https:\/\/vetatourism.com\/tr\/wp-json\/wp\/v2\/product_cat?post=13819"},{"taxonomy":"product_tag","embeddable":true,"href":"https:\/\/vetatourism.com\/tr\/wp-json\/wp\/v2\/product_tag?post=13819"}],"curies":[{"name":"wp","href":"https:\/\/api.w.org\/{rel}","templated":true}]}}