{"id":13222,"date":"2026-01-29T16:06:40","date_gmt":"2026-01-29T16:06:40","guid":{"rendered":"https:\/\/vetatourism.com\/?post_type=product&#038;p=13222"},"modified":"2026-04-09T08:56:00","modified_gmt":"2026-04-09T08:56:00","slug":"tazi-canyon-rafting-jeep-safari-tour-from-side","status":"publish","type":"product","link":"https:\/\/vetatourism.com\/tours\/tazi-canyon-rafting-jeep-safari-tour-from-side","title":{"rendered":"Side'den Taz\u0131 Kanyonu, Rafting ve Jeep Safari Turu"},"content":{"rendered":"<div data-start=\"1492\" data-end=\"1747\">\n<div data-start=\"5117\" data-end=\"5338\">G\u00fcn\u00fcn\u00fcz Side veya yak\u0131n b\u00f6lgelerdeki otelinizden bir kar\u015f\u0131lama ile ba\u015flar, ard\u0131ndan Toros Da\u011flar\u0131 boyunca do\u011fal ve macera dolu bir cip Safarisi yap\u0131l\u0131r. Rota boyunca arazi s\u00fcr\u00fc\u015f\u00fcn\u00fcn ve g\u00fczel do\u011fal manzaran\u0131n tad\u0131n\u0131 \u00e7\u0131kar\u0131n.<\/div>\n<div data-start=\"5340\" data-end=\"5553\">Tur ilk olarak iste\u011fe ba\u011fl\u0131 bir rafting aktivitesine kat\u0131labilece\u011finiz veya nehir kenar\u0131nda dinlenebilece\u011finiz K\u00f6pr\u00fcl\u00fc Kanyon'a var\u0131r. Profesyonel e\u011fitmenler ekipman ve rehberlik sa\u011flayarak raftingi yeni ba\u015flayanlar i\u00e7in bile uygun hale getirir.<\/div>\n<div data-start=\"5555\" data-end=\"5818\">Ard\u0131ndan, safari cipiyle seyahat edin <strong data-start=\"5586\" data-end=\"5601\">Taz\u0131 Canyon<\/strong>, b\u00f6lgenin en etkileyici do\u011fal bak\u0131\u015f a\u00e7\u0131lar\u0131ndan biridir. Dramatik kanyon manzaras\u0131na hayran kalarak foto\u011fraflar \u00e7ekmek ve rahatlamak i\u00e7in en \u00fcstte bo\u015f zaman\u0131n tad\u0131n\u0131 \u00e7\u0131kar\u0131n. G\u00fcvenlik nedeniyle kanyonun kendisine girmesine izin verilmez.<\/div>\n<div data-start=\"5820\" data-end=\"6007\">Rafting se\u00e7ilirse, y\u00fczme ve foto\u011fraf duraklar\u0131yla heyecan verici bir nehir maceras\u0131 i\u00e7in K\u00f6pr\u00fcl\u00fc Kanyon'a d\u00f6n\u00fcn. Otelinize geri d\u00f6nmeden \u00f6nce g\u00fcn\u00fc nehir kenar\u0131nda lezzetli bir \u00f6\u011fle yeme\u011fi ile bitirin.<\/div>\n<\/div>\n<p>&nbsp;<\/p>\n<hr \/>\n<p>&nbsp;<\/p>\n<div class=\"tour-content-what-included\">\n<h4 id=\"whats-included\">Neler Dahil<\/h4>\n<ul style=\"column-count: 2;\">\n<li>Side ve \u00e7evresindeki otellerden teslim alma<\/li>\n<li>Toros Da\u011flar\u0131 boyunca Jeep Safari<\/li>\n<li>K\u00f6pr\u00fcl\u00fc Kanyonu nehir kenar\u0131na var\u0131\u015f<\/li>\n<li>\u0130ste\u011fe ba\u011fl\u0131 rafting veya nehir kenar\u0131nda bo\u015f zaman<\/li>\n<li>Taz\u0131 Kanyonu'na jeep yolculu\u011fu<\/li>\n<li>Foto\u011fraflar ve gezi i\u00e7in bo\u015f zaman<\/li>\n<li>K\u00f6pr\u00fcl\u00fc Kanyon'da rafting deneyimi (se\u00e7ilirse)<\/li>\n<li>Nehir kenar\u0131nda \u00f6\u011fle yeme\u011fi<\/li>\n<li>Otele d\u00f6n\u00fc\u015f transferi<\/li>\n<\/ul>\n<\/div>\n<p>&nbsp;<\/p>\n<hr \/>\n<p>&nbsp;<\/p>\n<div class=\"tour-content-add-information\">\n<h4>ek bilgi<\/h4>\n<ul>\n<li>Tam g\u00fcnl\u00fck tur<\/li>\n<li>Rafting deneyimi gerekmez<\/li>\n<li>Macera ve do\u011fa severler i\u00e7in uygun<\/li>\n<li>Kanyon eri\u015fimi yaln\u0131zca bak\u0131\u015f a\u00e7\u0131lar\u0131yla s\u0131n\u0131rl\u0131d\u0131r<\/li>\n<li>Tur program\u0131 hava \u015fartlar\u0131na g\u00f6re de\u011fi\u015fiklik g\u00f6sterebilir<\/li>\n<\/ul>\n<p>&nbsp;<\/p>\n<\/div>\n<hr \/>\n<p>&nbsp;<\/p>\n<div class=\"tour-content-cancell-policy\">\n<p><strong>Ne Getirmeli<\/strong><\/p>\n<ul style=\"column-count: 2;\">\n<li>Rahat k\u0131yafetler ve ayakkab\u0131lar\ud83d\udc5f<\/li>\n<li>G\u00fcne\u015f\ud83e\uddf4<\/li>\n<li>Mayo ve havlu<img decoding=\"async\" class=\"emoji\" role=\"img\" draggable=\"false\" src=\"https:\/\/s.w.org\/images\/core\/emoji\/17.0.2\/svg\/1fa71.svg\" alt=\"\ud83e\ude71\" \/><\/li>\n<li>Kamera veya ak\u0131ll\u0131 telefon\ud83d\udcf1<\/li>\n<li>Ekstralar i\u00e7in nakit <img decoding=\"async\" class=\"emoji\" role=\"img\" draggable=\"false\" src=\"https:\/\/s.w.org\/images\/core\/emoji\/17.0.2\/svg\/1f4b3.svg\" alt=\"\ud83d\udcb3\" \/><\/li>\n<\/ul>\n<\/div>","protected":false},"excerpt":{"rendered":"<p>K\u00f6pr\u00fcl\u00fc Kanyonu'nda Taz\u0131 Kanyonu manzaras\u0131, Jeep Safarisi ve iste\u011fe ba\u011fl\u0131 rafting ile Side'den tam g\u00fcnl\u00fck bir maceran\u0131n tad\u0131n\u0131 \u00e7\u0131kar\u0131n. Do\u011fa, e\u011flence ve otel transferleri dahildir.<\/p>","protected":false},"featured_media":13232,"comment_status":"open","ping_status":"closed","template":"","meta":[],"product_brand":[],"product_cat":[],"product_tag":[],"class_list":{"0":"post-13222","1":"product","2":"type-product","3":"status-publish","4":"has-post-thumbnail","6":"tour_phys-tours","7":"pa_destination-side","9":"first","10":"instock","11":"shipping-taxable","12":"purchasable","13":"product-type-tour_phys"},"_links":{"self":[{"href":"https:\/\/vetatourism.com\/tr\/wp-json\/wp\/v2\/product\/13222","targetHints":{"allow":["GET"]}}],"collection":[{"href":"https:\/\/vetatourism.com\/tr\/wp-json\/wp\/v2\/product"}],"about":[{"href":"https:\/\/vetatourism.com\/tr\/wp-json\/wp\/v2\/types\/product"}],"replies":[{"embeddable":true,"href":"https:\/\/vetatourism.com\/tr\/wp-json\/wp\/v2\/comments?post=13222"}],"wp:featuredmedia":[{"embeddable":true,"href":"https:\/\/vetatourism.com\/tr\/wp-json\/wp\/v2\/media\/13232"}],"wp:attachment":[{"href":"https:\/\/vetatourism.com\/tr\/wp-json\/wp\/v2\/media?parent=13222"}],"wp:term":[{"taxonomy":"product_brand","embeddable":true,"href":"https:\/\/vetatourism.com\/tr\/wp-json\/wp\/v2\/product_brand?post=13222"},{"taxonomy":"product_cat","embeddable":true,"href":"https:\/\/vetatourism.com\/tr\/wp-json\/wp\/v2\/product_cat?post=13222"},{"taxonomy":"product_tag","embeddable":true,"href":"https:\/\/vetatourism.com\/tr\/wp-json\/wp\/v2\/product_tag?post=13222"}],"curies":[{"name":"wp","href":"https:\/\/api.w.org\/{rel}","templated":true}]}}