{"id":13203,"date":"2026-01-29T16:05:23","date_gmt":"2026-01-29T16:05:23","guid":{"rendered":"https:\/\/vetatourism.com\/?post_type=product&#038;p=13203"},"modified":"2026-04-09T08:56:42","modified_gmt":"2026-04-09T08:56:42","slug":"rafting-tour-in-koprulu-canyon-from-belek-with-lunch","status":"publish","type":"product","link":"https:\/\/vetatourism.com\/tours\/rafting-tour-in-koprulu-canyon-from-belek-with-lunch","title":{"rendered":"Belek'ten K\u00f6pr\u00fcl\u00fc Kanyon'da Rafting Turu - \u00d6\u011fle Yemekli"},"content":{"rendered":"<div data-start=\"1492\" data-end=\"1747\">Your adventure begins with a comfortable pickup from your hotel in Belek or nearby areas, followed by a scenic drive to K\u00f6pr\u00fcl\u00fc Canyon. Upon arrival at the base camp, you\u2019ll receive a safety briefing and be equipped with helmets, life jackets and paddles.<\/div>\n<div data-start=\"1749\" data-end=\"1943\">Set off on a thrilling rafting journey along a 14 km route featuring 10 exciting rapids. Between rapids, enjoy refreshing swims in peaceful river pools surrounded by mountains and lush greenery.<\/div>\n<div data-start=\"1945\" data-end=\"2194\">During the tour, take a break for optional drinks and pancakes, and stop at an adventure area offering zipline and diving activities (extra cost). Enjoy a tasty lunch at a riverside restaurant before continuing the rafting route to the finish point.<\/div>\n<div data-start=\"2196\" data-end=\"2323\">At the end of the tour, you can watch your rafting video, view photos and relax during your return transfer back to your hotel.<\/div>\n<p>&nbsp;<\/p>\n<hr \/>\n<p>&nbsp;<\/p>\n<div class=\"tour-content-what-included\">\n<h4 id=\"whats-included\">Neler Dahil<\/h4>\n<ul style=\"column-count: 2;\">\n<li>Belek ve \u00e7evresindeki otellerden teslim alma<\/li>\n<li>K\u00f6pr\u00fcl\u00fc Kanyon ana kamp\u0131na var\u0131\u015f<\/li>\n<li>G\u00fcvenlik brifingi ve ekipman da\u011f\u0131t\u0131m\u0131<\/li>\n<li>Y\u00fczme molalar\u0131 ile 14 km'lik bir rotada rafting<\/li>\n<li>\u0130ste\u011fe ba\u011fl\u0131 zipline ve aktivite dura\u011f\u0131<\/li>\n<li>Nehir kenar\u0131nda \u00f6\u011fle yeme\u011fi<\/li>\n<li>Biti\u015f noktas\u0131na kadar raftinge devam edin<\/li>\n<li>Otele d\u00f6n\u00fc\u015f transferi<\/li>\n<\/ul>\n<\/div>\n<p>&nbsp;<\/p>\n<hr \/>\n<p>&nbsp;<\/p>\n<div class=\"tour-content-add-information\">\n<h4>ek bilgi<\/h4>\n<ul>\n<li>Sal kapasitesi: 10 ki\u015filik sallar dahildir<\/li>\n<li>Ek \u00fccret kar\u015f\u0131l\u0131\u011f\u0131nda 2 ki\u015filik sal mevcuttur<\/li>\n<li>Rafting deneyimi gerekmez<\/li>\n<li>Aileler ve macera arayanlar i\u00e7in uygun<\/li>\n<li>Tur program\u0131 hava ko\u015fullar\u0131na ba\u011fl\u0131 olarak de\u011fi\u015fiklik g\u00f6sterebilir<\/li>\n<\/ul>\n<p>&nbsp;<\/p>\n<\/div>\n<hr \/>\n<p>&nbsp;<\/p>\n<div class=\"tour-content-cancell-policy\">\n<p><strong>Ne Getirmeli<\/strong><\/p>\n<ul style=\"column-count: 2;\">\n<li>Rahat ayakkab\u0131lar (\u0131slanabilir)\ud83d\udc5f<\/li>\n<li>G\u00fcne\u015f\ud83e\uddf4<\/li>\n<li>Mayo ve havlu <img decoding=\"async\" class=\"emoji\" role=\"img\" draggable=\"false\" src=\"https:\/\/s.w.org\/images\/core\/emoji\/17.0.2\/svg\/1fa71.svg\" alt=\"\ud83e\ude71\" \/><\/li>\n<li>Ekstra k\u0131yafetler\ud83d\udc55<\/li>\n<li>\u0130ste\u011fe ba\u011fl\u0131 faaliyetler i\u00e7in nakit<img decoding=\"async\" class=\"emoji\" role=\"img\" draggable=\"false\" src=\"https:\/\/s.w.org\/images\/core\/emoji\/17.0.2\/svg\/1f4b3.svg\" alt=\"\ud83d\udcb3\" \/><\/li>\n<\/ul>\n<\/div>","protected":false},"excerpt":{"rendered":"<p>Join a rafting tour from Belek in K\u00f6pr\u00fcl\u00fc Canyon. Paddle 10 rapids on a 14km route, swim, enjoy lunch and hotel transfers included.<\/p>","protected":false},"featured_media":13214,"comment_status":"open","ping_status":"closed","template":"","meta":[],"product_brand":[],"product_cat":[],"product_tag":[],"class_list":{"0":"post-13203","1":"product","2":"type-product","3":"status-publish","4":"has-post-thumbnail","6":"tour_phys-tours","7":"pa_destination-belek","9":"first","10":"instock","11":"shipping-taxable","12":"purchasable","13":"product-type-tour_phys"},"_links":{"self":[{"href":"https:\/\/vetatourism.com\/tr\/wp-json\/wp\/v2\/product\/13203","targetHints":{"allow":["GET"]}}],"collection":[{"href":"https:\/\/vetatourism.com\/tr\/wp-json\/wp\/v2\/product"}],"about":[{"href":"https:\/\/vetatourism.com\/tr\/wp-json\/wp\/v2\/types\/product"}],"replies":[{"embeddable":true,"href":"https:\/\/vetatourism.com\/tr\/wp-json\/wp\/v2\/comments?post=13203"}],"wp:featuredmedia":[{"embeddable":true,"href":"https:\/\/vetatourism.com\/tr\/wp-json\/wp\/v2\/media\/13214"}],"wp:attachment":[{"href":"https:\/\/vetatourism.com\/tr\/wp-json\/wp\/v2\/media?parent=13203"}],"wp:term":[{"taxonomy":"product_brand","embeddable":true,"href":"https:\/\/vetatourism.com\/tr\/wp-json\/wp\/v2\/product_brand?post=13203"},{"taxonomy":"product_cat","embeddable":true,"href":"https:\/\/vetatourism.com\/tr\/wp-json\/wp\/v2\/product_cat?post=13203"},{"taxonomy":"product_tag","embeddable":true,"href":"https:\/\/vetatourism.com\/tr\/wp-json\/wp\/v2\/product_tag?post=13203"}],"curies":[{"name":"wp","href":"https:\/\/api.w.org\/{rel}","templated":true}]}}