{"id":13173,"date":"2026-01-29T15:41:54","date_gmt":"2026-01-29T15:41:54","guid":{"rendered":"https:\/\/vetatourism.com\/?post_type=product&#038;p=13173"},"modified":"2026-03-09T05:50:46","modified_gmt":"2026-03-09T05:50:46","slug":"demre-myra-kekova-tour-from-belek","status":"publish","type":"product","link":"https:\/\/vetatourism.com\/tours\/demre-myra-kekova-tour-from-belek","title":{"rendered":"Belek'ten Demre Myra, Kekova Turu"},"content":{"rendered":"<div data-start=\"1546\" data-end=\"1705\">G\u00fcn\u00fcn\u00fcz Belek'teki veya yak\u0131n b\u00f6lgelerdeki otelinizden konforlu bir kar\u015f\u0131lama ile ba\u015flar. K\u0131y\u0131 \u015feridi boyunca Likya'n\u0131n antik topraklar\u0131na do\u011fru do\u011fal bir s\u00fcr\u00fc\u015f\u00fcn tad\u0131n\u0131 \u00e7\u0131kar\u0131n.<\/div>\n<div data-start=\"1707\" data-end=\"1882\">\u0130lk durak <strong data-start=\"1725\" data-end=\"1733\">Myra'n\u0131n<\/strong>, en \u00f6nemli Likya \u015fehirlerinden biridir. Burada, kayal\u0131klara oyulmu\u015f etkileyici kaya mezarlar\u0131n\u0131 ve b\u00fcy\u00fck bir Greko-Romen tiyatrosunun kal\u0131nt\u0131lar\u0131n\u0131 ke\u015ffedin.<\/div>\n<div data-start=\"1884\" data-end=\"2088\">Devam et <strong data-start=\"1896\" data-end=\"1905\">Demre<\/strong> ziyaret etmek i\u00e7in <strong data-start=\"1919\" data-end=\"1945\">Aziz Nikolaos Kilisesi<\/strong>, Noel Baba efsanesine ilham veren 4. y\u00fczy\u0131l azizinin mezar\u0131n\u0131n \u00fczerine in\u015fa edilmi\u015ftir. Hayat\u0131 ve tarihi \u00f6nemi hakk\u0131nda bilgi edinin.<\/div>\n<div data-start=\"2090\" data-end=\"2452\">Lezzetli bir yerel \u00f6\u011fle yeme\u011finden sonra <strong data-start=\"2129\" data-end=\"2147\">\u00c7aya\u011fz\u0131 Liman\u0131<\/strong> ve akvaryum tarz\u0131 \u00f6zel bir cam tabanl\u0131 yata binin. Do\u011fru seyir <strong data-start=\"2217\" data-end=\"2234\">Kekova Adas\u0131<\/strong> ve gizemli kal\u0131nt\u0131lar\u0131na hayran kalacaks\u0131n\u0131z. <strong data-start=\"2274\" data-end=\"2289\">bat\u0131k \u015fehir<\/strong>, eski bir depremin ard\u0131ndan k\u0131smen sular alt\u0131nda kalm\u0131\u015ft\u0131r. Yat\u0131n cam panellerinden sualt\u0131 kal\u0131nt\u0131lar\u0131n\u0131 g\u00f6zlemleyin ve a\u015fa\u011f\u0131daki manzaran\u0131n keyfini \u00e7\u0131kar\u0131n <strong data-start=\"2419\" data-end=\"2436\">Simena Kalesi<\/strong> tepenin \u00fcst\u00fcnde.<\/div>\n<div data-start=\"2454\" data-end=\"2631\">D\u00f6nmeden \u00f6nce turkuaz renkli Akdeniz sular\u0131nda serinletici bir y\u00fczme yap\u0131n. Son olarak, tarih ve do\u011fan\u0131n unutulmaz an\u0131lar\u0131yla otelinize geri d\u00f6nerken dinlenin.<\/div>\n<p>&nbsp;<\/p>\n<hr \/>\n<p>&nbsp;<\/p>\n<div class=\"tour-content-what-included\">\n<h4 id=\"whats-included\">Neler Dahil<\/h4>\n<ul style=\"column-count: 2;\">\n<li>Belek ve \u00e7evresindeki otellerden teslim alma<\/li>\n<li>Myra'ya do\u011fal s\u00fcr\u00fc\u015f<\/li>\n<li>Myra kaya mezarlar\u0131n\u0131 ve Roma tiyatrosunu ziyaret edin<\/li>\n<li>Demre - Aziz Nikolaos Kilisesi<\/li>\n<li>Yerel bir restoranda \u00f6\u011fle yeme\u011fi<\/li>\n<li>\u00c7aya\u011fz\u0131'ndan cam tabanl\u0131 yat gezisi<\/li>\n<li>Kekova Bat\u0131k \u015eehir gezisi<\/li>\n<li>Y\u00fczme molas\u0131<\/li>\n<li>Otele d\u00f6n\u00fc\u015f transferi<\/li>\n<\/ul>\n<\/div>\n<p>&nbsp;<\/p>\n<hr \/>\n<p>&nbsp;<\/p>\n<div class=\"tour-content-add-information\">\n<h4>ek bilgi<\/h4>\n<ul>\n<li>Tam g\u00fcnl\u00fck tur<\/li>\n<li>Yat gezisi s\u00fcresi: yakla\u015f\u0131k 2,5 saat<\/li>\n<li>Y\u00fczme hava ko\u015fullar\u0131na ba\u011fl\u0131d\u0131r<\/li>\n<li>Tarihi mekanlarda orta d\u00fczeyde y\u00fcr\u00fcy\u00fc\u015f<\/li>\n<\/ul>\n<p>&nbsp;<\/p>\n<\/div>\n<hr \/>\n<p>&nbsp;<\/p>\n<div class=\"tour-content-cancell-policy\">\n<p><strong>Ne Getirmeli<\/strong><\/p>\n<ul style=\"column-count: 2;\">\n<li>Rahat y\u00fcr\u00fcy\u00fc\u015f ayakkab\u0131s\u0131\ud83d\udc5f<\/li>\n<li>G\u00fcne\u015f kremi ve \u015fapka<img decoding=\"async\" class=\"emoji\" role=\"img\" draggable=\"false\" src=\"https:\/\/s.w.org\/images\/core\/emoji\/17.0.2\/svg\/1f9e2.svg\" alt=\"\ud83e\udde2\" \/><\/li>\n<li>Mayo ve havlu <img decoding=\"async\" class=\"emoji\" role=\"img\" draggable=\"false\" src=\"https:\/\/s.w.org\/images\/core\/emoji\/17.0.2\/svg\/1fa71.svg\" alt=\"\ud83e\ude71\" \/><\/li>\n<li>Kamera veya ak\u0131ll\u0131 telefon \ud83d\udcf1<\/li>\n<li>Giri\u015f \u00fccretleri ve i\u00e7ecekler i\u00e7in nakit<img decoding=\"async\" class=\"emoji\" role=\"img\" draggable=\"false\" src=\"https:\/\/s.w.org\/images\/core\/emoji\/17.0.2\/svg\/1f4b3.svg\" alt=\"\ud83d\udcb3\" \/><\/li>\n<\/ul>\n<\/div>","protected":false},"excerpt":{"rendered":"<p>Belek'ten bir g\u00fcnl\u00fck gezide Kekova Bat\u0131k \u015eehri, Myra kal\u0131nt\u0131lar\u0131 ve Aziz Nikolaos Kilisesi'ni ke\u015ffedin. Cam tabanl\u0131 yat gezisinin, y\u00fczmenin ve \u00f6\u011fle yeme\u011finin tad\u0131n\u0131 \u00e7\u0131kar\u0131n.<\/p>","protected":false},"featured_media":13180,"comment_status":"open","ping_status":"closed","template":"","meta":[],"product_brand":[],"product_cat":[15],"product_tag":[],"class_list":{"0":"post-13173","1":"product","2":"type-product","3":"status-publish","4":"has-post-thumbnail","6":"tour_phys-tours","7":"product_cat-non-classe","8":"pa_destination-belek","10":"first","11":"instock","12":"sale","13":"shipping-taxable","14":"purchasable","15":"product-type-tour_phys"},"_links":{"self":[{"href":"https:\/\/vetatourism.com\/tr\/wp-json\/wp\/v2\/product\/13173","targetHints":{"allow":["GET"]}}],"collection":[{"href":"https:\/\/vetatourism.com\/tr\/wp-json\/wp\/v2\/product"}],"about":[{"href":"https:\/\/vetatourism.com\/tr\/wp-json\/wp\/v2\/types\/product"}],"replies":[{"embeddable":true,"href":"https:\/\/vetatourism.com\/tr\/wp-json\/wp\/v2\/comments?post=13173"}],"wp:featuredmedia":[{"embeddable":true,"href":"https:\/\/vetatourism.com\/tr\/wp-json\/wp\/v2\/media\/13180"}],"wp:attachment":[{"href":"https:\/\/vetatourism.com\/tr\/wp-json\/wp\/v2\/media?parent=13173"}],"wp:term":[{"taxonomy":"product_brand","embeddable":true,"href":"https:\/\/vetatourism.com\/tr\/wp-json\/wp\/v2\/product_brand?post=13173"},{"taxonomy":"product_cat","embeddable":true,"href":"https:\/\/vetatourism.com\/tr\/wp-json\/wp\/v2\/product_cat?post=13173"},{"taxonomy":"product_tag","embeddable":true,"href":"https:\/\/vetatourism.com\/tr\/wp-json\/wp\/v2\/product_tag?post=13173"}],"curies":[{"name":"wp","href":"https:\/\/api.w.org\/{rel}","templated":true}]}}