{"id":13151,"date":"2026-01-29T15:18:25","date_gmt":"2026-01-29T15:18:25","guid":{"rendered":"https:\/\/vetatourism.com\/?post_type=product&#038;p=13151"},"modified":"2026-03-09T05:50:56","modified_gmt":"2026-03-09T05:50:56","slug":"pamukkale-hierapolis-tour-from-belek-side","status":"publish","type":"product","link":"https:\/\/vetatourism.com\/tours\/pamukkale-hierapolis-tour-from-belek-side","title":{"rendered":"Belek Side'den Pamukkale &amp; Hierapolis Turu"},"content":{"rendered":"<div data-start=\"4679\" data-end=\"4853\">Side veya yak\u0131n b\u00f6lgelerdeki otelinizden erken bir kar\u015f\u0131lama ile g\u00fcne ba\u015flay\u0131n. Pitoresk k\u0131rsal manzaralardan ge\u00e7erek Pamukkale'ye do\u011fal s\u00fcr\u00fc\u015f s\u0131ras\u0131nda rahatlay\u0131n.<\/div>\n<div data-start=\"4855\" data-end=\"5065\">A\u00e7\u0131k b\u00fcfe \u00f6\u011fle yeme\u011finin tad\u0131n\u0131 \u00e7\u0131kard\u0131ktan sonra <strong data-start=\"4902\" data-end=\"4915\">Pamukkale'de<\/strong> ve akan termal sular\u0131n olu\u015fturdu\u011fu \u00fcnl\u00fc beyaz traverten teraslar\u0131n\u0131 ke\u015ffedin. Mineral bak\u0131m\u0131ndan zengin havuzlarda \u00e7\u0131plak ayakla y\u00fcr\u00fcy\u00fcn ve unutulmaz foto\u011fraflar \u00e7ekin.<\/div>\n<div data-start=\"5067\" data-end=\"5273\">Antik kente devam <strong data-start=\"5099\" data-end=\"5113\">Hierapolis'te<\/strong>, bir zamanlar \u00fcnl\u00fc bir termal kapl\u0131ca \u015fehri. Rehberiniz zengin tarihi hakk\u0131nda hikayeler payla\u015f\u0131rken etkileyici Roma tiyatrosunu, antik hamamlar\u0131n\u0131, tap\u0131naklar\u0131n\u0131 ve agoras\u0131n\u0131 ziyaret edin.<\/div>\n<div data-start=\"5275\" data-end=\"5468\">Termal havuzlarda dinlenmek veya y\u00fczmek i\u00e7in bo\u015f zaman\u0131n tad\u0131n\u0131 \u00e7\u0131kar\u0131n. Dilerseniz siz de ziyaret edebilirsiniz <strong data-start=\"5362\" data-end=\"5382\">Kleopatra'n\u0131n Havuzu<\/strong> ek bir \u00fccret kar\u015f\u0131l\u0131\u011f\u0131nda. G\u00fcn\u00fcn\u00fcz\u00fc otelinize konforlu bir d\u00f6n\u00fc\u015f transferi ile sonland\u0131r\u0131n.<\/div>\n<p>&nbsp;<\/p>\n<hr \/>\n<p>&nbsp;<\/p>\n<div class=\"tour-content-what-included\">\n<h4 id=\"whats-included\">Neler Dahil<\/h4>\n<ul style=\"column-count: 2;\">\n<li>Side ve \u00e7evresindeki otellerden teslim alma<\/li>\n<li>Pamukkale'ye do\u011fal s\u00fcr\u00fc\u015f<\/li>\n<li>\u00d6\u011fle yeme\u011fi molas\u0131 (a\u00e7\u0131k b\u00fcfe)<\/li>\n<li>Pamukkale travertenlerini ziyaret edin<\/li>\n<li>Rehberli Hierapolis turu<\/li>\n<li>Y\u00fczmek ve rahatlamak i\u00e7in bo\u015f zaman<\/li>\n<li>\u0130ste\u011fe ba\u011fl\u0131 Kleopatra'n\u0131n Havuz ziyareti<\/li>\n<li>Otele d\u00f6n\u00fc\u015f transferi<\/li>\n<\/ul>\n<\/div>\n<p>&nbsp;<\/p>\n<hr \/>\n<p>&nbsp;<\/p>\n<div class=\"tour-content-add-information\">\n<h4>ek bilgi<\/h4>\n<ul>\n<li>Tam g\u00fcnl\u00fck tur<\/li>\n<li>Il\u0131ml\u0131 y\u00fcr\u00fcy\u00fc\u015f dahil<\/li>\n<li>Rahat ayakkab\u0131lar \u00f6nerilir<\/li>\n<li>Y\u00fczme hava ko\u015fullar\u0131na ba\u011fl\u0131d\u0131r<\/li>\n<\/ul>\n<p>&nbsp;<\/p>\n<\/div>\n<hr \/>\n<p>&nbsp;<\/p>\n<div class=\"tour-content-cancell-policy\">\n<p><strong>Ne Getirmeli<\/strong><\/p>\n<ul style=\"column-count: 2;\">\n<li>Rahat y\u00fcr\u00fcy\u00fc\u015f ayakkab\u0131s\u0131\ud83d\udc5f<\/li>\n<li>G\u00fcne\u015f kremi ve \u015fapka<img decoding=\"async\" class=\"emoji\" role=\"img\" draggable=\"false\" src=\"https:\/\/s.w.org\/images\/core\/emoji\/17.0.2\/svg\/1f9e2.svg\" alt=\"\ud83e\udde2\" \/><\/li>\n<li>Mayo ve havlu <img decoding=\"async\" class=\"emoji\" role=\"img\" draggable=\"false\" src=\"https:\/\/s.w.org\/images\/core\/emoji\/17.0.2\/svg\/1fa71.svg\" alt=\"\ud83e\ude71\" \/><\/li>\n<li>Kamera veya ak\u0131ll\u0131 telefon \ud83d\udcf1<\/li>\n<li>Ki\u015fisel harcamalar i\u00e7in nakit <img decoding=\"async\" class=\"emoji\" role=\"img\" draggable=\"false\" src=\"https:\/\/s.w.org\/images\/core\/emoji\/17.0.2\/svg\/1f4b3.svg\" alt=\"\ud83d\udcb3\" \/><\/li>\n<\/ul>\n<\/div>","protected":false},"excerpt":{"rendered":"<p>Side'den tam g\u00fcnl\u00fck bir turda Pamukkale ve Hierapolis'i ke\u015ffedin. Beyaz travertenlerde y\u00fcr\u00fcy\u00fcn, antik kal\u0131nt\u0131lar\u0131 ke\u015ffedin, termal havuzlarda y\u00fcz\u00fcn ve \u00f6\u011fle yeme\u011finin tad\u0131n\u0131 \u00e7\u0131kar\u0131n.<\/p>","protected":false},"featured_media":13153,"comment_status":"open","ping_status":"closed","template":"","meta":[],"product_brand":[],"product_cat":[15],"product_tag":[],"class_list":{"0":"post-13151","1":"product","2":"type-product","3":"status-publish","4":"has-post-thumbnail","6":"tour_phys-tours","7":"product_cat-non-classe","8":"pa_destination-belek","10":"first","11":"instock","12":"sale","13":"shipping-taxable","14":"purchasable","15":"product-type-tour_phys"},"_links":{"self":[{"href":"https:\/\/vetatourism.com\/tr\/wp-json\/wp\/v2\/product\/13151","targetHints":{"allow":["GET"]}}],"collection":[{"href":"https:\/\/vetatourism.com\/tr\/wp-json\/wp\/v2\/product"}],"about":[{"href":"https:\/\/vetatourism.com\/tr\/wp-json\/wp\/v2\/types\/product"}],"replies":[{"embeddable":true,"href":"https:\/\/vetatourism.com\/tr\/wp-json\/wp\/v2\/comments?post=13151"}],"wp:featuredmedia":[{"embeddable":true,"href":"https:\/\/vetatourism.com\/tr\/wp-json\/wp\/v2\/media\/13153"}],"wp:attachment":[{"href":"https:\/\/vetatourism.com\/tr\/wp-json\/wp\/v2\/media?parent=13151"}],"wp:term":[{"taxonomy":"product_brand","embeddable":true,"href":"https:\/\/vetatourism.com\/tr\/wp-json\/wp\/v2\/product_brand?post=13151"},{"taxonomy":"product_cat","embeddable":true,"href":"https:\/\/vetatourism.com\/tr\/wp-json\/wp\/v2\/product_cat?post=13151"},{"taxonomy":"product_tag","embeddable":true,"href":"https:\/\/vetatourism.com\/tr\/wp-json\/wp\/v2\/product_tag?post=13151"}],"curies":[{"name":"wp","href":"https:\/\/api.w.org\/{rel}","templated":true}]}}