{"id":13134,"date":"2026-01-29T15:10:29","date_gmt":"2026-01-29T15:10:29","guid":{"rendered":"https:\/\/vetatourism.com\/?post_type=product&#038;p=13134"},"modified":"2026-03-09T05:51:02","modified_gmt":"2026-03-09T05:51:02","slug":"antalya-city-tour-from-belek-old-town-waterfalls","status":"publish","type":"product","link":"https:\/\/vetatourism.com\/tours\/antalya-city-tour-from-belek-old-town-waterfalls","title":{"rendered":"Belek'ten Antalya \u015eehir Turu - Eski \u015eehir ve \u015eelaleler"},"content":{"rendered":"<div data-start=\"1452\" data-end=\"1785\">G\u00fcn\u00fcn\u00fcz Belek'teki veya yak\u0131n b\u00f6lgelerdeki otelinizden konforlu bir kar\u015f\u0131lama ile ba\u015flar. Ke\u015ffetmek i\u00e7in Antalya \u015fehir merkezine seyahat edin <strong data-start=\"1577\" data-end=\"1597\">Kalei\u00e7i Eski Kenti<\/strong>, Roma, Sel\u00e7uklu ve Osmanl\u0131 simgeleri aras\u0131nda tarihin canland\u0131\u011f\u0131 yer. Hadrian Kap\u0131s\u0131'ndan y\u00fcr\u00fcy\u00fcn, Yivli Minare ve Saat Kulesi'ne hayran kal\u0131n ve ma\u011fazalar\u0131 veya kafeleri ke\u015ffetmek i\u00e7in serbest zaman\u0131n tad\u0131n\u0131 \u00e7\u0131kar\u0131n.<\/div>\n<div data-start=\"1787\" data-end=\"1976\">Daha sonra, tarihi <strong data-start=\"1814\" data-end=\"1828\">Eski Liman<\/strong> ve Antalya'n\u0131n muhte\u015fem sahil \u015feridi boyunca, falezlerin ve Akdeniz'in g\u00fczel manzaralar\u0131n\u0131 sunan 1 saatlik rahatlat\u0131c\u0131 bir tekne gezisinin keyfini \u00e7\u0131kar\u0131n.<\/div>\n<div data-start=\"1978\" data-end=\"2241\">Yolculuktan sonra lezzetli bir <strong data-start=\"2014\" data-end=\"2043\">geleneksel T\u00fcrk \u00f6\u011fle yeme\u011fi<\/strong> yerel bir restoranda. Tura \u015fu yerleri ziyaret ederek devam edin <strong data-start=\"2100\" data-end=\"2126\">Yukar\u0131 D\u00fcden \u015eelaleleri<\/strong>, ye\u015fillikler ve ma\u011faralarla \u00e7evrili ve <strong data-start=\"2166\" data-end=\"2192\">A\u015fa\u011f\u0131 D\u00fcden \u015eelaleleri<\/strong>, Suyun dramatik bir \u015fekilde denize d\u00f6k\u00fcld\u00fc\u011f\u00fc yer.<\/div>\n<div data-start=\"2243\" data-end=\"2408\">Geri d\u00f6nmeden \u00f6nce yerel bir <strong data-start=\"2277\" data-end=\"2301\">g\u00fcm\u00fc\u015f\u00e7\u00fcl\u00fck at\u00f6lyesi<\/strong> geleneksel el i\u015fi g\u00fcm\u00fc\u015f tak\u0131lar\u0131 g\u00f6rmek i\u00e7in. G\u00fcn\u00fc otelinize konforlu bir transfer ile sonland\u0131r\u0131n.<\/div>\n<p>&nbsp;<\/p>\n<hr \/>\n<p>&nbsp;<\/p>\n<div class=\"tour-content-what-included\">\n<h4 id=\"whats-included\">Neler Dahil<\/h4>\n<ul style=\"column-count: 2;\">\n<li>Belek ve \u00e7evresindeki otellerden teslim alma<\/li>\n<li>Kalei\u00e7i Eski Kent gezisi ve serbest zaman<\/li>\n<li>Antalya Eski Liman\u0131ndan tekne turu (1 saat)<\/li>\n<li>Yerel bir restoranda \u00f6\u011fle yeme\u011fi<\/li>\n<li>Yukar\u0131 D\u00fcden \u015eelaleleri'ni Ziyaret Edin<\/li>\n<li>A\u015fa\u011f\u0131 D\u00fcden \u015eelaleleri'ni Ziyaret Edin<\/li>\n<li>G\u00fcm\u00fc\u015f\u00e7\u00fc ziyareti<\/li>\n<li>Otele d\u00f6n\u00fc\u015f transferi<\/li>\n<\/ul>\n<\/div>\n<p>&nbsp;<\/p>\n<hr \/>\n<p>&nbsp;<\/p>\n<div class=\"tour-content-add-information\">\n<h4>ek bilgi<\/h4>\n<ul>\n<li>Tam g\u00fcn \u015fehir turu<\/li>\n<li>Il\u0131ml\u0131 y\u00fcr\u00fcy\u00fc\u015f dahil<\/li>\n<li>Hava \u015fartlar\u0131na ba\u011fl\u0131 tekne turu<\/li>\n<li>Rahat ayakkab\u0131lar \u00f6nerilir<\/li>\n<\/ul>\n<p>&nbsp;<\/p>\n<\/div>\n<hr \/>\n<p>&nbsp;<\/p>\n<div class=\"tour-content-cancell-policy\">\n<p><strong>Ne Getirmeli<\/strong><\/p>\n<ul style=\"column-count: 2;\">\n<li>Rahat y\u00fcr\u00fcy\u00fc\u015f ayakkab\u0131s\u0131 \ud83d\udc5f<\/li>\n<li>G\u00fcne\u015f kremi ve \u015fapka\ud83e\udde2<\/li>\n<li>Kamera veya ak\u0131ll\u0131 telefon \ud83d\udcf1<\/li>\n<li>Ki\u015fisel harcamalar i\u00e7in nakit <img decoding=\"async\" class=\"emoji\" role=\"img\" draggable=\"false\" src=\"https:\/\/s.w.org\/images\/core\/emoji\/17.0.2\/svg\/1f4b3.svg\" alt=\"\ud83d\udcb3\" \/><\/li>\n<\/ul>\n<\/div>","protected":false},"excerpt":{"rendered":"<p>Belek'ten Eski \u015eehir, tekne turu, Yukar\u0131 ve A\u015fa\u011f\u0131 D\u00fcden \u015eelaleleri ve \u00f6\u011fle yeme\u011fi dahil tam g\u00fcnl\u00fck bir turla Antalya'y\u0131 ke\u015ffedin. Do\u011fay\u0131 ve tarihi ke\u015ffedin.<\/p>","protected":false},"featured_media":13144,"comment_status":"open","ping_status":"closed","template":"","meta":[],"product_brand":[],"product_cat":[15],"product_tag":[],"class_list":{"0":"post-13134","1":"product","2":"type-product","3":"status-publish","4":"has-post-thumbnail","6":"tour_phys-tours","7":"product_cat-non-classe","8":"pa_destination-belek","10":"first","11":"instock","12":"sale","13":"shipping-taxable","14":"purchasable","15":"product-type-tour_phys"},"_links":{"self":[{"href":"https:\/\/vetatourism.com\/tr\/wp-json\/wp\/v2\/product\/13134","targetHints":{"allow":["GET"]}}],"collection":[{"href":"https:\/\/vetatourism.com\/tr\/wp-json\/wp\/v2\/product"}],"about":[{"href":"https:\/\/vetatourism.com\/tr\/wp-json\/wp\/v2\/types\/product"}],"replies":[{"embeddable":true,"href":"https:\/\/vetatourism.com\/tr\/wp-json\/wp\/v2\/comments?post=13134"}],"wp:featuredmedia":[{"embeddable":true,"href":"https:\/\/vetatourism.com\/tr\/wp-json\/wp\/v2\/media\/13144"}],"wp:attachment":[{"href":"https:\/\/vetatourism.com\/tr\/wp-json\/wp\/v2\/media?parent=13134"}],"wp:term":[{"taxonomy":"product_brand","embeddable":true,"href":"https:\/\/vetatourism.com\/tr\/wp-json\/wp\/v2\/product_brand?post=13134"},{"taxonomy":"product_cat","embeddable":true,"href":"https:\/\/vetatourism.com\/tr\/wp-json\/wp\/v2\/product_cat?post=13134"},{"taxonomy":"product_tag","embeddable":true,"href":"https:\/\/vetatourism.com\/tr\/wp-json\/wp\/v2\/product_tag?post=13134"}],"curies":[{"name":"wp","href":"https:\/\/api.w.org\/{rel}","templated":true}]}}