{"id":13125,"date":"2026-01-29T15:00:45","date_gmt":"2026-01-29T15:00:45","guid":{"rendered":"https:\/\/vetatourism.com\/?post_type=product&#038;p=13125"},"modified":"2026-02-04T16:14:29","modified_gmt":"2026-02-04T16:14:29","slug":"antalya-city-tour-from-side-old-town-waterfalls","status":"publish","type":"product","link":"https:\/\/vetatourism.com\/tours\/antalya-city-tour-from-side-old-town-waterfalls","title":{"rendered":"Side'den Antalya \u015eehir Turu-Eski \u015eehir ve \u015eelaleler"},"content":{"rendered":"<div data-start=\"4577\" data-end=\"4859\">G\u00fcn\u00fcn\u00fcz Side veya yak\u0131n b\u00f6lgelerdeki otelinizden bir kar\u015f\u0131lama ile ba\u015flar. Antalya'ya gelin ve ke\u015ffedin <strong data-start=\"4680\" data-end=\"4700\">Kalei\u00e7i Eski Kenti<\/strong>, tarihi sokaklarda ve Hadrian Kap\u0131s\u0131, Yivli Minare ve Saat Kulesi gibi simge yap\u0131larda y\u00fcr\u00fcmek. Ma\u011fazalar\u0131, m\u00fczeleri veya kafeleri ke\u015ffetmek i\u00e7in bo\u015f zaman\u0131n tad\u0131n\u0131 \u00e7\u0131kar\u0131n.<\/div>\n<div data-start=\"4861\" data-end=\"5056\">Devam et <strong data-start=\"4877\" data-end=\"4891\">Eski Liman<\/strong> Antalya sahil \u015feridinin ve kayal\u0131klar\u0131n panoramik manzaras\u0131n\u0131 sunan 1 saatlik dinlendirici bir tekne gezisi i\u00e7in. Yolculuktan sonra lezzetli bir yeme\u011fin tad\u0131n\u0131 \u00e7\u0131kar\u0131n <strong data-start=\"5016\" data-end=\"5033\">T\u00fcrk \u00f6\u011fle yeme\u011fi<\/strong> yerel bir restoranda.<\/div>\n<div data-start=\"5058\" data-end=\"5310\">\u00d6\u011fleden sonra ziyaret edin <strong data-start=\"5082\" data-end=\"5108\">Yukar\u0131 D\u00fcden \u015eelaleleri<\/strong>, ye\u015fillikler aras\u0131nda gizlenmi\u015f, ard\u0131ndan <strong data-start=\"5145\" data-end=\"5171\">A\u015fa\u011f\u0131 D\u00fcden \u015eelaleleri<\/strong>, suyun denizle dramatik bir \u015fekilde bulu\u015ftu\u011fu yer. D\u00f6nmeden \u00f6nce yerel bir yerde durun <strong data-start=\"5247\" data-end=\"5262\">g\u00fcm\u00fc\u015f\u00e7\u00fc<\/strong> geleneksel el yap\u0131m\u0131 g\u00fcm\u00fc\u015f \u00fcr\u00fcnleri g\u00f6rmek i\u00e7in.<\/div>\n<div data-start=\"5312\" data-end=\"5406\">Unutulmaz deneyimlerle dolu otelinize konforlu bir transferle g\u00fcn\u00fc sonland\u0131r\u0131n.<\/div>\n<p>&nbsp;<\/p>\n<hr \/>\n<p>&nbsp;<\/p>\n<div class=\"tour-content-what-included\">\n<h4 id=\"whats-included\">Neler Dahil<\/h4>\n<ul style=\"column-count: 2;\">\n<li>Side ve \u00e7evresindeki otellerden teslim alma<\/li>\n<li>Kalei\u00e7i Eski Kent gezisi ve serbest zaman<\/li>\n<li>Antalya Eski Liman\u0131ndan tekne turu (1 saat)<\/li>\n<li>Yerel bir restoranda \u00f6\u011fle yeme\u011fi<\/li>\n<li>Yukar\u0131 D\u00fcden \u015eelaleleri'ni Ziyaret Edin<\/li>\n<li>A\u015fa\u011f\u0131 D\u00fcden \u015eelaleleri'ni Ziyaret Edin<\/li>\n<li>G\u00fcm\u00fc\u015f\u00e7\u00fc ziyareti<\/li>\n<li>Otele d\u00f6n\u00fc\u015f transferi<\/li>\n<\/ul>\n<\/div>\n<p>&nbsp;<\/p>\n<hr \/>\n<p>&nbsp;<\/p>\n<div class=\"tour-content-add-information\">\n<h4>ek bilgi<\/h4>\n<ul>\n<li>Tam g\u00fcn \u015fehir turu<\/li>\n<li>Il\u0131ml\u0131 y\u00fcr\u00fcy\u00fc\u015f dahil<\/li>\n<li>Hava \u015fartlar\u0131na ba\u011fl\u0131 tekne turu<\/li>\n<li>Rahat ayakkab\u0131lar \u00f6nerilir<\/li>\n<\/ul>\n<p>&nbsp;<\/p>\n<\/div>\n<hr \/>\n<p>&nbsp;<\/p>\n<div class=\"tour-content-cancell-policy\">\n<p><strong>Ne Getirmeli<\/strong><\/p>\n<ul style=\"column-count: 2;\">\n<li>Rahat y\u00fcr\u00fcy\u00fc\u015f ayakkab\u0131s\u0131\ud83d\udc5f<\/li>\n<li>Kamera veya ak\u0131ll\u0131 telefon\ud83d\udcf1<\/li>\n<li>G\u00fcne\u015f kremi ve \u015fapka\ud83e\uddf4<\/li>\n<li>Ki\u015fisel harcamalar i\u00e7in nakit <img decoding=\"async\" class=\"emoji\" role=\"img\" draggable=\"false\" src=\"https:\/\/s.w.org\/images\/core\/emoji\/17.0.2\/svg\/1f4b3.svg\" alt=\"\ud83d\udcb3\" \/><\/li>\n<\/ul>\n<\/div>","protected":false},"excerpt":{"rendered":"<p>Eski \u015eehir, tekne turu, Yukar\u0131 ve A\u015fa\u011f\u0131 D\u00fcden \u015eelaleleri ve \u00f6\u011fle yeme\u011fi dahil Side'den tam g\u00fcnl\u00fck bir turda Antalya'y\u0131 ke\u015ffedin. Tarih, deniz ve do\u011fa.<\/p>","protected":false},"featured_media":13127,"comment_status":"open","ping_status":"closed","template":"","meta":[],"product_brand":[],"product_cat":[129],"product_tag":[],"class_list":{"0":"post-13125","1":"product","2":"type-product","3":"status-publish","4":"has-post-thumbnail","6":"tour_phys-tours","7":"product_cat-uncategorized","8":"pa_destination-side","10":"first","11":"instock","12":"sale","13":"shipping-taxable","14":"purchasable","15":"product-type-tour_phys"},"_links":{"self":[{"href":"https:\/\/vetatourism.com\/tr\/wp-json\/wp\/v2\/product\/13125","targetHints":{"allow":["GET"]}}],"collection":[{"href":"https:\/\/vetatourism.com\/tr\/wp-json\/wp\/v2\/product"}],"about":[{"href":"https:\/\/vetatourism.com\/tr\/wp-json\/wp\/v2\/types\/product"}],"replies":[{"embeddable":true,"href":"https:\/\/vetatourism.com\/tr\/wp-json\/wp\/v2\/comments?post=13125"}],"wp:featuredmedia":[{"embeddable":true,"href":"https:\/\/vetatourism.com\/tr\/wp-json\/wp\/v2\/media\/13127"}],"wp:attachment":[{"href":"https:\/\/vetatourism.com\/tr\/wp-json\/wp\/v2\/media?parent=13125"}],"wp:term":[{"taxonomy":"product_brand","embeddable":true,"href":"https:\/\/vetatourism.com\/tr\/wp-json\/wp\/v2\/product_brand?post=13125"},{"taxonomy":"product_cat","embeddable":true,"href":"https:\/\/vetatourism.com\/tr\/wp-json\/wp\/v2\/product_cat?post=13125"},{"taxonomy":"product_tag","embeddable":true,"href":"https:\/\/vetatourism.com\/tr\/wp-json\/wp\/v2\/product_tag?post=13125"}],"curies":[{"name":"wp","href":"https:\/\/api.w.org\/{rel}","templated":true}]}}