{"id":13108,"date":"2026-01-29T14:48:00","date_gmt":"2026-01-29T14:48:00","guid":{"rendered":"https:\/\/vetatourism.com\/?post_type=product&#038;p=13108"},"modified":"2026-03-09T05:51:10","modified_gmt":"2026-03-09T05:51:10","slug":"relax-vip-yacht-tour-from-belek-small-group","status":"publish","type":"product","link":"https:\/\/vetatourism.com\/tours\/relax-vip-yacht-tour-from-belek-small-group","title":{"rendered":"Belek'ten Relax VIP Yat Turu - K\u00fc\u00e7\u00fck Grup"},"content":{"rendered":"<div data-start=\"1609\" data-end=\"1828\">Dinlendirici g\u00fcn\u00fcn\u00fcz Belek'teki veya yak\u0131n b\u00f6lgelerdeki otelinizden konforlu bir kar\u015f\u0131lama ve ard\u0131ndan Kemer Marina'ya transfer ile ba\u015flar. Gemiye ad\u0131m at\u0131n <strong data-start=\"1758\" data-end=\"1777\">Relax VIP Yat<\/strong>, huzur, konfor ve l\u00fcks i\u00e7in \u00f6zel olarak tasarlanm\u0131\u015ft\u0131r.<\/div>\n<div data-start=\"1830\" data-end=\"2128\">Kalabal\u0131k g\u00fcverteler veya g\u00fcr\u00fclt\u00fcl\u00fc e\u011flence olmadan, ger\u00e7ekten gev\u015feyebilirsiniz. Her konu\u011fun kendi \u015fezlongu vard\u0131r ve Kemer'in turkuaz k\u0131y\u0131 \u015feridinin panoramik manzaras\u0131n\u0131n keyfini \u00e7\u0131kar\u0131rken dinlenmenize olanak tan\u0131r. Yat, kristal berrakl\u0131\u011f\u0131ndaki sularda y\u00fczebilece\u011finiz veya sadece hafif deniz melteminin tad\u0131n\u0131 \u00e7\u0131karabilece\u011finiz sakin koylara demirler.<\/div>\n<div data-start=\"2130\" data-end=\"2353\">Yolculuk s\u0131ras\u0131nda, gemideki \u015fef taraf\u0131ndan y\u00fcksek kaliteli malzemeler kullan\u0131larak pi\u015firilen taze haz\u0131rlanm\u0131\u015f \u00f6\u011fle yeme\u011finin tad\u0131n\u0131 \u00e7\u0131kar\u0131n. Yumu\u015fak fon m\u00fczi\u011fi ve sakin bir atmosfer, yeniden \u015farj olmak ve g\u00fcnl\u00fck stresten ka\u00e7mak i\u00e7in m\u00fckemmel bir ortam yarat\u0131r.<\/div>\n<div data-start=\"2355\" data-end=\"2487\">Y\u00fczme, g\u00fcne\u015flenme ve saf rahatlama ile ge\u00e7en bir g\u00fcn\u00fcn ard\u0131ndan Kemer Marina'ya d\u00f6n\u00fcn ve otelinize konforlu bir transferin keyfini \u00e7\u0131kar\u0131n.<\/div>\n<p>&nbsp;<\/p>\n<hr \/>\n<p>&nbsp;<\/p>\n<div class=\"tour-content-what-included\">\n<h4 id=\"whats-included\">Neler Dahil<\/h4>\n<ul style=\"column-count: 2;\">\n<li>Belek ve \u00e7evresindeki otellerden teslim alma<\/li>\n<li>Kemer Marina'ya Transfer<\/li>\n<li>Relax VIP yat gezisi ba\u015fl\u0131yor<\/li>\n<li>G\u00f6zlerden uzak koylarda y\u00fczme molalar\u0131<\/li>\n<li>Gemide \u00f6\u011fle yeme\u011fi servisi<\/li>\n<li>G\u00fcne\u015flenmek ve dinlenmek i\u00e7in bo\u015f zaman<\/li>\n<li>Marinaya ve otele d\u00f6n\u00fc\u015f<\/li>\n<\/ul>\n<\/div>\n<p>&nbsp;<\/p>\n<hr \/>\n<p>&nbsp;<\/p>\n<div class=\"tour-content-add-information\">\n<h4>ek bilgi<\/h4>\n<ul>\n<li>S\u0131n\u0131rl\u0131 kapasite: maksimum 25 konuk<\/li>\n<li>Her misafirin \u00f6zel \u015fezlongu vard\u0131r<\/li>\n<li>Y\u00fcksek sesli m\u00fczik veya parti atmosferi yok<\/li>\n<li>Bebekler kucakta oturur (ayr\u0131 koltuk yok)<\/li>\n<li>Tekerlekli sandalye eri\u015fimine uygun de\u011fil<\/li>\n<\/ul>\n<p>&nbsp;<\/p>\n<\/div>\n<hr \/>\n<p>&nbsp;<\/p>\n<div class=\"tour-content-cancell-policy\">\n<p><strong>Ne Getirmeli<\/strong><\/p>\n<ul style=\"column-count: 2;\">\n<li>G\u00fcne\u015f g\u00f6zl\u00fc\u011f\u00fc<img decoding=\"async\" class=\"emoji\" role=\"img\" draggable=\"false\" src=\"https:\/\/s.w.org\/images\/core\/emoji\/17.0.2\/svg\/1f576.svg\" alt=\"\ud83d\udd76\ufe0f\" \/><\/li>\n<li>G\u00fcne\u015f\ud83e\uddf4<\/li>\n<li>Mayo ve havlu <img decoding=\"async\" class=\"emoji\" role=\"img\" draggable=\"false\" src=\"https:\/\/s.w.org\/images\/core\/emoji\/17.0.2\/svg\/1fa71.svg\" alt=\"\ud83e\ude71\" \/><\/li>\n<li>Ki\u015fisel harcamalar i\u00e7in nakit <img decoding=\"async\" class=\"emoji\" role=\"img\" draggable=\"false\" src=\"https:\/\/s.w.org\/images\/core\/emoji\/17.0.2\/svg\/1f4b3.svg\" alt=\"\ud83d\udcb3\" \/><\/li>\n<\/ul>\n<\/div>","protected":false},"excerpt":{"rendered":"<p>Belek'ten Kemer'e uzanan Relax VIP yat turunun keyfini \u00e7\u0131kar\u0131n. Gizli koylarda y\u00fcz\u00fcn, \u00f6zel \u015fezlonglarda dinlenin ve otel transferleri ile l\u00fcks bir \u00f6\u011fle yeme\u011finin tad\u0131n\u0131 \u00e7\u0131kar\u0131n.<\/p>","protected":false},"featured_media":13117,"comment_status":"open","ping_status":"closed","template":"","meta":[],"product_brand":[],"product_cat":[15],"product_tag":[],"class_list":{"0":"post-13108","1":"product","2":"type-product","3":"status-publish","4":"has-post-thumbnail","6":"tour_phys-tours","7":"product_cat-non-classe","8":"pa_destination-belek","10":"first","11":"instock","12":"sale","13":"shipping-taxable","14":"purchasable","15":"product-type-tour_phys"},"_links":{"self":[{"href":"https:\/\/vetatourism.com\/tr\/wp-json\/wp\/v2\/product\/13108","targetHints":{"allow":["GET"]}}],"collection":[{"href":"https:\/\/vetatourism.com\/tr\/wp-json\/wp\/v2\/product"}],"about":[{"href":"https:\/\/vetatourism.com\/tr\/wp-json\/wp\/v2\/types\/product"}],"replies":[{"embeddable":true,"href":"https:\/\/vetatourism.com\/tr\/wp-json\/wp\/v2\/comments?post=13108"}],"wp:featuredmedia":[{"embeddable":true,"href":"https:\/\/vetatourism.com\/tr\/wp-json\/wp\/v2\/media\/13117"}],"wp:attachment":[{"href":"https:\/\/vetatourism.com\/tr\/wp-json\/wp\/v2\/media?parent=13108"}],"wp:term":[{"taxonomy":"product_brand","embeddable":true,"href":"https:\/\/vetatourism.com\/tr\/wp-json\/wp\/v2\/product_brand?post=13108"},{"taxonomy":"product_cat","embeddable":true,"href":"https:\/\/vetatourism.com\/tr\/wp-json\/wp\/v2\/product_cat?post=13108"},{"taxonomy":"product_tag","embeddable":true,"href":"https:\/\/vetatourism.com\/tr\/wp-json\/wp\/v2\/product_tag?post=13108"}],"curies":[{"name":"wp","href":"https:\/\/api.w.org\/{rel}","templated":true}]}}