{"id":13063,"date":"2026-01-29T10:06:54","date_gmt":"2026-01-29T10:06:54","guid":{"rendered":"https:\/\/vetatourism.com\/?post_type=product&#038;p=13063"},"modified":"2026-03-09T05:52:13","modified_gmt":"2026-03-09T05:52:13","slug":"porto-genoese-boat-trip-from-belek-blue-lagoon","status":"publish","type":"product","link":"https:\/\/vetatourism.com\/tours\/porto-genoese-boat-trip-from-belek-blue-lagoon","title":{"rendered":"Porto Genoese Boat Trip from Belek &#038; Blue Lagoo"},"content":{"rendered":"<div data-start=\"1431\" data-end=\"1596\">G\u00fcn\u00fcn\u00fcz Belek'teki veya yak\u0131n b\u00f6lgelerdeki otelinizden konforlu bir kar\u015f\u0131lama ile ba\u015flar ve ard\u0131ndan manzaral\u0131 bir s\u00fcr\u00fc\u015fle <strong data-start=\"1545\" data-end=\"1561\">Adrasan Liman\u0131<\/strong>, butik yat\u0131n\u0131z sizi bekliyor.<\/div>\n<div data-start=\"1598\" data-end=\"1814\">\u0130lk y\u00fczme dura\u011f\u0131 <strong data-start=\"1625\" data-end=\"1639\">Akseki Bay<\/strong>, Burada deniz ya\u015fam\u0131 a\u00e7\u0131s\u0131ndan zengin berrak sularda y\u00fczmek ve \u015fnorkel yapmak i\u00e7in yakla\u015f\u0131k 30 dakikan\u0131n tad\u0131n\u0131 \u00e7\u0131karacaks\u0131n\u0131z. Deniz taban\u0131 deniz kestaneleri i\u00e7erebilir, bu nedenle \u015fnorkel ayakkab\u0131lar\u0131 tavsiye edilir.<\/div>\n<div data-start=\"1816\" data-end=\"2030\">Daha sonra, b\u00fcy\u00fcleyici <strong data-start=\"1845\" data-end=\"1866\">Porto Cennet Koyu<\/strong> yakla\u015f\u0131k 60 dakikal\u0131k daha uzun bir mola i\u00e7in. Canl\u0131 turkuaz sularda y\u00fcz\u00fcn, e\u011flenceli ve ferahlat\u0131c\u0131 bir \u00e7amur banyosunun keyfini \u00e7\u0131kar\u0131n ve lezzetli bir \u00f6\u011fle yeme\u011fi servis edilirken teknede dinlenin.<\/div>\n<div data-start=\"2032\" data-end=\"2294\">K\u0131sa bir yolculuktan sonra <strong data-start=\"2064\" data-end=\"2078\">Korsan Bay<\/strong> Bu huzurlu, tenha koyda yakla\u015f\u0131k 40 dakika y\u00fczme ve rahatlama. Hava ve deniz ko\u015fullar\u0131 izin verirse, yat ayr\u0131ca b\u00fcy\u00fcl\u00fc <strong data-start=\"2235\" data-end=\"2252\">Fosforlu Ma\u011faras\u0131<\/strong>, e\u015fsiz parlayan atmosferiyle tan\u0131nmaktad\u0131r.<\/div>\n<div data-start=\"2296\" data-end=\"2420\">Bu dinlendirici ve do\u011fal yolculu\u011fun sonunda Adrasan Plaj\u0131'na d\u00f6n\u00fcn ve otelinize konforlu bir transferin keyfini \u00e7\u0131kar\u0131n.<\/div>\n<p>&nbsp;<\/p>\n<hr \/>\n<p>&nbsp;<\/p>\n<div class=\"tour-content-what-included\">\n<h4 id=\"whats-included\">Neler Dahil<\/h4>\n<ul style=\"column-count: 2;\">\n<li>Belek ve \u00e7evresindeki otellerden teslim alma<\/li>\n<li>Adrasan Liman\u0131'na Transfer<\/li>\n<li>Akseki K\u00f6rfezi y\u00fczme dura\u011f\u0131<\/li>\n<li>Porto Ceneviz Koyu y\u00fczme, \u00e7amur banyosu ve \u00f6\u011fle yeme\u011fi<\/li>\n<li>Korsan Koyu y\u00fczme dura\u011f\u0131<\/li>\n<li>Fosforlu Ma\u011fara ziyareti (hava izin verirse)<\/li>\n<li>Adrasan'a d\u00f6n\u00fc\u015f ve otele transfer<\/li>\n<\/ul>\n<\/div>\n<p>&nbsp;<\/p>\n<hr \/>\n<p>&nbsp;<\/p>\n<div class=\"tour-content-add-information\">\n<h4>ek bilgi<\/h4>\n<ul>\n<li>Tam g\u00fcnl\u00fck tekne turu<\/li>\n<li>Fosforlu Ma\u011fara ziyareti deniz ko\u015fullar\u0131na ba\u011fl\u0131<\/li>\n<li>\u015enorkel ayakkab\u0131lar\u0131 \u00f6nerilir<\/li>\n<li>Tur rotas\u0131 hava ko\u015fullar\u0131na ba\u011fl\u0131 olarak de\u011fi\u015febilir<\/li>\n<\/ul>\n<p>&nbsp;<\/p>\n<\/div>\n<hr \/>\n<p>&nbsp;<\/p>\n<div class=\"tour-content-cancell-policy\">\n<p><strong>Ne Getirmeli<\/strong><\/p>\n<ul style=\"column-count: 2;\">\n<li>G\u00fcne\u015f g\u00f6zl\u00fc\u011f\u00fc<img decoding=\"async\" class=\"emoji\" role=\"img\" draggable=\"false\" src=\"https:\/\/s.w.org\/images\/core\/emoji\/17.0.2\/svg\/1f576.svg\" alt=\"\ud83d\udd76\ufe0f\" \/><\/li>\n<li>G\u00fcne\u015f kremi ve \u015fapka<img decoding=\"async\" class=\"emoji\" role=\"img\" draggable=\"false\" src=\"https:\/\/s.w.org\/images\/core\/emoji\/17.0.2\/svg\/1f9e2.svg\" alt=\"\ud83e\udde2\" \/><\/li>\n<li>Mayo ve havlu <img decoding=\"async\" class=\"emoji\" role=\"img\" draggable=\"false\" src=\"https:\/\/s.w.org\/images\/core\/emoji\/17.0.2\/svg\/1fa71.svg\" alt=\"\ud83e\ude71\" \/><\/li>\n<li>Kamera veya ak\u0131ll\u0131 telefon \ud83d\udcf1<\/li>\n<li>Ki\u015fisel harcamalar i\u00e7in nakit <img decoding=\"async\" class=\"emoji\" role=\"img\" draggable=\"false\" src=\"https:\/\/s.w.org\/images\/core\/emoji\/17.0.2\/svg\/1f4b3.svg\" alt=\"\ud83d\udcb3\" \/><\/li>\n<\/ul>\n<\/div>","protected":false},"excerpt":{"rendered":"<p>Belek'ten Porto Ceneviz, Akseki ve Korsan Koylar\u0131na bir yat turunun tad\u0131n\u0131 \u00e7\u0131kar\u0131n. Y\u00fcz\u00fcn, \u00e7amur banyosunun keyfini \u00e7\u0131kar\u0131n, teknede \u00f6\u011fle yeme\u011fi ve otel transferleri dahildir.<\/p>","protected":false},"featured_media":13109,"comment_status":"open","ping_status":"closed","template":"","meta":[],"product_brand":[],"product_cat":[15],"product_tag":[],"class_list":{"0":"post-13063","1":"product","2":"type-product","3":"status-publish","4":"has-post-thumbnail","6":"tour_phys-tours","7":"product_cat-non-classe","8":"pa_activity-porto-genoese-bay","9":"pa_destination-belek","11":"first","12":"instock","13":"shipping-taxable","14":"purchasable","15":"product-type-tour_phys"},"_links":{"self":[{"href":"https:\/\/vetatourism.com\/tr\/wp-json\/wp\/v2\/product\/13063","targetHints":{"allow":["GET"]}}],"collection":[{"href":"https:\/\/vetatourism.com\/tr\/wp-json\/wp\/v2\/product"}],"about":[{"href":"https:\/\/vetatourism.com\/tr\/wp-json\/wp\/v2\/types\/product"}],"replies":[{"embeddable":true,"href":"https:\/\/vetatourism.com\/tr\/wp-json\/wp\/v2\/comments?post=13063"}],"wp:featuredmedia":[{"embeddable":true,"href":"https:\/\/vetatourism.com\/tr\/wp-json\/wp\/v2\/media\/13109"}],"wp:attachment":[{"href":"https:\/\/vetatourism.com\/tr\/wp-json\/wp\/v2\/media?parent=13063"}],"wp:term":[{"taxonomy":"product_brand","embeddable":true,"href":"https:\/\/vetatourism.com\/tr\/wp-json\/wp\/v2\/product_brand?post=13063"},{"taxonomy":"product_cat","embeddable":true,"href":"https:\/\/vetatourism.com\/tr\/wp-json\/wp\/v2\/product_cat?post=13063"},{"taxonomy":"product_tag","embeddable":true,"href":"https:\/\/vetatourism.com\/tr\/wp-json\/wp\/v2\/product_tag?post=13063"}],"curies":[{"name":"wp","href":"https:\/\/api.w.org\/{rel}","templated":true}]}}