{"id":13055,"date":"2026-01-29T09:56:53","date_gmt":"2026-01-29T09:56:53","guid":{"rendered":"https:\/\/vetatourism.com\/?post_type=product&#038;p=13055"},"modified":"2026-03-09T05:52:07","modified_gmt":"2026-03-09T05:52:07","slug":"suluada-island-boat-trip-from-belek-turkish-maldives","status":"publish","type":"product","link":"https:\/\/vetatourism.com\/tours\/suluada-island-boat-trip-from-belek-turkish-maldives","title":{"rendered":"Belek'ten Suluada Adas\u0131 Tekne Turu -T\u00fcrkish Maldives"},"content":{"rendered":"<p data-start=\"1354\" data-end=\"1583\">G\u00fcn\u00fcn\u00fcz Belek'teki veya yak\u0131n b\u00f6lgelerdeki otelinizden konforlu bir kar\u015f\u0131lama ile ba\u015flar ve ard\u0131ndan manzaral\u0131 bir s\u00fcr\u00fc\u015fle <strong data-start=\"1468\" data-end=\"1484\">Adrasan Liman\u0131<\/strong>. Geni\u015f ve konforlu bir tekneye binin ve Suluada'n\u0131n turkuaz sular\u0131na do\u011fru yelken a\u00e7\u0131n.<\/p>\n<p data-start=\"1585\" data-end=\"1896\">Tur, Suluada'n\u0131n en g\u00fczel noktalar\u0131nda \u00fc\u00e7 y\u00fczme molas\u0131 i\u00e7eriyor. \u0130lk olarak, ziyaret <strong data-start=\"1672\" data-end=\"1688\">Maldivler K\u00f6rfezi<\/strong>, beyaz kumlar\u0131 ve kristal berrakl\u0131\u011f\u0131ndaki sular\u0131 ile \u00fcnl\u00fcd\u00fcr, y\u00fczmek ve \u015fnorkelle dalmak i\u00e7in idealdir. Devam etmek i\u00e7in <strong data-start=\"1789\" data-end=\"1817\">Suluada'n\u0131n gizli plajlar\u0131<\/strong>, Burada sessiz k\u0131y\u0131larda dinlenebilir, sahil boyunca y\u00fcr\u00fcyebilir veya sadece g\u00fcne\u015flenebilirsiniz.<\/p>\n<p data-start=\"1898\" data-end=\"2163\">Bir di\u011fer \u00f6nemli nokta ise <strong data-start=\"1923\" data-end=\"1936\">A\u015fk Ma\u011faras\u0131<\/strong>, e\u015fsiz bir y\u00fczme ve foto\u011fraf f\u0131rsat\u0131 sunan do\u011fal bir olu\u015fumdur. \u00d6\u011fle saatlerinde, geleneksel T\u00fcrk mezeleri e\u015fli\u011finde bal\u0131k, tavuk veya vejetaryen yemekleri gibi se\u00e7eneklerle teknede taze \u0131zgara barbek\u00fc \u00f6\u011fle yeme\u011finin tad\u0131n\u0131 \u00e7\u0131kar\u0131n.<\/p>\n<p data-start=\"2165\" data-end=\"2356\">Dinlendirici bir \u00e7ay molas\u0131n\u0131n ard\u0131ndan tekne Adrasan Liman\u0131'na geri d\u00f6ner. Son olarak, T\u00fcrkiye'nin Akdeniz cennetinin unutulmaz an\u0131lar\u0131yla Belek'teki otelinize konforlu bir transferin keyfini \u00e7\u0131kar\u0131n.<\/p>\n<p>&nbsp;<\/p>\n<hr \/>\n<p>&nbsp;<\/p>\n<div class=\"tour-content-what-included\">\n<h4 id=\"whats-included\">Neler Dahil<\/h4>\n<ul style=\"column-count: 2;\">\n<li>Belek ve \u00e7evresindeki otellerden teslim alma<\/li>\n<li>Adrasan Liman\u0131'na Transfer<\/li>\n<li>Suluada'ya tekne kalk\u0131\u015f\u0131<\/li>\n<li>Maldivler K\u00f6rfezi y\u00fczme dura\u011f\u0131<\/li>\n<li>Gizli plajlar y\u00fczme dura\u011f\u0131<\/li>\n<li>A\u015fk Ma\u011faras\u0131 ziyareti<\/li>\n<li>Gemide barbek\u00fc \u00f6\u011fle yeme\u011fi<\/li>\n<li>\u00c7ay molas\u0131 ve d\u00f6n\u00fc\u015f yolculu\u011fu<\/li>\n<li>Otele geri transfer<\/li>\n<\/ul>\n<\/div>\n<p>&nbsp;<\/p>\n<hr \/>\n<p>&nbsp;<\/p>\n<div class=\"tour-content-add-information\">\n<h4>ek bilgi<\/h4>\n<ul>\n<li>Tam g\u00fcnl\u00fck tekne turu<\/li>\n<li>Aileler i\u00e7in uygun sakin ve s\u0131\u011f sular<\/li>\n<li>Tur rotas\u0131 hava ko\u015fullar\u0131na ba\u011fl\u0131 olarak de\u011fi\u015febilir<\/li>\n<li>K\u00fc\u00e7\u00fck grup ve b\u00fcy\u00fck tekne se\u00e7enekleri mevcuttur<\/li>\n<\/ul>\n<p>&nbsp;<\/p>\n<\/div>\n<hr \/>\n<p>&nbsp;<\/p>\n<div class=\"tour-content-cancell-policy\">\n<p><strong>Ne Getirmeli<\/strong><\/p>\n<ul style=\"column-count: 2;\">\n<li>G\u00fcne\u015f g\u00f6zl\u00fc\u011f\u00fc<img decoding=\"async\" class=\"emoji\" role=\"img\" draggable=\"false\" src=\"https:\/\/s.w.org\/images\/core\/emoji\/17.0.2\/svg\/1f576.svg\" alt=\"\ud83d\udd76\ufe0f\" \/><\/li>\n<li>G\u00fcne\u015f kremi ve \u015fapka<img decoding=\"async\" class=\"emoji\" role=\"img\" draggable=\"false\" src=\"https:\/\/s.w.org\/images\/core\/emoji\/17.0.2\/svg\/1f9e2.svg\" alt=\"\ud83e\udde2\" \/><\/li>\n<li>Mayo ve havlu <img decoding=\"async\" class=\"emoji\" role=\"img\" draggable=\"false\" src=\"https:\/\/s.w.org\/images\/core\/emoji\/17.0.2\/svg\/1fa71.svg\" alt=\"\ud83e\ude71\" \/><\/li>\n<li>Kamera veya ak\u0131ll\u0131 telefon \ud83d\udcf1<\/li>\n<li>Ki\u015fisel harcamalar i\u00e7in nakit <img decoding=\"async\" class=\"emoji\" role=\"img\" draggable=\"false\" src=\"https:\/\/s.w.org\/images\/core\/emoji\/17.0.2\/svg\/1f4b3.svg\" alt=\"\ud83d\udcb3\" \/><\/li>\n<\/ul>\n<\/div>","protected":false},"excerpt":{"rendered":"<p>Belek'ten Suluada tekne turuna kat\u0131l\u0131n. Turkuaz sularda y\u00fcz\u00fcn, A\u015fk Ma\u011faras\u0131'n\u0131 ke\u015ffedin, beyaz kumsallarda dinlenin ve transferlerle birlikte barbek\u00fc \u00f6\u011fle yeme\u011finin tad\u0131n\u0131 \u00e7\u0131kar\u0131n.<\/p>","protected":false},"featured_media":13056,"comment_status":"open","ping_status":"closed","template":"","meta":[],"product_brand":[],"product_cat":[84],"product_tag":[],"class_list":{"0":"post-13055","1":"product","2":"type-product","3":"status-publish","4":"has-post-thumbnail","6":"tour_phys-tours","7":"product_cat-tours","8":"pa_activity-adrasan-yacht-tours","9":"pa_destination-belek","11":"first","12":"instock","13":"sale","14":"shipping-taxable","15":"purchasable","16":"product-type-tour_phys"},"_links":{"self":[{"href":"https:\/\/vetatourism.com\/tr\/wp-json\/wp\/v2\/product\/13055","targetHints":{"allow":["GET"]}}],"collection":[{"href":"https:\/\/vetatourism.com\/tr\/wp-json\/wp\/v2\/product"}],"about":[{"href":"https:\/\/vetatourism.com\/tr\/wp-json\/wp\/v2\/types\/product"}],"replies":[{"embeddable":true,"href":"https:\/\/vetatourism.com\/tr\/wp-json\/wp\/v2\/comments?post=13055"}],"wp:featuredmedia":[{"embeddable":true,"href":"https:\/\/vetatourism.com\/tr\/wp-json\/wp\/v2\/media\/13056"}],"wp:attachment":[{"href":"https:\/\/vetatourism.com\/tr\/wp-json\/wp\/v2\/media?parent=13055"}],"wp:term":[{"taxonomy":"product_brand","embeddable":true,"href":"https:\/\/vetatourism.com\/tr\/wp-json\/wp\/v2\/product_brand?post=13055"},{"taxonomy":"product_cat","embeddable":true,"href":"https:\/\/vetatourism.com\/tr\/wp-json\/wp\/v2\/product_cat?post=13055"},{"taxonomy":"product_tag","embeddable":true,"href":"https:\/\/vetatourism.com\/tr\/wp-json\/wp\/v2\/product_tag?post=13055"}],"curies":[{"name":"wp","href":"https:\/\/api.w.org\/{rel}","templated":true}]}}