{"id":13042,"date":"2026-01-29T09:45:12","date_gmt":"2026-01-29T09:45:12","guid":{"rendered":"https:\/\/vetatourism.com\/?post_type=product&#038;p=13042"},"modified":"2026-03-09T05:52:01","modified_gmt":"2026-03-09T05:52:01","slug":"pirate-boat-trip-gonster-from-belek-all-inclusive","status":"publish","type":"product","link":"https:\/\/vetatourism.com\/tours\/pirate-boat-trip-gonster-from-belek-all-inclusive","title":{"rendered":"Belek'ten Korsan Tekne Turu Gonster - Her \u015eey Dahil"},"content":{"rendered":"<div data-start=\"1394\" data-end=\"1642\">Maceran\u0131z Belek'teki otelinizden veya yak\u0131n b\u00f6lgelerden konforlu bir kar\u015f\u0131lama ile ba\u015flar, ard\u0131ndan otele transfer ile ba\u015flar. <strong data-start=\"1510\" data-end=\"1526\">Kemer Marina<\/strong>. Gemiye ad\u0131m at\u0131n <strong data-start=\"1544\" data-end=\"1567\">Gonster Korsan Botu<\/strong>, karakter ve heyecan dolu, benzersiz bir \u015fekilde tasarlanm\u0131\u015f korsan tarz\u0131 bir gemi.<\/div>\n<div data-start=\"1644\" data-end=\"1916\">Tekne Kemer'in \u00e7arp\u0131c\u0131 sahil \u015feridi boyunca ilerlerken, m\u00fcrettebat m\u00fczik, dans ve korsan temal\u0131 e\u011flence ile e\u011flenceli ve enerjik bir atmosfer yarat\u0131r. Tur, turkuaz sularda serinleyebilece\u011finiz veya g\u00fcvertede dinlenebilece\u011finiz g\u00fczel koylarda birka\u00e7 y\u00fczme molas\u0131 i\u00e7erir.<\/div>\n<div data-start=\"1918\" data-end=\"2211\">Antik kal\u0131nt\u0131lar\u0131n yak\u0131n\u0131nda y\u00fcz\u00fcn <strong data-start=\"1949\" data-end=\"1965\">Phaselis K\u00f6rfezi<\/strong>, 'nin huzurlu g\u00fczelli\u011finin tad\u0131n\u0131 \u00e7\u0131kar\u0131n. <strong data-start=\"1996\" data-end=\"2010\">Cennet Koyu<\/strong>, 'da dinlenebilirsiniz. <strong data-start=\"2025\" data-end=\"2042\">Ay\u0131\u015f\u0131\u011f\u0131 Koyu<\/strong>, Kemer'in en pop\u00fcler sahil noktalar\u0131ndan biri. Ayr\u0131ca efsanevi <strong data-start=\"2125\" data-end=\"2140\">Korsan Ma\u011faras\u0131<\/strong>, dramatik kaya olu\u015fumlar\u0131 ile harika foto\u011fraf f\u0131rsatlar\u0131 sunmaktad\u0131r.<\/div>\n<div data-start=\"2213\" data-end=\"2450\">Teknede lezzetli bir \u00f6\u011fle yeme\u011fi servis edilir ve g\u00fcn boyunca alkols\u00fcz i\u00e7ecekler sunulur. G\u00fcne\u015flenmek i\u00e7in geni\u015f g\u00fcverteler, \u00e7ok say\u0131da aktivite ve g\u00fcler y\u00fczl\u00fc m\u00fcrettebat\u0131yla bu tur e\u011flence, rahatlama ve unutulmaz an\u0131larla dolu bir g\u00fcn vaat ediyor.<\/div>\n<p>&nbsp;<\/p>\n<hr \/>\n<p>&nbsp;<\/p>\n<div class=\"tour-content-what-included\">\n<h4 id=\"whats-included\">Neler Dahil<\/h4>\n<ul style=\"column-count: 2;\">\n<li>Belek ve \u00e7evresindeki otellerden teslim alma<\/li>\n<li>Kemer Marina'ya Transfer<\/li>\n<li>Gonster Korsan Teknesine Binmek<\/li>\n<li>Phaselis K\u00f6rfezi y\u00fczme dura\u011f\u0131<\/li>\n<li>Cennet Koyu y\u00fczme dura\u011f\u0131<\/li>\n<li>Moonlight Bay y\u00fczme dura\u011f\u0131<\/li>\n<li>Korsan Ma\u011faras\u0131 gezisi<\/li>\n<li>Gemide \u00f6\u011fle yeme\u011fi ve e\u011flence<\/li>\n<li>Marinaya d\u00f6n\u00fc\u015f ve otel transferi<\/li>\n<\/ul>\n<\/div>\n<p>&nbsp;<\/p>\n<hr \/>\n<p>&nbsp;<\/p>\n<div class=\"tour-content-add-information\">\n<h4>ek bilgi<\/h4>\n<ul>\n<li>Tam g\u00fcnl\u00fck tekne turu<\/li>\n<li>Aile dostu ve \u00e7ocuklar i\u00e7in uygun<\/li>\n<li>Tur s\u0131ras\u0131nda alkols\u00fcz i\u00e7ecekler dahildir<\/li>\n<li>Rota hava ko\u015fullar\u0131na ba\u011fl\u0131 olarak de\u011fi\u015febilir<\/li>\n<\/ul>\n<p>&nbsp;<\/p>\n<\/div>\n<hr \/>\n<p>&nbsp;<\/p>\n<div class=\"tour-content-cancell-policy\">\n<p><strong>Ne Getirmeli<\/strong><\/p>\n<ul style=\"column-count: 2;\">\n<li>G\u00fcne\u015f g\u00f6zl\u00fc\u011f\u00fc<img decoding=\"async\" class=\"emoji\" role=\"img\" draggable=\"false\" src=\"https:\/\/s.w.org\/images\/core\/emoji\/17.0.2\/svg\/1f576.svg\" alt=\"\ud83d\udd76\ufe0f\" \/><\/li>\n<li>G\u00fcne\u015f kremi ve \u015fapka<img decoding=\"async\" class=\"emoji\" role=\"img\" draggable=\"false\" src=\"https:\/\/s.w.org\/images\/core\/emoji\/17.0.2\/svg\/1f9e2.svg\" alt=\"\ud83e\udde2\" \/><\/li>\n<li>Mayo ve havlu <img decoding=\"async\" class=\"emoji\" role=\"img\" draggable=\"false\" src=\"https:\/\/s.w.org\/images\/core\/emoji\/17.0.2\/svg\/1fa71.svg\" alt=\"\ud83e\ude71\" \/><\/li>\n<li>Kamera veya ak\u0131ll\u0131 telefon \ud83d\udcf1<\/li>\n<li>Ki\u015fisel harcamalar i\u00e7in nakit <img decoding=\"async\" class=\"emoji\" role=\"img\" draggable=\"false\" src=\"https:\/\/s.w.org\/images\/core\/emoji\/17.0.2\/svg\/1f4b3.svg\" alt=\"\ud83d\udcb3\" \/><\/li>\n<\/ul>\n<\/div>","protected":false},"excerpt":{"rendered":"<p>Belek'ten Gonster Korsan Tekne Turu'nun tad\u0131n\u0131 \u00e7\u0131kar\u0131n. Kemer koylar\u0131nda y\u00fcz\u00fcn, korsan g\u00f6sterilerinin, \u00f6\u011fle yeme\u011finin, alkols\u00fcz i\u00e7eceklerin ve transferler dahil e\u011flenceli e\u011flencenin tad\u0131n\u0131 \u00e7\u0131kar\u0131n.<\/p>","protected":false},"featured_media":13043,"comment_status":"open","ping_status":"closed","template":"","meta":[],"product_brand":[],"product_cat":[84],"product_tag":[],"class_list":{"0":"post-13042","1":"product","2":"type-product","3":"status-publish","4":"has-post-thumbnail","6":"tour_phys-tours","7":"product_cat-tours","8":"pa_activity-pirate-boat-tours","9":"pa_destination-belek","11":"first","12":"instock","13":"sale","14":"shipping-taxable","15":"purchasable","16":"product-type-tour_phys"},"_links":{"self":[{"href":"https:\/\/vetatourism.com\/tr\/wp-json\/wp\/v2\/product\/13042","targetHints":{"allow":["GET"]}}],"collection":[{"href":"https:\/\/vetatourism.com\/tr\/wp-json\/wp\/v2\/product"}],"about":[{"href":"https:\/\/vetatourism.com\/tr\/wp-json\/wp\/v2\/types\/product"}],"replies":[{"embeddable":true,"href":"https:\/\/vetatourism.com\/tr\/wp-json\/wp\/v2\/comments?post=13042"}],"wp:featuredmedia":[{"embeddable":true,"href":"https:\/\/vetatourism.com\/tr\/wp-json\/wp\/v2\/media\/13043"}],"wp:attachment":[{"href":"https:\/\/vetatourism.com\/tr\/wp-json\/wp\/v2\/media?parent=13042"}],"wp:term":[{"taxonomy":"product_brand","embeddable":true,"href":"https:\/\/vetatourism.com\/tr\/wp-json\/wp\/v2\/product_brand?post=13042"},{"taxonomy":"product_cat","embeddable":true,"href":"https:\/\/vetatourism.com\/tr\/wp-json\/wp\/v2\/product_cat?post=13042"},{"taxonomy":"product_tag","embeddable":true,"href":"https:\/\/vetatourism.com\/tr\/wp-json\/wp\/v2\/product_tag?post=13042"}],"curies":[{"name":"wp","href":"https:\/\/api.w.org\/{rel}","templated":true}]}}