{"id":13031,"date":"2026-01-29T09:17:20","date_gmt":"2026-01-29T09:17:20","guid":{"rendered":"https:\/\/vetatourism.com\/?post_type=product&#038;p=13031"},"modified":"2026-04-08T17:24:15","modified_gmt":"2026-04-08T17:24:15","slug":"pirate-boat-trip-from-belek-red-dragon","status":"publish","type":"product","link":"https:\/\/vetatourism.com\/tours\/pirate-boat-trip-from-belek-red-dragon","title":{"rendered":"Belek'ten Korsan Tekne Turu - Red Dragon"},"content":{"rendered":"<div data-start=\"1355\" data-end=\"1576\">Dinlendirici deniz g\u00fcn\u00fcn\u00fcz Belek'teki veya yak\u0131n b\u00f6lgelerdeki otelinizden konforlu bir kar\u015f\u0131lama ile ba\u015flar ve ard\u0131ndan <strong data-start=\"1478\" data-end=\"1494\">Kemer Marina<\/strong>. Board a stylish pirate boat designed for comfort, space and relaxation.<\/div>\n<div data-start=\"1578\" data-end=\"1774\">Katamaran do\u011fal Kemer sahil \u015feridi boyunca ilerlerken, canl\u0131 m\u00fczi\u011fin ve keyifli bir tekne atmosferinin tad\u0131n\u0131 \u00e7\u0131kar\u0131n. Tur, b\u00f6lgenin en g\u00fczel koylar\u0131ndan baz\u0131lar\u0131nda birka\u00e7 y\u00fczme molas\u0131 i\u00e7erir.<\/div>\n<div data-start=\"1776\" data-end=\"2065\">Antik kal\u0131nt\u0131lar\u0131n yak\u0131n\u0131nda y\u00fcz\u00fcn <strong data-start=\"1807\" data-end=\"1823\">Phaselis K\u00f6rfezi<\/strong>, 'nin huzurlu sular\u0131nda dinlenin. <strong data-start=\"1857\" data-end=\"1871\">Cennet Koyu<\/strong>, 'nin canl\u0131 atmosferinin tad\u0131n\u0131 \u00e7\u0131kar\u0131n. <strong data-start=\"1908\" data-end=\"1925\">Ay\u0131\u015f\u0131\u011f\u0131 Koyu<\/strong>, y\u00fczmek ve foto\u011fraf \u00e7ekmek i\u00e7in idealdir. Ayr\u0131ca, gizemli denizalt\u0131lar\u0131n yan\u0131ndan ge\u00e7eceksiniz. <strong data-start=\"1999\" data-end=\"2014\">Korsan Ma\u011faras\u0131<\/strong>, muhte\u015fem manzaralar ve foto\u011fraf f\u0131rsatlar\u0131 sunmaktad\u0131r.<\/div>\n<div data-start=\"2067\" data-end=\"2287\">During the tour, you may enjoy lunch and drinks onboard depending on your selected package. With plenty of space to sunbathe, swim or simply relax, this pirate boat offers the perfect balance of fun and tranquility.<\/div>\n<p>&nbsp;<\/p>\n<hr \/>\n<p>&nbsp;<\/p>\n<div class=\"tour-content-what-included\">\n<h4 id=\"whats-included\">Neler Dahil<\/h4>\n<ul style=\"column-count: 2;\">\n<li>Belek ve \u00e7evresindeki otellerden teslim alma<\/li>\n<li>Kemer Marina'ya Transfer<\/li>\n<li>Korsan teknesine binmek<\/li>\n<li>Phaselis K\u00f6rfezi y\u00fczme dura\u011f\u0131<\/li>\n<li>Cennet Koyu y\u00fczme dura\u011f\u0131<\/li>\n<li>Moonlight Bay y\u00fczme dura\u011f\u0131<\/li>\n<li>Korsan Ma\u011faras\u0131 gezisi<\/li>\n<li>Dinlenmek ve g\u00fcne\u015flenmek i\u00e7in serbest zaman<\/li>\n<li>Marinaya d\u00f6n\u00fc\u015f ve otel transferi<\/li>\n<\/ul>\n<\/div>\n<p>&nbsp;<\/p>\n<hr \/>\n<p>&nbsp;<\/p>\n<div class=\"tour-content-add-information\">\n<h4>ek bilgi<\/h4>\n<ul>\n<li>Tam g\u00fcnl\u00fck tekne turu<\/li>\n<li>\u00c7iftler, aileler ve yaln\u0131z seyahat edenler i\u00e7in uygundur<\/li>\n<li>Geni\u015f g\u00f6lgelik ve g\u00fcne\u015flenme alanlar\u0131<\/li>\n<li>Rota hava ko\u015fullar\u0131na ba\u011fl\u0131 olarak de\u011fi\u015febilir<\/li>\n<\/ul>\n<p>&nbsp;<\/p>\n<\/div>\n<hr \/>\n<p>&nbsp;<\/p>\n<div class=\"tour-content-cancell-policy\">\n<p><strong>Ne Getirmeli<\/strong><\/p>\n<ul style=\"column-count: 2;\">\n<li>G\u00fcne\u015f g\u00f6zl\u00fc\u011f\u00fc<img decoding=\"async\" class=\"emoji\" role=\"img\" draggable=\"false\" src=\"https:\/\/s.w.org\/images\/core\/emoji\/17.0.2\/svg\/1f576.svg\" alt=\"\ud83d\udd76\ufe0f\" \/><\/li>\n<li>G\u00fcne\u015f kremi ve \u015fapka<img decoding=\"async\" class=\"emoji\" role=\"img\" draggable=\"false\" src=\"https:\/\/s.w.org\/images\/core\/emoji\/17.0.2\/svg\/1f9e2.svg\" alt=\"\ud83e\udde2\" \/><\/li>\n<li>Mayo ve havlu <img decoding=\"async\" class=\"emoji\" role=\"img\" draggable=\"false\" src=\"https:\/\/s.w.org\/images\/core\/emoji\/17.0.2\/svg\/1fa71.svg\" alt=\"\ud83e\ude71\" \/><\/li>\n<li>Kamera veya ak\u0131ll\u0131 telefon \ud83d\udcf1<\/li>\n<li>Ki\u015fisel harcamalar i\u00e7in nakit <img decoding=\"async\" class=\"emoji\" role=\"img\" draggable=\"false\" src=\"https:\/\/s.w.org\/images\/core\/emoji\/17.0.2\/svg\/1f4b3.svg\" alt=\"\ud83d\udcb3\" \/><\/li>\n<\/ul>\n<\/div>","protected":false},"excerpt":{"rendered":"<p>Join a pirate boat tour from Belek to Kemer. Swim in crystal-clear bays, enjoy sea views, live music and a relaxing cruise with transfers included.<\/p>","protected":false},"featured_media":16565,"comment_status":"open","ping_status":"closed","template":"","meta":[],"product_brand":[],"product_cat":[],"product_tag":[],"class_list":{"0":"post-13031","1":"product","2":"type-product","3":"status-publish","4":"has-post-thumbnail","6":"tour_phys-tours","7":"pa_activity-pirate-boat-tours","8":"pa_destination-belek","10":"first","11":"instock","12":"shipping-taxable","13":"purchasable","14":"product-type-tour_phys"},"_links":{"self":[{"href":"https:\/\/vetatourism.com\/tr\/wp-json\/wp\/v2\/product\/13031","targetHints":{"allow":["GET"]}}],"collection":[{"href":"https:\/\/vetatourism.com\/tr\/wp-json\/wp\/v2\/product"}],"about":[{"href":"https:\/\/vetatourism.com\/tr\/wp-json\/wp\/v2\/types\/product"}],"replies":[{"embeddable":true,"href":"https:\/\/vetatourism.com\/tr\/wp-json\/wp\/v2\/comments?post=13031"}],"wp:featuredmedia":[{"embeddable":true,"href":"https:\/\/vetatourism.com\/tr\/wp-json\/wp\/v2\/media\/16565"}],"wp:attachment":[{"href":"https:\/\/vetatourism.com\/tr\/wp-json\/wp\/v2\/media?parent=13031"}],"wp:term":[{"taxonomy":"product_brand","embeddable":true,"href":"https:\/\/vetatourism.com\/tr\/wp-json\/wp\/v2\/product_brand?post=13031"},{"taxonomy":"product_cat","embeddable":true,"href":"https:\/\/vetatourism.com\/tr\/wp-json\/wp\/v2\/product_cat?post=13031"},{"taxonomy":"product_tag","embeddable":true,"href":"https:\/\/vetatourism.com\/tr\/wp-json\/wp\/v2\/product_tag?post=13031"}],"curies":[{"name":"wp","href":"https:\/\/api.w.org\/{rel}","templated":true}]}}