{"id":13020,"date":"2026-01-29T08:51:26","date_gmt":"2026-01-29T08:51:26","guid":{"rendered":"https:\/\/vetatourism.com\/?post_type=product&#038;p=13020"},"modified":"2026-04-25T17:31:10","modified_gmt":"2026-04-25T17:31:10","slug":"kemer-pirate-boat-trip-red-dragon-with-lunch","status":"publish","type":"product","link":"https:\/\/vetatourism.com\/tours\/kemer-pirate-boat-trip-red-dragon-with-lunch","title":{"rendered":"Kemer Korsan Tekne Turu K\u0131z\u0131l Ejder \u2014 \u00d6\u011fle Yeme\u011fi ile"},"content":{"rendered":"<div data-start=\"1347\" data-end=\"1579\">Maceran\u0131z Belek'teki otelinizden veya yak\u0131n b\u00f6lgelerden konforlu bir kar\u015f\u0131lama ile ba\u015flar, ard\u0131ndan otele transfer ile ba\u015flar. <strong data-start=\"1463\" data-end=\"1479\">Kemer Marina<\/strong>. B\u00fcy\u00fck bir gemiye ad\u0131m at\u0131n <strong data-start=\"1501\" data-end=\"1523\">korsan temal\u0131 tekne<\/strong>, e\u011flence, m\u00fczik ve unutulmaz deniz anlar\u0131 i\u00e7in tasarlanm\u0131\u015ft\u0131r.<\/div>\n<div data-start=\"1581\" data-end=\"1821\">Tekne muhte\u015fem Kemer sahil \u015feridinde seyir halindeyken, m\u00fcrettebat m\u00fczik, dans ve korsan tarz\u0131 e\u011flence ile enerjiyi y\u00fcksek tutuyor. Tur, turkuaz sularda serinleyebilece\u011finiz veya g\u00fcvertede dinlenebilece\u011finiz birka\u00e7 y\u00fczme dura\u011f\u0131 i\u00e7erir.<\/div>\n<div data-start=\"1823\" data-end=\"2094\">Antik kal\u0131nt\u0131lar\u0131n yak\u0131n\u0131nda y\u00fcz\u00fcn <strong data-start=\"1854\" data-end=\"1870\">Phaselis K\u00f6rfezi<\/strong>, huzurlu atmosferin tad\u0131n\u0131 \u00e7\u0131kar\u0131n <strong data-start=\"1905\" data-end=\"1919\">Cennet Koyu<\/strong>, rahatlay\u0131n veya foto\u011fraf \u00e7ekin <strong data-start=\"1949\" data-end=\"1966\">Ay\u0131\u015f\u0131\u011f\u0131 Koyu<\/strong>. Ayr\u0131ca gizemli ge\u00e7mi\u015f seyir olacak <strong data-start=\"2009\" data-end=\"2024\">Korsan Ma\u011faras\u0131<\/strong>, dramatik kaya olu\u015fumlar\u0131 ve m\u00fckemmel foto\u011fraf f\u0131rsatlar\u0131 sunar.<\/div>\n<div data-start=\"2096\" data-end=\"2325\">Tur boyunca, se\u00e7ti\u011finiz pakete ba\u011fl\u0131 olarak gemide yiyecek ve i\u00e7ecekler mevcuttur. Canl\u0131 e\u011flence, g\u00fczel manzara ve bol y\u00fczme zaman\u0131 ile bu korsan tekne turu, e\u011flence ve an\u0131larla dolu bir g\u00fcn vaat ediyor.<\/div>\n<div data-start=\"2096\" data-end=\"2325\"><\/div>\n<div data-start=\"2096\" data-end=\"2325\"><\/div>\n<div style=\"max-width: 360px; margin: 0;\">\n<div style=\"position: relative; padding-top: 177.77%;\"><iframe style=\"position: absolute; top: 0; left: 0; width: 100%; height: 100%; border: 0;\" src=\"https:\/\/www.youtube.com\/embed\/6hknrEM8D68\" allowfullscreen=\"allowfullscreen\"><br \/>\n<\/iframe><\/div>\n<\/div>\n<hr \/>\n<p>&nbsp;<\/p>\n<div class=\"tour-content-what-included\">\n<h4 id=\"whats-included\">Neler Dahil<\/h4>\n<ul style=\"column-count: 2;\">\n<li>Kemer ve \u00e7evresindeki otellerden ara\u00e7la alma<\/li>\n<li>Kemer Marina'ya Transfer<\/li>\n<li>Korsan teknesine binmek<\/li>\n<li>Phaselis K\u00f6rfezi y\u00fczme dura\u011f\u0131<\/li>\n<li>Cennet Koyu y\u00fczme dura\u011f\u0131<\/li>\n<li>Moonlight Bay y\u00fczme dura\u011f\u0131<\/li>\n<li>Korsan Ma\u011faras\u0131 gezisi<\/li>\n<li>Gemide e\u011flence, y\u00fczme ve bo\u015f zaman<\/li>\n<li>Marinaya d\u00f6n\u00fc\u015f ve otel transferi<\/li>\n<\/ul>\n<\/div>\n<p>&nbsp;<\/p>\n<hr \/>\n<p>&nbsp;<\/p>\n<div class=\"tour-content-add-information\">\n<h4>ek bilgi<\/h4>\n<ul>\n<li>Tam g\u00fcn korsan tekne turu<\/li>\n<li>Aile dostu ve \u00e7ocuklar i\u00e7in uygun<\/li>\n<li>Teknede canl\u0131 m\u00fczik ve e\u011flence<\/li>\n<li>Rota hava ko\u015fullar\u0131na ba\u011fl\u0131 olarak de\u011fi\u015febilir<\/li>\n<\/ul>\n<\/div>\n<hr \/>\n<p>&nbsp;<\/p>\n<div class=\"tour-content-cancell-policy\">\n<p><strong>Ne Getirmeli<\/strong><\/p>\n<ul style=\"column-count: 2;\">\n<li>G\u00fcne\u015f g\u00f6zl\u00fc\u011f\u00fc<img decoding=\"async\" class=\"emoji\" role=\"img\" draggable=\"false\" src=\"https:\/\/s.w.org\/images\/core\/emoji\/17.0.2\/svg\/1f576.svg\" alt=\"\ud83d\udd76\ufe0f\" \/><\/li>\n<li>G\u00fcne\u015f kremi ve \u015fapka<img decoding=\"async\" class=\"emoji\" role=\"img\" draggable=\"false\" src=\"https:\/\/s.w.org\/images\/core\/emoji\/17.0.2\/svg\/1f9e2.svg\" alt=\"\ud83e\udde2\" \/><\/li>\n<li>Mayo ve havlu <img decoding=\"async\" class=\"emoji\" role=\"img\" draggable=\"false\" src=\"https:\/\/s.w.org\/images\/core\/emoji\/17.0.2\/svg\/1fa71.svg\" alt=\"\ud83e\ude71\" \/><\/li>\n<li>Kamera veya ak\u0131ll\u0131 telefon \ud83d\udcf1<\/li>\n<li>Ki\u015fisel harcamalar i\u00e7in nakit <img decoding=\"async\" class=\"emoji\" role=\"img\" draggable=\"false\" src=\"https:\/\/s.w.org\/images\/core\/emoji\/17.0.2\/svg\/1f4b3.svg\" alt=\"\ud83d\udcb3\" \/><\/li>\n<\/ul>\n<\/div>","protected":false},"excerpt":{"rendered":"<p>Belek'ten Kemer'e korsan tekne turuna kat\u0131l\u0131n. Kristal berrakl\u0131\u011f\u0131ndaki koylarda y\u00fcz\u00fcn, otel transferleri ile m\u00fczi\u011fin, e\u011flencenin ve e\u011flenceli bir deniz maceras\u0131n\u0131n tad\u0131n\u0131 \u00e7\u0131kar\u0131n.<\/p>","protected":false},"featured_media":16564,"comment_status":"open","ping_status":"closed","template":"","meta":[],"product_brand":[],"product_cat":[],"product_tag":[],"class_list":{"0":"post-13020","1":"product","2":"type-product","3":"status-publish","4":"has-post-thumbnail","6":"tour_phys-tours","7":"pa_activity-pirate-boat-tours","8":"pa_destination-kemer","10":"first","11":"instock","12":"shipping-taxable","13":"purchasable","14":"product-type-tour_phys"},"_links":{"self":[{"href":"https:\/\/vetatourism.com\/tr\/wp-json\/wp\/v2\/product\/13020","targetHints":{"allow":["GET"]}}],"collection":[{"href":"https:\/\/vetatourism.com\/tr\/wp-json\/wp\/v2\/product"}],"about":[{"href":"https:\/\/vetatourism.com\/tr\/wp-json\/wp\/v2\/types\/product"}],"replies":[{"embeddable":true,"href":"https:\/\/vetatourism.com\/tr\/wp-json\/wp\/v2\/comments?post=13020"}],"wp:featuredmedia":[{"embeddable":true,"href":"https:\/\/vetatourism.com\/tr\/wp-json\/wp\/v2\/media\/16564"}],"wp:attachment":[{"href":"https:\/\/vetatourism.com\/tr\/wp-json\/wp\/v2\/media?parent=13020"}],"wp:term":[{"taxonomy":"product_brand","embeddable":true,"href":"https:\/\/vetatourism.com\/tr\/wp-json\/wp\/v2\/product_brand?post=13020"},{"taxonomy":"product_cat","embeddable":true,"href":"https:\/\/vetatourism.com\/tr\/wp-json\/wp\/v2\/product_cat?post=13020"},{"taxonomy":"product_tag","embeddable":true,"href":"https:\/\/vetatourism.com\/tr\/wp-json\/wp\/v2\/product_tag?post=13020"}],"curies":[{"name":"wp","href":"https:\/\/api.w.org\/{rel}","templated":true}]}}