{"id":13013,"date":"2026-01-29T08:39:30","date_gmt":"2026-01-29T08:39:30","guid":{"rendered":"https:\/\/vetatourism.com\/?post_type=product&#038;p=13013"},"modified":"2026-04-09T08:06:04","modified_gmt":"2026-04-09T08:06:04","slug":"green-canyon-boat-tour-from-kemer-nature-relaxation","status":"publish","type":"product","link":"https:\/\/vetatourism.com\/tours\/green-canyon-boat-tour-from-kemer-nature-relaxation","title":{"rendered":"Kemer'den Ye\u015fil Kanyon Tekne Turu - Do\u011fa, Rahatlama"},"content":{"rendered":"<p>G\u00fcn\u00fcn\u00fcz, Kemer'deki veya yak\u0131n b\u00f6lgelerdeki otelinizden konforlu bir kar\u015f\u0131lama ile ba\u015flar ve ard\u0131ndan Toros Da\u011flar\u0131'ndan Ye\u015fil Kanyon'a do\u011fru do\u011fal bir s\u00fcr\u00fc\u015fle devam eder.<\/p>\n<p>Var\u0131\u015fta konforlu bir tekneye binin ve kayal\u0131klarla ve yemye\u015fil orman manzaralar\u0131yla \u00e7evrili z\u00fcmr\u00fct ye\u015fili sularda dinlendirici bir yolculu\u011fa ba\u015flay\u0131n. Rota, sakin, berrak sularda y\u00fczme molalar\u0131 ile K\u00fc\u00e7\u00fck ve B\u00fcy\u00fck Kanyondan ge\u00e7iyor.<\/p>\n<p>Daha sonra tamamen dinlenebilece\u011finiz ve do\u011fan\u0131n sessizli\u011finin tad\u0131n\u0131 \u00e7\u0131karabilece\u011finiz g\u00f6l kenar\u0131ndaki bir restoranda lezzetli bir \u00f6\u011fle yeme\u011finin tad\u0131n\u0131 \u00e7\u0131kar\u0131n. Bu tur, yenilenmi\u015f ve yeniden \u015farj edilmi\u015f hissederek otelinize d\u00f6nmeden \u00f6nce m\u00fckemmel bir rahatlama ve manzara dengesi sunar.<\/p>\n<p>&nbsp;<\/p>\n<hr \/>\n<p>&nbsp;<\/p>\n<div class=\"tour-content-what-included\">\n<h4 id=\"whats-included\"><span dir=\"auto\" style=\"vertical-align: inherit;\"><span dir=\"auto\" style=\"vertical-align: inherit;\">Neler Dahil<\/span><\/span><\/h4>\n<ul style=\"column-count: 2;\">\n<li><span dir=\"auto\" style=\"vertical-align: inherit;\"><span dir=\"auto\" style=\"vertical-align: inherit;\">Kemer ve \u00e7evresindeki otellerden ara\u00e7la alma<\/span><\/span><\/li>\n<li><span dir=\"auto\" style=\"vertical-align: inherit;\"><span dir=\"auto\" style=\"vertical-align: inherit;\">Toros Da\u011flar\u0131 boyunca do\u011fal s\u00fcr\u00fc\u015f<\/span><\/span><\/li>\n<li><span dir=\"auto\" style=\"vertical-align: inherit;\"><span dir=\"auto\" style=\"vertical-align: inherit;\">Ye\u015fil Kanyon'da tekne turu<\/span><\/span><\/li>\n<li><span dir=\"auto\" style=\"vertical-align: inherit;\"><span dir=\"auto\" style=\"vertical-align: inherit;\">Y\u00fczme duraklar\u0131<\/span><\/span><\/li>\n<li><span dir=\"auto\" style=\"vertical-align: inherit;\"><span dir=\"auto\" style=\"vertical-align: inherit;\">G\u00f6l kenar\u0131ndaki bir restoranda \u00f6\u011fle yeme\u011fi<\/span><\/span><\/li>\n<li><span dir=\"auto\" style=\"vertical-align: inherit;\"><span dir=\"auto\" style=\"vertical-align: inherit;\">D\u00f6n\u00fc\u015f yolculu\u011fu<\/span><\/span><\/li>\n<li><span dir=\"auto\" style=\"vertical-align: inherit;\"><span dir=\"auto\" style=\"vertical-align: inherit;\">Otele geri transfer<\/span><\/span><\/li>\n<\/ul>\n<\/div>\n<p>&nbsp;<\/p>\n<hr \/>\n<p>&nbsp;<\/p>\n<div class=\"tour-content-add-information\">\n<h4><span dir=\"auto\" style=\"vertical-align: inherit;\"><span dir=\"auto\" style=\"vertical-align: inherit;\">ek bilgi<\/span><\/span><\/h4>\n<ul>\n<li><span dir=\"auto\" style=\"vertical-align: inherit;\"><span dir=\"auto\" style=\"vertical-align: inherit;\">Tam g\u00fcn tekne turu (yakl. 9-10 saat)<\/span><\/span><\/li>\n<li><span dir=\"auto\" style=\"vertical-align: inherit;\"><span dir=\"auto\" style=\"vertical-align: inherit;\">D\u00fc\u015f\u00fck fiziksel aktivite (tekne gezisi ve iste\u011fe ba\u011fl\u0131 y\u00fczme)<\/span><\/span><\/li>\n<li><span dir=\"auto\" style=\"vertical-align: inherit;\"><span dir=\"auto\" style=\"vertical-align: inherit;\">Kemer'den g\u00fcnl\u00fck kalk\u0131\u015flar<\/span><\/span><\/li>\n<li><span dir=\"auto\" style=\"vertical-align: inherit;\"><span dir=\"auto\" style=\"vertical-align: inherit;\">Teknede g\u00f6lgeli oturma ve tuvaletler mevcuttur<\/span><\/span><\/li>\n<li><span dir=\"auto\" style=\"vertical-align: inherit;\"><span dir=\"auto\" style=\"vertical-align: inherit;\">Sa\u011flanan can yelekleri<\/span><\/span><\/li>\n<li><span dir=\"auto\" style=\"vertical-align: inherit;\"><span dir=\"auto\" style=\"vertical-align: inherit;\">\u00dccretsiz seyahat eden 5 ya\u015f\u0131n alt\u0131ndaki \u00e7ocuklar\u0131n ayr\u0131 bir otob\u00fcs koltu\u011fu yoktur; Otob\u00fcs doluysa, bir yeti\u015fkinin kuca\u011f\u0131na otururlar veya koltuk ayr\u0131 olarak rezerve edilebilir<\/span><\/span><\/li>\n<\/ul>\n<\/div>\n<hr \/>\n<p>&nbsp;<\/p>\n<div class=\"tour-content-cancell-policy\">\n<p><strong><span dir=\"auto\" style=\"vertical-align: inherit;\"><span dir=\"auto\" style=\"vertical-align: inherit;\">Ne Getirmeli<\/span><\/span><\/strong><\/p>\n<ul style=\"column-count: 2;\">\n<li><span dir=\"auto\" style=\"vertical-align: inherit;\"><span dir=\"auto\" style=\"vertical-align: inherit;\">G\u00fcne\u015f g\u00f6zl\u00fc\u011f\u00fc<\/span><\/span><img decoding=\"async\" class=\"emoji\" role=\"img\" draggable=\"false\" src=\"https:\/\/s.w.org\/images\/core\/emoji\/17.0.2\/svg\/1f576.svg\" alt=\"\ud83d\udd76\ufe0f\" \/><\/li>\n<li><span dir=\"auto\" style=\"vertical-align: inherit;\"><span dir=\"auto\" style=\"vertical-align: inherit;\">G\u00fcne\u015f kremi ve \u015fapka<\/span><\/span><img decoding=\"async\" class=\"emoji\" role=\"img\" draggable=\"false\" src=\"https:\/\/s.w.org\/images\/core\/emoji\/17.0.2\/svg\/1f9e2.svg\" alt=\"\ud83e\udde2\" \/><\/li>\n<li><span dir=\"auto\" style=\"vertical-align: inherit;\"><span dir=\"auto\" style=\"vertical-align: inherit;\">Mayo ve havlu<\/span><\/span><img decoding=\"async\" class=\"emoji\" role=\"img\" draggable=\"false\" src=\"https:\/\/s.w.org\/images\/core\/emoji\/17.0.2\/svg\/1fa71.svg\" alt=\"\ud83e\ude71\" \/><\/li>\n<li><span dir=\"auto\" style=\"vertical-align: inherit;\"><span dir=\"auto\" style=\"vertical-align: inherit;\">Kamera veya ak\u0131ll\u0131 telefon \ud83d\udcf1<\/span><\/span><\/li>\n<li><span dir=\"auto\" style=\"vertical-align: inherit;\"><span dir=\"auto\" style=\"vertical-align: inherit;\">Ki\u015fisel harcamalar i\u00e7in nakit<\/span><\/span><img decoding=\"async\" class=\"emoji\" role=\"img\" draggable=\"false\" src=\"https:\/\/s.w.org\/images\/core\/emoji\/17.0.2\/svg\/1f4b3.svg\" alt=\"\ud83d\udcb3\" \/><\/li>\n<\/ul>\n<\/div>","protected":false},"excerpt":{"rendered":"<p><span dir=\"auto\" style=\"vertical-align: inherit;\"><span dir=\"auto\" style=\"vertical-align: inherit;\">Y\u00fczme molalar\u0131, do\u011fal da\u011f manzaralar\u0131 ve g\u00f6l kenar\u0131nda \u00f6\u011fle yeme\u011fi ile Kemer'den Ye\u015fil Kanyon tekne turunun keyfini \u00e7\u0131kar\u0131n. Tam g\u00fcnl\u00fck rahatlat\u0131c\u0131 bir do\u011fa ka\u00e7ama\u011f\u0131.<\/span><\/span><\/p>","protected":false},"featured_media":13014,"comment_status":"open","ping_status":"closed","template":"","meta":[],"product_brand":[],"product_cat":[],"product_tag":[],"class_list":{"0":"post-13013","1":"product","2":"type-product","3":"status-publish","4":"has-post-thumbnail","6":"tour_phys-tours","7":"pa_destination-kemer","9":"first","10":"instock","11":"shipping-taxable","12":"purchasable","13":"product-type-tour_phys"},"_links":{"self":[{"href":"https:\/\/vetatourism.com\/tr\/wp-json\/wp\/v2\/product\/13013","targetHints":{"allow":["GET"]}}],"collection":[{"href":"https:\/\/vetatourism.com\/tr\/wp-json\/wp\/v2\/product"}],"about":[{"href":"https:\/\/vetatourism.com\/tr\/wp-json\/wp\/v2\/types\/product"}],"replies":[{"embeddable":true,"href":"https:\/\/vetatourism.com\/tr\/wp-json\/wp\/v2\/comments?post=13013"}],"wp:featuredmedia":[{"embeddable":true,"href":"https:\/\/vetatourism.com\/tr\/wp-json\/wp\/v2\/media\/13014"}],"wp:attachment":[{"href":"https:\/\/vetatourism.com\/tr\/wp-json\/wp\/v2\/media?parent=13013"}],"wp:term":[{"taxonomy":"product_brand","embeddable":true,"href":"https:\/\/vetatourism.com\/tr\/wp-json\/wp\/v2\/product_brand?post=13013"},{"taxonomy":"product_cat","embeddable":true,"href":"https:\/\/vetatourism.com\/tr\/wp-json\/wp\/v2\/product_cat?post=13013"},{"taxonomy":"product_tag","embeddable":true,"href":"https:\/\/vetatourism.com\/tr\/wp-json\/wp\/v2\/product_tag?post=13013"}],"curies":[{"name":"wp","href":"https:\/\/api.w.org\/{rel}","templated":true}]}}