{"id":12995,"date":"2026-01-29T07:11:52","date_gmt":"2026-01-29T07:11:52","guid":{"rendered":"https:\/\/vetatourism.com\/?post_type=product&#038;p=12995"},"modified":"2026-04-09T08:04:15","modified_gmt":"2026-04-09T08:04:15","slug":"green-canyon-boat-trip-from-belek-nature-relaxation","status":"publish","type":"product","link":"https:\/\/vetatourism.com\/tours\/green-canyon-boat-trip-from-belek-nature-relaxation","title":{"rendered":"Belek'ten Ye\u015fil Kanyon Tekne Turu - Do\u011fa, Rahatlama"},"content":{"rendered":"<p>G\u00fcn\u00fcn\u00fcz Belek'teki veya yak\u0131n b\u00f6lgelerdeki otelinizden konforlu bir kar\u015f\u0131lama ile ba\u015flar ve ard\u0131ndan Toros Da\u011flar\u0131'ndan Ye\u015fil Kanyon'a do\u011fru do\u011fal bir yolculukla devam eder.<\/p>\n<p>Var\u0131\u015fta konforlu bir tekneye binin ve kayal\u0131klarla ve yemye\u015fil orman manzaralar\u0131yla \u00e7evrili z\u00fcmr\u00fct ye\u015fili sularda dinlendirici bir yolculu\u011fa ba\u015flay\u0131n. Rota, sakin, berrak sularda y\u00fczme molalar\u0131 ile K\u00fc\u00e7\u00fck ve B\u00fcy\u00fck Kanyondan ge\u00e7iyor.<\/p>\n<p>Daha sonra tamamen dinlenebilece\u011finiz ve do\u011fan\u0131n sessizli\u011finin tad\u0131n\u0131 \u00e7\u0131karabilece\u011finiz g\u00f6l kenar\u0131ndaki bir restoranda lezzetli bir \u00f6\u011fle yeme\u011finin tad\u0131n\u0131 \u00e7\u0131kar\u0131n. Bu tur, yenilenmi\u015f ve yeniden \u015farj edilmi\u015f hissederek otelinize d\u00f6nmeden \u00f6nce m\u00fckemmel bir rahatlama ve manzara dengesi sunar.<\/p>\n<p>&nbsp;<\/p>\n<hr \/>\n<p>&nbsp;<\/p>\n<div class=\"tour-content-what-included\">\n<h4 id=\"whats-included\">Neler Dahil<\/h4>\n<ul style=\"column-count: 2;\">\n<li>Belek ve \u00e7evresindeki otellerden teslim alma<\/li>\n<li>Toros Da\u011flar\u0131 boyunca do\u011fal s\u00fcr\u00fc\u015f<\/li>\n<li>Ye\u015fil Kanyon'da tekne turu<\/li>\n<li>Y\u00fczme duraklar\u0131<\/li>\n<li>G\u00f6l kenar\u0131ndaki bir restoranda \u00f6\u011fle yeme\u011fi<\/li>\n<li>D\u00f6n\u00fc\u015f yolculu\u011fu<\/li>\n<li>Otele geri transfer<\/li>\n<\/ul>\n<\/div>\n<hr \/>\n<p>&nbsp;<\/p>\n<div class=\"tour-content-add-information\">\n<h4>ek bilgi<\/h4>\n<ul>\n<li>Tam g\u00fcn tekne turu (yakl. 9-10 saat)<\/li>\n<li>D\u00fc\u015f\u00fck fiziksel aktivite (tekne gezisi ve iste\u011fe ba\u011fl\u0131 y\u00fczme)<\/li>\n<li>Kemer'den g\u00fcnl\u00fck kalk\u0131\u015flar<\/li>\n<li>Teknede g\u00f6lgeli oturma ve tuvaletler mevcuttur<\/li>\n<li>Sa\u011flanan can yelekleri<\/li>\n<li>\u00dccretsiz seyahat eden 5 ya\u015f\u0131n alt\u0131ndaki \u00e7ocuklar\u0131n ayr\u0131 bir otob\u00fcs koltu\u011fu yoktur; Otob\u00fcs doluysa, bir yeti\u015fkinin kuca\u011f\u0131na otururlar veya koltuk ayr\u0131 olarak rezerve edilebilir<\/li>\n<\/ul>\n<\/div>\n<hr \/>\n<p>&nbsp;<\/p>\n<div class=\"tour-content-cancell-policy\">\n<p><strong>Ne Getirmeli<\/strong><\/p>\n<ul style=\"column-count: 2;\">\n<li>G\u00fcne\u015f g\u00f6zl\u00fc\u011f\u00fc<img decoding=\"async\" class=\"emoji\" role=\"img\" draggable=\"false\" src=\"https:\/\/s.w.org\/images\/core\/emoji\/17.0.2\/svg\/1f576.svg\" alt=\"\ud83d\udd76\ufe0f\" \/><\/li>\n<li>G\u00fcne\u015f kremi ve \u015fapka<img decoding=\"async\" class=\"emoji\" role=\"img\" draggable=\"false\" src=\"https:\/\/s.w.org\/images\/core\/emoji\/17.0.2\/svg\/1f9e2.svg\" alt=\"\ud83e\udde2\" \/><\/li>\n<li>Mayo ve havlu <img decoding=\"async\" class=\"emoji\" role=\"img\" draggable=\"false\" src=\"https:\/\/s.w.org\/images\/core\/emoji\/17.0.2\/svg\/1fa71.svg\" alt=\"\ud83e\ude71\" \/><\/li>\n<li>Kamera veya ak\u0131ll\u0131 telefon \ud83d\udcf1<\/li>\n<li>Ki\u015fisel harcamalar i\u00e7in nakit <img decoding=\"async\" class=\"emoji\" role=\"img\" draggable=\"false\" src=\"https:\/\/s.w.org\/images\/core\/emoji\/17.0.2\/svg\/1f4b3.svg\" alt=\"\ud83d\udcb3\" \/><\/li>\n<\/ul>\n<\/div>","protected":false},"excerpt":{"rendered":"<p>Belek'ten z\u00fcmr\u00fct sular\u0131, y\u00fczme molalar\u0131 ve g\u00f6l kenar\u0131nda bir \u00f6\u011fle yeme\u011fi ile Ye\u015fil Kanyon tekne turuna kat\u0131l\u0131n. Huzurlu bir tam g\u00fcnl\u00fck do\u011fa deneyimi.<\/p>","protected":false},"featured_media":12997,"comment_status":"open","ping_status":"closed","template":"","meta":[],"product_brand":[],"product_cat":[],"product_tag":[],"class_list":{"0":"post-12995","1":"product","2":"type-product","3":"status-publish","4":"has-post-thumbnail","6":"tour_phys-tours","7":"pa_destination-belek","9":"first","10":"instock","11":"shipping-taxable","12":"purchasable","13":"product-type-tour_phys"},"_links":{"self":[{"href":"https:\/\/vetatourism.com\/tr\/wp-json\/wp\/v2\/product\/12995","targetHints":{"allow":["GET"]}}],"collection":[{"href":"https:\/\/vetatourism.com\/tr\/wp-json\/wp\/v2\/product"}],"about":[{"href":"https:\/\/vetatourism.com\/tr\/wp-json\/wp\/v2\/types\/product"}],"replies":[{"embeddable":true,"href":"https:\/\/vetatourism.com\/tr\/wp-json\/wp\/v2\/comments?post=12995"}],"wp:featuredmedia":[{"embeddable":true,"href":"https:\/\/vetatourism.com\/tr\/wp-json\/wp\/v2\/media\/12997"}],"wp:attachment":[{"href":"https:\/\/vetatourism.com\/tr\/wp-json\/wp\/v2\/media?parent=12995"}],"wp:term":[{"taxonomy":"product_brand","embeddable":true,"href":"https:\/\/vetatourism.com\/tr\/wp-json\/wp\/v2\/product_brand?post=12995"},{"taxonomy":"product_cat","embeddable":true,"href":"https:\/\/vetatourism.com\/tr\/wp-json\/wp\/v2\/product_cat?post=12995"},{"taxonomy":"product_tag","embeddable":true,"href":"https:\/\/vetatourism.com\/tr\/wp-json\/wp\/v2\/product_tag?post=12995"}],"curies":[{"name":"wp","href":"https:\/\/api.w.org\/{rel}","templated":true}]}}