{"id":10214,"date":"2024-08-13T02:55:52","date_gmt":"2024-08-13T02:55:52","guid":{"rendered":"https:\/\/travelwp.physcode.com\/main-demo\/?post_type=product&#038;p=10214"},"modified":"2026-02-28T12:11:05","modified_gmt":"2026-02-28T12:11:05","slug":"cappadocia-2-day-tour-from-kemer","status":"publish","type":"product","link":"https:\/\/vetatourism.com\/tours\/cappadocia-2-day-tour-from-kemer","title":{"rendered":"Kemer'den 2 G\u00fcnl\u00fck Kapadokya Turu"},"content":{"rendered":"<p>Do\u011fa harikalar\u0131n\u0131, antik tarihi ve otantik k\u00fclt\u00fcrel deneyimleri birle\u015ftiren unutulmaz iki g\u00fcnl\u00fck bir macerada Kapadokya'n\u0131n b\u00fcy\u00fcl\u00fc manzaralar\u0131n\u0131 ke\u015ffedin.<\/p>\n<p>Yolculu\u011funuz, Side'deki veya yak\u0131ndaki b\u00f6lgelerdeki otelinizden sabah\u0131n erken saatlerinde bir kar\u015f\u0131lama ile ba\u015flar. Panoramik da\u011f manzaras\u0131n\u0131n ve geleneksel T\u00fcrk k\u0131r manzaras\u0131n\u0131n tad\u0131n\u0131 \u00e7\u0131kar\u0131rken Anadolu'nun kalbinde rahat\u00e7a seyahat edin.<\/p>\n<p>Binlerce y\u0131l \u00f6nce volkanik aktivitenin \u015fekillendirdi\u011fi peri bacalar\u0131, ma\u011fara konutlar\u0131 ve ger\u00e7ek\u00fcst\u00fc vadileriyle \u00fcnl\u00fc Kapadokya, d\u00fcnyan\u0131n en e\u015fsiz manzaralar\u0131ndan birini sunuyor. Bir zamanlar erken uygarl\u0131klar taraf\u0131ndan gizli s\u0131\u011f\u0131nak olarak kullan\u0131lan yeralt\u0131 \u015fehirlerini ke\u015ffedin ve G\u00f6reme Vadisi'ne bakan nefes kesici manzaralara hayran kal\u0131n.<\/p>\n<p>Tarihi ma\u011fara kiliseleri, vadiler ve geleneksel el sanatlar\u0131 at\u00f6lyelerinde ke\u015ffinize devam etmeden \u00f6nce yerel bir restoranda lezzetli bir \u00f6\u011fle yeme\u011finin tad\u0131n\u0131 \u00e7\u0131kar\u0131n.<\/p>\n<p>Geceyi Kapadokya'da ge\u00e7irin ve huzurlu atmosferini ya\u015fay\u0131n. T\u00fcrk Gecesi G\u00f6sterisi veya geleneksel ak\u015fam yeme\u011fi gibi iste\u011fe ba\u011fl\u0131 ak\u015fam etkinlikleri mevcuttur.<\/p>\n<p>T\u00fcrkiye'nin en ikonik anlar\u0131ndan biri olan g\u00fcne\u015f do\u011farken (iste\u011fe ba\u011fl\u0131 ve hava durumuna ba\u011fl\u0131) s\u0131cak hava balonu u\u00e7u\u015funu izlemek veya kat\u0131lmak gibi unutulmaz bir deneyim i\u00e7in ikinci g\u00fcn\u00fcn erken saatlerinde uyan\u0131n.<\/p>\n<p>Kahvalt\u0131dan sonra unutulmaz an\u0131larla otelinize rahat\u00e7a d\u00f6nmeden \u00f6nce b\u00f6lgeyi ke\u015ffetmeye devam edin.<\/p>\n<p>&nbsp;<\/p>\n<hr \/>\n<p>&nbsp;<\/p>\n<div class=\"tour-content-what-included\">\n<h4 id=\"whats-included\">Neler Dahil<\/h4>\n<ul style=\"column-count: 2;\">\n<li>Otelden alma ve b\u0131rakma<\/li>\n<li>Klimal\u0131 ula\u015f\u0131m<\/li>\n<li>Profesyonel tur rehberi<\/li>\n<li>Kapadokya'da 1 Gecelik konaklama<\/li>\n<li>Otelde kahvalt\u0131 ve ak\u015fam yeme\u011fi<\/li>\n<li>Tur s\u0131ras\u0131nda \u00f6\u011fle yeme\u011fi<\/li>\n<li>Vadileri ve panoramik manzaralar\u0131 ziyaret edin<\/li>\n<li>Yeralt\u0131 \u015fehri ziyareti<\/li>\n<li>Tam sigorta<\/li>\n<\/ul>\n<\/div>\n<p>&nbsp;<\/p>\n<hr \/>\n<p>&nbsp;<\/p>\n<div class=\"tour-content-add-information\">\n<h4>ek bilgi<\/h4>\n<ul>\n<li>S\u0131cak hava balonu u\u00e7u\u015fu iste\u011fe ba\u011fl\u0131d\u0131r ve hava ko\u015fullar\u0131na ba\u011fl\u0131d\u0131r<\/li>\n<li>Rahat y\u00fcr\u00fcy\u00fc\u015f ayakkab\u0131lar\u0131 tavsiye edilir<\/li>\n<li>Teslim alma s\u00fcresi otelin konumuna ba\u011fl\u0131 olarak de\u011fi\u015febilir<\/li>\n<li>Yolculuk s\u0131ras\u0131nda al\u0131\u015fveri\u015f ve dinlenme duraklar\u0131 mevcuttur<\/li>\n<li>Tek ki\u015filik odada konaklama ek \u00fccrete tabi olabilir<\/li>\n<\/ul>\n<\/div>\n<hr \/>\n<p>&nbsp;<\/p>\n<div class=\"tour-content-cancell-policy\">\n<p><strong>Ne Getirmeli<\/strong><\/p>\n<ul style=\"column-count: 2;\">\n<li>G\u00fcne\u015f G\u00f6zl\u00fc\u011f\u00fc \ufe0f \ufe0f<\/li>\n<li>\u015eapka \ud83e\udde2<\/li>\n<li>Rahat ayakkab\u0131lar \ud83d\udc5f<\/li>\n<li>Kamera \ud83d\udcf7<\/li>\n<li>Hafif ceket \ud83e\udde5<\/li>\n<li>Ki\u015fisel harcamalar i\u00e7in para \ud83d\udcb3<\/li>\n<\/ul>\n<\/div>","protected":false},"excerpt":{"rendered":"<p>Do\u011fa harikalar\u0131n\u0131, antik tarihi ve otantik k\u00fclt\u00fcrel deneyimleri birle\u015ftiren unutulmaz iki g\u00fcnl\u00fck bir macerada Kapadokya'n\u0131n b\u00fcy\u00fcl\u00fc manzaralar\u0131n\u0131 ke\u015ffedin.<br \/>\nYour journey begins with an early morning pickup from your <\/p>","protected":false},"featured_media":16221,"comment_status":"open","ping_status":"closed","template":"","meta":[],"product_brand":[],"product_cat":[],"product_tag":[],"class_list":{"0":"post-10214","1":"product","2":"type-product","3":"status-publish","4":"has-post-thumbnail","6":"tour_phys-tours","7":"pa_destination-kemer","9":"first","10":"instock","11":"shipping-taxable","12":"purchasable","13":"product-type-tour_phys"},"_links":{"self":[{"href":"https:\/\/vetatourism.com\/tr\/wp-json\/wp\/v2\/product\/10214","targetHints":{"allow":["GET"]}}],"collection":[{"href":"https:\/\/vetatourism.com\/tr\/wp-json\/wp\/v2\/product"}],"about":[{"href":"https:\/\/vetatourism.com\/tr\/wp-json\/wp\/v2\/types\/product"}],"replies":[{"embeddable":true,"href":"https:\/\/vetatourism.com\/tr\/wp-json\/wp\/v2\/comments?post=10214"}],"wp:featuredmedia":[{"embeddable":true,"href":"https:\/\/vetatourism.com\/tr\/wp-json\/wp\/v2\/media\/16221"}],"wp:attachment":[{"href":"https:\/\/vetatourism.com\/tr\/wp-json\/wp\/v2\/media?parent=10214"}],"wp:term":[{"taxonomy":"product_brand","embeddable":true,"href":"https:\/\/vetatourism.com\/tr\/wp-json\/wp\/v2\/product_brand?post=10214"},{"taxonomy":"product_cat","embeddable":true,"href":"https:\/\/vetatourism.com\/tr\/wp-json\/wp\/v2\/product_cat?post=10214"},{"taxonomy":"product_tag","embeddable":true,"href":"https:\/\/vetatourism.com\/tr\/wp-json\/wp\/v2\/product_tag?post=10214"}],"curies":[{"name":"wp","href":"https:\/\/api.w.org\/{rel}","templated":true}]}}