{"id":11201,"date":"2024-09-19T08:02:59","date_gmt":"2024-09-19T04:02:59","guid":{"rendered":"https:\/\/travelwp.physcode.com\/main-demo\/?page_id=11201"},"modified":"2026-01-29T16:01:35","modified_gmt":"2026-01-29T16:01:35","slug":"sss","status":"publish","type":"page","link":"https:\/\/vetatourism.com\/tr\/faqs\/","title":{"rendered":"SSS'ler"},"content":{"rendered":"<div data-elementor-type=\"wp-page\" data-elementor-id=\"11201\" class=\"elementor elementor-11201\" data-elementor-post-type=\"page\">\n\t\t\t\t<div class=\"elementor-element elementor-element-3dc80fe e-flex e-con-boxed e-con e-parent\" data-id=\"3dc80fe\" data-element_type=\"container\" data-e-type=\"container\">\n\t\t\t\t\t<div class=\"e-con-inner\">\n\t\t\t\t<div class=\"elementor-element elementor-element-47ca54f elementor-widget elementor-widget-thim-ekits-breadcrumb\" data-id=\"47ca54f\" data-element_type=\"widget\" data-e-type=\"widget\" data-widget_type=\"thim-ekits-breadcrumb.default\">\n\t\t\t\t<div class=\"elementor-widget-container\">\n\t\t\t\t\t\n\t\t\t<div class=\"thim-ekit-breadcrumb\">\n\n\t\t\t\tEv\n\t\t\t<\/div>\n\n\t\t\t\t\t\t\t<\/div>\n\t\t\t\t<\/div>\n\t\t\t\t<div class=\"elementor-element elementor-element-9548dbd elementor-widget__width-initial elementor-widget elementor-widget-thim-ekits-heading\" data-id=\"9548dbd\" data-element_type=\"widget\" data-e-type=\"widget\" data-widget_type=\"thim-ekits-heading.default\">\n\t\t\t\t<div class=\"elementor-widget-container\">\n\t\t\t\t\t<div class=\"thim-ekits-heading thim-ekit__heading\"><h1 class=\"title\">SSS'ler<\/h1><h5 class=\"sub-heading\">Deneyiminizi g\u00fcvenle planlamak i\u00e7in turlar, rezervasyonlar ve seyahat ayr\u0131nt\u0131lar\u0131yla ilgili faydal\u0131 yan\u0131tlar\u0131 ke\u015ffedin.<\/h5><\/div>\t\t\t\t<\/div>\n\t\t\t\t<\/div>\n\t\t\t\t\t<\/div>\n\t\t\t\t<\/div>\n\t\t<div class=\"elementor-element elementor-element-6c5c061 e-flex e-con-boxed e-con e-parent\" data-id=\"6c5c061\" data-element_type=\"container\" data-e-type=\"container\">\n\t\t\t\t\t<div class=\"e-con-inner\">\n\t\t<div class=\"elementor-element elementor-element-3baf02f e-con-full e-flex e-con e-child\" data-id=\"3baf02f\" data-element_type=\"container\" data-e-type=\"container\">\n\t\t\t\t<div class=\"elementor-element elementor-element-68ca3b8 elementor-widget elementor-widget-thim-ekits-accordion\" data-id=\"68ca3b8\" data-element_type=\"widget\" data-e-type=\"widget\" data-widget_type=\"thim-ekits-accordion.default\">\n\t\t\t\t<div class=\"elementor-widget-container\">\n\t\t\t\t\t\n\t\t<div id=\"thim-accordions-68ca3b8\" class=\"thim-ekit-tablist\">\n\t\t\t<div class=\"thim-accordion-sections\" role=\"tablist\">\n\t\t\t\t\n\t\t\t\t\t<div class=\"accordion-section\">\n\t\t\t\t\t\t<div class=\"accordion-title\" aria-selected=\"true\" role=\"tab\" tabindex=\"0\" aria-controls=\"item-acc-68ca3b8-1\">\n\t\t\t\t\t\t\tNas\u0131l tur rezervasyonu yapabilirim?\t\t\t\t\t\t\t\t<span class=\"accordion-icon\">\n\t\t\t\t\t\t\t\t\t<span\n\t\t\t\t\t\t\t\t\t\tclass=\"accordion-icon-closed\"><svg xmlns=\"http:\/\/www.w3.org\/2000\/svg\" width=\"12\" height=\"7\" viewbox=\"0 0 12 7\" fill=\"none\"><path d=\"M1 6L6 1L11 6\" stroke=\"#121212\" stroke-width=\"1.5\" stroke-linecap=\"round\" stroke-linejoin=\"round\"><\/path><\/svg><\/span>\n\t\t\t\t\t\t\t\t\t<span\n\t\t\t\t\t\t\t\t\t\tclass=\"accordion-icon-opened\"><svg xmlns=\"http:\/\/www.w3.org\/2000\/svg\" width=\"12\" height=\"7\" viewbox=\"0 0 12 7\" fill=\"none\"><path d=\"M11 1L6 6L1 1\" stroke=\"#121212\" stroke-width=\"1.5\" stroke-linecap=\"round\" stroke-linejoin=\"round\"><\/path><\/svg><\/span>\n\t\t\t\t\t\t\t\t<\/span>\n\t\t\t\t\t\t\t\t\t\t\t\t\t<\/div>\n\n\t\t\t\t\t\t<div class=\"accordion-content\" id=\"item-acc-68ca3b8-1\"\n\t\t\t\t\t\t\t role=\"tabpanel\"\n\t\t\t\t\t\t\t aria-labelledby=\"item-acc-68ca3b8-1\"\n\t\t\t\t\t\t\t tabindex=\"0\" >\n\t\t\t\t\t\t\t<p data-start=\"526\" data-end=\"742\">Tercih etti\u011finiz deneyimi se\u00e7erek ve rezervasyon ad\u0131mlar\u0131n\u0131 takip ederek do\u011frudan web sitemiz \u00fczerinden tur rezervasyonu yapabilirsiniz. Yard\u0131ma ihtiyac\u0131n\u0131z olursa, ekibimiz ileti\u015fim formu veya WhatsApp arac\u0131l\u0131\u011f\u0131yla size yard\u0131mc\u0131 olmaya haz\u0131rd\u0131r.<\/p>\t\t\t\t\t\t<\/div>\n\t\t\t\t\t<\/div>\n\n\t\t\t\t\n\t\t\t\t\t<div class=\"accordion-section\">\n\t\t\t\t\t\t<div class=\"accordion-title\" aria-selected=\"false\" role=\"tab\" tabindex=\"-1\" aria-controls=\"item-acc-68ca3b8-2\">\n\t\t\t\t\t\t\t\u00d6nceden rezervasyon gerekli mi?\t\t\t\t\t\t\t\t<span class=\"accordion-icon\">\n\t\t\t\t\t\t\t\t\t<span\n\t\t\t\t\t\t\t\t\t\tclass=\"accordion-icon-closed\"><svg xmlns=\"http:\/\/www.w3.org\/2000\/svg\" width=\"12\" height=\"7\" viewbox=\"0 0 12 7\" fill=\"none\"><path d=\"M1 6L6 1L11 6\" stroke=\"#121212\" stroke-width=\"1.5\" stroke-linecap=\"round\" stroke-linejoin=\"round\"><\/path><\/svg><\/span>\n\t\t\t\t\t\t\t\t\t<span\n\t\t\t\t\t\t\t\t\t\tclass=\"accordion-icon-opened\"><svg xmlns=\"http:\/\/www.w3.org\/2000\/svg\" width=\"12\" height=\"7\" viewbox=\"0 0 12 7\" fill=\"none\"><path d=\"M11 1L6 6L1 1\" stroke=\"#121212\" stroke-width=\"1.5\" stroke-linecap=\"round\" stroke-linejoin=\"round\"><\/path><\/svg><\/span>\n\t\t\t\t\t\t\t\t<\/span>\n\t\t\t\t\t\t\t\t\t\t\t\t\t<\/div>\n\n\t\t\t\t\t\t<div class=\"accordion-content\" id=\"item-acc-68ca3b8-2\"\n\t\t\t\t\t\t\t role=\"tabpanel\"\n\t\t\t\t\t\t\t aria-labelledby=\"item-acc-68ca3b8-2\"\n\t\t\t\t\t\t\t tabindex=\"-1\" hidden>\n\t\t\t\t\t\t\t<p data-start=\"788\" data-end=\"967\">\u00d6zellikle y\u00fcksek sezonda m\u00fcsaitlik durumunu garantilemek i\u00e7in \u00f6nceden rezervasyon yap\u0131lmas\u0131 tavsiye edilir. Erken rezervasyon, turunuzu sorunsuz bir \u015fekilde organize etmemizi ve m\u00fcmk\u00fcn olan en iyi hizmeti sunmam\u0131z\u0131 sa\u011flar.<\/p>\t\t\t\t\t\t<\/div>\n\t\t\t\t\t<\/div>\n\n\t\t\t\t\n\t\t\t\t\t<div class=\"accordion-section\">\n\t\t\t\t\t\t<div class=\"accordion-title\" aria-selected=\"false\" role=\"tab\" tabindex=\"-1\" aria-controls=\"item-acc-68ca3b8-3\">\n\t\t\t\t\t\t\tHangi \u00f6deme se\u00e7enekleri mevcut?\t\t\t\t\t\t\t\t<span class=\"accordion-icon\">\n\t\t\t\t\t\t\t\t\t<span\n\t\t\t\t\t\t\t\t\t\tclass=\"accordion-icon-closed\"><svg xmlns=\"http:\/\/www.w3.org\/2000\/svg\" width=\"12\" height=\"7\" viewbox=\"0 0 12 7\" fill=\"none\"><path d=\"M1 6L6 1L11 6\" stroke=\"#121212\" stroke-width=\"1.5\" stroke-linecap=\"round\" stroke-linejoin=\"round\"><\/path><\/svg><\/span>\n\t\t\t\t\t\t\t\t\t<span\n\t\t\t\t\t\t\t\t\t\tclass=\"accordion-icon-opened\"><svg xmlns=\"http:\/\/www.w3.org\/2000\/svg\" width=\"12\" height=\"7\" viewbox=\"0 0 12 7\" fill=\"none\"><path d=\"M11 1L6 6L1 1\" stroke=\"#121212\" stroke-width=\"1.5\" stroke-linecap=\"round\" stroke-linejoin=\"round\"><\/path><\/svg><\/span>\n\t\t\t\t\t\t\t\t<\/span>\n\t\t\t\t\t\t\t\t\t\t\t\t\t<\/div>\n\n\t\t\t\t\t\t<div class=\"accordion-content\" id=\"item-acc-68ca3b8-3\"\n\t\t\t\t\t\t\t role=\"tabpanel\"\n\t\t\t\t\t\t\t aria-labelledby=\"item-acc-68ca3b8-3\"\n\t\t\t\t\t\t\t tabindex=\"-1\" hidden>\n\t\t\t\t\t\t\t<p data-start=\"1020\" data-end=\"1176\">Se\u00e7ilen tura ba\u011fl\u0131 olarak g\u00fcvenli \u00f6deme se\u00e7enekleri sunuyoruz. \u015eeffafl\u0131\u011f\u0131 sa\u011flamak i\u00e7in t\u00fcm \u00f6deme ayr\u0131nt\u0131lar\u0131 rezervasyon i\u015flemi s\u0131ras\u0131nda a\u00e7\u0131k\u00e7a a\u00e7\u0131klanmaktad\u0131r.<\/p>\t\t\t\t\t\t<\/div>\n\t\t\t\t\t<\/div>\n\n\t\t\t\t\n\t\t\t\t\t<div class=\"accordion-section\">\n\t\t\t\t\t\t<div class=\"accordion-title\" aria-selected=\"false\" role=\"tab\" tabindex=\"-1\" aria-controls=\"item-acc-68ca3b8-4\">\n\t\t\t\t\t\t\tFiyatlar kesin mi yoksa ek maliyetler var m\u0131?\t\t\t\t\t\t\t\t<span class=\"accordion-icon\">\n\t\t\t\t\t\t\t\t\t<span\n\t\t\t\t\t\t\t\t\t\tclass=\"accordion-icon-closed\"><svg xmlns=\"http:\/\/www.w3.org\/2000\/svg\" width=\"12\" height=\"7\" viewbox=\"0 0 12 7\" fill=\"none\"><path d=\"M1 6L6 1L11 6\" stroke=\"#121212\" stroke-width=\"1.5\" stroke-linecap=\"round\" stroke-linejoin=\"round\"><\/path><\/svg><\/span>\n\t\t\t\t\t\t\t\t\t<span\n\t\t\t\t\t\t\t\t\t\tclass=\"accordion-icon-opened\"><svg xmlns=\"http:\/\/www.w3.org\/2000\/svg\" width=\"12\" height=\"7\" viewbox=\"0 0 12 7\" fill=\"none\"><path d=\"M11 1L6 6L1 1\" stroke=\"#121212\" stroke-width=\"1.5\" stroke-linecap=\"round\" stroke-linejoin=\"round\"><\/path><\/svg><\/span>\n\t\t\t\t\t\t\t\t<\/span>\n\t\t\t\t\t\t\t\t\t\t\t\t\t<\/div>\n\n\t\t\t\t\t\t<div class=\"accordion-content\" id=\"item-acc-68ca3b8-4\"\n\t\t\t\t\t\t\t role=\"tabpanel\"\n\t\t\t\t\t\t\t aria-labelledby=\"item-acc-68ca3b8-4\"\n\t\t\t\t\t\t\t tabindex=\"-1\" hidden>\n\t\t\t\t\t\t\t<p>Web sitemizde g\u00f6sterilen t\u00fcm fiyatlar \u015feffaft\u0131r. Hi\u00e7bir gizli \u00fccret yoktur ve tur detaylar\u0131nda dahil edilen veya hari\u00e7 tutulan hizmetler a\u00e7\u0131k\u00e7a belirtilmi\u015ftir.<\/p>\t\t\t\t\t\t<\/div>\n\t\t\t\t\t<\/div>\n\n\t\t\t\t\t\t\t<\/div>\n\t\t\t\t\t<\/div>\n\t\t\t\t\t<\/div>\n\t\t\t\t<\/div>\n\t\t\t\t<\/div>\n\t\t<div class=\"elementor-element elementor-element-deca7d1 e-con-full e-flex e-con e-child\" data-id=\"deca7d1\" data-element_type=\"container\" data-e-type=\"container\">\n\t\t\t\t<div class=\"elementor-element elementor-element-48e50a1 elementor-widget elementor-widget-thim-ekits-accordion\" data-id=\"48e50a1\" data-element_type=\"widget\" data-e-type=\"widget\" data-widget_type=\"thim-ekits-accordion.default\">\n\t\t\t\t<div class=\"elementor-widget-container\">\n\t\t\t\t\t\n\t\t<div id=\"thim-accordions-48e50a1\" class=\"thim-ekit-tablist\">\n\t\t\t<div class=\"thim-accordion-sections\" role=\"tablist\">\n\t\t\t\t\n\t\t\t\t\t<div class=\"accordion-section\">\n\t\t\t\t\t\t<div class=\"accordion-title\" aria-selected=\"true\" role=\"tab\" tabindex=\"0\" aria-controls=\"item-acc-48e50a1-1\">\n\t\t\t\t\t\t\tRezervasyonumu de\u011fi\u015ftirebilir veya iptal edebilir miyim?\t\t\t\t\t\t\t\t<span class=\"accordion-icon\">\n\t\t\t\t\t\t\t\t\t<span\n\t\t\t\t\t\t\t\t\t\tclass=\"accordion-icon-closed\"><svg xmlns=\"http:\/\/www.w3.org\/2000\/svg\" width=\"12\" height=\"7\" viewbox=\"0 0 12 7\" fill=\"none\"><path d=\"M1 6L6 1L11 6\" stroke=\"#121212\" stroke-width=\"1.5\" stroke-linecap=\"round\" stroke-linejoin=\"round\"><\/path><\/svg><\/span>\n\t\t\t\t\t\t\t\t\t<span\n\t\t\t\t\t\t\t\t\t\tclass=\"accordion-icon-opened\"><svg xmlns=\"http:\/\/www.w3.org\/2000\/svg\" width=\"12\" height=\"7\" viewbox=\"0 0 12 7\" fill=\"none\"><path d=\"M11 1L6 6L1 1\" stroke=\"#121212\" stroke-width=\"1.5\" stroke-linecap=\"round\" stroke-linejoin=\"round\"><\/path><\/svg><\/span>\n\t\t\t\t\t\t\t\t<\/span>\n\t\t\t\t\t\t\t\t\t\t\t\t\t<\/div>\n\n\t\t\t\t\t\t<div class=\"accordion-content\" id=\"item-acc-48e50a1-1\"\n\t\t\t\t\t\t\t role=\"tabpanel\"\n\t\t\t\t\t\t\t aria-labelledby=\"item-acc-48e50a1-1\"\n\t\t\t\t\t\t\t tabindex=\"0\" >\n\t\t\t\t\t\t\t<p data-start=\"1452\" data-end=\"1612\">Turun politikas\u0131na ba\u011fl\u0131 olarak de\u011fi\u015fiklikler veya iptaller m\u00fcmk\u00fcnd\u00fcr. Tur bilgilerini incelemenizi veya yard\u0131m i\u00e7in destek ekibimizle ileti\u015fime ge\u00e7menizi \u00f6neririz.<\/p>\t\t\t\t\t\t<\/div>\n\t\t\t\t\t<\/div>\n\n\t\t\t\t\n\t\t\t\t\t<div class=\"accordion-section\">\n\t\t\t\t\t\t<div class=\"accordion-title\" aria-selected=\"false\" role=\"tab\" tabindex=\"-1\" aria-controls=\"item-acc-48e50a1-2\">\n\t\t\t\t\t\t\tTurlar \u00e7ocuklar ve aileler i\u00e7in uygun mu?\t\t\t\t\t\t\t\t<span class=\"accordion-icon\">\n\t\t\t\t\t\t\t\t\t<span\n\t\t\t\t\t\t\t\t\t\tclass=\"accordion-icon-closed\"><svg xmlns=\"http:\/\/www.w3.org\/2000\/svg\" width=\"12\" height=\"7\" viewbox=\"0 0 12 7\" fill=\"none\"><path d=\"M1 6L6 1L11 6\" stroke=\"#121212\" stroke-width=\"1.5\" stroke-linecap=\"round\" stroke-linejoin=\"round\"><\/path><\/svg><\/span>\n\t\t\t\t\t\t\t\t\t<span\n\t\t\t\t\t\t\t\t\t\tclass=\"accordion-icon-opened\"><svg xmlns=\"http:\/\/www.w3.org\/2000\/svg\" width=\"12\" height=\"7\" viewbox=\"0 0 12 7\" fill=\"none\"><path d=\"M11 1L6 6L1 1\" stroke=\"#121212\" stroke-width=\"1.5\" stroke-linecap=\"round\" stroke-linejoin=\"round\"><\/path><\/svg><\/span>\n\t\t\t\t\t\t\t\t<\/span>\n\t\t\t\t\t\t\t\t\t\t\t\t\t<\/div>\n\n\t\t\t\t\t\t<div class=\"accordion-content\" id=\"item-acc-48e50a1-2\"\n\t\t\t\t\t\t\t role=\"tabpanel\"\n\t\t\t\t\t\t\t aria-labelledby=\"item-acc-48e50a1-2\"\n\t\t\t\t\t\t\t tabindex=\"-1\" hidden>\n\t\t\t\t\t\t\t<p data-start=\"135\" data-end=\"402\">Bir\u00e7ok tur aile dostudur ve her ya\u015f i\u00e7in e\u011flenceli olacak \u015fekilde tasarlanm\u0131\u015ft\u0131r. Ailelerin en uygun deneyimi se\u00e7melerine yard\u0131mc\u0131 olmak i\u00e7in ya\u015f gereksinimleri ve uygunluk ayr\u0131nt\u0131lar\u0131 her tur sayfas\u0131nda a\u00e7\u0131k\u00e7a belirtilmi\u015ftir.<\/p>\t\t\t\t\t\t<\/div>\n\t\t\t\t\t<\/div>\n\n\t\t\t\t\n\t\t\t\t\t<div class=\"accordion-section\">\n\t\t\t\t\t\t<div class=\"accordion-title\" aria-selected=\"false\" role=\"tab\" tabindex=\"-1\" aria-controls=\"item-acc-48e50a1-3\">\n\t\t\t\t\t\t\t\u00c7ok dilli destek sa\u011fl\u0131yor musunuz?\t\t\t\t\t\t\t\t<span class=\"accordion-icon\">\n\t\t\t\t\t\t\t\t\t<span\n\t\t\t\t\t\t\t\t\t\tclass=\"accordion-icon-closed\"><svg xmlns=\"http:\/\/www.w3.org\/2000\/svg\" width=\"12\" height=\"7\" viewbox=\"0 0 12 7\" fill=\"none\"><path d=\"M1 6L6 1L11 6\" stroke=\"#121212\" stroke-width=\"1.5\" stroke-linecap=\"round\" stroke-linejoin=\"round\"><\/path><\/svg><\/span>\n\t\t\t\t\t\t\t\t\t<span\n\t\t\t\t\t\t\t\t\t\tclass=\"accordion-icon-opened\"><svg xmlns=\"http:\/\/www.w3.org\/2000\/svg\" width=\"12\" height=\"7\" viewbox=\"0 0 12 7\" fill=\"none\"><path d=\"M11 1L6 6L1 1\" stroke=\"#121212\" stroke-width=\"1.5\" stroke-linecap=\"round\" stroke-linejoin=\"round\"><\/path><\/svg><\/span>\n\t\t\t\t\t\t\t\t<\/span>\n\t\t\t\t\t\t\t\t\t\t\t\t\t<\/div>\n\n\t\t\t\t\t\t<div class=\"accordion-content\" id=\"item-acc-48e50a1-3\"\n\t\t\t\t\t\t\t role=\"tabpanel\"\n\t\t\t\t\t\t\t aria-labelledby=\"item-acc-48e50a1-3\"\n\t\t\t\t\t\t\t tabindex=\"-1\" hidden>\n\t\t\t\t\t\t\t<p data-start=\"89\" data-end=\"275\">Evet, ekibimiz tur deneyiminiz \u00f6ncesinde, s\u0131ras\u0131nda ve sonras\u0131nda net ileti\u015fim ve yard\u0131m sa\u011flamak i\u00e7in birden fazla dilde destek sunmaktad\u0131r.<\/p>\t\t\t\t\t\t<\/div>\n\t\t\t\t\t<\/div>\n\n\t\t\t\t\n\t\t\t\t\t<div class=\"accordion-section\">\n\t\t\t\t\t\t<div class=\"accordion-title\" aria-selected=\"false\" role=\"tab\" tabindex=\"-1\" aria-controls=\"item-acc-48e50a1-4\">\n\t\t\t\t\t\t\tM\u00fc\u015fteri deste\u011fine nas\u0131l ula\u015fabilirim?\t\t\t\t\t\t\t\t<span class=\"accordion-icon\">\n\t\t\t\t\t\t\t\t\t<span\n\t\t\t\t\t\t\t\t\t\tclass=\"accordion-icon-closed\"><svg xmlns=\"http:\/\/www.w3.org\/2000\/svg\" width=\"12\" height=\"7\" viewbox=\"0 0 12 7\" fill=\"none\"><path d=\"M1 6L6 1L11 6\" stroke=\"#121212\" stroke-width=\"1.5\" stroke-linecap=\"round\" stroke-linejoin=\"round\"><\/path><\/svg><\/span>\n\t\t\t\t\t\t\t\t\t<span\n\t\t\t\t\t\t\t\t\t\tclass=\"accordion-icon-opened\"><svg xmlns=\"http:\/\/www.w3.org\/2000\/svg\" width=\"12\" height=\"7\" viewbox=\"0 0 12 7\" fill=\"none\"><path d=\"M11 1L6 6L1 1\" stroke=\"#121212\" stroke-width=\"1.5\" stroke-linecap=\"round\" stroke-linejoin=\"round\"><\/path><\/svg><\/span>\n\t\t\t\t\t\t\t\t<\/span>\n\t\t\t\t\t\t\t\t\t\t\t\t\t<\/div>\n\n\t\t\t\t\t\t<div class=\"accordion-content\" id=\"item-acc-48e50a1-4\"\n\t\t\t\t\t\t\t role=\"tabpanel\"\n\t\t\t\t\t\t\t aria-labelledby=\"item-acc-48e50a1-4\"\n\t\t\t\t\t\t\t tabindex=\"-1\" hidden>\n\t\t\t\t\t\t\t<p data-start=\"93\" data-end=\"291\">Destek ekibimize web sitemizdeki ileti\u015fim formu, e-posta veya WhatsApp arac\u0131l\u0131\u011f\u0131yla istedi\u011finiz zaman daha h\u0131zl\u0131 ve daha ki\u015fiselle\u015ftirilmi\u015f yard\u0131m i\u00e7in kolayca ula\u015fabilirsiniz.<\/p>\t\t\t\t\t\t<\/div>\n\t\t\t\t\t<\/div>\n\n\t\t\t\t\t\t\t<\/div>\n\t\t\t\t\t<\/div>\n\t\t\t\t\t<\/div>\n\t\t\t\t<\/div>\n\t\t\t\t<\/div>\n\t\t\t\t\t<\/div>\n\t\t\t\t<\/div>\n\t\t<div class=\"elementor-element elementor-element-c2db6bc e-flex e-con-boxed e-con e-parent\" data-id=\"c2db6bc\" data-element_type=\"container\" data-e-type=\"container\" data-settings=\"{&quot;background_background&quot;:&quot;classic&quot;}\">\n\t\t\t\t\t<div class=\"e-con-inner\">\n\t\t<div class=\"elementor-element elementor-element-833c529 e-con-full e-flex e-con e-child\" data-id=\"833c529\" data-element_type=\"container\" data-e-type=\"container\" data-settings=\"{&quot;background_background&quot;:&quot;classic&quot;}\">\n\t\t\t\t<div class=\"elementor-element elementor-element-bfc3e91 elementor-widget elementor-widget-thim-ekits-heading\" data-id=\"bfc3e91\" data-element_type=\"widget\" data-e-type=\"widget\" data-widget_type=\"thim-ekits-heading.default\">\n\t\t\t\t<div class=\"elementor-widget-container\">\n\t\t\t\t\t<div class=\"thim-ekits-heading thim-ekit__heading\"><h5 class=\"title\">Ba\u015fka sorunuz var m\u0131?<\/h5><p class=\"sub-heading\">Ekibimizle bug\u00fcn ileti\u015fime ge\u00e7in ve ihtiyac\u0131n\u0131z olan yan\u0131tlar\u0131 al\u0131n.<\/p><\/div>\t\t\t\t<\/div>\n\t\t\t\t<\/div>\n\t\t\t\t<div class=\"elementor-element elementor-element-c43c1a4 elementor-widget elementor-widget-button\" data-id=\"c43c1a4\" data-element_type=\"widget\" data-e-type=\"widget\" data-widget_type=\"button.default\">\n\t\t\t\t<div class=\"elementor-widget-container\">\n\t\t\t\t\t\t\t\t\t<div class=\"elementor-button-wrapper\">\n\t\t\t\t\t<a class=\"elementor-button elementor-button-link elementor-size-sm\" href=\"https:\/\/vetatourism.com\/tr\/contact-us\/\">\n\t\t\t\t\t\t<span class=\"elementor-button-content-wrapper\">\n\t\t\t\t\t\t\t\t\t<span class=\"elementor-button-text\">Bizimle ileti\u015fime ge\u00e7in<\/span>\n\t\t\t\t\t<\/span>\n\t\t\t\t\t<\/a>\n\t\t\t\t<\/div>\n\t\t\t\t\t\t\t\t<\/div>\n\t\t\t\t<\/div>\n\t\t\t\t<\/div>\n\t\t\t\t\t<\/div>\n\t\t\t\t<\/div>\n\t\t\t\t<\/div>","protected":false},"excerpt":{"rendered":"<p>Ev<br \/>\nSSS'ler<br \/>\nDeneyiminizi g\u00fcvenle planlamak i\u00e7in turlar, rezervasyonlar ve seyahat ayr\u0131nt\u0131lar\u0131yla ilgili faydal\u0131 yan\u0131tlar\u0131 ke\u015ffedin.<br \/>\n\t\t\t\t\t\t\tNas\u0131l tur rezervasyonu yapabilirim?<\/p>\n<p>\nYou can book a tour <\/p>","protected":false},"author":1,"featured_media":0,"parent":0,"menu_order":0,"comment_status":"closed","ping_status":"closed","template":"elementor_header_footer","meta":{"footnotes":""},"class_list":["post-11201","page","type-page","status-publish","hentry"],"_links":{"self":[{"href":"https:\/\/vetatourism.com\/tr\/wp-json\/wp\/v2\/pages\/11201","targetHints":{"allow":["GET"]}}],"collection":[{"href":"https:\/\/vetatourism.com\/tr\/wp-json\/wp\/v2\/pages"}],"about":[{"href":"https:\/\/vetatourism.com\/tr\/wp-json\/wp\/v2\/types\/page"}],"author":[{"embeddable":true,"href":"https:\/\/vetatourism.com\/tr\/wp-json\/wp\/v2\/users\/1"}],"replies":[{"embeddable":true,"href":"https:\/\/vetatourism.com\/tr\/wp-json\/wp\/v2\/comments?post=11201"}],"version-history":[{"count":12,"href":"https:\/\/vetatourism.com\/tr\/wp-json\/wp\/v2\/pages\/11201\/revisions"}],"predecessor-version":[{"id":13213,"href":"https:\/\/vetatourism.com\/tr\/wp-json\/wp\/v2\/pages\/11201\/revisions\/13213"}],"wp:attachment":[{"href":"https:\/\/vetatourism.com\/tr\/wp-json\/wp\/v2\/media?parent=11201"}],"curies":[{"name":"wp","href":"https:\/\/api.w.org\/{rel}","templated":true}]}}