{"id":16275,"date":"2026-02-27T07:03:06","date_gmt":"2026-02-27T07:03:06","guid":{"rendered":"https:\/\/vetatourism.com\/?post_type=product&#038;p=16275"},"modified":"2026-04-25T19:13:08","modified_gmt":"2026-04-25T19:13:08","slug":"blue-cave-bay-of-kotor-yacht-tour","status":"publish","type":"product","link":"https:\/\/vetatourism.com\/tours\/blue-cave-bay-of-kotor-yacht-tour","title":{"rendered":"Jachtowy wycieczka po B\u0142\u0119kitnej Jaskini i \u041a\u043e\u0442\u043e\u0440\u0441\u043a\u043e\u043c\u0443 zalewie"},"content":{"rendered":"<p>Odkryj najs\u0142ynniejsze nadmorskie skarby Czarnog\u00f3ry podczas niezapomnianego <strong>Do\u015bwiadczenie \u017ceglarstwa w B\u0142\u0119kitnej jaskini i czarnog\u00f3rze nad zatok\u0105 kotorsk\u0105<\/strong> \u2014 idealne po\u0142\u0105czenie przyg\u00f3d, wypoczynku i zapieraj\u0105ce dech w piersiach \u0430\u0434\u0440\u0438\u0430\u0442\u0438\u0447\u0435\u0441\u043a\u0438\u0445 krajobraz\u00f3w.<\/p>\n<p>Wybierz si\u0119 w rejs na krystalicznie czyste wody na pok\u0142adzie <strong>nowoczesny, luksusowy jacht<\/strong> odkrywaj\u0105c ukryte jaskinie, spektakularne klify, historyczne zabytki i zapieraj\u0105ce dech w piersiach panoramiczne widoki na pi\u0119kn\u0105 zatok\u0119 kotorsk\u0105.<\/p>\n<p>Pop\u0142ywa\u0107 wewn\u0105trz s\u0142ynnego <strong>B\u0142\u0119kitna Jaskinia<\/strong>, gdzie \u015bwiat\u0142o s\u0142oneczne odbija si\u0119 w morze, tworz\u0105c magiczne \u015bwiec\u0105ce niebieskie kolory. Relaks na pok\u0142adzie, zr\u00f3b niesamowite zdj\u0119cia lub ciesz si\u0119 zapieraj\u0105ce dech w skoki z klifu w dziewicze wody.<\/p>\n<ul>\n<li>\ud83d\udd35 <strong>B\u0142\u0119kitna Jaskinia<\/strong> \u2013 Pop\u0142ywa\u0107 w s\u0142ynnej morskiej jaskini Czarnog\u00f3ry, wype\u0142nione b\u0142yszcz\u0105cymi niebieskimi refleksami \u015bwiat\u0142a.<\/li>\n<li>\ud83d\udea4 <strong>Rejs Luksusowym Jachtem<\/strong> \u2013 Ciesz si\u0119 komfortow\u0105 i p\u0142ynn\u0105 jazd\u0105 na krystalicznie czyste wody Adriatyku.<\/li>\n<li>\ud83c\udfde\ufe0f <strong>Zatok\u0119 kotorsk\u0105<\/strong> \u2013 Wybierz si\u0119 na rejs po jednym z najpi\u0119kniejszych nadmorskich krajobraz\u00f3w \u015ar\u00f3dziemnomorskich.<\/li>\n<li>\ud83d\udcf8 <strong>\u0424\u043e\u0442\u043e\u043e\u0441\u0442\u0430\u043d\u043e\u0432\u043a\u0438<\/strong> \u2013 Ciesz si\u0119 zapieraj\u0105ce dech w piersiach widoki na ska\u0142y, jaskinie i zabytki wybrze\u017ca.<\/li>\n<li>\ud83d\udc2c <strong>Obserwacji delfin\u00f3w<\/strong> \u2013 Szcz\u0119\u015bliwi go\u015bcie mog\u0105 zobaczy\u0107 delfin\u00f3w p\u0142ywaj\u0105cych obok jachtem.<\/li>\n<\/ul>\n<p>Jacht ten jest idealny dla par, rodzin i turyst\u00f3w, kt\u00f3rzy chc\u0105 zwiedzi\u0107 wybrze\u017ce Czarnog\u00f3ry wyj\u0105tkowy i niezapomniany spos\u00f3b.<\/p>\n<p>&nbsp;<\/p>\n<hr \/>\n<p>&nbsp;<\/p>\n<div class=\"tour-content-what-included\">\n<h4 id=\"whats-included\">Co wchodzi w zestaw<\/h4>\n<ul style=\"column-count: 2;\">\n<li>Profesjonalny kapitan i do\u015bwiadczony zesp\u00f3\u0142<\/li>\n<li>Komfortowy rejs luksusowym jachtem<\/li>\n<li>Wieloj\u0119zyczny przewodnik audio<\/li>\n<li>Wizyta w b\u0142\u0119kitnych jaski\u0144 i przystanek do k\u0105pieli<\/li>\n<li>Kamizelki ratunkowe i \u015brodki bezpiecze\u0144stwa<\/li>\n<li>Malowniczy rejs po Boka \u041a\u043e\u0442\u043e\u0440\u0441\u043a\u043e\u043c\u0443 zalewie<\/li>\n<li>Przystanek do robienia zdj\u0119\u0107 i zwiedzania z panoramicznym widokiem<\/li>\n<li>Zawarte s\u0105 wydatki na paliwo i op\u0142aty portowe<\/li>\n<\/ul>\n<p>&nbsp;<\/p>\n<\/div>\n<p>&nbsp;<\/p>\n<hr \/>\n<p>&nbsp;<\/p>\n<div class=\"tour-content-add-information\">\n<h4>Dodatkowe informacje<\/h4>\n<ul>\n<li>Komfortowy nowoczesny jacht z cichymi i otwartymi pomostami<\/li>\n<li>Przystanek do p\u0142ywania zale\u017cy od pogody i stanu morza<\/li>\n<li>Wieloj\u0119zyczny przewodnik audio jest dost\u0119pny na pok\u0142adzie<\/li>\n<li>Idealny dla rodzin i wszystkich grup wiekowych<\/li>\n<\/ul>\n<p>&nbsp;<\/p>\n<\/div>\n<hr \/>\n<p>&nbsp;<\/p>\n<div class=\"tour-content-cancell-policy\">\n<p><strong>Co zabra\u0107 ze sob\u0105<\/strong><\/p>\n<ul style=\"column-count: 2;\">\n<li>Str\u00f3j k\u0105pielowy i r\u0119cznik \ud83e\ude71<\/li>\n<li>Krem do opalania i okulary przeciws\u0142oneczne \ud83d\udd76\ufe0f<\/li>\n<li>Kapelusz lub czapka \ud83e\udde2<\/li>\n<li>Wodoodporny pokrowiec do telefonu \ud83d\udcf1<\/li>\n<li>Wygodne ubranie<\/li>\n<li>Troch\u0119 pieni\u0119dzy na dodatkowe us\u0142ugi \ud83d\udcb3<\/li>\n<\/ul>\n<\/div>","protected":false},"excerpt":{"rendered":"<p>Odkryj najs\u0142ynniejsze nadmorskie skarby Czarnog\u00f3ry podczas niezapomnianego rejsu Blue Cave &amp; Bay of Kotor \u2014 idealne po\u0142\u0105czenie przyg\u00f3d, wypoczynku i zapieraj\u0105cych dech w piersiach krajobraz\u00f3w Adriatyku.<br \/>\nCruise across <\/p>","protected":false},"featured_media":16168,"comment_status":"open","ping_status":"closed","template":"","meta":[],"product_brand":[],"product_cat":[],"product_tag":[197],"class_list":{"0":"post-16275","1":"product","2":"type-product","3":"status-publish","4":"has-post-thumbnail","6":"product_tag--most-booked","7":"pa_destination-montenegro","9":"first","10":"instock","11":"shipping-taxable","12":"purchasable","13":"product-type-tour_phys"},"_links":{"self":[{"href":"https:\/\/vetatourism.com\/pl\/wp-json\/wp\/v2\/product\/16275","targetHints":{"allow":["GET"]}}],"collection":[{"href":"https:\/\/vetatourism.com\/pl\/wp-json\/wp\/v2\/product"}],"about":[{"href":"https:\/\/vetatourism.com\/pl\/wp-json\/wp\/v2\/types\/product"}],"replies":[{"embeddable":true,"href":"https:\/\/vetatourism.com\/pl\/wp-json\/wp\/v2\/comments?post=16275"}],"wp:featuredmedia":[{"embeddable":true,"href":"https:\/\/vetatourism.com\/pl\/wp-json\/wp\/v2\/media\/16168"}],"wp:attachment":[{"href":"https:\/\/vetatourism.com\/pl\/wp-json\/wp\/v2\/media?parent=16275"}],"wp:term":[{"taxonomy":"product_brand","embeddable":true,"href":"https:\/\/vetatourism.com\/pl\/wp-json\/wp\/v2\/product_brand?post=16275"},{"taxonomy":"product_cat","embeddable":true,"href":"https:\/\/vetatourism.com\/pl\/wp-json\/wp\/v2\/product_cat?post=16275"},{"taxonomy":"product_tag","embeddable":true,"href":"https:\/\/vetatourism.com\/pl\/wp-json\/wp\/v2\/product_tag?post=16275"}],"curies":[{"name":"wp","href":"https:\/\/api.w.org\/{rel}","templated":true}]}}